{"id":39243,"date":"2023-11-21T13:05:55","date_gmt":"2023-11-21T13:05:55","guid":{"rendered":"https:\/\/www.legendyuvas.cz\/produkt\/porsche-911-gt3-991-2-at\/"},"modified":"2025-12-27T00:02:25","modified_gmt":"2025-12-27T00:02:25","slug":"porsche-911-gt3-991-2-at","status":"publish","type":"product","link":"https:\/\/www.legendyuvas.cz\/pl\/produkt\/porsche-911-gt3-991-2-at\/","title":{"rendered":"Porsche 911 GT3 991.2 (AT)"},"content":{"rendered":"<p data-start=\"1444\" data-end=\"1699\"><strong data-start=\"1444\" data-end=\"1478\">Synergia pr\u0119dko\u015bci i elegancji<\/strong><br data-start=\"1478\" data-end=\"1481\" \/>Porsche 911 GT3 991.2 to symbol doskona\u0142o\u015bci samochodowej, kt\u00f3ry \u0142\u0105czy wydajno\u015b\u0107, pr\u0119dko\u015b\u0107 i styl, aby zapewni\u0107 niezapomniane wra\u017cenia z jazdy. Ka\u017cda przeja\u017cd\u017cka tym samochodem to wspania\u0142a symfonia emocji i perfekcji.<\/p>\n<p data-start=\"1701\" data-end=\"1995\">W sercu tego technicznego arcydzie\u0142a znajduje si\u0119 4,0-litrowy wolnoss\u0105cy sze\u015bciocylindrowy silnik, generuj\u0105cy niesamowite 500 KM. Dzi\u0119ki przyspieszeniu od 0 do 100 km\/h w zaledwie 3,4 sekundy i automatycznej skrzyni dwusprz\u0119g\u0142owej (PDK), ten samoch\u00f3d redefiniuje poj\u0119cie pr\u0119dko\u015bci i adrenaliny.<\/p>\n<p data-start=\"1997\" data-end=\"2269\">Porsche 911 GT3 jest doskona\u0142\u0105 manifestacj\u0105 wysokiej wydajno\u015bci, w kt\u00f3rej ka\u017cdy detal zosta\u0142 zaprojektowany z my\u015bl\u0105 o aerodynamice i efektywno\u015bci. Jego ikoniczny design, w tym charakterystyczne skrzyd\u0142o i elegancka maska, wyra\u017ca agresj\u0119 i elegancj\u0119 w harmonijnym balansie.<\/p>\n<p data-start=\"2271\" data-end=\"2525\">Za kierownic\u0105 tego samochodu do\u015bwiadczysz symfonii d\u017awi\u0119k\u00f3w i wra\u017ce\u0144. Jazda jest jak koncert, w kt\u00f3rym ka\u017cdy ton \u0142\u0105czy si\u0119 w idealn\u0105 harmoni\u0119. Z ka\u017cdym zakr\u0119tem, ka\u017cdym ruchem kierownicy, ka\u017cdym przyspieszeniem poczujesz bicie serca i ogromn\u0105 ekscytacj\u0119.<\/p>\n<p data-start=\"2527\" data-end=\"2758\">Podaruj bliskiemu mo\u017cliwo\u015b\u0107 prze\u017cycia tego i prowadzenia. To dzie\u0142o sztuki na czterech ko\u0142ach, kt\u00f3re pozostawi niezapomniane emocje u ka\u017cdego, kto mia\u0142 okazj\u0119 nim je\u017adzi\u0107. Nie zwlekaj i zarezerwuj t\u0119 wyj\u0105tkow\u0105 przeja\u017cd\u017ck\u0119 ju\u017c dzi\u015b.<\/p>\n","protected":false},"excerpt":{"rendered":"<p>Synergia pr\u0119dko\u015bci i elegancjiPorsche 911 GT3 991.2 to symbol doskona\u0142o\u015bci samochodowej, kt\u00f3ry \u0142\u0105czy wydajno\u015b\u0107, pr\u0119dko\u015b\u0107 i styl, aby zapewni\u0107 niezapomniane wra\u017cenia z jazdy. Ka\u017cda przeja\u017cd\u017cka tym samochodem to wspania\u0142a symfonia emocji i perfekcji. W sercu tego technicznego arcydzie\u0142a znajduje si\u0119 4,0-litrowy wolnoss\u0105cy sze\u015bciocylindrowy silnik, generuj\u0105cy niesamowite 500 KM. Dzi\u0119ki przyspieszeniu od 0 do 100 km\/h [&hellip;]<\/p>\n","protected":false},"featured_media":41760,"comment_status":"open","ping_status":"closed","template":"","meta":[],"product_brand":[],"product_cat":[452],"product_tag":[],"class_list":{"0":"post-39243","1":"product","2":"type-product","3":"status-publish","4":"has-post-thumbnail","6":"product_cat-auta","8":"first","9":"instock","10":"shipping-taxable","11":"purchasable","12":"product-type-variable"},"yoast_head":"<!-- This site is optimized with the Yoast SEO plugin v24.8.1 - https:\/\/yoast.com\/wordpress\/plugins\/seo\/ -->\n<title>Porsche 911 GT3 991.2 (AT) - Legendy U V\u00e1s<\/title>\n<meta name=\"description\" content=\"Adrenalinowe prze\u017cycie z Legendy U V\u00e1s \u2013 oryginalny prezent nie tylko dla m\u0119\u017cczyzn i mi\u0142o\u015bnik\u00f3w motoryzacji. Jazda w samochodach sportowych (Ferrari, Lamborghini, Porsche, ...) na torze wy\u015bcigowym oraz na drogach lokalnych.\" \/>\n<meta name=\"robots\" content=\"index, follow, max-snippet:-1, max-image-preview:large, max-video-preview:-1\" \/>\n<link rel=\"canonical\" href=\"https:\/\/www.legendyuvas.cz\/produkt\/porschegt3\/\" \/>\n<meta property=\"og:locale\" content=\"pl_PL\" \/>\n<meta property=\"og:type\" content=\"article\" \/>\n<meta property=\"og:title\" content=\"Porsche 911 GT3 991.2 (AT) - Legendy U V\u00e1s\" \/>\n<meta property=\"og:description\" content=\"Adrenalinowe prze\u017cycie z Legendy U V\u00e1s \u2013 oryginalny prezent nie tylko dla m\u0119\u017cczyzn i mi\u0142o\u015bnik\u00f3w motoryzacji. Jazda w samochodach sportowych (Ferrari, Lamborghini, Porsche, ...) na torze wy\u015bcigowym oraz na drogach lokalnych.\" \/>\n<meta property=\"og:url\" content=\"https:\/\/www.legendyuvas.cz\/produkt\/porschegt3\/\" \/>\n<meta property=\"og:site_name\" content=\"Legendy U V\u00e1s\" \/>\n<meta property=\"article:publisher\" content=\"https:\/\/www.facebook.com\/autolegendyuvas\" \/>\n<meta property=\"article:modified_time\" content=\"2025-12-27T00:02:25+00:00\" \/>\n<meta property=\"og:image\" content=\"https:\/\/www.legendyuvas.cz\/wp-content\/uploads\/2023\/11\/typeelementorsiteurlhttpswww.legendyuvas.czwp-jsonelementsidba0c5c1elTypewidgetisInnerfalseisLockedfalsesettingsbg_imageurlhttpswww.legendyuvas.czwp-contentuploads202410DSC_0620-2-scale-111.jpg\" \/>\n\t<meta property=\"og:image:width\" content=\"2048\" \/>\n\t<meta property=\"og:image:height\" content=\"1365\" \/>\n\t<meta property=\"og:image:type\" content=\"image\/jpeg\" \/>\n<meta name=\"twitter:card\" content=\"summary_large_image\" \/>\n<meta name=\"twitter:label1\" content=\"Szacowany czas czytania\" \/>\n\t<meta name=\"twitter:data1\" content=\"1 minuta\" \/>\n<script type=\"application\/ld+json\" class=\"yoast-schema-graph\">{\"@context\":\"https:\/\/schema.org\",\"@graph\":[{\"@type\":\"WebPage\",\"@id\":\"https:\/\/www.legendyuvas.cz\/produkt\/porschegt3\/\",\"url\":\"https:\/\/www.legendyuvas.cz\/produkt\/porschegt3\/\",\"name\":\"Porsche 911 GT3 991.2 (AT) - Legendy U V\u00e1s\",\"isPartOf\":{\"@id\":\"https:\/\/www.legendyuvas.cz\/#website\"},\"primaryImageOfPage\":{\"@id\":\"https:\/\/www.legendyuvas.cz\/produkt\/porschegt3\/#primaryimage\"},\"image\":{\"@id\":\"https:\/\/www.legendyuvas.cz\/produkt\/porschegt3\/#primaryimage\"},\"thumbnailUrl\":\"https:\/\/www.legendyuvas.cz\/wp-content\/uploads\/2023\/11\/IMG_9424-01-1536x1025-1-1.webp\",\"datePublished\":\"2023-11-21T13:05:55+00:00\",\"dateModified\":\"2025-12-27T00:02:25+00:00\",\"description\":\"Adrenalinowe prze\u017cycie z Legendy U V\u00e1s \u2013 oryginalny prezent nie tylko dla m\u0119\u017cczyzn i mi\u0142o\u015bnik\u00f3w motoryzacji. Jazda w samochodach sportowych (Ferrari, Lamborghini, Porsche, ...) na torze wy\u015bcigowym oraz na drogach lokalnych.\",\"breadcrumb\":{\"@id\":\"https:\/\/www.legendyuvas.cz\/produkt\/porschegt3\/#breadcrumb\"},\"inLanguage\":\"pl-PL\",\"potentialAction\":[{\"@type\":\"ReadAction\",\"target\":[\"https:\/\/www.legendyuvas.cz\/produkt\/porschegt3\/\"]}]},{\"@type\":\"ImageObject\",\"inLanguage\":\"pl-PL\",\"@id\":\"https:\/\/www.legendyuvas.cz\/produkt\/porschegt3\/#primaryimage\",\"url\":\"https:\/\/www.legendyuvas.cz\/wp-content\/uploads\/2023\/11\/IMG_9424-01-1536x1025-1-1.webp\",\"contentUrl\":\"https:\/\/www.legendyuvas.cz\/wp-content\/uploads\/2023\/11\/IMG_9424-01-1536x1025-1-1.webp\",\"width\":1536,\"height\":1025},{\"@type\":\"BreadcrumbList\",\"@id\":\"https:\/\/www.legendyuvas.cz\/produkt\/porschegt3\/#breadcrumb\",\"itemListElement\":[{\"@type\":\"ListItem\",\"position\":1,\"name\":\"Dom\u016f\",\"item\":\"https:\/\/www.legendyuvas.cz\/\"},{\"@type\":\"ListItem\",\"position\":2,\"name\":\"Sklep\",\"item\":\"https:\/\/www.legendyuvas.cz\/pl\/sklep\/\"},{\"@type\":\"ListItem\",\"position\":3,\"name\":\"Porsche 911 GT3 991.2 (AT)\"}]},{\"@type\":\"WebSite\",\"@id\":\"https:\/\/www.legendyuvas.cz\/#website\",\"url\":\"https:\/\/www.legendyuvas.cz\/\",\"name\":\"Legendy U V\u00e1s\",\"description\":\"Dechberouc\u00ed z\u00e1\u017eitky v autech a motork\u00e1ch\",\"publisher\":{\"@id\":\"https:\/\/www.legendyuvas.cz\/#organization\"},\"potentialAction\":[{\"@type\":\"SearchAction\",\"target\":{\"@type\":\"EntryPoint\",\"urlTemplate\":\"https:\/\/www.legendyuvas.cz\/?s={search_term_string}\"},\"query-input\":{\"@type\":\"PropertyValueSpecification\",\"valueRequired\":true,\"valueName\":\"search_term_string\"}}],\"inLanguage\":\"pl-PL\"},{\"@type\":\"Organization\",\"@id\":\"https:\/\/www.legendyuvas.cz\/#organization\",\"name\":\"Bontex2 s.r.o.\",\"url\":\"https:\/\/www.legendyuvas.cz\/\",\"logo\":{\"@type\":\"ImageObject\",\"inLanguage\":\"pl-PL\",\"@id\":\"https:\/\/www.legendyuvas.cz\/#\/schema\/logo\/image\/\",\"url\":\"https:\/\/www.legendyuvas.cz\/wp-content\/uploads\/2021\/03\/Legendy-u-Vas.jpg\",\"contentUrl\":\"https:\/\/www.legendyuvas.cz\/wp-content\/uploads\/2021\/03\/Legendy-u-Vas.jpg\",\"width\":400,\"height\":240,\"caption\":\"Bontex2 s.r.o.\"},\"image\":{\"@id\":\"https:\/\/www.legendyuvas.cz\/#\/schema\/logo\/image\/\"},\"sameAs\":[\"https:\/\/www.facebook.com\/autolegendyuvas\",\"https:\/\/www.facebook.com\/motolegendyuvas\",\"https:\/\/www.instagram.com\/autolegendyuvas\/\",\"https:\/\/www.instagram.com\/motolegendyuvas\/\"]}]}<\/script>\n<!-- \/ Yoast SEO plugin. -->","yoast_head_json":{"title":"Porsche 911 GT3 991.2 (AT) - Legendy U V\u00e1s","description":"Adrenalinowe prze\u017cycie z Legendy U V\u00e1s \u2013 oryginalny prezent nie tylko dla m\u0119\u017cczyzn i mi\u0142o\u015bnik\u00f3w motoryzacji. Jazda w samochodach sportowych (Ferrari, Lamborghini, Porsche, ...) na torze wy\u015bcigowym oraz na drogach lokalnych.","robots":{"index":"index","follow":"follow","max-snippet":"max-snippet:-1","max-image-preview":"max-image-preview:large","max-video-preview":"max-video-preview:-1"},"canonical":"https:\/\/www.legendyuvas.cz\/produkt\/porschegt3\/","og_locale":"pl_PL","og_type":"article","og_title":"Porsche 911 GT3 991.2 (AT) - Legendy U V\u00e1s","og_description":"Adrenalinowe prze\u017cycie z Legendy U V\u00e1s \u2013 oryginalny prezent nie tylko dla m\u0119\u017cczyzn i mi\u0142o\u015bnik\u00f3w motoryzacji. Jazda w samochodach sportowych (Ferrari, Lamborghini, Porsche, ...) na torze wy\u015bcigowym oraz na drogach lokalnych.","og_url":"https:\/\/www.legendyuvas.cz\/produkt\/porschegt3\/","og_site_name":"Legendy U V\u00e1s","article_publisher":"https:\/\/www.facebook.com\/autolegendyuvas","article_modified_time":"2025-12-27T00:02:25+00:00","og_image":[{"width":2048,"height":1365,"url":"https:\/\/www.legendyuvas.cz\/wp-content\/uploads\/2023\/11\/typeelementorsiteurlhttpswww.legendyuvas.czwp-jsonelementsidba0c5c1elTypewidgetisInnerfalseisLockedfalsesettingsbg_imageurlhttpswww.legendyuvas.czwp-contentuploads202410DSC_0620-2-scale-111.jpg","type":"image\/jpeg"}],"twitter_card":"summary_large_image","twitter_misc":{"Szacowany czas czytania":"1 minuta"},"schema":{"@context":"https:\/\/schema.org","@graph":[{"@type":"WebPage","@id":"https:\/\/www.legendyuvas.cz\/produkt\/porschegt3\/","url":"https:\/\/www.legendyuvas.cz\/produkt\/porschegt3\/","name":"Porsche 911 GT3 991.2 (AT) - Legendy U V\u00e1s","isPartOf":{"@id":"https:\/\/www.legendyuvas.cz\/#website"},"primaryImageOfPage":{"@id":"https:\/\/www.legendyuvas.cz\/produkt\/porschegt3\/#primaryimage"},"image":{"@id":"https:\/\/www.legendyuvas.cz\/produkt\/porschegt3\/#primaryimage"},"thumbnailUrl":"https:\/\/www.legendyuvas.cz\/wp-content\/uploads\/2023\/11\/IMG_9424-01-1536x1025-1-1.webp","datePublished":"2023-11-21T13:05:55+00:00","dateModified":"2025-12-27T00:02:25+00:00","description":"Adrenalinowe prze\u017cycie z Legendy U V\u00e1s \u2013 oryginalny prezent nie tylko dla m\u0119\u017cczyzn i mi\u0142o\u015bnik\u00f3w motoryzacji. Jazda w samochodach sportowych (Ferrari, Lamborghini, Porsche, ...) na torze wy\u015bcigowym oraz na drogach lokalnych.","breadcrumb":{"@id":"https:\/\/www.legendyuvas.cz\/produkt\/porschegt3\/#breadcrumb"},"inLanguage":"pl-PL","potentialAction":[{"@type":"ReadAction","target":["https:\/\/www.legendyuvas.cz\/produkt\/porschegt3\/"]}]},{"@type":"ImageObject","inLanguage":"pl-PL","@id":"https:\/\/www.legendyuvas.cz\/produkt\/porschegt3\/#primaryimage","url":"https:\/\/www.legendyuvas.cz\/wp-content\/uploads\/2023\/11\/IMG_9424-01-1536x1025-1-1.webp","contentUrl":"https:\/\/www.legendyuvas.cz\/wp-content\/uploads\/2023\/11\/IMG_9424-01-1536x1025-1-1.webp","width":1536,"height":1025},{"@type":"BreadcrumbList","@id":"https:\/\/www.legendyuvas.cz\/produkt\/porschegt3\/#breadcrumb","itemListElement":[{"@type":"ListItem","position":1,"name":"Dom\u016f","item":"https:\/\/www.legendyuvas.cz\/"},{"@type":"ListItem","position":2,"name":"Sklep","item":"https:\/\/www.legendyuvas.cz\/pl\/sklep\/"},{"@type":"ListItem","position":3,"name":"Porsche 911 GT3 991.2 (AT)"}]},{"@type":"WebSite","@id":"https:\/\/www.legendyuvas.cz\/#website","url":"https:\/\/www.legendyuvas.cz\/","name":"Legendy U V\u00e1s","description":"Dechberouc\u00ed z\u00e1\u017eitky v autech a motork\u00e1ch","publisher":{"@id":"https:\/\/www.legendyuvas.cz\/#organization"},"potentialAction":[{"@type":"SearchAction","target":{"@type":"EntryPoint","urlTemplate":"https:\/\/www.legendyuvas.cz\/?s={search_term_string}"},"query-input":{"@type":"PropertyValueSpecification","valueRequired":true,"valueName":"search_term_string"}}],"inLanguage":"pl-PL"},{"@type":"Organization","@id":"https:\/\/www.legendyuvas.cz\/#organization","name":"Bontex2 s.r.o.","url":"https:\/\/www.legendyuvas.cz\/","logo":{"@type":"ImageObject","inLanguage":"pl-PL","@id":"https:\/\/www.legendyuvas.cz\/#\/schema\/logo\/image\/","url":"https:\/\/www.legendyuvas.cz\/wp-content\/uploads\/2021\/03\/Legendy-u-Vas.jpg","contentUrl":"https:\/\/www.legendyuvas.cz\/wp-content\/uploads\/2021\/03\/Legendy-u-Vas.jpg","width":400,"height":240,"caption":"Bontex2 s.r.o."},"image":{"@id":"https:\/\/www.legendyuvas.cz\/#\/schema\/logo\/image\/"},"sameAs":["https:\/\/www.facebook.com\/autolegendyuvas","https:\/\/www.facebook.com\/motolegendyuvas","https:\/\/www.instagram.com\/autolegendyuvas\/","https:\/\/www.instagram.com\/motolegendyuvas\/"]}]}},"_links":{"self":[{"href":"https:\/\/www.legendyuvas.cz\/pl\/wp-json\/wp\/v2\/product\/39243","targetHints":{"allow":["GET"]}}],"collection":[{"href":"https:\/\/www.legendyuvas.cz\/pl\/wp-json\/wp\/v2\/product"}],"about":[{"href":"https:\/\/www.legendyuvas.cz\/pl\/wp-json\/wp\/v2\/types\/product"}],"replies":[{"embeddable":true,"href":"https:\/\/www.legendyuvas.cz\/pl\/wp-json\/wp\/v2\/comments?post=39243"}],"version-history":[{"count":0,"href":"https:\/\/www.legendyuvas.cz\/pl\/wp-json\/wp\/v2\/product\/39243\/revisions"}],"wp:featuredmedia":[{"embeddable":true,"href":"https:\/\/www.legendyuvas.cz\/pl\/wp-json\/wp\/v2\/media\/41760"}],"wp:attachment":[{"href":"https:\/\/www.legendyuvas.cz\/pl\/wp-json\/wp\/v2\/media?parent=39243"}],"wp:term":[{"taxonomy":"product_brand","embeddable":true,"href":"https:\/\/www.legendyuvas.cz\/pl\/wp-json\/wp\/v2\/product_brand?post=39243"},{"taxonomy":"product_cat","embeddable":true,"href":"https:\/\/www.legendyuvas.cz\/pl\/wp-json\/wp\/v2\/product_cat?post=39243"},{"taxonomy":"product_tag","embeddable":true,"href":"https:\/\/www.legendyuvas.cz\/pl\/wp-json\/wp\/v2\/product_tag?post=39243"}],"curies":[{"name":"wp","href":"https:\/\/api.w.org\/{rel}","templated":true}]}}