{"id":39347,"date":"2023-12-16T09:33:55","date_gmt":"2023-12-16T09:33:55","guid":{"rendered":"https:\/\/www.legendyuvas.cz\/produkt\/porsche-718-gt4-rs-weissach-at\/"},"modified":"2025-12-27T00:02:28","modified_gmt":"2025-12-27T00:02:28","slug":"porsche-718-gt4-rs-weissach-at","status":"publish","type":"product","link":"https:\/\/www.legendyuvas.cz\/pl\/produkt\/porsche-718-gt4-rs-weissach-at\/","title":{"rendered":"Porsche 718 GT4 RS Weissach (AT)"},"content":{"rendered":"<p data-start=\"1773\" data-end=\"2098\"><strong data-start=\"1773\" data-end=\"1800\">Tor\u00f3wka w pe\u0142nej krasie<\/strong><br data-start=\"1800\" data-end=\"1803\" \/>Porsche GT4 sta\u0142o si\u0119 ogromnym hitem zaraz po swoim wprowadzeniu. Nic dziwnego, \u017ce kiedy pojawi\u0142y si\u0119 pierwsze informacje o modelu GT4 RS, poruszy\u0142o to \u015bwiat samochod\u00f3w sportowych. Czy ju\u017c tak doskona\u0142y Cayman GT4 m\u00f3g\u0142 by\u0107 jeszcze lepszy? Tak, in\u017cynierom ze Stuttgartu rzeczywi\u015bcie si\u0119 to uda\u0142o.<\/p>\n<p data-start=\"2100\" data-end=\"2717\">G\u0142\u00f3wn\u0105 atrakcj\u0105 Porsche GT4 RS jest niew\u0105tpliwie nowy silnik. Pochodzi on bezpo\u015brednio z modelu Porsche GT3, kt\u00f3ry z kolei przej\u0105\u0142 go z GT3 Cup. Ma wi\u0119c, podobnie jak GT3, 500 KM, co oznacza o 80 KM wi\u0119cej ni\u017c wcze\u015bniejsza GT4. W przeciwie\u0144stwie do GT3, w GT4 RS ten p\u0142aski, czterolitrowy sze\u015bciocylindrowy silnik znajduje si\u0119 tu\u017c za Twoimi plecami. Tak, koncepcja \u015brodkowego silnika pozosta\u0142a taka sama jak w klasycznej GT4. S\u0142yszenie 9000 obr.\/min tu\u017c za sob\u0105 to prze\u017cycie, kt\u00f3re podnosi poziom adrenaliny do ekstremalnych warto\u015bci. Dodaj\u0105c do tego automatyczn\u0105 skrzyni\u0119 bieg\u00f3w PDK, mamy wr\u0119cz wymarzon\u0105 kombinacj\u0119.<\/p>\n<p data-start=\"2719\" data-end=\"3262\">Nowo\u015bci w GT4 RS na tym si\u0119 nie ko\u0144cz\u0105. Kolejnym plusem jest obni\u017cenie masy. Nasze Porsche GT4 RS jest dodatkowo wyposa\u017cone w pakiet Weissach, kt\u00f3ry zawiera tytanow\u0105 klatk\u0119 bezpiecze\u0144stwa, kube\u0142kowe fotele i wiele innych element\u00f3w. Dzi\u0119ki temu auto jest o dziesi\u0105tki kilogram\u00f3w l\u017cejsze od klasycznej GT4. Wszystko to dope\u0142nia poprawiona aerodynamika, kt\u00f3ra czyni z auta jeszcze lepsz\u0105 tor\u00f3wk\u0119 ni\u017c wcze\u015bniej. Na pierwszy rzut oka nie spos\u00f3b nie zauwa\u017cy\u0107 nowego tylnego skrzyd\u0142a, kt\u00f3re pochodzi z wy\u015bcigowej 911 RSR GT i u\u017cywa go tak\u017ce nowa GT3.<\/p>\n<p data-start=\"3264\" data-end=\"3559\">Porsche GT4 RS to samoch\u00f3d, kt\u00f3ry jako ca\u0142o\u015b\u0107 pozostawia wra\u017cenia na d\u0142ugo. Jego w\u0142a\u015bciwo\u015bci jezdne zachwycaj\u0105, a dzi\u0119ki przenikliwemu d\u017awi\u0119kowi silnika poczujesz si\u0119 jak prawdziwy kierowca wy\u015bcigowy. Nic dziwnego, \u017ce GT4 RS jest jednym z najbardziej dyskutowanych sportowych aut wsp\u00f3\u0142czesno\u015bci.<\/p>\n","protected":false},"excerpt":{"rendered":"<p>Tor\u00f3wka w pe\u0142nej krasiePorsche GT4 sta\u0142o si\u0119 ogromnym hitem zaraz po swoim wprowadzeniu. Nic dziwnego, \u017ce kiedy pojawi\u0142y si\u0119 pierwsze informacje o modelu GT4 RS, poruszy\u0142o to \u015bwiat samochod\u00f3w sportowych. Czy ju\u017c tak doskona\u0142y Cayman GT4 m\u00f3g\u0142 by\u0107 jeszcze lepszy? Tak, in\u017cynierom ze Stuttgartu rzeczywi\u015bcie si\u0119 to uda\u0142o. G\u0142\u00f3wn\u0105 atrakcj\u0105 Porsche GT4 RS jest niew\u0105tpliwie [&hellip;]<\/p>\n","protected":false},"featured_media":41749,"comment_status":"open","ping_status":"closed","template":"","meta":[],"product_brand":[],"product_cat":[452],"product_tag":[],"class_list":{"0":"post-39347","1":"product","2":"type-product","3":"status-publish","4":"has-post-thumbnail","6":"product_cat-auta","8":"first","9":"instock","10":"shipping-taxable","11":"purchasable","12":"product-type-variable"},"yoast_head":"<!-- This site is optimized with the Yoast SEO plugin v24.8.1 - https:\/\/yoast.com\/wordpress\/plugins\/seo\/ -->\n<title>Porsche 718 GT4 RS Weissach (AT) - Legendy U V\u00e1s<\/title>\n<meta name=\"description\" content=\"Adrenalinowe prze\u017cycie z Legendy U V\u00e1s \u2013 oryginalny prezent nie tylko dla m\u0119\u017cczyzn i mi\u0142o\u015bnik\u00f3w motoryzacji. Jazda w samochodach sportowych (Ferrari, Lamborghini, Porsche, ...) na torze wy\u015bcigowym oraz na drogach lokalnych.\" \/>\n<meta name=\"robots\" content=\"index, follow, max-snippet:-1, max-image-preview:large, max-video-preview:-1\" \/>\n<link rel=\"canonical\" href=\"https:\/\/www.legendyuvas.cz\/produkt\/porsche-gt4-rs-weissach\/\" \/>\n<meta property=\"og:locale\" content=\"pl_PL\" \/>\n<meta property=\"og:type\" content=\"article\" \/>\n<meta property=\"og:title\" content=\"Porsche 718 GT4 RS Weissach (AT) - Legendy U V\u00e1s\" \/>\n<meta property=\"og:description\" content=\"Adrenalinowe prze\u017cycie z Legendy U V\u00e1s \u2013 oryginalny prezent nie tylko dla m\u0119\u017cczyzn i mi\u0142o\u015bnik\u00f3w motoryzacji. Jazda w samochodach sportowych (Ferrari, Lamborghini, Porsche, ...) na torze wy\u015bcigowym oraz na drogach lokalnych.\" \/>\n<meta property=\"og:url\" content=\"https:\/\/www.legendyuvas.cz\/produkt\/porsche-gt4-rs-weissach\/\" \/>\n<meta property=\"og:site_name\" content=\"Legendy U V\u00e1s\" \/>\n<meta property=\"article:publisher\" content=\"https:\/\/www.facebook.com\/autolegendyuvas\" \/>\n<meta property=\"article:modified_time\" content=\"2025-12-27T00:02:28+00:00\" \/>\n<meta property=\"og:image\" content=\"https:\/\/www.legendyuvas.cz\/wp-content\/uploads\/2023\/12\/typeelementorsiteurlhttpswww.legendyuvas.czwp-jsonelementsidba0c5c1elTypewidgetisInnerfalseisLockedfalsesettingsbg_imageurlhttpswww.legendyuvas.czwp-contentuploads202410DSC_0620-2-scale-15.jpg\" \/>\n\t<meta property=\"og:image:width\" content=\"2048\" \/>\n\t<meta property=\"og:image:height\" content=\"1365\" \/>\n\t<meta property=\"og:image:type\" content=\"image\/jpeg\" \/>\n<meta name=\"twitter:card\" content=\"summary_large_image\" \/>\n<meta name=\"twitter:label1\" content=\"Szacowany czas czytania\" \/>\n\t<meta name=\"twitter:data1\" content=\"2 minuty\" \/>\n<script type=\"application\/ld+json\" class=\"yoast-schema-graph\">{\"@context\":\"https:\/\/schema.org\",\"@graph\":[{\"@type\":\"WebPage\",\"@id\":\"https:\/\/www.legendyuvas.cz\/produkt\/porsche-gt4-rs-weissach\/\",\"url\":\"https:\/\/www.legendyuvas.cz\/produkt\/porsche-gt4-rs-weissach\/\",\"name\":\"Porsche 718 GT4 RS Weissach (AT) - Legendy U V\u00e1s\",\"isPartOf\":{\"@id\":\"https:\/\/www.legendyuvas.cz\/#website\"},\"primaryImageOfPage\":{\"@id\":\"https:\/\/www.legendyuvas.cz\/produkt\/porsche-gt4-rs-weissach\/#primaryimage\"},\"image\":{\"@id\":\"https:\/\/www.legendyuvas.cz\/produkt\/porsche-gt4-rs-weissach\/#primaryimage\"},\"thumbnailUrl\":\"https:\/\/www.legendyuvas.cz\/wp-content\/uploads\/2023\/12\/R3PF5976-1536x1075-1-1.webp\",\"datePublished\":\"2023-12-16T09:33:55+00:00\",\"dateModified\":\"2025-12-27T00:02:28+00:00\",\"description\":\"Adrenalinowe prze\u017cycie z Legendy U V\u00e1s \u2013 oryginalny prezent nie tylko dla m\u0119\u017cczyzn i mi\u0142o\u015bnik\u00f3w motoryzacji. Jazda w samochodach sportowych (Ferrari, Lamborghini, Porsche, ...) na torze wy\u015bcigowym oraz na drogach lokalnych.\",\"breadcrumb\":{\"@id\":\"https:\/\/www.legendyuvas.cz\/produkt\/porsche-gt4-rs-weissach\/#breadcrumb\"},\"inLanguage\":\"pl-PL\",\"potentialAction\":[{\"@type\":\"ReadAction\",\"target\":[\"https:\/\/www.legendyuvas.cz\/produkt\/porsche-gt4-rs-weissach\/\"]}]},{\"@type\":\"ImageObject\",\"inLanguage\":\"pl-PL\",\"@id\":\"https:\/\/www.legendyuvas.cz\/produkt\/porsche-gt4-rs-weissach\/#primaryimage\",\"url\":\"https:\/\/www.legendyuvas.cz\/wp-content\/uploads\/2023\/12\/R3PF5976-1536x1075-1-1.webp\",\"contentUrl\":\"https:\/\/www.legendyuvas.cz\/wp-content\/uploads\/2023\/12\/R3PF5976-1536x1075-1-1.webp\",\"width\":1536,\"height\":1075},{\"@type\":\"BreadcrumbList\",\"@id\":\"https:\/\/www.legendyuvas.cz\/produkt\/porsche-gt4-rs-weissach\/#breadcrumb\",\"itemListElement\":[{\"@type\":\"ListItem\",\"position\":1,\"name\":\"Dom\u016f\",\"item\":\"https:\/\/www.legendyuvas.cz\/\"},{\"@type\":\"ListItem\",\"position\":2,\"name\":\"Sklep\",\"item\":\"https:\/\/www.legendyuvas.cz\/pl\/sklep\/\"},{\"@type\":\"ListItem\",\"position\":3,\"name\":\"Porsche 718 GT4 RS Weissach (AT)\"}]},{\"@type\":\"WebSite\",\"@id\":\"https:\/\/www.legendyuvas.cz\/#website\",\"url\":\"https:\/\/www.legendyuvas.cz\/\",\"name\":\"Legendy U V\u00e1s\",\"description\":\"Dechberouc\u00ed z\u00e1\u017eitky v autech a motork\u00e1ch\",\"publisher\":{\"@id\":\"https:\/\/www.legendyuvas.cz\/#organization\"},\"potentialAction\":[{\"@type\":\"SearchAction\",\"target\":{\"@type\":\"EntryPoint\",\"urlTemplate\":\"https:\/\/www.legendyuvas.cz\/?s={search_term_string}\"},\"query-input\":{\"@type\":\"PropertyValueSpecification\",\"valueRequired\":true,\"valueName\":\"search_term_string\"}}],\"inLanguage\":\"pl-PL\"},{\"@type\":\"Organization\",\"@id\":\"https:\/\/www.legendyuvas.cz\/#organization\",\"name\":\"Bontex2 s.r.o.\",\"url\":\"https:\/\/www.legendyuvas.cz\/\",\"logo\":{\"@type\":\"ImageObject\",\"inLanguage\":\"pl-PL\",\"@id\":\"https:\/\/www.legendyuvas.cz\/#\/schema\/logo\/image\/\",\"url\":\"https:\/\/www.legendyuvas.cz\/wp-content\/uploads\/2021\/03\/Legendy-u-Vas.jpg\",\"contentUrl\":\"https:\/\/www.legendyuvas.cz\/wp-content\/uploads\/2021\/03\/Legendy-u-Vas.jpg\",\"width\":400,\"height\":240,\"caption\":\"Bontex2 s.r.o.\"},\"image\":{\"@id\":\"https:\/\/www.legendyuvas.cz\/#\/schema\/logo\/image\/\"},\"sameAs\":[\"https:\/\/www.facebook.com\/autolegendyuvas\",\"https:\/\/www.facebook.com\/motolegendyuvas\",\"https:\/\/www.instagram.com\/autolegendyuvas\/\",\"https:\/\/www.instagram.com\/motolegendyuvas\/\"]}]}<\/script>\n<!-- \/ Yoast SEO plugin. -->","yoast_head_json":{"title":"Porsche 718 GT4 RS Weissach (AT) - Legendy U V\u00e1s","description":"Adrenalinowe prze\u017cycie z Legendy U V\u00e1s \u2013 oryginalny prezent nie tylko dla m\u0119\u017cczyzn i mi\u0142o\u015bnik\u00f3w motoryzacji. Jazda w samochodach sportowych (Ferrari, Lamborghini, Porsche, ...) na torze wy\u015bcigowym oraz na drogach lokalnych.","robots":{"index":"index","follow":"follow","max-snippet":"max-snippet:-1","max-image-preview":"max-image-preview:large","max-video-preview":"max-video-preview:-1"},"canonical":"https:\/\/www.legendyuvas.cz\/produkt\/porsche-gt4-rs-weissach\/","og_locale":"pl_PL","og_type":"article","og_title":"Porsche 718 GT4 RS Weissach (AT) - Legendy U V\u00e1s","og_description":"Adrenalinowe prze\u017cycie z Legendy U V\u00e1s \u2013 oryginalny prezent nie tylko dla m\u0119\u017cczyzn i mi\u0142o\u015bnik\u00f3w motoryzacji. Jazda w samochodach sportowych (Ferrari, Lamborghini, Porsche, ...) na torze wy\u015bcigowym oraz na drogach lokalnych.","og_url":"https:\/\/www.legendyuvas.cz\/produkt\/porsche-gt4-rs-weissach\/","og_site_name":"Legendy U V\u00e1s","article_publisher":"https:\/\/www.facebook.com\/autolegendyuvas","article_modified_time":"2025-12-27T00:02:28+00:00","og_image":[{"width":2048,"height":1365,"url":"https:\/\/www.legendyuvas.cz\/wp-content\/uploads\/2023\/12\/typeelementorsiteurlhttpswww.legendyuvas.czwp-jsonelementsidba0c5c1elTypewidgetisInnerfalseisLockedfalsesettingsbg_imageurlhttpswww.legendyuvas.czwp-contentuploads202410DSC_0620-2-scale-15.jpg","type":"image\/jpeg"}],"twitter_card":"summary_large_image","twitter_misc":{"Szacowany czas czytania":"2 minuty"},"schema":{"@context":"https:\/\/schema.org","@graph":[{"@type":"WebPage","@id":"https:\/\/www.legendyuvas.cz\/produkt\/porsche-gt4-rs-weissach\/","url":"https:\/\/www.legendyuvas.cz\/produkt\/porsche-gt4-rs-weissach\/","name":"Porsche 718 GT4 RS Weissach (AT) - Legendy U V\u00e1s","isPartOf":{"@id":"https:\/\/www.legendyuvas.cz\/#website"},"primaryImageOfPage":{"@id":"https:\/\/www.legendyuvas.cz\/produkt\/porsche-gt4-rs-weissach\/#primaryimage"},"image":{"@id":"https:\/\/www.legendyuvas.cz\/produkt\/porsche-gt4-rs-weissach\/#primaryimage"},"thumbnailUrl":"https:\/\/www.legendyuvas.cz\/wp-content\/uploads\/2023\/12\/R3PF5976-1536x1075-1-1.webp","datePublished":"2023-12-16T09:33:55+00:00","dateModified":"2025-12-27T00:02:28+00:00","description":"Adrenalinowe prze\u017cycie z Legendy U V\u00e1s \u2013 oryginalny prezent nie tylko dla m\u0119\u017cczyzn i mi\u0142o\u015bnik\u00f3w motoryzacji. Jazda w samochodach sportowych (Ferrari, Lamborghini, Porsche, ...) na torze wy\u015bcigowym oraz na drogach lokalnych.","breadcrumb":{"@id":"https:\/\/www.legendyuvas.cz\/produkt\/porsche-gt4-rs-weissach\/#breadcrumb"},"inLanguage":"pl-PL","potentialAction":[{"@type":"ReadAction","target":["https:\/\/www.legendyuvas.cz\/produkt\/porsche-gt4-rs-weissach\/"]}]},{"@type":"ImageObject","inLanguage":"pl-PL","@id":"https:\/\/www.legendyuvas.cz\/produkt\/porsche-gt4-rs-weissach\/#primaryimage","url":"https:\/\/www.legendyuvas.cz\/wp-content\/uploads\/2023\/12\/R3PF5976-1536x1075-1-1.webp","contentUrl":"https:\/\/www.legendyuvas.cz\/wp-content\/uploads\/2023\/12\/R3PF5976-1536x1075-1-1.webp","width":1536,"height":1075},{"@type":"BreadcrumbList","@id":"https:\/\/www.legendyuvas.cz\/produkt\/porsche-gt4-rs-weissach\/#breadcrumb","itemListElement":[{"@type":"ListItem","position":1,"name":"Dom\u016f","item":"https:\/\/www.legendyuvas.cz\/"},{"@type":"ListItem","position":2,"name":"Sklep","item":"https:\/\/www.legendyuvas.cz\/pl\/sklep\/"},{"@type":"ListItem","position":3,"name":"Porsche 718 GT4 RS Weissach (AT)"}]},{"@type":"WebSite","@id":"https:\/\/www.legendyuvas.cz\/#website","url":"https:\/\/www.legendyuvas.cz\/","name":"Legendy U V\u00e1s","description":"Dechberouc\u00ed z\u00e1\u017eitky v autech a motork\u00e1ch","publisher":{"@id":"https:\/\/www.legendyuvas.cz\/#organization"},"potentialAction":[{"@type":"SearchAction","target":{"@type":"EntryPoint","urlTemplate":"https:\/\/www.legendyuvas.cz\/?s={search_term_string}"},"query-input":{"@type":"PropertyValueSpecification","valueRequired":true,"valueName":"search_term_string"}}],"inLanguage":"pl-PL"},{"@type":"Organization","@id":"https:\/\/www.legendyuvas.cz\/#organization","name":"Bontex2 s.r.o.","url":"https:\/\/www.legendyuvas.cz\/","logo":{"@type":"ImageObject","inLanguage":"pl-PL","@id":"https:\/\/www.legendyuvas.cz\/#\/schema\/logo\/image\/","url":"https:\/\/www.legendyuvas.cz\/wp-content\/uploads\/2021\/03\/Legendy-u-Vas.jpg","contentUrl":"https:\/\/www.legendyuvas.cz\/wp-content\/uploads\/2021\/03\/Legendy-u-Vas.jpg","width":400,"height":240,"caption":"Bontex2 s.r.o."},"image":{"@id":"https:\/\/www.legendyuvas.cz\/#\/schema\/logo\/image\/"},"sameAs":["https:\/\/www.facebook.com\/autolegendyuvas","https:\/\/www.facebook.com\/motolegendyuvas","https:\/\/www.instagram.com\/autolegendyuvas\/","https:\/\/www.instagram.com\/motolegendyuvas\/"]}]}},"_links":{"self":[{"href":"https:\/\/www.legendyuvas.cz\/pl\/wp-json\/wp\/v2\/product\/39347","targetHints":{"allow":["GET"]}}],"collection":[{"href":"https:\/\/www.legendyuvas.cz\/pl\/wp-json\/wp\/v2\/product"}],"about":[{"href":"https:\/\/www.legendyuvas.cz\/pl\/wp-json\/wp\/v2\/types\/product"}],"replies":[{"embeddable":true,"href":"https:\/\/www.legendyuvas.cz\/pl\/wp-json\/wp\/v2\/comments?post=39347"}],"version-history":[{"count":0,"href":"https:\/\/www.legendyuvas.cz\/pl\/wp-json\/wp\/v2\/product\/39347\/revisions"}],"wp:featuredmedia":[{"embeddable":true,"href":"https:\/\/www.legendyuvas.cz\/pl\/wp-json\/wp\/v2\/media\/41749"}],"wp:attachment":[{"href":"https:\/\/www.legendyuvas.cz\/pl\/wp-json\/wp\/v2\/media?parent=39347"}],"wp:term":[{"taxonomy":"product_brand","embeddable":true,"href":"https:\/\/www.legendyuvas.cz\/pl\/wp-json\/wp\/v2\/product_brand?post=39347"},{"taxonomy":"product_cat","embeddable":true,"href":"https:\/\/www.legendyuvas.cz\/pl\/wp-json\/wp\/v2\/product_cat?post=39347"},{"taxonomy":"product_tag","embeddable":true,"href":"https:\/\/www.legendyuvas.cz\/pl\/wp-json\/wp\/v2\/product_tag?post=39347"}],"curies":[{"name":"wp","href":"https:\/\/api.w.org\/{rel}","templated":true}]}}