{"id":39456,"date":"2023-12-06T13:09:58","date_gmt":"2023-12-06T13:09:58","guid":{"rendered":"https:\/\/www.legendyuvas.cz\/produkt\/porsche-718-gt4-mt\/"},"modified":"2025-12-27T00:02:27","modified_gmt":"2025-12-27T00:02:27","slug":"porsche-718-gt4-mt","status":"publish","type":"product","link":"https:\/\/www.legendyuvas.cz\/pl\/produkt\/porsche-718-gt4-mt\/","title":{"rendered":"PORSCHE 718 GT4 (MT)"},"content":{"rendered":"<p data-start=\"1568\" data-end=\"1895\"><strong data-start=\"1568\" data-end=\"1601\">Dzie\u0142o niemieckiej in\u017cynierii<\/strong><br data-start=\"1601\" data-end=\"1604\" \/>Wyobra\u017a sobie: bicie serca, adrenalina przep\u0142ywaj\u0105ca w \u017cy\u0142ach i wspania\u0142y d\u017awi\u0119k 4,0-litrowego wolnoss\u0105cego sze\u015bciocylindrowego silnika tu\u017c za tob\u0105, kt\u00f3ry wysy\u0142a mrowienie po ca\u0142ym ciele. Z 420 KM pod mask\u0105, ten samoch\u00f3d jest gotowy zabra\u0107 ci\u0119 na dzik\u0105 przeja\u017cd\u017ck\u0119 na granicy twoich zmys\u0142\u00f3w.<\/p>\n<p data-start=\"1897\" data-end=\"2216\">Jakby\u015b siedzia\u0142 w kokpicie my\u015bliwca, ka\u017cda cz\u0119\u015b\u0107 tego auta zosta\u0142a zaprojektowana, aby zapewni\u0107 maksymaln\u0105 moc, precyzj\u0119 i kontrol\u0119. Z osza\u0142amiaj\u0105cym przyspieszeniem 0\u2013100 km\/h w zaledwie 4,4 sekundy, manualn\u0105 skrzyni\u0105 bieg\u00f3w i pr\u0119dko\u015bci\u0105 maksymaln\u0105 304 km\/h, Porsche 718 Cayman GT4 jest prawdziwym synonimem pr\u0119dko\u015bci.<\/p>\n<p data-start=\"2218\" data-end=\"2554\">Co jeszcze mo\u017cesz oczekiwa\u0107? Opr\u00f3cz w\u0142asnego do\u015bwiadczenia z prowadzenia tego imponuj\u0105cego samochodu, masz r\u00f3wnie\u017c mo\u017cliwo\u015b\u0107 spr\u00f3bowania jazdy z profesjonalnym kierowc\u0105, kt\u00f3ry poka\u017ce, jak kontrolowa\u0107 t\u0119 niemieck\u0105 pi\u0119kno\u015b\u0107 na granicy jej mo\u017cliwo\u015bci. Wyobra\u017a sobie np. drifting przy 140 km\/h, siedz\u0105c na fotelu pasa\u017cera, z zapartym tchem.<\/p>\n<p data-start=\"2556\" data-end=\"2761\">To do\u015bwiadczenie jest doskona\u0142ym prezentem dla ka\u017cdego mi\u0142o\u015bnika motoryzacji i szybkich samochod\u00f3w. To co\u015b wi\u0119cej ni\u017c jazda \u2013 to chwile, kiedy zbli\u017casz si\u0119 do poczucia bycia prawdziwym kierowc\u0105 wy\u015bcigowym.<\/p>\n<p data-start=\"2763\" data-end=\"3045\">Wyobra\u017a sobie rado\u015b\u0107, gdy obdarowany otrzyma t\u0119 niepowtarzaln\u0105 okazj\u0119, by do\u015bwiadczy\u0107 tego motoryzacyjnego tytana. To nie jest tylko jazda \u2013 to uwolnienie zmys\u0142\u00f3w, niezapomniany moment, kt\u00f3ry pozostawi trwa\u0142y \u015blad w sercu. Nie zwlekaj i zarezerwuj ten ekskluzywny przejazd ju\u017c dzi\u015b.<\/p>\n","protected":false},"excerpt":{"rendered":"<p>Dzie\u0142o niemieckiej in\u017cynieriiWyobra\u017a sobie: bicie serca, adrenalina przep\u0142ywaj\u0105ca w \u017cy\u0142ach i wspania\u0142y d\u017awi\u0119k 4,0-litrowego wolnoss\u0105cego sze\u015bciocylindrowego silnika tu\u017c za tob\u0105, kt\u00f3ry wysy\u0142a mrowienie po ca\u0142ym ciele. Z 420 KM pod mask\u0105, ten samoch\u00f3d jest gotowy zabra\u0107 ci\u0119 na dzik\u0105 przeja\u017cd\u017ck\u0119 na granicy twoich zmys\u0142\u00f3w. Jakby\u015b siedzia\u0142 w kokpicie my\u015bliwca, ka\u017cda cz\u0119\u015b\u0107 tego auta zosta\u0142a zaprojektowana, [&hellip;]<\/p>\n","protected":false},"featured_media":41755,"comment_status":"open","ping_status":"closed","template":"","meta":[],"product_brand":[],"product_cat":[452],"product_tag":[],"class_list":{"0":"post-39456","1":"product","2":"type-product","3":"status-publish","4":"has-post-thumbnail","6":"product_cat-auta","8":"first","9":"instock","10":"shipping-taxable","11":"purchasable","12":"product-type-variable"},"yoast_head":"<!-- This site is optimized with the Yoast SEO plugin v24.8.1 - https:\/\/yoast.com\/wordpress\/plugins\/seo\/ -->\n<title>PORSCHE 718 GT4 (MT) - Legendy U V\u00e1s<\/title>\n<meta name=\"description\" content=\"Adrenalinowe prze\u017cycie z Legendy U V\u00e1s \u2013 oryginalny prezent nie tylko dla m\u0119\u017cczyzn i mi\u0142o\u015bnik\u00f3w motoryzacji. Jazda w samochodach sportowych (Ferrari, Lamborghini, Porsche, ...) na torze wy\u015bcigowym oraz na drogach lokalnych.\" \/>\n<meta name=\"robots\" content=\"index, follow, max-snippet:-1, max-image-preview:large, max-video-preview:-1\" \/>\n<link rel=\"canonical\" href=\"https:\/\/www.legendyuvas.cz\/produkt\/zazitkova-jizda-v-porsche-718-cayman-gt4\/\" \/>\n<meta property=\"og:locale\" content=\"pl_PL\" \/>\n<meta property=\"og:type\" content=\"article\" \/>\n<meta property=\"og:title\" content=\"PORSCHE 718 GT4 (MT) - Legendy U V\u00e1s\" \/>\n<meta property=\"og:description\" content=\"Adrenalinowe prze\u017cycie z Legendy U V\u00e1s \u2013 oryginalny prezent nie tylko dla m\u0119\u017cczyzn i mi\u0142o\u015bnik\u00f3w motoryzacji. Jazda w samochodach sportowych (Ferrari, Lamborghini, Porsche, ...) na torze wy\u015bcigowym oraz na drogach lokalnych.\" \/>\n<meta property=\"og:url\" content=\"https:\/\/www.legendyuvas.cz\/produkt\/zazitkova-jizda-v-porsche-718-cayman-gt4\/\" \/>\n<meta property=\"og:site_name\" content=\"Legendy U V\u00e1s\" \/>\n<meta property=\"article:publisher\" content=\"https:\/\/www.facebook.com\/autolegendyuvas\" \/>\n<meta property=\"article:modified_time\" content=\"2025-12-27T00:02:27+00:00\" \/>\n<meta property=\"og:image\" content=\"https:\/\/www.legendyuvas.cz\/wp-content\/uploads\/2023\/12\/typeelementorsiteurlhttpswww.legendyuvas.czwp-jsonelementsidba0c5c1elTypewidgetisInnerfalseisLockedfalsesettingsbg_imageurlhttpswww.legendyuvas.czwp-contentuploads202410DSC_0620-2-scale-14.jpg\" \/>\n\t<meta property=\"og:image:width\" content=\"2048\" \/>\n\t<meta property=\"og:image:height\" content=\"1365\" \/>\n\t<meta property=\"og:image:type\" content=\"image\/jpeg\" \/>\n<meta name=\"twitter:card\" content=\"summary_large_image\" \/>\n<meta name=\"twitter:label1\" content=\"Szacowany czas czytania\" \/>\n\t<meta name=\"twitter:data1\" content=\"1 minuta\" \/>\n<script type=\"application\/ld+json\" class=\"yoast-schema-graph\">{\"@context\":\"https:\/\/schema.org\",\"@graph\":[{\"@type\":\"WebPage\",\"@id\":\"https:\/\/www.legendyuvas.cz\/produkt\/zazitkova-jizda-v-porsche-718-cayman-gt4\/\",\"url\":\"https:\/\/www.legendyuvas.cz\/produkt\/zazitkova-jizda-v-porsche-718-cayman-gt4\/\",\"name\":\"PORSCHE 718 GT4 (MT) - Legendy U V\u00e1s\",\"isPartOf\":{\"@id\":\"https:\/\/www.legendyuvas.cz\/#website\"},\"primaryImageOfPage\":{\"@id\":\"https:\/\/www.legendyuvas.cz\/produkt\/zazitkova-jizda-v-porsche-718-cayman-gt4\/#primaryimage\"},\"image\":{\"@id\":\"https:\/\/www.legendyuvas.cz\/produkt\/zazitkova-jizda-v-porsche-718-cayman-gt4\/#primaryimage\"},\"thumbnailUrl\":\"https:\/\/www.legendyuvas.cz\/wp-content\/uploads\/2023\/12\/R1PF6468-scaled-1.webp\",\"datePublished\":\"2023-12-06T13:09:58+00:00\",\"dateModified\":\"2025-12-27T00:02:27+00:00\",\"description\":\"Adrenalinowe prze\u017cycie z Legendy U V\u00e1s \u2013 oryginalny prezent nie tylko dla m\u0119\u017cczyzn i mi\u0142o\u015bnik\u00f3w motoryzacji. Jazda w samochodach sportowych (Ferrari, Lamborghini, Porsche, ...) na torze wy\u015bcigowym oraz na drogach lokalnych.\",\"breadcrumb\":{\"@id\":\"https:\/\/www.legendyuvas.cz\/produkt\/zazitkova-jizda-v-porsche-718-cayman-gt4\/#breadcrumb\"},\"inLanguage\":\"pl-PL\",\"potentialAction\":[{\"@type\":\"ReadAction\",\"target\":[\"https:\/\/www.legendyuvas.cz\/produkt\/zazitkova-jizda-v-porsche-718-cayman-gt4\/\"]}]},{\"@type\":\"ImageObject\",\"inLanguage\":\"pl-PL\",\"@id\":\"https:\/\/www.legendyuvas.cz\/produkt\/zazitkova-jizda-v-porsche-718-cayman-gt4\/#primaryimage\",\"url\":\"https:\/\/www.legendyuvas.cz\/wp-content\/uploads\/2023\/12\/R1PF6468-scaled-1.webp\",\"contentUrl\":\"https:\/\/www.legendyuvas.cz\/wp-content\/uploads\/2023\/12\/R1PF6468-scaled-1.webp\",\"width\":2560,\"height\":1707},{\"@type\":\"BreadcrumbList\",\"@id\":\"https:\/\/www.legendyuvas.cz\/produkt\/zazitkova-jizda-v-porsche-718-cayman-gt4\/#breadcrumb\",\"itemListElement\":[{\"@type\":\"ListItem\",\"position\":1,\"name\":\"Dom\u016f\",\"item\":\"https:\/\/www.legendyuvas.cz\/\"},{\"@type\":\"ListItem\",\"position\":2,\"name\":\"Sklep\",\"item\":\"https:\/\/www.legendyuvas.cz\/pl\/sklep\/\"},{\"@type\":\"ListItem\",\"position\":3,\"name\":\"PORSCHE 718 GT4 (MT)\"}]},{\"@type\":\"WebSite\",\"@id\":\"https:\/\/www.legendyuvas.cz\/#website\",\"url\":\"https:\/\/www.legendyuvas.cz\/\",\"name\":\"Legendy U V\u00e1s\",\"description\":\"Dechberouc\u00ed z\u00e1\u017eitky v autech a motork\u00e1ch\",\"publisher\":{\"@id\":\"https:\/\/www.legendyuvas.cz\/#organization\"},\"potentialAction\":[{\"@type\":\"SearchAction\",\"target\":{\"@type\":\"EntryPoint\",\"urlTemplate\":\"https:\/\/www.legendyuvas.cz\/?s={search_term_string}\"},\"query-input\":{\"@type\":\"PropertyValueSpecification\",\"valueRequired\":true,\"valueName\":\"search_term_string\"}}],\"inLanguage\":\"pl-PL\"},{\"@type\":\"Organization\",\"@id\":\"https:\/\/www.legendyuvas.cz\/#organization\",\"name\":\"Bontex2 s.r.o.\",\"url\":\"https:\/\/www.legendyuvas.cz\/\",\"logo\":{\"@type\":\"ImageObject\",\"inLanguage\":\"pl-PL\",\"@id\":\"https:\/\/www.legendyuvas.cz\/#\/schema\/logo\/image\/\",\"url\":\"https:\/\/www.legendyuvas.cz\/wp-content\/uploads\/2021\/03\/Legendy-u-Vas.jpg\",\"contentUrl\":\"https:\/\/www.legendyuvas.cz\/wp-content\/uploads\/2021\/03\/Legendy-u-Vas.jpg\",\"width\":400,\"height\":240,\"caption\":\"Bontex2 s.r.o.\"},\"image\":{\"@id\":\"https:\/\/www.legendyuvas.cz\/#\/schema\/logo\/image\/\"},\"sameAs\":[\"https:\/\/www.facebook.com\/autolegendyuvas\",\"https:\/\/www.facebook.com\/motolegendyuvas\",\"https:\/\/www.instagram.com\/autolegendyuvas\/\",\"https:\/\/www.instagram.com\/motolegendyuvas\/\"]}]}<\/script>\n<!-- \/ Yoast SEO plugin. -->","yoast_head_json":{"title":"PORSCHE 718 GT4 (MT) - Legendy U V\u00e1s","description":"Adrenalinowe prze\u017cycie z Legendy U V\u00e1s \u2013 oryginalny prezent nie tylko dla m\u0119\u017cczyzn i mi\u0142o\u015bnik\u00f3w motoryzacji. Jazda w samochodach sportowych (Ferrari, Lamborghini, Porsche, ...) na torze wy\u015bcigowym oraz na drogach lokalnych.","robots":{"index":"index","follow":"follow","max-snippet":"max-snippet:-1","max-image-preview":"max-image-preview:large","max-video-preview":"max-video-preview:-1"},"canonical":"https:\/\/www.legendyuvas.cz\/produkt\/zazitkova-jizda-v-porsche-718-cayman-gt4\/","og_locale":"pl_PL","og_type":"article","og_title":"PORSCHE 718 GT4 (MT) - Legendy U V\u00e1s","og_description":"Adrenalinowe prze\u017cycie z Legendy U V\u00e1s \u2013 oryginalny prezent nie tylko dla m\u0119\u017cczyzn i mi\u0142o\u015bnik\u00f3w motoryzacji. Jazda w samochodach sportowych (Ferrari, Lamborghini, Porsche, ...) na torze wy\u015bcigowym oraz na drogach lokalnych.","og_url":"https:\/\/www.legendyuvas.cz\/produkt\/zazitkova-jizda-v-porsche-718-cayman-gt4\/","og_site_name":"Legendy U V\u00e1s","article_publisher":"https:\/\/www.facebook.com\/autolegendyuvas","article_modified_time":"2025-12-27T00:02:27+00:00","og_image":[{"width":2048,"height":1365,"url":"https:\/\/www.legendyuvas.cz\/wp-content\/uploads\/2023\/12\/typeelementorsiteurlhttpswww.legendyuvas.czwp-jsonelementsidba0c5c1elTypewidgetisInnerfalseisLockedfalsesettingsbg_imageurlhttpswww.legendyuvas.czwp-contentuploads202410DSC_0620-2-scale-14.jpg","type":"image\/jpeg"}],"twitter_card":"summary_large_image","twitter_misc":{"Szacowany czas czytania":"1 minuta"},"schema":{"@context":"https:\/\/schema.org","@graph":[{"@type":"WebPage","@id":"https:\/\/www.legendyuvas.cz\/produkt\/zazitkova-jizda-v-porsche-718-cayman-gt4\/","url":"https:\/\/www.legendyuvas.cz\/produkt\/zazitkova-jizda-v-porsche-718-cayman-gt4\/","name":"PORSCHE 718 GT4 (MT) - Legendy U V\u00e1s","isPartOf":{"@id":"https:\/\/www.legendyuvas.cz\/#website"},"primaryImageOfPage":{"@id":"https:\/\/www.legendyuvas.cz\/produkt\/zazitkova-jizda-v-porsche-718-cayman-gt4\/#primaryimage"},"image":{"@id":"https:\/\/www.legendyuvas.cz\/produkt\/zazitkova-jizda-v-porsche-718-cayman-gt4\/#primaryimage"},"thumbnailUrl":"https:\/\/www.legendyuvas.cz\/wp-content\/uploads\/2023\/12\/R1PF6468-scaled-1.webp","datePublished":"2023-12-06T13:09:58+00:00","dateModified":"2025-12-27T00:02:27+00:00","description":"Adrenalinowe prze\u017cycie z Legendy U V\u00e1s \u2013 oryginalny prezent nie tylko dla m\u0119\u017cczyzn i mi\u0142o\u015bnik\u00f3w motoryzacji. Jazda w samochodach sportowych (Ferrari, Lamborghini, Porsche, ...) na torze wy\u015bcigowym oraz na drogach lokalnych.","breadcrumb":{"@id":"https:\/\/www.legendyuvas.cz\/produkt\/zazitkova-jizda-v-porsche-718-cayman-gt4\/#breadcrumb"},"inLanguage":"pl-PL","potentialAction":[{"@type":"ReadAction","target":["https:\/\/www.legendyuvas.cz\/produkt\/zazitkova-jizda-v-porsche-718-cayman-gt4\/"]}]},{"@type":"ImageObject","inLanguage":"pl-PL","@id":"https:\/\/www.legendyuvas.cz\/produkt\/zazitkova-jizda-v-porsche-718-cayman-gt4\/#primaryimage","url":"https:\/\/www.legendyuvas.cz\/wp-content\/uploads\/2023\/12\/R1PF6468-scaled-1.webp","contentUrl":"https:\/\/www.legendyuvas.cz\/wp-content\/uploads\/2023\/12\/R1PF6468-scaled-1.webp","width":2560,"height":1707},{"@type":"BreadcrumbList","@id":"https:\/\/www.legendyuvas.cz\/produkt\/zazitkova-jizda-v-porsche-718-cayman-gt4\/#breadcrumb","itemListElement":[{"@type":"ListItem","position":1,"name":"Dom\u016f","item":"https:\/\/www.legendyuvas.cz\/"},{"@type":"ListItem","position":2,"name":"Sklep","item":"https:\/\/www.legendyuvas.cz\/pl\/sklep\/"},{"@type":"ListItem","position":3,"name":"PORSCHE 718 GT4 (MT)"}]},{"@type":"WebSite","@id":"https:\/\/www.legendyuvas.cz\/#website","url":"https:\/\/www.legendyuvas.cz\/","name":"Legendy U V\u00e1s","description":"Dechberouc\u00ed z\u00e1\u017eitky v autech a motork\u00e1ch","publisher":{"@id":"https:\/\/www.legendyuvas.cz\/#organization"},"potentialAction":[{"@type":"SearchAction","target":{"@type":"EntryPoint","urlTemplate":"https:\/\/www.legendyuvas.cz\/?s={search_term_string}"},"query-input":{"@type":"PropertyValueSpecification","valueRequired":true,"valueName":"search_term_string"}}],"inLanguage":"pl-PL"},{"@type":"Organization","@id":"https:\/\/www.legendyuvas.cz\/#organization","name":"Bontex2 s.r.o.","url":"https:\/\/www.legendyuvas.cz\/","logo":{"@type":"ImageObject","inLanguage":"pl-PL","@id":"https:\/\/www.legendyuvas.cz\/#\/schema\/logo\/image\/","url":"https:\/\/www.legendyuvas.cz\/wp-content\/uploads\/2021\/03\/Legendy-u-Vas.jpg","contentUrl":"https:\/\/www.legendyuvas.cz\/wp-content\/uploads\/2021\/03\/Legendy-u-Vas.jpg","width":400,"height":240,"caption":"Bontex2 s.r.o."},"image":{"@id":"https:\/\/www.legendyuvas.cz\/#\/schema\/logo\/image\/"},"sameAs":["https:\/\/www.facebook.com\/autolegendyuvas","https:\/\/www.facebook.com\/motolegendyuvas","https:\/\/www.instagram.com\/autolegendyuvas\/","https:\/\/www.instagram.com\/motolegendyuvas\/"]}]}},"_links":{"self":[{"href":"https:\/\/www.legendyuvas.cz\/pl\/wp-json\/wp\/v2\/product\/39456","targetHints":{"allow":["GET"]}}],"collection":[{"href":"https:\/\/www.legendyuvas.cz\/pl\/wp-json\/wp\/v2\/product"}],"about":[{"href":"https:\/\/www.legendyuvas.cz\/pl\/wp-json\/wp\/v2\/types\/product"}],"replies":[{"embeddable":true,"href":"https:\/\/www.legendyuvas.cz\/pl\/wp-json\/wp\/v2\/comments?post=39456"}],"version-history":[{"count":0,"href":"https:\/\/www.legendyuvas.cz\/pl\/wp-json\/wp\/v2\/product\/39456\/revisions"}],"wp:featuredmedia":[{"embeddable":true,"href":"https:\/\/www.legendyuvas.cz\/pl\/wp-json\/wp\/v2\/media\/41755"}],"wp:attachment":[{"href":"https:\/\/www.legendyuvas.cz\/pl\/wp-json\/wp\/v2\/media?parent=39456"}],"wp:term":[{"taxonomy":"product_brand","embeddable":true,"href":"https:\/\/www.legendyuvas.cz\/pl\/wp-json\/wp\/v2\/product_brand?post=39456"},{"taxonomy":"product_cat","embeddable":true,"href":"https:\/\/www.legendyuvas.cz\/pl\/wp-json\/wp\/v2\/product_cat?post=39456"},{"taxonomy":"product_tag","embeddable":true,"href":"https:\/\/www.legendyuvas.cz\/pl\/wp-json\/wp\/v2\/product_tag?post=39456"}],"curies":[{"name":"wp","href":"https:\/\/api.w.org\/{rel}","templated":true}]}}