{"id":39569,"date":"2024-05-02T10:15:11","date_gmt":"2024-05-02T10:15:11","guid":{"rendered":"https:\/\/www.legendyuvas.cz\/produkt\/porsche-spyder-rs-at\/"},"modified":"2025-12-27T00:02:29","modified_gmt":"2025-12-27T00:02:29","slug":"porsche-spyder-rs-at","status":"publish","type":"product","link":"https:\/\/www.legendyuvas.cz\/pl\/produkt\/porsche-spyder-rs-at\/","title":{"rendered":"Porsche Spyder RS (AT)"},"content":{"rendered":"<p data-start=\"1656\" data-end=\"1991\"><strong data-start=\"1656\" data-end=\"1683\">Bez dachu jak w Formule<\/strong><br data-start=\"1683\" data-end=\"1686\" \/>Bezkompromisowe, purystyczne do\u015bwiadczenie na ca\u0142e \u017cycie. Tak mo\u017cna opisa\u0107 jazd\u0119 Porsche 718 Spyder RS. To ostatnia interesuj\u0105ca wersja modelu 718 z silnikiem spalinowym. Spyder RS bazuje na Porsche 718 Cayman GT4 RS, kt\u00f3re nale\u017cy do najpopularniejszych samochod\u00f3w u\u017cywanych nie tylko na torze wy\u015bcigowym.<\/p>\n<p data-start=\"1993\" data-end=\"2471\">G\u0142\u00f3wnym sercem auta jest, podobnie jak w GT4 RS, sze\u015bciocylindrowy silnik typu boxer zaczerpni\u0119ty z wy\u015bcigowej GT3 CUP. Ten niesamowity motor generuje 500 KM i osi\u0105ga a\u017c 9000 obr.\/min. Dodatkowo znajduje si\u0119 centralnie w aucie, co nie tylko poprawia rozk\u0142ad masy i prowadzenie, ale te\u017c sam\u0105 rado\u015b\u0107 z jazdy. Masz wi\u0119c tu\u017c za sob\u0105 kawa\u0142ek motorsportu, kt\u00f3ry odczuwasz wszystkimi zmys\u0142ami. Niezb\u0119dn\u0105 cz\u0119\u015bci\u0105 jest tak\u017ce automatyczna skrzynia PDK, kt\u00f3ra dodatkowo podkre\u015bla pr\u0119dko\u015b\u0107.<\/p>\n<p data-start=\"2473\" data-end=\"2955\">W por\u00f3wnaniu do GT4 RS r\u00f3\u017cnic jest znacznie wi\u0119cej ni\u017c tylko brak dachu. In\u017cynierowie Porsche dobrze wiedz\u0105, \u017ce Spyder RS b\u0119dzie u\u017cywany g\u0142\u00f3wnie na drogach lokalnych, dlatego nieco z\u0142agodzili ustawienia podwozia torowego. Nie martw si\u0119, nawet na torze Spyder RS nie zawiedzie i przy nieco mi\u0119kszym zawieszeniu pozostaje bardzo zdolnym samochodem torowym. Ponadto Spyder RS straci\u0142 du\u017ce skrzyd\u0142o wy\u015bcigowe, zast\u0105pione tzw. ducktail, kt\u00f3ry perfekcyjnie uzupe\u0142nia sportowy design auta.<\/p>\n<p data-start=\"2957\" data-end=\"3212\">Porsche Spyder RS nale\u017cy do tych samochod\u00f3w, kt\u00f3re ka\u017cdy prawdziwy entuzjasta powinien prze\u017cy\u0107. Jazda bez dachu pozwala poczu\u0107 to samo, co piloci Formu\u0142y 1. To synonim rado\u015bci z jazdy z ekskluzywnym d\u017awi\u0119kiem, kt\u00f3ry mo\u017cesz s\u0142ysze\u0107 i odczuwa\u0107 ca\u0142ym cia\u0142em.<\/p>\n","protected":false},"excerpt":{"rendered":"<p>Bez dachu jak w FormuleBezkompromisowe, purystyczne do\u015bwiadczenie na ca\u0142e \u017cycie. Tak mo\u017cna opisa\u0107 jazd\u0119 Porsche 718 Spyder RS. To ostatnia interesuj\u0105ca wersja modelu 718 z silnikiem spalinowym. Spyder RS bazuje na Porsche 718 Cayman GT4 RS, kt\u00f3re nale\u017cy do najpopularniejszych samochod\u00f3w u\u017cywanych nie tylko na torze wy\u015bcigowym. G\u0142\u00f3wnym sercem auta jest, podobnie jak w GT4 [&hellip;]<\/p>\n","protected":false},"featured_media":41744,"comment_status":"open","ping_status":"closed","template":"","meta":[],"product_brand":[],"product_cat":[452],"product_tag":[],"class_list":{"0":"post-39569","1":"product","2":"type-product","3":"status-publish","4":"has-post-thumbnail","6":"product_cat-auta","8":"first","9":"instock","10":"shipping-taxable","11":"purchasable","12":"product-type-variable"},"yoast_head":"<!-- This site is optimized with the Yoast SEO plugin v24.8.1 - https:\/\/yoast.com\/wordpress\/plugins\/seo\/ -->\n<title>Porsche Spyder RS (AT) - Legendy U V\u00e1s<\/title>\n<meta name=\"description\" content=\"Adrenalinowe prze\u017cycie z Legendy U V\u00e1s \u2013 oryginalny prezent nie tylko dla m\u0119\u017cczyzn i mi\u0142o\u015bnik\u00f3w motoryzacji. Jazda w samochodach sportowych (Ferrari, Lamborghini, Porsche, ...) na torze wy\u015bcigowym oraz na drogach lokalnych.\" \/>\n<meta name=\"robots\" content=\"index, follow, max-snippet:-1, max-image-preview:large, max-video-preview:-1\" \/>\n<link rel=\"canonical\" href=\"https:\/\/www.legendyuvas.cz\/produkt\/porsche-spyder-rs\/\" \/>\n<meta property=\"og:locale\" content=\"pl_PL\" \/>\n<meta property=\"og:type\" content=\"article\" \/>\n<meta property=\"og:title\" content=\"Porsche Spyder RS (AT) - Legendy U V\u00e1s\" \/>\n<meta property=\"og:description\" content=\"Adrenalinowe prze\u017cycie z Legendy U V\u00e1s \u2013 oryginalny prezent nie tylko dla m\u0119\u017cczyzn i mi\u0142o\u015bnik\u00f3w motoryzacji. Jazda w samochodach sportowych (Ferrari, Lamborghini, Porsche, ...) na torze wy\u015bcigowym oraz na drogach lokalnych.\" \/>\n<meta property=\"og:url\" content=\"https:\/\/www.legendyuvas.cz\/produkt\/porsche-spyder-rs\/\" \/>\n<meta property=\"og:site_name\" content=\"Legendy U V\u00e1s\" \/>\n<meta property=\"article:publisher\" content=\"https:\/\/www.facebook.com\/autolegendyuvas\" \/>\n<meta property=\"article:modified_time\" content=\"2025-12-27T00:02:29+00:00\" \/>\n<meta property=\"og:image\" content=\"https:\/\/www.legendyuvas.cz\/wp-content\/uploads\/2024\/05\/typeelementorsiteurlhttpswww.legendyuvas.czwp-jsonelementsidba0c5c1elTypewidgetisInnerfalseisLockedfalsesettingsbg_imageurlhttpswww.legendyuvas.czwp-contentuploads202410DSC_0620-2-scale-18.jpg\" \/>\n\t<meta property=\"og:image:width\" content=\"2048\" \/>\n\t<meta property=\"og:image:height\" content=\"1365\" \/>\n\t<meta property=\"og:image:type\" content=\"image\/jpeg\" \/>\n<meta name=\"twitter:card\" content=\"summary_large_image\" \/>\n<meta name=\"twitter:label1\" content=\"Szacowany czas czytania\" \/>\n\t<meta name=\"twitter:data1\" content=\"1 minuta\" \/>\n<script type=\"application\/ld+json\" class=\"yoast-schema-graph\">{\"@context\":\"https:\/\/schema.org\",\"@graph\":[{\"@type\":\"WebPage\",\"@id\":\"https:\/\/www.legendyuvas.cz\/produkt\/porsche-spyder-rs\/\",\"url\":\"https:\/\/www.legendyuvas.cz\/produkt\/porsche-spyder-rs\/\",\"name\":\"Porsche Spyder RS (AT) - Legendy U V\u00e1s\",\"isPartOf\":{\"@id\":\"https:\/\/www.legendyuvas.cz\/#website\"},\"primaryImageOfPage\":{\"@id\":\"https:\/\/www.legendyuvas.cz\/produkt\/porsche-spyder-rs\/#primaryimage\"},\"image\":{\"@id\":\"https:\/\/www.legendyuvas.cz\/produkt\/porsche-spyder-rs\/#primaryimage\"},\"thumbnailUrl\":\"https:\/\/www.legendyuvas.cz\/wp-content\/uploads\/2024\/05\/R1PF1994-1-scaled.jpg\",\"datePublished\":\"2024-05-02T10:15:11+00:00\",\"dateModified\":\"2025-12-27T00:02:29+00:00\",\"description\":\"Adrenalinowe prze\u017cycie z Legendy U V\u00e1s \u2013 oryginalny prezent nie tylko dla m\u0119\u017cczyzn i mi\u0142o\u015bnik\u00f3w motoryzacji. Jazda w samochodach sportowych (Ferrari, Lamborghini, Porsche, ...) na torze wy\u015bcigowym oraz na drogach lokalnych.\",\"breadcrumb\":{\"@id\":\"https:\/\/www.legendyuvas.cz\/produkt\/porsche-spyder-rs\/#breadcrumb\"},\"inLanguage\":\"pl-PL\",\"potentialAction\":[{\"@type\":\"ReadAction\",\"target\":[\"https:\/\/www.legendyuvas.cz\/produkt\/porsche-spyder-rs\/\"]}]},{\"@type\":\"ImageObject\",\"inLanguage\":\"pl-PL\",\"@id\":\"https:\/\/www.legendyuvas.cz\/produkt\/porsche-spyder-rs\/#primaryimage\",\"url\":\"https:\/\/www.legendyuvas.cz\/wp-content\/uploads\/2024\/05\/R1PF1994-1-scaled.jpg\",\"contentUrl\":\"https:\/\/www.legendyuvas.cz\/wp-content\/uploads\/2024\/05\/R1PF1994-1-scaled.jpg\",\"width\":2560,\"height\":1707},{\"@type\":\"BreadcrumbList\",\"@id\":\"https:\/\/www.legendyuvas.cz\/produkt\/porsche-spyder-rs\/#breadcrumb\",\"itemListElement\":[{\"@type\":\"ListItem\",\"position\":1,\"name\":\"Dom\u016f\",\"item\":\"https:\/\/www.legendyuvas.cz\/\"},{\"@type\":\"ListItem\",\"position\":2,\"name\":\"Sklep\",\"item\":\"https:\/\/www.legendyuvas.cz\/pl\/sklep\/\"},{\"@type\":\"ListItem\",\"position\":3,\"name\":\"Porsche Spyder RS (AT)\"}]},{\"@type\":\"WebSite\",\"@id\":\"https:\/\/www.legendyuvas.cz\/#website\",\"url\":\"https:\/\/www.legendyuvas.cz\/\",\"name\":\"Legendy U V\u00e1s\",\"description\":\"Dechberouc\u00ed z\u00e1\u017eitky v autech a motork\u00e1ch\",\"publisher\":{\"@id\":\"https:\/\/www.legendyuvas.cz\/#organization\"},\"potentialAction\":[{\"@type\":\"SearchAction\",\"target\":{\"@type\":\"EntryPoint\",\"urlTemplate\":\"https:\/\/www.legendyuvas.cz\/?s={search_term_string}\"},\"query-input\":{\"@type\":\"PropertyValueSpecification\",\"valueRequired\":true,\"valueName\":\"search_term_string\"}}],\"inLanguage\":\"pl-PL\"},{\"@type\":\"Organization\",\"@id\":\"https:\/\/www.legendyuvas.cz\/#organization\",\"name\":\"Bontex2 s.r.o.\",\"url\":\"https:\/\/www.legendyuvas.cz\/\",\"logo\":{\"@type\":\"ImageObject\",\"inLanguage\":\"pl-PL\",\"@id\":\"https:\/\/www.legendyuvas.cz\/#\/schema\/logo\/image\/\",\"url\":\"https:\/\/www.legendyuvas.cz\/wp-content\/uploads\/2021\/03\/Legendy-u-Vas.jpg\",\"contentUrl\":\"https:\/\/www.legendyuvas.cz\/wp-content\/uploads\/2021\/03\/Legendy-u-Vas.jpg\",\"width\":400,\"height\":240,\"caption\":\"Bontex2 s.r.o.\"},\"image\":{\"@id\":\"https:\/\/www.legendyuvas.cz\/#\/schema\/logo\/image\/\"},\"sameAs\":[\"https:\/\/www.facebook.com\/autolegendyuvas\",\"https:\/\/www.facebook.com\/motolegendyuvas\",\"https:\/\/www.instagram.com\/autolegendyuvas\/\",\"https:\/\/www.instagram.com\/motolegendyuvas\/\"]}]}<\/script>\n<!-- \/ Yoast SEO plugin. -->","yoast_head_json":{"title":"Porsche Spyder RS (AT) - Legendy U V\u00e1s","description":"Adrenalinowe prze\u017cycie z Legendy U V\u00e1s \u2013 oryginalny prezent nie tylko dla m\u0119\u017cczyzn i mi\u0142o\u015bnik\u00f3w motoryzacji. Jazda w samochodach sportowych (Ferrari, Lamborghini, Porsche, ...) na torze wy\u015bcigowym oraz na drogach lokalnych.","robots":{"index":"index","follow":"follow","max-snippet":"max-snippet:-1","max-image-preview":"max-image-preview:large","max-video-preview":"max-video-preview:-1"},"canonical":"https:\/\/www.legendyuvas.cz\/produkt\/porsche-spyder-rs\/","og_locale":"pl_PL","og_type":"article","og_title":"Porsche Spyder RS (AT) - Legendy U V\u00e1s","og_description":"Adrenalinowe prze\u017cycie z Legendy U V\u00e1s \u2013 oryginalny prezent nie tylko dla m\u0119\u017cczyzn i mi\u0142o\u015bnik\u00f3w motoryzacji. Jazda w samochodach sportowych (Ferrari, Lamborghini, Porsche, ...) na torze wy\u015bcigowym oraz na drogach lokalnych.","og_url":"https:\/\/www.legendyuvas.cz\/produkt\/porsche-spyder-rs\/","og_site_name":"Legendy U V\u00e1s","article_publisher":"https:\/\/www.facebook.com\/autolegendyuvas","article_modified_time":"2025-12-27T00:02:29+00:00","og_image":[{"width":2048,"height":1365,"url":"https:\/\/www.legendyuvas.cz\/wp-content\/uploads\/2024\/05\/typeelementorsiteurlhttpswww.legendyuvas.czwp-jsonelementsidba0c5c1elTypewidgetisInnerfalseisLockedfalsesettingsbg_imageurlhttpswww.legendyuvas.czwp-contentuploads202410DSC_0620-2-scale-18.jpg","type":"image\/jpeg"}],"twitter_card":"summary_large_image","twitter_misc":{"Szacowany czas czytania":"1 minuta"},"schema":{"@context":"https:\/\/schema.org","@graph":[{"@type":"WebPage","@id":"https:\/\/www.legendyuvas.cz\/produkt\/porsche-spyder-rs\/","url":"https:\/\/www.legendyuvas.cz\/produkt\/porsche-spyder-rs\/","name":"Porsche Spyder RS (AT) - Legendy U V\u00e1s","isPartOf":{"@id":"https:\/\/www.legendyuvas.cz\/#website"},"primaryImageOfPage":{"@id":"https:\/\/www.legendyuvas.cz\/produkt\/porsche-spyder-rs\/#primaryimage"},"image":{"@id":"https:\/\/www.legendyuvas.cz\/produkt\/porsche-spyder-rs\/#primaryimage"},"thumbnailUrl":"https:\/\/www.legendyuvas.cz\/wp-content\/uploads\/2024\/05\/R1PF1994-1-scaled.jpg","datePublished":"2024-05-02T10:15:11+00:00","dateModified":"2025-12-27T00:02:29+00:00","description":"Adrenalinowe prze\u017cycie z Legendy U V\u00e1s \u2013 oryginalny prezent nie tylko dla m\u0119\u017cczyzn i mi\u0142o\u015bnik\u00f3w motoryzacji. Jazda w samochodach sportowych (Ferrari, Lamborghini, Porsche, ...) na torze wy\u015bcigowym oraz na drogach lokalnych.","breadcrumb":{"@id":"https:\/\/www.legendyuvas.cz\/produkt\/porsche-spyder-rs\/#breadcrumb"},"inLanguage":"pl-PL","potentialAction":[{"@type":"ReadAction","target":["https:\/\/www.legendyuvas.cz\/produkt\/porsche-spyder-rs\/"]}]},{"@type":"ImageObject","inLanguage":"pl-PL","@id":"https:\/\/www.legendyuvas.cz\/produkt\/porsche-spyder-rs\/#primaryimage","url":"https:\/\/www.legendyuvas.cz\/wp-content\/uploads\/2024\/05\/R1PF1994-1-scaled.jpg","contentUrl":"https:\/\/www.legendyuvas.cz\/wp-content\/uploads\/2024\/05\/R1PF1994-1-scaled.jpg","width":2560,"height":1707},{"@type":"BreadcrumbList","@id":"https:\/\/www.legendyuvas.cz\/produkt\/porsche-spyder-rs\/#breadcrumb","itemListElement":[{"@type":"ListItem","position":1,"name":"Dom\u016f","item":"https:\/\/www.legendyuvas.cz\/"},{"@type":"ListItem","position":2,"name":"Sklep","item":"https:\/\/www.legendyuvas.cz\/pl\/sklep\/"},{"@type":"ListItem","position":3,"name":"Porsche Spyder RS (AT)"}]},{"@type":"WebSite","@id":"https:\/\/www.legendyuvas.cz\/#website","url":"https:\/\/www.legendyuvas.cz\/","name":"Legendy U V\u00e1s","description":"Dechberouc\u00ed z\u00e1\u017eitky v autech a motork\u00e1ch","publisher":{"@id":"https:\/\/www.legendyuvas.cz\/#organization"},"potentialAction":[{"@type":"SearchAction","target":{"@type":"EntryPoint","urlTemplate":"https:\/\/www.legendyuvas.cz\/?s={search_term_string}"},"query-input":{"@type":"PropertyValueSpecification","valueRequired":true,"valueName":"search_term_string"}}],"inLanguage":"pl-PL"},{"@type":"Organization","@id":"https:\/\/www.legendyuvas.cz\/#organization","name":"Bontex2 s.r.o.","url":"https:\/\/www.legendyuvas.cz\/","logo":{"@type":"ImageObject","inLanguage":"pl-PL","@id":"https:\/\/www.legendyuvas.cz\/#\/schema\/logo\/image\/","url":"https:\/\/www.legendyuvas.cz\/wp-content\/uploads\/2021\/03\/Legendy-u-Vas.jpg","contentUrl":"https:\/\/www.legendyuvas.cz\/wp-content\/uploads\/2021\/03\/Legendy-u-Vas.jpg","width":400,"height":240,"caption":"Bontex2 s.r.o."},"image":{"@id":"https:\/\/www.legendyuvas.cz\/#\/schema\/logo\/image\/"},"sameAs":["https:\/\/www.facebook.com\/autolegendyuvas","https:\/\/www.facebook.com\/motolegendyuvas","https:\/\/www.instagram.com\/autolegendyuvas\/","https:\/\/www.instagram.com\/motolegendyuvas\/"]}]}},"_links":{"self":[{"href":"https:\/\/www.legendyuvas.cz\/pl\/wp-json\/wp\/v2\/product\/39569","targetHints":{"allow":["GET"]}}],"collection":[{"href":"https:\/\/www.legendyuvas.cz\/pl\/wp-json\/wp\/v2\/product"}],"about":[{"href":"https:\/\/www.legendyuvas.cz\/pl\/wp-json\/wp\/v2\/types\/product"}],"replies":[{"embeddable":true,"href":"https:\/\/www.legendyuvas.cz\/pl\/wp-json\/wp\/v2\/comments?post=39569"}],"version-history":[{"count":0,"href":"https:\/\/www.legendyuvas.cz\/pl\/wp-json\/wp\/v2\/product\/39569\/revisions"}],"wp:featuredmedia":[{"embeddable":true,"href":"https:\/\/www.legendyuvas.cz\/pl\/wp-json\/wp\/v2\/media\/41744"}],"wp:attachment":[{"href":"https:\/\/www.legendyuvas.cz\/pl\/wp-json\/wp\/v2\/media?parent=39569"}],"wp:term":[{"taxonomy":"product_brand","embeddable":true,"href":"https:\/\/www.legendyuvas.cz\/pl\/wp-json\/wp\/v2\/product_brand?post=39569"},{"taxonomy":"product_cat","embeddable":true,"href":"https:\/\/www.legendyuvas.cz\/pl\/wp-json\/wp\/v2\/product_cat?post=39569"},{"taxonomy":"product_tag","embeddable":true,"href":"https:\/\/www.legendyuvas.cz\/pl\/wp-json\/wp\/v2\/product_tag?post=39569"}],"curies":[{"name":"wp","href":"https:\/\/api.w.org\/{rel}","templated":true}]}}