{"id":40119,"date":"2023-11-21T12:55:14","date_gmt":"2023-11-21T12:55:14","guid":{"rendered":"https:\/\/www.legendyuvas.cz\/produkt\/bmw-m2-g87-at\/"},"modified":"2025-12-27T00:02:24","modified_gmt":"2025-12-27T00:02:24","slug":"bmw-m2-g87-at","status":"publish","type":"product","link":"https:\/\/www.legendyuvas.cz\/pl\/produkt\/bmw-m2-g87-at\/","title":{"rendered":"BMW M2 G87 (AT)"},"content":{"rendered":"<h1><strong>Jeszcze mocniejszy i jeszcze szybszy<\/strong><\/h1>\n<p>BMW M2 to kompaktowy samoch\u00f3d sportowy, kt\u00f3ry oferuje <strong>niezapomniane wra\u017cenia z jazdy.<\/strong> Ta pot\u0119\u017cna wersja BMW serii 2 zosta\u0142a zaprojektowana z naciskiem na sportowe wra\u017cenia z jazdy i dynamik\u0119. Nowa generacja <strong>(G)<\/strong> jest <strong>szanowanym nast\u0119pc\u0105<\/strong> poprzedniej generacji (F), kt\u00f3ra nadal jest jednym z <strong>najpopularniejszych obecnie samochod\u00f3w sportowych<\/strong>.<\/p>\n<p>Sercem samochodu jest pot\u0119\u017cny <strong>3,0-litrowy sze\u015bciocylindrowy silnik z podw\u00f3jnym turbodo\u0142adowaniem<\/strong>, kt\u00f3ry dostarcza <strong>460 koni mechanicznych<\/strong> wy\u0142\u0105cznie na tyln\u0105 o\u015b. Moc przenoszona jest przez o\u015bmiobiegow\u0105 <strong>automatyczn\u0105 skrzyni\u0119 bieg\u00f3w (ZF)<\/strong>. Kierowcy doceni\u0105 precyzyjny i czu\u0142y uk\u0142ad kierowniczy, kt\u00f3ry reaguje na ka\u017cdy ruch kierownicy z precyzj\u0105 i kontrol\u0105.<\/p>\n<p><img fetchpriority=\"high\" decoding=\"async\" class=\"aligncenter wp-image-4938 size-large\" src=\"https:\/\/www.legendyuvas.cz\/wp-content\/uploads\/2023\/11\/IMG_9236-1024x683.jpg\" alt=\"\" width=\"800\" height=\"534\" srcset=\"https:\/\/www.legendyuvas.cz\/wp-content\/uploads\/2023\/11\/IMG_9236-1024x683.jpg 1024w, https:\/\/www.legendyuvas.cz\/wp-content\/uploads\/2023\/11\/IMG_9236-300x200.jpg 300w, https:\/\/www.legendyuvas.cz\/wp-content\/uploads\/2023\/11\/IMG_9236-768x512.jpg 768w, https:\/\/www.legendyuvas.cz\/wp-content\/uploads\/2023\/11\/IMG_9236-1536x1024.jpg 1536w, https:\/\/www.legendyuvas.cz\/wp-content\/uploads\/2023\/11\/IMG_9236-2048x1365.jpg 2048w, https:\/\/www.legendyuvas.cz\/wp-content\/uploads\/2023\/11\/IMG_9236-600x400.jpg 600w\" sizes=\"(max-width: 800px) 100vw, 800px\" \/><\/p>\n<p>Ekskluzywne sportowe podwozie i mocne hamulce zapewniaj\u0105 <strong>stabiln\u0105 i bezpieczn\u0105 jazd\u0119<\/strong> nawet przy wy\u017cszych pr\u0119dko\u015bciach. Konstrukcja samochodu jest pe\u0142na agresywnych element\u00f3w, kt\u00f3re wskazuj\u0105 na jego <strong>potencja\u0142 wydajno\u015bci<\/strong>. Ponadto nasz samoch\u00f3d jest wyposa\u017cony w <strong>M Race Packet<\/strong>, kt\u00f3ry obejmuje wspania\u0142e sportowe fotele M z w\u0142\u00f3kna w\u0119glowego, dach z w\u0142\u00f3kna w\u0119glowego i inne elementy, kt\u00f3re dodatkowo <strong>wzbogacaj\u0105 wra\u017cenia z jazdy naszym samochodem.<\/strong><\/p>\n<p>Wn\u0119trze BMW M2 zosta\u0142o zaprojektowane z my\u015bl\u0105 o komforcie, luksusie i wszystkim, czego kierowca potrzebuje do sportowej jazdy. Wysokiej jako\u015bci materia\u0142y i nowoczesna technologia tworz\u0105 \u015brodowisko, kt\u00f3re sprawia, \u017ce czujesz si\u0119 <strong>cz\u0119\u015bci\u0105 wyj\u0105tkowego do\u015bwiadczenia.<\/strong><\/p>\n<p><img decoding=\"async\" class=\"aligncenter wp-image-4939 size-large\" src=\"https:\/\/www.legendyuvas.cz\/wp-content\/uploads\/2023\/11\/IMG_9276-1024x683.jpg\" alt=\"\" width=\"800\" height=\"534\" srcset=\"https:\/\/www.legendyuvas.cz\/wp-content\/uploads\/2023\/11\/IMG_9276-1024x683.jpg 1024w, https:\/\/www.legendyuvas.cz\/wp-content\/uploads\/2023\/11\/IMG_9276-300x200.jpg 300w, https:\/\/www.legendyuvas.cz\/wp-content\/uploads\/2023\/11\/IMG_9276-768x512.jpg 768w, https:\/\/www.legendyuvas.cz\/wp-content\/uploads\/2023\/11\/IMG_9276-1536x1024.jpg 1536w, https:\/\/www.legendyuvas.cz\/wp-content\/uploads\/2023\/11\/IMG_9276-2048x1365.jpg 2048w, https:\/\/www.legendyuvas.cz\/wp-content\/uploads\/2023\/11\/IMG_9276-600x400.jpg 600w\" sizes=\"(max-width: 800px) 100vw, 800px\" \/><\/p>\n<p>Og\u00f3lnie rzecz bior\u0105c, BMW M2 to idealny wyb\u00f3r dla tych, kt\u00f3rzy szukaj\u0105 <strong>samochodu sportowego o mocnych osi\u0105gach i wra\u017ceniach z jazdy<\/strong>. Po\u0142\u0105czenie osi\u0105g\u00f3w, stylistyki i luksusu zapewnia <strong>niezapomniane i ekscytuj\u0105ce wra\u017cenia z jazdy.<\/strong><\/p>\n","protected":false},"excerpt":{"rendered":"<p>Wszystkie nasze samochody <strong>mo\u017cesz prowadzi\u0107<\/strong>\u00a0lub wybra\u0107 jazd\u0119 jako pilot z kierowc\u0105 wy\u015bcigowym.<\/p>\n<p>\ud83d\udc49 Nie ryzykujesz. Do 15 stycznia mo\u017cesz <strong>bezp\u0142atnie wymieni\u0107 lub ca\u0142kowicie zwr\u00f3ci\u0107 produkt<\/strong>, a my niezw\u0142ocznie zwr\u00f3cimy Ci pieni\u0105dze. \ud83c\udf81<\/p>\n<p>Plat\u00ed na n\u00e1kupy od 1.11. &#8211; 31.12. 2025.<\/p>\n","protected":false},"featured_media":31182,"comment_status":"open","ping_status":"closed","template":"","meta":[],"product_brand":[],"product_cat":[452],"product_tag":[],"class_list":{"0":"post-40119","1":"product","2":"type-product","3":"status-publish","4":"has-post-thumbnail","6":"product_cat-auta","8":"first","9":"instock","10":"shipping-taxable","11":"purchasable","12":"product-type-variable"},"yoast_head":"<!-- This site is optimized with the Yoast SEO plugin v24.8.1 - https:\/\/yoast.com\/wordpress\/plugins\/seo\/ -->\n<title>BMW M2 G87 (AT) - Legendy U V\u00e1s<\/title>\n<meta name=\"description\" content=\"Do\u015bwiadczenie adrenaliny z Legendy U V\u00e1s - oryginalny prezent nie tylko dla m\u0119\u017cczyzn i entuzjast\u00f3w motoryzacji. Jazda sportowymi samochodami (Ferrari, Lamborghini, Porsche, ...) na torze wy\u015bcigowym i w dzielnicy.\" \/>\n<meta name=\"robots\" content=\"index, follow, max-snippet:-1, max-image-preview:large, max-video-preview:-1\" \/>\n<link rel=\"canonical\" href=\"https:\/\/www.legendyuvas.cz\/produkt\/bmw-m2-g87\/\" \/>\n<meta property=\"og:locale\" content=\"pl_PL\" \/>\n<meta property=\"og:type\" content=\"article\" \/>\n<meta property=\"og:title\" content=\"BMW M2 G87 (AT) - Legendy U V\u00e1s\" \/>\n<meta property=\"og:description\" content=\"Do\u015bwiadczenie adrenaliny z Legendy U V\u00e1s - oryginalny prezent nie tylko dla m\u0119\u017cczyzn i entuzjast\u00f3w motoryzacji. Jazda sportowymi samochodami (Ferrari, Lamborghini, Porsche, ...) na torze wy\u015bcigowym i w dzielnicy.\" \/>\n<meta property=\"og:url\" content=\"https:\/\/www.legendyuvas.cz\/produkt\/bmw-m2-g87\/\" \/>\n<meta property=\"og:site_name\" content=\"Legendy U V\u00e1s\" \/>\n<meta property=\"article:publisher\" content=\"https:\/\/www.facebook.com\/autolegendyuvas\" \/>\n<meta property=\"article:modified_time\" content=\"2025-12-27T00:02:24+00:00\" \/>\n<meta property=\"og:image\" content=\"https:\/\/www.legendyuvas.cz\/wp-content\/uploads\/2023\/11\/typeelementorsiteurlhttpswww.legendyuvas.czwp-jsonelementsidba0c5c1elTypewidgetisInnerfalseisLockedfalsesettingsbg_imageurlhttpswww.legendyuvas.czwp-contentuploads202410DSC_0620-2-scale-3.jpg\" \/>\n\t<meta property=\"og:image:width\" content=\"2048\" \/>\n\t<meta property=\"og:image:height\" content=\"1365\" \/>\n\t<meta property=\"og:image:type\" content=\"image\/jpeg\" \/>\n<meta name=\"twitter:card\" content=\"summary_large_image\" \/>\n<meta name=\"twitter:label1\" content=\"Szacowany czas czytania\" \/>\n\t<meta name=\"twitter:data1\" content=\"1 minuta\" \/>\n<script type=\"application\/ld+json\" class=\"yoast-schema-graph\">{\"@context\":\"https:\/\/schema.org\",\"@graph\":[{\"@type\":\"WebPage\",\"@id\":\"https:\/\/www.legendyuvas.cz\/produkt\/bmw-m2-g87\/\",\"url\":\"https:\/\/www.legendyuvas.cz\/produkt\/bmw-m2-g87\/\",\"name\":\"BMW M2 G87 (AT) - Legendy U V\u00e1s\",\"isPartOf\":{\"@id\":\"https:\/\/www.legendyuvas.cz\/#website\"},\"primaryImageOfPage\":{\"@id\":\"https:\/\/www.legendyuvas.cz\/produkt\/bmw-m2-g87\/#primaryimage\"},\"image\":{\"@id\":\"https:\/\/www.legendyuvas.cz\/produkt\/bmw-m2-g87\/#primaryimage\"},\"thumbnailUrl\":\"https:\/\/www.legendyuvas.cz\/wp-content\/uploads\/2023\/11\/DSC01088-scaled.jpg\",\"datePublished\":\"2023-11-21T12:55:14+00:00\",\"dateModified\":\"2025-12-27T00:02:24+00:00\",\"description\":\"Do\u015bwiadczenie adrenaliny z Legendy U V\u00e1s - oryginalny prezent nie tylko dla m\u0119\u017cczyzn i entuzjast\u00f3w motoryzacji. Jazda sportowymi samochodami (Ferrari, Lamborghini, Porsche, ...) na torze wy\u015bcigowym i w dzielnicy.\",\"breadcrumb\":{\"@id\":\"https:\/\/www.legendyuvas.cz\/produkt\/bmw-m2-g87\/#breadcrumb\"},\"inLanguage\":\"pl-PL\",\"potentialAction\":[{\"@type\":\"ReadAction\",\"target\":[\"https:\/\/www.legendyuvas.cz\/produkt\/bmw-m2-g87\/\"]}]},{\"@type\":\"ImageObject\",\"inLanguage\":\"pl-PL\",\"@id\":\"https:\/\/www.legendyuvas.cz\/produkt\/bmw-m2-g87\/#primaryimage\",\"url\":\"https:\/\/www.legendyuvas.cz\/wp-content\/uploads\/2023\/11\/DSC01088-scaled.jpg\",\"contentUrl\":\"https:\/\/www.legendyuvas.cz\/wp-content\/uploads\/2023\/11\/DSC01088-scaled.jpg\",\"width\":2560,\"height\":1707},{\"@type\":\"BreadcrumbList\",\"@id\":\"https:\/\/www.legendyuvas.cz\/produkt\/bmw-m2-g87\/#breadcrumb\",\"itemListElement\":[{\"@type\":\"ListItem\",\"position\":1,\"name\":\"Dom\u016f\",\"item\":\"https:\/\/www.legendyuvas.cz\/\"},{\"@type\":\"ListItem\",\"position\":2,\"name\":\"Sklep\",\"item\":\"https:\/\/www.legendyuvas.cz\/pl\/sklep\/\"},{\"@type\":\"ListItem\",\"position\":3,\"name\":\"BMW M2 G87 (AT)\"}]},{\"@type\":\"WebSite\",\"@id\":\"https:\/\/www.legendyuvas.cz\/#website\",\"url\":\"https:\/\/www.legendyuvas.cz\/\",\"name\":\"Legendy U V\u00e1s\",\"description\":\"Dechberouc\u00ed z\u00e1\u017eitky v autech a motork\u00e1ch\",\"publisher\":{\"@id\":\"https:\/\/www.legendyuvas.cz\/#organization\"},\"potentialAction\":[{\"@type\":\"SearchAction\",\"target\":{\"@type\":\"EntryPoint\",\"urlTemplate\":\"https:\/\/www.legendyuvas.cz\/?s={search_term_string}\"},\"query-input\":{\"@type\":\"PropertyValueSpecification\",\"valueRequired\":true,\"valueName\":\"search_term_string\"}}],\"inLanguage\":\"pl-PL\"},{\"@type\":\"Organization\",\"@id\":\"https:\/\/www.legendyuvas.cz\/#organization\",\"name\":\"Bontex2 s.r.o.\",\"url\":\"https:\/\/www.legendyuvas.cz\/\",\"logo\":{\"@type\":\"ImageObject\",\"inLanguage\":\"pl-PL\",\"@id\":\"https:\/\/www.legendyuvas.cz\/#\/schema\/logo\/image\/\",\"url\":\"https:\/\/www.legendyuvas.cz\/wp-content\/uploads\/2021\/03\/Legendy-u-Vas.jpg\",\"contentUrl\":\"https:\/\/www.legendyuvas.cz\/wp-content\/uploads\/2021\/03\/Legendy-u-Vas.jpg\",\"width\":400,\"height\":240,\"caption\":\"Bontex2 s.r.o.\"},\"image\":{\"@id\":\"https:\/\/www.legendyuvas.cz\/#\/schema\/logo\/image\/\"},\"sameAs\":[\"https:\/\/www.facebook.com\/autolegendyuvas\",\"https:\/\/www.facebook.com\/motolegendyuvas\",\"https:\/\/www.instagram.com\/autolegendyuvas\/\",\"https:\/\/www.instagram.com\/motolegendyuvas\/\"]}]}<\/script>\n<!-- \/ Yoast SEO plugin. -->","yoast_head_json":{"title":"BMW M2 G87 (AT) - Legendy U V\u00e1s","description":"Do\u015bwiadczenie adrenaliny z Legendy U V\u00e1s - oryginalny prezent nie tylko dla m\u0119\u017cczyzn i entuzjast\u00f3w motoryzacji. Jazda sportowymi samochodami (Ferrari, Lamborghini, Porsche, ...) na torze wy\u015bcigowym i w dzielnicy.","robots":{"index":"index","follow":"follow","max-snippet":"max-snippet:-1","max-image-preview":"max-image-preview:large","max-video-preview":"max-video-preview:-1"},"canonical":"https:\/\/www.legendyuvas.cz\/produkt\/bmw-m2-g87\/","og_locale":"pl_PL","og_type":"article","og_title":"BMW M2 G87 (AT) - Legendy U V\u00e1s","og_description":"Do\u015bwiadczenie adrenaliny z Legendy U V\u00e1s - oryginalny prezent nie tylko dla m\u0119\u017cczyzn i entuzjast\u00f3w motoryzacji. Jazda sportowymi samochodami (Ferrari, Lamborghini, Porsche, ...) na torze wy\u015bcigowym i w dzielnicy.","og_url":"https:\/\/www.legendyuvas.cz\/produkt\/bmw-m2-g87\/","og_site_name":"Legendy U V\u00e1s","article_publisher":"https:\/\/www.facebook.com\/autolegendyuvas","article_modified_time":"2025-12-27T00:02:24+00:00","og_image":[{"width":2048,"height":1365,"url":"https:\/\/www.legendyuvas.cz\/wp-content\/uploads\/2023\/11\/typeelementorsiteurlhttpswww.legendyuvas.czwp-jsonelementsidba0c5c1elTypewidgetisInnerfalseisLockedfalsesettingsbg_imageurlhttpswww.legendyuvas.czwp-contentuploads202410DSC_0620-2-scale-3.jpg","type":"image\/jpeg"}],"twitter_card":"summary_large_image","twitter_misc":{"Szacowany czas czytania":"1 minuta"},"schema":{"@context":"https:\/\/schema.org","@graph":[{"@type":"WebPage","@id":"https:\/\/www.legendyuvas.cz\/produkt\/bmw-m2-g87\/","url":"https:\/\/www.legendyuvas.cz\/produkt\/bmw-m2-g87\/","name":"BMW M2 G87 (AT) - Legendy U V\u00e1s","isPartOf":{"@id":"https:\/\/www.legendyuvas.cz\/#website"},"primaryImageOfPage":{"@id":"https:\/\/www.legendyuvas.cz\/produkt\/bmw-m2-g87\/#primaryimage"},"image":{"@id":"https:\/\/www.legendyuvas.cz\/produkt\/bmw-m2-g87\/#primaryimage"},"thumbnailUrl":"https:\/\/www.legendyuvas.cz\/wp-content\/uploads\/2023\/11\/DSC01088-scaled.jpg","datePublished":"2023-11-21T12:55:14+00:00","dateModified":"2025-12-27T00:02:24+00:00","description":"Do\u015bwiadczenie adrenaliny z Legendy U V\u00e1s - oryginalny prezent nie tylko dla m\u0119\u017cczyzn i entuzjast\u00f3w motoryzacji. Jazda sportowymi samochodami (Ferrari, Lamborghini, Porsche, ...) na torze wy\u015bcigowym i w dzielnicy.","breadcrumb":{"@id":"https:\/\/www.legendyuvas.cz\/produkt\/bmw-m2-g87\/#breadcrumb"},"inLanguage":"pl-PL","potentialAction":[{"@type":"ReadAction","target":["https:\/\/www.legendyuvas.cz\/produkt\/bmw-m2-g87\/"]}]},{"@type":"ImageObject","inLanguage":"pl-PL","@id":"https:\/\/www.legendyuvas.cz\/produkt\/bmw-m2-g87\/#primaryimage","url":"https:\/\/www.legendyuvas.cz\/wp-content\/uploads\/2023\/11\/DSC01088-scaled.jpg","contentUrl":"https:\/\/www.legendyuvas.cz\/wp-content\/uploads\/2023\/11\/DSC01088-scaled.jpg","width":2560,"height":1707},{"@type":"BreadcrumbList","@id":"https:\/\/www.legendyuvas.cz\/produkt\/bmw-m2-g87\/#breadcrumb","itemListElement":[{"@type":"ListItem","position":1,"name":"Dom\u016f","item":"https:\/\/www.legendyuvas.cz\/"},{"@type":"ListItem","position":2,"name":"Sklep","item":"https:\/\/www.legendyuvas.cz\/pl\/sklep\/"},{"@type":"ListItem","position":3,"name":"BMW M2 G87 (AT)"}]},{"@type":"WebSite","@id":"https:\/\/www.legendyuvas.cz\/#website","url":"https:\/\/www.legendyuvas.cz\/","name":"Legendy U V\u00e1s","description":"Dechberouc\u00ed z\u00e1\u017eitky v autech a motork\u00e1ch","publisher":{"@id":"https:\/\/www.legendyuvas.cz\/#organization"},"potentialAction":[{"@type":"SearchAction","target":{"@type":"EntryPoint","urlTemplate":"https:\/\/www.legendyuvas.cz\/?s={search_term_string}"},"query-input":{"@type":"PropertyValueSpecification","valueRequired":true,"valueName":"search_term_string"}}],"inLanguage":"pl-PL"},{"@type":"Organization","@id":"https:\/\/www.legendyuvas.cz\/#organization","name":"Bontex2 s.r.o.","url":"https:\/\/www.legendyuvas.cz\/","logo":{"@type":"ImageObject","inLanguage":"pl-PL","@id":"https:\/\/www.legendyuvas.cz\/#\/schema\/logo\/image\/","url":"https:\/\/www.legendyuvas.cz\/wp-content\/uploads\/2021\/03\/Legendy-u-Vas.jpg","contentUrl":"https:\/\/www.legendyuvas.cz\/wp-content\/uploads\/2021\/03\/Legendy-u-Vas.jpg","width":400,"height":240,"caption":"Bontex2 s.r.o."},"image":{"@id":"https:\/\/www.legendyuvas.cz\/#\/schema\/logo\/image\/"},"sameAs":["https:\/\/www.facebook.com\/autolegendyuvas","https:\/\/www.facebook.com\/motolegendyuvas","https:\/\/www.instagram.com\/autolegendyuvas\/","https:\/\/www.instagram.com\/motolegendyuvas\/"]}]}},"_links":{"self":[{"href":"https:\/\/www.legendyuvas.cz\/pl\/wp-json\/wp\/v2\/product\/40119","targetHints":{"allow":["GET"]}}],"collection":[{"href":"https:\/\/www.legendyuvas.cz\/pl\/wp-json\/wp\/v2\/product"}],"about":[{"href":"https:\/\/www.legendyuvas.cz\/pl\/wp-json\/wp\/v2\/types\/product"}],"replies":[{"embeddable":true,"href":"https:\/\/www.legendyuvas.cz\/pl\/wp-json\/wp\/v2\/comments?post=40119"}],"version-history":[{"count":0,"href":"https:\/\/www.legendyuvas.cz\/pl\/wp-json\/wp\/v2\/product\/40119\/revisions"}],"wp:featuredmedia":[{"embeddable":true,"href":"https:\/\/www.legendyuvas.cz\/pl\/wp-json\/wp\/v2\/media\/31182"}],"wp:attachment":[{"href":"https:\/\/www.legendyuvas.cz\/pl\/wp-json\/wp\/v2\/media?parent=40119"}],"wp:term":[{"taxonomy":"product_brand","embeddable":true,"href":"https:\/\/www.legendyuvas.cz\/pl\/wp-json\/wp\/v2\/product_brand?post=40119"},{"taxonomy":"product_cat","embeddable":true,"href":"https:\/\/www.legendyuvas.cz\/pl\/wp-json\/wp\/v2\/product_cat?post=40119"},{"taxonomy":"product_tag","embeddable":true,"href":"https:\/\/www.legendyuvas.cz\/pl\/wp-json\/wp\/v2\/product_tag?post=40119"}],"curies":[{"name":"wp","href":"https:\/\/api.w.org\/{rel}","templated":true}]}}