{"id":40238,"date":"2023-11-21T11:49:44","date_gmt":"2023-11-21T11:49:44","guid":{"rendered":"https:\/\/www.legendyuvas.cz\/produkt\/hyundai-i20-n\/"},"modified":"2025-12-27T00:02:23","modified_gmt":"2025-12-27T00:02:23","slug":"hyundai-i20-n","status":"publish","type":"product","link":"https:\/\/www.legendyuvas.cz\/pl\/produkt\/hyundai-i20-n\/","title":{"rendered":"HYUNDAI i20 N"},"content":{"rendered":"<h2><strong><u>Samoch\u00f3d roku wed\u0142ug Top Gear<\/u><\/strong><\/h2>\n<p>Hyundai i20N to kompaktowy samoch\u00f3d, kt\u00f3ry zosta\u0142 zaprojektowany z naciskiem na <strong>sportowe osi\u0105gi i rado\u015b\u0107 z jazdy<\/strong>. Ta wersja i20 jest cz\u0119\u015bci\u0105 <strong>Sports N Series<\/strong>, co oznacza, \u017ce zosta\u0142a opracowana w oparciu o do\u015bwiadczenie w sportach motorowych i oferuje doskona\u0142e osi\u0105gi i cechy konstrukcyjne. Nasz samoch\u00f3d jest r\u00f3wnie\u017c wyposa\u017cony w <strong>pakiet N Premium<\/strong>, kt\u00f3ry obejmuje mi\u0119dzy innymi samoblokuj\u0105cy mechanizm r\u00f3\u017cnicowy <strong>LSD i inne funkcje poprawiaj\u0105ce wra\u017cenia z jazdy.<\/strong>.<\/p>\n<p><img fetchpriority=\"high\" decoding=\"async\" class=\"aligncenter wp-image-4913 size-large\" src=\"https:\/\/www.legendyuvas.cz\/wp-content\/uploads\/2023\/11\/445A9779-1024x683.jpg\" alt=\"\" width=\"800\" height=\"534\" srcset=\"https:\/\/www.legendyuvas.cz\/wp-content\/uploads\/2023\/11\/445A9779-1024x683.jpg 1024w, https:\/\/www.legendyuvas.cz\/wp-content\/uploads\/2023\/11\/445A9779-300x200.jpg 300w, https:\/\/www.legendyuvas.cz\/wp-content\/uploads\/2023\/11\/445A9779-768x512.jpg 768w, https:\/\/www.legendyuvas.cz\/wp-content\/uploads\/2023\/11\/445A9779-1536x1024.jpg 1536w, https:\/\/www.legendyuvas.cz\/wp-content\/uploads\/2023\/11\/445A9779-600x400.jpg 600w, https:\/\/www.legendyuvas.cz\/wp-content\/uploads\/2023\/11\/445A9779.jpg 2048w\" sizes=\"(max-width: 800px) 100vw, 800px\" \/><\/p>\n<p>Sercem i20N jest <strong>mocny silnik 1,6 l<\/strong> o mocy <strong>204 KM<\/strong>. W po\u0142\u0105czeniu z <strong>6-biegow\u0105 manualn\u0105 skrzyni\u0105 bieg\u00f3w<\/strong> i nisk\u0105 <strong>wag\u0105 oko\u0142o 1200 kg<\/strong>, jest to idealne po\u0142\u0105czenie do <strong>sportowej jazdy.<\/strong> Sportowe podwozie i uk\u0142ad kierowniczy zosta\u0142y zmodyfikowane, aby zapewni\u0107 precyzyjn\u0105 reakcj\u0119 i doskona\u0142e prowadzenie na drodze. Wszystko to w po\u0142\u0105czeniu z nowoczesn\u0105 aerodynamik\u0105 i stylowym designem, kt\u00f3ry podkre\u015bla agresywny i sportowy charakter samochodu.<\/p>\n<p><img decoding=\"async\" class=\"aligncenter wp-image-4914 size-large\" src=\"https:\/\/www.legendyuvas.cz\/wp-content\/uploads\/2023\/11\/445A9786-1024x683.jpg\" alt=\"\" width=\"800\" height=\"534\" srcset=\"https:\/\/www.legendyuvas.cz\/wp-content\/uploads\/2023\/11\/445A9786-1024x683.jpg 1024w, https:\/\/www.legendyuvas.cz\/wp-content\/uploads\/2023\/11\/445A9786-300x200.jpg 300w, https:\/\/www.legendyuvas.cz\/wp-content\/uploads\/2023\/11\/445A9786-768x512.jpg 768w, https:\/\/www.legendyuvas.cz\/wp-content\/uploads\/2023\/11\/445A9786-1536x1024.jpg 1536w, https:\/\/www.legendyuvas.cz\/wp-content\/uploads\/2023\/11\/445A9786-600x400.jpg 600w, https:\/\/www.legendyuvas.cz\/wp-content\/uploads\/2023\/11\/445A9786.jpg 2048w\" sizes=\"(max-width: 800px) 100vw, 800px\" \/><\/p>\n<p>Podczas jazdy Hyundaiem i20N mo\u017cna spodziewa\u0107 si\u0119 <strong>dynamicznych i wci\u0105gaj\u0105cych wra\u017ce\u0144<\/strong>. Przyspieszenie, uk\u0142ad kierowniczy i hamulce dzia\u0142aj\u0105 w harmonii, zapewniaj\u0105c niesamowite wra\u017cenia z jazdy. Ponadto wn\u0119trze oferuje sportowe fotele, nowoczesn\u0105 technologi\u0119 i funkcje, kt\u00f3re zwi\u0119kszaj\u0105 og\u00f3lny komfort i <strong>wra\u017cenia z jazdy.<\/strong><\/p>\n<p>Og\u00f3lnie rzecz bior\u0105c, Hyundai i20N mo\u017ce by\u0107 uwa\u017cany za doskona\u0142y wyb\u00f3r dla tych, kt\u00f3rzy szukaj\u0105 <strong>kompaktowego hatchbacka<\/strong> o mocnych osi\u0105gach i doskona\u0142ych w\u0142a\u015bciwo\u015bciach jezdnych <strong>dla entuzjastycznych kierowc\u00f3w.<\/strong><\/p>\n","protected":false},"excerpt":{"rendered":"<p>Wszystkie nasze samochody <strong>mo\u017cesz prowadzi\u0107<\/strong>\u00a0lub wybra\u0107 jazd\u0119 jako pilot z kierowc\u0105 wy\u015bcigowym.<\/p>\n<p>\ud83d\udc49 Nie ryzykujesz. Do 15 stycznia mo\u017cesz <strong>bezp\u0142atnie wymieni\u0107 lub ca\u0142kowicie zwr\u00f3ci\u0107 produkt<\/strong>, a my niezw\u0142ocznie zwr\u00f3cimy Ci pieni\u0105dze. \ud83c\udf81<\/p>\n<p>Obowi\u0105zuje przy zakupach od 1.11. do 31.12. 2025 r.<\/p>\n","protected":false},"featured_media":41765,"comment_status":"open","ping_status":"closed","template":"","meta":[],"product_brand":[],"product_cat":[452],"product_tag":[],"class_list":{"0":"post-40238","1":"product","2":"type-product","3":"status-publish","4":"has-post-thumbnail","6":"product_cat-auta","8":"first","9":"instock","10":"shipping-taxable","11":"purchasable","12":"product-type-variable"},"yoast_head":"<!-- This site is optimized with the Yoast SEO plugin v24.8.1 - https:\/\/yoast.com\/wordpress\/plugins\/seo\/ -->\n<title>HYUNDAI i20 N - Legendy U V\u00e1s<\/title>\n<meta name=\"description\" content=\"Do\u015bwiadczenie adrenaliny z Legendy U V\u00e1s - oryginalny prezent nie tylko dla m\u0119\u017cczyzn i entuzjast\u00f3w motoryzacji. Jazda sportowymi samochodami (Ferrari, Lamborghini, Porsche, ...) na torze wy\u015bcigowym i w dzielnicy.\" \/>\n<meta name=\"robots\" content=\"index, follow, max-snippet:-1, max-image-preview:large, max-video-preview:-1\" \/>\n<link rel=\"canonical\" href=\"https:\/\/www.legendyuvas.cz\/produkt\/hyundai-i20-n\/\" \/>\n<meta property=\"og:locale\" content=\"pl_PL\" \/>\n<meta property=\"og:type\" content=\"article\" \/>\n<meta property=\"og:title\" content=\"HYUNDAI i20 N - Legendy U V\u00e1s\" \/>\n<meta property=\"og:description\" content=\"Do\u015bwiadczenie adrenaliny z Legendy U V\u00e1s - oryginalny prezent nie tylko dla m\u0119\u017cczyzn i entuzjast\u00f3w motoryzacji. Jazda sportowymi samochodami (Ferrari, Lamborghini, Porsche, ...) na torze wy\u015bcigowym i w dzielnicy.\" \/>\n<meta property=\"og:url\" content=\"https:\/\/www.legendyuvas.cz\/produkt\/hyundai-i20-n\/\" \/>\n<meta property=\"og:site_name\" content=\"Legendy U V\u00e1s\" \/>\n<meta property=\"article:publisher\" content=\"https:\/\/www.facebook.com\/autolegendyuvas\" \/>\n<meta property=\"article:modified_time\" content=\"2025-12-27T00:02:23+00:00\" \/>\n<meta property=\"og:image\" content=\"https:\/\/www.legendyuvas.cz\/wp-content\/uploads\/2023\/11\/typeelementorsiteurlhttpswww.legendyuvas.czwp-jsonelementsidba0c5c1elTypewidgetisInnerfalseisLockedfalsesettingsbg_imageurlhttpswww.legendyuvas.czwp-contentuploads202410DSC_0620-2-scale-7.jpg\" \/>\n\t<meta property=\"og:image:width\" content=\"2048\" \/>\n\t<meta property=\"og:image:height\" content=\"1365\" \/>\n\t<meta property=\"og:image:type\" content=\"image\/jpeg\" \/>\n<meta name=\"twitter:card\" content=\"summary_large_image\" \/>\n<meta name=\"twitter:label1\" content=\"Szacowany czas czytania\" \/>\n\t<meta name=\"twitter:data1\" content=\"1 minuta\" \/>\n<script type=\"application\/ld+json\" class=\"yoast-schema-graph\">{\"@context\":\"https:\/\/schema.org\",\"@graph\":[{\"@type\":\"WebPage\",\"@id\":\"https:\/\/www.legendyuvas.cz\/produkt\/hyundai-i20-n\/\",\"url\":\"https:\/\/www.legendyuvas.cz\/produkt\/hyundai-i20-n\/\",\"name\":\"HYUNDAI i20 N - Legendy U V\u00e1s\",\"isPartOf\":{\"@id\":\"https:\/\/www.legendyuvas.cz\/#website\"},\"primaryImageOfPage\":{\"@id\":\"https:\/\/www.legendyuvas.cz\/produkt\/hyundai-i20-n\/#primaryimage\"},\"image\":{\"@id\":\"https:\/\/www.legendyuvas.cz\/produkt\/hyundai-i20-n\/#primaryimage\"},\"thumbnailUrl\":\"https:\/\/www.legendyuvas.cz\/wp-content\/uploads\/2023\/11\/445A9767-1-1536x1024-1-1.webp\",\"datePublished\":\"2023-11-21T11:49:44+00:00\",\"dateModified\":\"2025-12-27T00:02:23+00:00\",\"description\":\"Do\u015bwiadczenie adrenaliny z Legendy U V\u00e1s - oryginalny prezent nie tylko dla m\u0119\u017cczyzn i entuzjast\u00f3w motoryzacji. Jazda sportowymi samochodami (Ferrari, Lamborghini, Porsche, ...) na torze wy\u015bcigowym i w dzielnicy.\",\"breadcrumb\":{\"@id\":\"https:\/\/www.legendyuvas.cz\/produkt\/hyundai-i20-n\/#breadcrumb\"},\"inLanguage\":\"pl-PL\",\"potentialAction\":[{\"@type\":\"ReadAction\",\"target\":[\"https:\/\/www.legendyuvas.cz\/produkt\/hyundai-i20-n\/\"]}]},{\"@type\":\"ImageObject\",\"inLanguage\":\"pl-PL\",\"@id\":\"https:\/\/www.legendyuvas.cz\/produkt\/hyundai-i20-n\/#primaryimage\",\"url\":\"https:\/\/www.legendyuvas.cz\/wp-content\/uploads\/2023\/11\/445A9767-1-1536x1024-1-1.webp\",\"contentUrl\":\"https:\/\/www.legendyuvas.cz\/wp-content\/uploads\/2023\/11\/445A9767-1-1536x1024-1-1.webp\",\"width\":1536,\"height\":1024},{\"@type\":\"BreadcrumbList\",\"@id\":\"https:\/\/www.legendyuvas.cz\/produkt\/hyundai-i20-n\/#breadcrumb\",\"itemListElement\":[{\"@type\":\"ListItem\",\"position\":1,\"name\":\"Dom\u016f\",\"item\":\"https:\/\/www.legendyuvas.cz\/\"},{\"@type\":\"ListItem\",\"position\":2,\"name\":\"Sklep\",\"item\":\"https:\/\/www.legendyuvas.cz\/pl\/sklep\/\"},{\"@type\":\"ListItem\",\"position\":3,\"name\":\"HYUNDAI i20 N\"}]},{\"@type\":\"WebSite\",\"@id\":\"https:\/\/www.legendyuvas.cz\/#website\",\"url\":\"https:\/\/www.legendyuvas.cz\/\",\"name\":\"Legendy U V\u00e1s\",\"description\":\"Dechberouc\u00ed z\u00e1\u017eitky v autech a motork\u00e1ch\",\"publisher\":{\"@id\":\"https:\/\/www.legendyuvas.cz\/#organization\"},\"potentialAction\":[{\"@type\":\"SearchAction\",\"target\":{\"@type\":\"EntryPoint\",\"urlTemplate\":\"https:\/\/www.legendyuvas.cz\/?s={search_term_string}\"},\"query-input\":{\"@type\":\"PropertyValueSpecification\",\"valueRequired\":true,\"valueName\":\"search_term_string\"}}],\"inLanguage\":\"pl-PL\"},{\"@type\":\"Organization\",\"@id\":\"https:\/\/www.legendyuvas.cz\/#organization\",\"name\":\"Bontex2 s.r.o.\",\"url\":\"https:\/\/www.legendyuvas.cz\/\",\"logo\":{\"@type\":\"ImageObject\",\"inLanguage\":\"pl-PL\",\"@id\":\"https:\/\/www.legendyuvas.cz\/#\/schema\/logo\/image\/\",\"url\":\"https:\/\/www.legendyuvas.cz\/wp-content\/uploads\/2021\/03\/Legendy-u-Vas.jpg\",\"contentUrl\":\"https:\/\/www.legendyuvas.cz\/wp-content\/uploads\/2021\/03\/Legendy-u-Vas.jpg\",\"width\":400,\"height\":240,\"caption\":\"Bontex2 s.r.o.\"},\"image\":{\"@id\":\"https:\/\/www.legendyuvas.cz\/#\/schema\/logo\/image\/\"},\"sameAs\":[\"https:\/\/www.facebook.com\/autolegendyuvas\",\"https:\/\/www.facebook.com\/motolegendyuvas\",\"https:\/\/www.instagram.com\/autolegendyuvas\/\",\"https:\/\/www.instagram.com\/motolegendyuvas\/\"]}]}<\/script>\n<!-- \/ Yoast SEO plugin. -->","yoast_head_json":{"title":"HYUNDAI i20 N - Legendy U V\u00e1s","description":"Do\u015bwiadczenie adrenaliny z Legendy U V\u00e1s - oryginalny prezent nie tylko dla m\u0119\u017cczyzn i entuzjast\u00f3w motoryzacji. Jazda sportowymi samochodami (Ferrari, Lamborghini, Porsche, ...) na torze wy\u015bcigowym i w dzielnicy.","robots":{"index":"index","follow":"follow","max-snippet":"max-snippet:-1","max-image-preview":"max-image-preview:large","max-video-preview":"max-video-preview:-1"},"canonical":"https:\/\/www.legendyuvas.cz\/produkt\/hyundai-i20-n\/","og_locale":"pl_PL","og_type":"article","og_title":"HYUNDAI i20 N - Legendy U V\u00e1s","og_description":"Do\u015bwiadczenie adrenaliny z Legendy U V\u00e1s - oryginalny prezent nie tylko dla m\u0119\u017cczyzn i entuzjast\u00f3w motoryzacji. Jazda sportowymi samochodami (Ferrari, Lamborghini, Porsche, ...) na torze wy\u015bcigowym i w dzielnicy.","og_url":"https:\/\/www.legendyuvas.cz\/produkt\/hyundai-i20-n\/","og_site_name":"Legendy U V\u00e1s","article_publisher":"https:\/\/www.facebook.com\/autolegendyuvas","article_modified_time":"2025-12-27T00:02:23+00:00","og_image":[{"width":2048,"height":1365,"url":"https:\/\/www.legendyuvas.cz\/wp-content\/uploads\/2023\/11\/typeelementorsiteurlhttpswww.legendyuvas.czwp-jsonelementsidba0c5c1elTypewidgetisInnerfalseisLockedfalsesettingsbg_imageurlhttpswww.legendyuvas.czwp-contentuploads202410DSC_0620-2-scale-7.jpg","type":"image\/jpeg"}],"twitter_card":"summary_large_image","twitter_misc":{"Szacowany czas czytania":"1 minuta"},"schema":{"@context":"https:\/\/schema.org","@graph":[{"@type":"WebPage","@id":"https:\/\/www.legendyuvas.cz\/produkt\/hyundai-i20-n\/","url":"https:\/\/www.legendyuvas.cz\/produkt\/hyundai-i20-n\/","name":"HYUNDAI i20 N - Legendy U V\u00e1s","isPartOf":{"@id":"https:\/\/www.legendyuvas.cz\/#website"},"primaryImageOfPage":{"@id":"https:\/\/www.legendyuvas.cz\/produkt\/hyundai-i20-n\/#primaryimage"},"image":{"@id":"https:\/\/www.legendyuvas.cz\/produkt\/hyundai-i20-n\/#primaryimage"},"thumbnailUrl":"https:\/\/www.legendyuvas.cz\/wp-content\/uploads\/2023\/11\/445A9767-1-1536x1024-1-1.webp","datePublished":"2023-11-21T11:49:44+00:00","dateModified":"2025-12-27T00:02:23+00:00","description":"Do\u015bwiadczenie adrenaliny z Legendy U V\u00e1s - oryginalny prezent nie tylko dla m\u0119\u017cczyzn i entuzjast\u00f3w motoryzacji. Jazda sportowymi samochodami (Ferrari, Lamborghini, Porsche, ...) na torze wy\u015bcigowym i w dzielnicy.","breadcrumb":{"@id":"https:\/\/www.legendyuvas.cz\/produkt\/hyundai-i20-n\/#breadcrumb"},"inLanguage":"pl-PL","potentialAction":[{"@type":"ReadAction","target":["https:\/\/www.legendyuvas.cz\/produkt\/hyundai-i20-n\/"]}]},{"@type":"ImageObject","inLanguage":"pl-PL","@id":"https:\/\/www.legendyuvas.cz\/produkt\/hyundai-i20-n\/#primaryimage","url":"https:\/\/www.legendyuvas.cz\/wp-content\/uploads\/2023\/11\/445A9767-1-1536x1024-1-1.webp","contentUrl":"https:\/\/www.legendyuvas.cz\/wp-content\/uploads\/2023\/11\/445A9767-1-1536x1024-1-1.webp","width":1536,"height":1024},{"@type":"BreadcrumbList","@id":"https:\/\/www.legendyuvas.cz\/produkt\/hyundai-i20-n\/#breadcrumb","itemListElement":[{"@type":"ListItem","position":1,"name":"Dom\u016f","item":"https:\/\/www.legendyuvas.cz\/"},{"@type":"ListItem","position":2,"name":"Sklep","item":"https:\/\/www.legendyuvas.cz\/pl\/sklep\/"},{"@type":"ListItem","position":3,"name":"HYUNDAI i20 N"}]},{"@type":"WebSite","@id":"https:\/\/www.legendyuvas.cz\/#website","url":"https:\/\/www.legendyuvas.cz\/","name":"Legendy U V\u00e1s","description":"Dechberouc\u00ed z\u00e1\u017eitky v autech a motork\u00e1ch","publisher":{"@id":"https:\/\/www.legendyuvas.cz\/#organization"},"potentialAction":[{"@type":"SearchAction","target":{"@type":"EntryPoint","urlTemplate":"https:\/\/www.legendyuvas.cz\/?s={search_term_string}"},"query-input":{"@type":"PropertyValueSpecification","valueRequired":true,"valueName":"search_term_string"}}],"inLanguage":"pl-PL"},{"@type":"Organization","@id":"https:\/\/www.legendyuvas.cz\/#organization","name":"Bontex2 s.r.o.","url":"https:\/\/www.legendyuvas.cz\/","logo":{"@type":"ImageObject","inLanguage":"pl-PL","@id":"https:\/\/www.legendyuvas.cz\/#\/schema\/logo\/image\/","url":"https:\/\/www.legendyuvas.cz\/wp-content\/uploads\/2021\/03\/Legendy-u-Vas.jpg","contentUrl":"https:\/\/www.legendyuvas.cz\/wp-content\/uploads\/2021\/03\/Legendy-u-Vas.jpg","width":400,"height":240,"caption":"Bontex2 s.r.o."},"image":{"@id":"https:\/\/www.legendyuvas.cz\/#\/schema\/logo\/image\/"},"sameAs":["https:\/\/www.facebook.com\/autolegendyuvas","https:\/\/www.facebook.com\/motolegendyuvas","https:\/\/www.instagram.com\/autolegendyuvas\/","https:\/\/www.instagram.com\/motolegendyuvas\/"]}]}},"_links":{"self":[{"href":"https:\/\/www.legendyuvas.cz\/pl\/wp-json\/wp\/v2\/product\/40238","targetHints":{"allow":["GET"]}}],"collection":[{"href":"https:\/\/www.legendyuvas.cz\/pl\/wp-json\/wp\/v2\/product"}],"about":[{"href":"https:\/\/www.legendyuvas.cz\/pl\/wp-json\/wp\/v2\/types\/product"}],"replies":[{"embeddable":true,"href":"https:\/\/www.legendyuvas.cz\/pl\/wp-json\/wp\/v2\/comments?post=40238"}],"version-history":[{"count":0,"href":"https:\/\/www.legendyuvas.cz\/pl\/wp-json\/wp\/v2\/product\/40238\/revisions"}],"wp:featuredmedia":[{"embeddable":true,"href":"https:\/\/www.legendyuvas.cz\/pl\/wp-json\/wp\/v2\/media\/41765"}],"wp:attachment":[{"href":"https:\/\/www.legendyuvas.cz\/pl\/wp-json\/wp\/v2\/media?parent=40238"}],"wp:term":[{"taxonomy":"product_brand","embeddable":true,"href":"https:\/\/www.legendyuvas.cz\/pl\/wp-json\/wp\/v2\/product_brand?post=40238"},{"taxonomy":"product_cat","embeddable":true,"href":"https:\/\/www.legendyuvas.cz\/pl\/wp-json\/wp\/v2\/product_cat?post=40238"},{"taxonomy":"product_tag","embeddable":true,"href":"https:\/\/www.legendyuvas.cz\/pl\/wp-json\/wp\/v2\/product_tag?post=40238"}],"curies":[{"name":"wp","href":"https:\/\/api.w.org\/{rel}","templated":true}]}}