{"id":67534,"date":"2025-11-26T10:44:02","date_gmt":"2025-11-26T10:44:02","guid":{"rendered":"https:\/\/www.legendyuvas.cz\/?post_type=product&#038;p=67534"},"modified":"2026-03-02T14:15:32","modified_gmt":"2026-03-02T14:15:32","slug":"porsche-718-cayman-s-at-kopirovat-2","status":"publish","type":"product","link":"https:\/\/www.legendyuvas.cz\/pl\/produkt\/porsche-718-cayman-s-at-kopirovat-2\/","title":{"rendered":"Porsche 718 Cayman S (AT) (Kop\u00edrovat)"},"content":{"rendered":"<h1><strong>\u017b\u00f3\u0142ty pocisk od Porsche<\/strong><\/h1>\n<p>Porsche 718 Cayman S &#8211; uosobienie najwy\u017cszej sportowej jazdy i czystej <strong>adrenaliny.<\/strong> Samoch\u00f3d ten nap\u0119dzany jest <strong>2,5-litrowym<\/strong> czterocylindrowym silnikiem z <strong>turbo do\u0142adowaniem<\/strong>, kt\u00f3ry dostarcza imponuj\u0105ce <strong>350 koni mechanicznych<\/strong>.<strong>Silnik ten umo\u017cliwia przyspieszenie od 0 do 100 km\/h w niewiarygodne 4,4 sekundy. Po\u0142\u0105czenie silnika i automatycznej skrzyni bieg\u00f3w PDK z podw\u00f3jnym sprz\u0119g\u0142em zapewniaj\u0105cym b\u0142yskawiczn\u0105 zmian\u0119 bieg\u00f3w, pozwala do\u015bwiadczy\u0107 nieskazitelnych osi\u0105g\u00f3w na ka\u017cdym metrze toru wy\u015bcigowego. Niezale\u017cnie od tego, czy jedziesz po prostych, czy pokonujesz trudne zakr\u0119ty, Porsche 718 Cayman S utrzyma Ci\u0119 w ryzach dzi\u0119ki precyzyjnemu uk\u0142adowi kierowniczemu i doskona\u0142emu wywa\u017ceniu.<\/strong><\/p>\n<p><img fetchpriority=\"high\" decoding=\"async\" class=\"aligncenter wp-image-11861 size-full\" src=\"https:\/\/www.legendyuvas.cz\/wp-content\/uploads\/2024\/10\/IMG_3130-scaled.jpg\" alt=\"\" width=\"2560\" height=\"1707\" srcset=\"https:\/\/www.legendyuvas.cz\/wp-content\/uploads\/2024\/10\/IMG_3130-scaled.jpg 2560w, https:\/\/www.legendyuvas.cz\/wp-content\/uploads\/2024\/10\/IMG_3130-300x200.jpg 300w, https:\/\/www.legendyuvas.cz\/wp-content\/uploads\/2024\/10\/IMG_3130-1024x683.jpg 1024w, https:\/\/www.legendyuvas.cz\/wp-content\/uploads\/2024\/10\/IMG_3130-768x512.jpg 768w, https:\/\/www.legendyuvas.cz\/wp-content\/uploads\/2024\/10\/IMG_3130-1536x1024.jpg 1536w, https:\/\/www.legendyuvas.cz\/wp-content\/uploads\/2024\/10\/IMG_3130-2048x1365.jpg 2048w, https:\/\/www.legendyuvas.cz\/wp-content\/uploads\/2024\/10\/IMG_3130-600x400.jpg 600w\" sizes=\"(max-width: 2560px) 100vw, 2560px\" \/><\/p>\n<p>Czekaj\u0105 na Ciebie niezapomniane wra\u017cenia &#8211; niezale\u017cnie od tego, czy sam zasi\u0105dziesz za kierownic\u0105 i <strong>zapanujesz<\/strong> nad t\u0105 maszyn\u0105, czy usi\u0105dziesz wygodnie na fotelu pasa\u017cera i pozwolisz naszemu <strong>do\u015bwiadczonemu instruktorowi<\/strong> odby\u0107 przeja\u017cd\u017ck\u0119. Porsche 718 Cayman S jest wyposa\u017cone we wszystkie nowoczesne technologie, kt\u00f3re zapewniaj\u0105 nie tylko maksymalne bezpiecze\u0144stwo, ale tak\u017ce komfort. <strong>W pe\u0142ni wyposa\u017cony<\/strong>, znajdziesz wszystko, czego potrzebujesz, aby w pe\u0142ni cieszy\u0107 si\u0119 jazd\u0105. Tor wy\u015bcigowy stanie przed Tob\u0105 otworem, a Ty poczujesz, \u017ce sta\u0142e\u015b si\u0119 cz\u0119\u015bci\u0105 \u015bwiata <strong>profesjonalnych<\/strong> kierowc\u00f3w.<\/p>\n<p><img decoding=\"async\" class=\"aligncenter wp-image-11862 size-full\" src=\"https:\/\/www.legendyuvas.cz\/wp-content\/uploads\/2024\/10\/IMG_3147-scaled.jpg\" alt=\"\" width=\"2560\" height=\"1707\" srcset=\"https:\/\/www.legendyuvas.cz\/wp-content\/uploads\/2024\/10\/IMG_3147-scaled.jpg 2560w, https:\/\/www.legendyuvas.cz\/wp-content\/uploads\/2024\/10\/IMG_3147-300x200.jpg 300w, https:\/\/www.legendyuvas.cz\/wp-content\/uploads\/2024\/10\/IMG_3147-1024x683.jpg 1024w, https:\/\/www.legendyuvas.cz\/wp-content\/uploads\/2024\/10\/IMG_3147-768x512.jpg 768w, https:\/\/www.legendyuvas.cz\/wp-content\/uploads\/2024\/10\/IMG_3147-1536x1024.jpg 1536w, https:\/\/www.legendyuvas.cz\/wp-content\/uploads\/2024\/10\/IMG_3147-2048x1365.jpg 2048w, https:\/\/www.legendyuvas.cz\/wp-content\/uploads\/2024\/10\/IMG_3147-600x400.jpg 600w\" sizes=\"(max-width: 2560px) 100vw, 2560px\" \/><\/p>\n<p>Porsche 718 Cayman S \u0142\u0105czy w sobie <strong>najwy\u017csze osi\u0105gi, <\/strong>luksusowe wyposa\u017cenie i precyzyjn\u0105 in\u017cynieri\u0119, dzi\u0119ki czemu jest idealnym wyborem dla ka\u017cdego <strong>entuzjasty sportowej jazdy.<\/strong> Z pr\u0119dko\u015bci\u0105 maksymaln\u0105 ponad 285 km\/h i technologi\u0105, kt\u00f3ra pozwala kontrolowa\u0107 samoch\u00f3d z niesamowit\u0105 precyzj\u0105, ten model jest gotowy, aby zapewni\u0107 Ci do\u015bwiadczenie, kt\u00f3rego <strong>nigdy nie zapomnisz.<\/strong> Przyjd\u017a i przekonaj si\u0119, co to znaczy prowadzi\u0107 Porsche i do\u015bwiadczy\u0107 pr\u0119dko\u015bci i emocji na torze wy\u015bcigowym, jak nigdy dot\u0105d!<\/p>\n","protected":false},"excerpt":{"rendered":"<p>Wszystkie nasze samochody <strong>mo\u017cesz prowadzi\u0107<\/strong> lub wybra\u0107 jazd\u0119 jako pilot z kierowc\u0105 wy\u015bcigowym.<\/p>\n","protected":false},"featured_media":67748,"comment_status":"open","ping_status":"closed","template":"","meta":[],"product_brand":[],"product_cat":[452],"product_tag":[],"class_list":{"0":"post-67534","1":"product","2":"type-product","3":"status-publish","4":"has-post-thumbnail","6":"product_cat-auta","8":"first","9":"instock","10":"shipping-taxable","11":"purchasable","12":"product-type-variable"},"yoast_head":"<!-- This site is optimized with the Yoast SEO plugin v24.8.1 - https:\/\/yoast.com\/wordpress\/plugins\/seo\/ -->\n<title>Porsche 718 Cayman S (AT) (Kop\u00edrovat) - Legendy U V\u00e1s<\/title>\n<meta name=\"description\" content=\"Do\u015bwiadczenie adrenaliny z Legends U V\u00e1s - oryginalny prezent nie tylko dla m\u0119\u017cczyzn i entuzjast\u00f3w motoryzacji. Jazda sportowymi samochodami (Ferrari, Lamborghini, Porsche, ...) na torze wy\u015bcigowym i w dzielnicy.\" \/>\n<meta name=\"robots\" content=\"index, follow, max-snippet:-1, max-image-preview:large, max-video-preview:-1\" \/>\n<link rel=\"canonical\" href=\"https:\/\/www.legendyuvas.cz\/pl\/produkt\/porsche-718-cayman-s-at-kopirovat-2\/\" \/>\n<meta property=\"og:locale\" content=\"pl_PL\" \/>\n<meta property=\"og:type\" content=\"article\" \/>\n<meta property=\"og:title\" content=\"Porsche 718 Cayman S (AT) (Kop\u00edrovat) - Legendy U V\u00e1s\" \/>\n<meta property=\"og:description\" content=\"Do\u015bwiadczenie adrenaliny z Legends U V\u00e1s - oryginalny prezent nie tylko dla m\u0119\u017cczyzn i entuzjast\u00f3w motoryzacji. Jazda sportowymi samochodami (Ferrari, Lamborghini, Porsche, ...) na torze wy\u015bcigowym i w dzielnicy.\" \/>\n<meta property=\"og:url\" content=\"https:\/\/www.legendyuvas.cz\/pl\/produkt\/porsche-718-cayman-s-at-kopirovat-2\/\" \/>\n<meta property=\"og:site_name\" content=\"Legendy U V\u00e1s\" \/>\n<meta property=\"article:publisher\" content=\"https:\/\/www.facebook.com\/autolegendyuvas\" \/>\n<meta property=\"article:modified_time\" content=\"2026-03-02T14:15:32+00:00\" \/>\n<meta property=\"og:image\" content=\"https:\/\/www.legendyuvas.cz\/wp-content\/uploads\/2026\/03\/1.jpg\" \/>\n\t<meta property=\"og:image:width\" content=\"1920\" \/>\n\t<meta property=\"og:image:height\" content=\"1080\" \/>\n\t<meta property=\"og:image:type\" content=\"image\/jpeg\" \/>\n<meta name=\"twitter:card\" content=\"summary_large_image\" \/>\n<meta name=\"twitter:label1\" content=\"Szacowany czas czytania\" \/>\n\t<meta name=\"twitter:data1\" content=\"2 minuty\" \/>\n<script type=\"application\/ld+json\" class=\"yoast-schema-graph\">{\"@context\":\"https:\/\/schema.org\",\"@graph\":[{\"@type\":\"WebPage\",\"@id\":\"https:\/\/www.legendyuvas.cz\/pl\/produkt\/porsche-718-cayman-s-at-kopirovat-2\/\",\"url\":\"https:\/\/www.legendyuvas.cz\/pl\/produkt\/porsche-718-cayman-s-at-kopirovat-2\/\",\"name\":\"Porsche 718 Cayman S (AT) (Kop\u00edrovat) - Legendy U V\u00e1s\",\"isPartOf\":{\"@id\":\"https:\/\/www.legendyuvas.cz\/#website\"},\"primaryImageOfPage\":{\"@id\":\"https:\/\/www.legendyuvas.cz\/pl\/produkt\/porsche-718-cayman-s-at-kopirovat-2\/#primaryimage\"},\"image\":{\"@id\":\"https:\/\/www.legendyuvas.cz\/pl\/produkt\/porsche-718-cayman-s-at-kopirovat-2\/#primaryimage\"},\"thumbnailUrl\":\"https:\/\/www.legendyuvas.cz\/wp-content\/uploads\/2026\/03\/1.jpg\",\"datePublished\":\"2025-11-26T10:44:02+00:00\",\"dateModified\":\"2026-03-02T14:15:32+00:00\",\"description\":\"Do\u015bwiadczenie adrenaliny z Legends U V\u00e1s - oryginalny prezent nie tylko dla m\u0119\u017cczyzn i entuzjast\u00f3w motoryzacji. Jazda sportowymi samochodami (Ferrari, Lamborghini, Porsche, ...) na torze wy\u015bcigowym i w dzielnicy.\",\"breadcrumb\":{\"@id\":\"https:\/\/www.legendyuvas.cz\/pl\/produkt\/porsche-718-cayman-s-at-kopirovat-2\/#breadcrumb\"},\"inLanguage\":\"pl-PL\",\"potentialAction\":[{\"@type\":\"ReadAction\",\"target\":[\"https:\/\/www.legendyuvas.cz\/pl\/produkt\/porsche-718-cayman-s-at-kopirovat-2\/\"]}]},{\"@type\":\"ImageObject\",\"inLanguage\":\"pl-PL\",\"@id\":\"https:\/\/www.legendyuvas.cz\/pl\/produkt\/porsche-718-cayman-s-at-kopirovat-2\/#primaryimage\",\"url\":\"https:\/\/www.legendyuvas.cz\/wp-content\/uploads\/2026\/03\/1.jpg\",\"contentUrl\":\"https:\/\/www.legendyuvas.cz\/wp-content\/uploads\/2026\/03\/1.jpg\",\"width\":1920,\"height\":1080},{\"@type\":\"BreadcrumbList\",\"@id\":\"https:\/\/www.legendyuvas.cz\/pl\/produkt\/porsche-718-cayman-s-at-kopirovat-2\/#breadcrumb\",\"itemListElement\":[{\"@type\":\"ListItem\",\"position\":1,\"name\":\"Dom\u016f\",\"item\":\"https:\/\/www.legendyuvas.cz\/\"},{\"@type\":\"ListItem\",\"position\":2,\"name\":\"Sklep\",\"item\":\"https:\/\/www.legendyuvas.cz\/pl\/sklep\/\"},{\"@type\":\"ListItem\",\"position\":3,\"name\":\"Porsche 718 Cayman S (AT) (Kop\u00edrovat)\"}]},{\"@type\":\"WebSite\",\"@id\":\"https:\/\/www.legendyuvas.cz\/#website\",\"url\":\"https:\/\/www.legendyuvas.cz\/\",\"name\":\"Legendy U V\u00e1s\",\"description\":\"Dechberouc\u00ed z\u00e1\u017eitky v autech a motork\u00e1ch\",\"publisher\":{\"@id\":\"https:\/\/www.legendyuvas.cz\/#organization\"},\"potentialAction\":[{\"@type\":\"SearchAction\",\"target\":{\"@type\":\"EntryPoint\",\"urlTemplate\":\"https:\/\/www.legendyuvas.cz\/?s={search_term_string}\"},\"query-input\":{\"@type\":\"PropertyValueSpecification\",\"valueRequired\":true,\"valueName\":\"search_term_string\"}}],\"inLanguage\":\"pl-PL\"},{\"@type\":\"Organization\",\"@id\":\"https:\/\/www.legendyuvas.cz\/#organization\",\"name\":\"Bontex2 s.r.o.\",\"url\":\"https:\/\/www.legendyuvas.cz\/\",\"logo\":{\"@type\":\"ImageObject\",\"inLanguage\":\"pl-PL\",\"@id\":\"https:\/\/www.legendyuvas.cz\/#\/schema\/logo\/image\/\",\"url\":\"https:\/\/www.legendyuvas.cz\/wp-content\/uploads\/2021\/03\/Legendy-u-Vas.jpg\",\"contentUrl\":\"https:\/\/www.legendyuvas.cz\/wp-content\/uploads\/2021\/03\/Legendy-u-Vas.jpg\",\"width\":400,\"height\":240,\"caption\":\"Bontex2 s.r.o.\"},\"image\":{\"@id\":\"https:\/\/www.legendyuvas.cz\/#\/schema\/logo\/image\/\"},\"sameAs\":[\"https:\/\/www.facebook.com\/autolegendyuvas\",\"https:\/\/www.facebook.com\/motolegendyuvas\",\"https:\/\/www.instagram.com\/autolegendyuvas\/\",\"https:\/\/www.instagram.com\/motolegendyuvas\/\"]}]}<\/script>\n<!-- \/ Yoast SEO plugin. -->","yoast_head_json":{"title":"Porsche 718 Cayman S (AT) (Kop\u00edrovat) - Legendy U V\u00e1s","description":"Do\u015bwiadczenie adrenaliny z Legends U V\u00e1s - oryginalny prezent nie tylko dla m\u0119\u017cczyzn i entuzjast\u00f3w motoryzacji. Jazda sportowymi samochodami (Ferrari, Lamborghini, Porsche, ...) na torze wy\u015bcigowym i w dzielnicy.","robots":{"index":"index","follow":"follow","max-snippet":"max-snippet:-1","max-image-preview":"max-image-preview:large","max-video-preview":"max-video-preview:-1"},"canonical":"https:\/\/www.legendyuvas.cz\/pl\/produkt\/porsche-718-cayman-s-at-kopirovat-2\/","og_locale":"pl_PL","og_type":"article","og_title":"Porsche 718 Cayman S (AT) (Kop\u00edrovat) - Legendy U V\u00e1s","og_description":"Do\u015bwiadczenie adrenaliny z Legends U V\u00e1s - oryginalny prezent nie tylko dla m\u0119\u017cczyzn i entuzjast\u00f3w motoryzacji. Jazda sportowymi samochodami (Ferrari, Lamborghini, Porsche, ...) na torze wy\u015bcigowym i w dzielnicy.","og_url":"https:\/\/www.legendyuvas.cz\/pl\/produkt\/porsche-718-cayman-s-at-kopirovat-2\/","og_site_name":"Legendy U V\u00e1s","article_publisher":"https:\/\/www.facebook.com\/autolegendyuvas","article_modified_time":"2026-03-02T14:15:32+00:00","og_image":[{"width":1920,"height":1080,"url":"https:\/\/www.legendyuvas.cz\/wp-content\/uploads\/2026\/03\/1.jpg","type":"image\/jpeg"}],"twitter_card":"summary_large_image","twitter_misc":{"Szacowany czas czytania":"2 minuty"},"schema":{"@context":"https:\/\/schema.org","@graph":[{"@type":"WebPage","@id":"https:\/\/www.legendyuvas.cz\/pl\/produkt\/porsche-718-cayman-s-at-kopirovat-2\/","url":"https:\/\/www.legendyuvas.cz\/pl\/produkt\/porsche-718-cayman-s-at-kopirovat-2\/","name":"Porsche 718 Cayman S (AT) (Kop\u00edrovat) - Legendy U V\u00e1s","isPartOf":{"@id":"https:\/\/www.legendyuvas.cz\/#website"},"primaryImageOfPage":{"@id":"https:\/\/www.legendyuvas.cz\/pl\/produkt\/porsche-718-cayman-s-at-kopirovat-2\/#primaryimage"},"image":{"@id":"https:\/\/www.legendyuvas.cz\/pl\/produkt\/porsche-718-cayman-s-at-kopirovat-2\/#primaryimage"},"thumbnailUrl":"https:\/\/www.legendyuvas.cz\/wp-content\/uploads\/2026\/03\/1.jpg","datePublished":"2025-11-26T10:44:02+00:00","dateModified":"2026-03-02T14:15:32+00:00","description":"Do\u015bwiadczenie adrenaliny z Legends U V\u00e1s - oryginalny prezent nie tylko dla m\u0119\u017cczyzn i entuzjast\u00f3w motoryzacji. Jazda sportowymi samochodami (Ferrari, Lamborghini, Porsche, ...) na torze wy\u015bcigowym i w dzielnicy.","breadcrumb":{"@id":"https:\/\/www.legendyuvas.cz\/pl\/produkt\/porsche-718-cayman-s-at-kopirovat-2\/#breadcrumb"},"inLanguage":"pl-PL","potentialAction":[{"@type":"ReadAction","target":["https:\/\/www.legendyuvas.cz\/pl\/produkt\/porsche-718-cayman-s-at-kopirovat-2\/"]}]},{"@type":"ImageObject","inLanguage":"pl-PL","@id":"https:\/\/www.legendyuvas.cz\/pl\/produkt\/porsche-718-cayman-s-at-kopirovat-2\/#primaryimage","url":"https:\/\/www.legendyuvas.cz\/wp-content\/uploads\/2026\/03\/1.jpg","contentUrl":"https:\/\/www.legendyuvas.cz\/wp-content\/uploads\/2026\/03\/1.jpg","width":1920,"height":1080},{"@type":"BreadcrumbList","@id":"https:\/\/www.legendyuvas.cz\/pl\/produkt\/porsche-718-cayman-s-at-kopirovat-2\/#breadcrumb","itemListElement":[{"@type":"ListItem","position":1,"name":"Dom\u016f","item":"https:\/\/www.legendyuvas.cz\/"},{"@type":"ListItem","position":2,"name":"Sklep","item":"https:\/\/www.legendyuvas.cz\/pl\/sklep\/"},{"@type":"ListItem","position":3,"name":"Porsche 718 Cayman S (AT) (Kop\u00edrovat)"}]},{"@type":"WebSite","@id":"https:\/\/www.legendyuvas.cz\/#website","url":"https:\/\/www.legendyuvas.cz\/","name":"Legendy U V\u00e1s","description":"Dechberouc\u00ed z\u00e1\u017eitky v autech a motork\u00e1ch","publisher":{"@id":"https:\/\/www.legendyuvas.cz\/#organization"},"potentialAction":[{"@type":"SearchAction","target":{"@type":"EntryPoint","urlTemplate":"https:\/\/www.legendyuvas.cz\/?s={search_term_string}"},"query-input":{"@type":"PropertyValueSpecification","valueRequired":true,"valueName":"search_term_string"}}],"inLanguage":"pl-PL"},{"@type":"Organization","@id":"https:\/\/www.legendyuvas.cz\/#organization","name":"Bontex2 s.r.o.","url":"https:\/\/www.legendyuvas.cz\/","logo":{"@type":"ImageObject","inLanguage":"pl-PL","@id":"https:\/\/www.legendyuvas.cz\/#\/schema\/logo\/image\/","url":"https:\/\/www.legendyuvas.cz\/wp-content\/uploads\/2021\/03\/Legendy-u-Vas.jpg","contentUrl":"https:\/\/www.legendyuvas.cz\/wp-content\/uploads\/2021\/03\/Legendy-u-Vas.jpg","width":400,"height":240,"caption":"Bontex2 s.r.o."},"image":{"@id":"https:\/\/www.legendyuvas.cz\/#\/schema\/logo\/image\/"},"sameAs":["https:\/\/www.facebook.com\/autolegendyuvas","https:\/\/www.facebook.com\/motolegendyuvas","https:\/\/www.instagram.com\/autolegendyuvas\/","https:\/\/www.instagram.com\/motolegendyuvas\/"]}]}},"_links":{"self":[{"href":"https:\/\/www.legendyuvas.cz\/pl\/wp-json\/wp\/v2\/product\/67534","targetHints":{"allow":["GET"]}}],"collection":[{"href":"https:\/\/www.legendyuvas.cz\/pl\/wp-json\/wp\/v2\/product"}],"about":[{"href":"https:\/\/www.legendyuvas.cz\/pl\/wp-json\/wp\/v2\/types\/product"}],"replies":[{"embeddable":true,"href":"https:\/\/www.legendyuvas.cz\/pl\/wp-json\/wp\/v2\/comments?post=67534"}],"version-history":[{"count":1,"href":"https:\/\/www.legendyuvas.cz\/pl\/wp-json\/wp\/v2\/product\/67534\/revisions"}],"predecessor-version":[{"id":68295,"href":"https:\/\/www.legendyuvas.cz\/pl\/wp-json\/wp\/v2\/product\/67534\/revisions\/68295"}],"wp:featuredmedia":[{"embeddable":true,"href":"https:\/\/www.legendyuvas.cz\/pl\/wp-json\/wp\/v2\/media\/67748"}],"wp:attachment":[{"href":"https:\/\/www.legendyuvas.cz\/pl\/wp-json\/wp\/v2\/media?parent=67534"}],"wp:term":[{"taxonomy":"product_brand","embeddable":true,"href":"https:\/\/www.legendyuvas.cz\/pl\/wp-json\/wp\/v2\/product_brand?post=67534"},{"taxonomy":"product_cat","embeddable":true,"href":"https:\/\/www.legendyuvas.cz\/pl\/wp-json\/wp\/v2\/product_cat?post=67534"},{"taxonomy":"product_tag","embeddable":true,"href":"https:\/\/www.legendyuvas.cz\/pl\/wp-json\/wp\/v2\/product_tag?post=67534"}],"curies":[{"name":"wp","href":"https:\/\/api.w.org\/{rel}","templated":true}]}}