{"id":32534,"date":"2025-01-15T12:52:13","date_gmt":"2025-01-15T12:52:13","guid":{"rendered":"https:\/\/www.legendyuvas.cz\/vseobecne-podmienky-registracie-na-trackdays\/"},"modified":"2025-11-09T13:25:38","modified_gmt":"2025-11-09T13:25:38","slug":"vseobecne-podmienky-registracie-na-trackdays","status":"publish","type":"page","link":"https:\/\/www.legendyuvas.cz\/sk\/vseobecne-podmienky-registracie-na-trackdays\/","title":{"rendered":"V\u0161eobecn\u00e9 podmienky registr\u00e1cie na trackdays"},"content":{"rendered":"\t\t<div data-elementor-type=\"wp-page\" data-elementor-id=\"32534\" class=\"elementor elementor-32534 elementor-15180\" data-elementor-post-type=\"page\">\n\t\t\t\t\t\t<section class=\"elementor-section elementor-top-section elementor-element elementor-element-1d333d1f elementor-section-boxed elementor-section-height-default elementor-section-height-default\" data-id=\"1d333d1f\" data-element_type=\"section\">\n\t\t\t\t\t\t<div class=\"elementor-container elementor-column-gap-default\">\n\t\t\t\t\t<div class=\"elementor-column elementor-col-100 elementor-top-column elementor-element elementor-element-2270f0df\" data-id=\"2270f0df\" data-element_type=\"column\">\n\t\t\t<div class=\"elementor-widget-wrap elementor-element-populated\">\n\t\t\t\t\t\t<div class=\"elementor-element elementor-element-4e6de45c elementor-widget elementor-widget-text-editor\" data-id=\"4e6de45c\" data-element_type=\"widget\" data-widget_type=\"text-editor.default\">\n\t\t\t\t<div class=\"elementor-widget-container\">\n\t\t\t\t\t\t\t\t\t<span style=\"font-family: Segoe UI, serif;\"><b>V\u0161eobecn\u00e9 podmienky registr\u00e1cie na TRACKDAYS<\/b><\/span><br><br><span style=\"font-family: Segoe UI, serif;\"><b>1. Registra\u010dn\u00e9 a technick\u00e9 podmienky vozidiel<\/b><\/span><br><br><span style=\"font-family: Segoe UI, serif;\">1.1 Ka\u017ed\u00e9 vozidlo prihl\u00e1sen\u00e9 na \u00fa\u010das\u0165 na trackdays mus\u00ed ma\u0165 platn\u00fa technick\u00fa kontrolu (STK) a eviden\u010dn\u00e9 \u010d\u00edsla (\u0160PZ).<\/span><br><br><span style=\"font-family: Segoe UI, serif;\"><b>2. Hlukov\u00e9 limity<\/b><\/span><br><br><span style=\"font-family: Segoe UI, serif;\">2.1 V\u0161etky vozidl\u00e1 musia sp\u013a\u0148a\u0165 nasleduj\u00face limity hluku pod\u013ea miesta:<\/span><br><ul>\r\n \t<li>\r\n<pre><span style=\"font-family: Segoe UI, serif;\">Autodrom Most: 102+2 dB pri 4 500 ot\u00e1\u010dkach za min\u00fatu alebo 3\/4 maxim\u00e1lnej r\u00fdchlosti, meran\u00e9 1 meter za koncom v\u00fdfuku.<\/span><\/pre>\r\n<\/li>\r\n \t<li>\r\n<pre>Automotodrom Brno: 107 dB.<\/pre>\r\n<\/li>\r\n \t<li>\r\n<pre><span style=\"font-family: Segoe UI, serif;\">Autodrom Sosnov\u00e1: 96 dB.<\/span><\/pre>\r\n<\/li>\r\n \t<li>\r\n<pre><span style=\"font-family: Segoe UI, serif;\">Polyg\u00f3n Hradec Kr\u00e1lov\u00e9: 95 dB.<\/span><\/pre>\r\n<\/li>\r\n \t<li>\r\n<pre><span style=\"font-family: Segoe UI, serif;\">Slovakiaring: 102 dB.<\/span><\/pre>\r\n<\/li>\r\n<\/ul><br><span style=\"font-family: Segoe UI, serif;\"><b>3. Povinn\u00e1 v\u00fdbava vozidla<\/b><\/span><br><br><span style=\"font-family: Segoe UI, serif;\">3.1 Ka\u017ed\u00e9 vozidlo mus\u00ed by\u0165 vybaven\u00e9 \u0165a\u017en\u00fdm okom. Odpor\u00fa\u010da sa, aby bolo \u0165a\u017en\u00e9 oko vopred namontovan\u00e9 v pr\u00edpade, \u017ee sa vy\u017eaduje \u0165ahanie.<\/span><br><br>&nbsp;<br><br><span style=\"font-family: Segoe UI, serif;\"><b>4. Pravidl\u00e1 na trati<\/b><\/span><br><br><span style=\"font-family: Segoe UI, serif;\">4.1 Pri vjazde na tra\u0165 je potrebn\u00e9 dodr\u017eiava\u0165 koridor vymedzen\u00fd dvoma bielymi \u010diarami (plat\u00ed pre Autodrom Most, Automotodrom Brno a Slovakiaring).<\/span><br><br><span style=\"font-family: Segoe UI, serif;\">4.2 Maxim\u00e1lna povolen\u00e1 r\u00fdchlos\u0165 v pitlane je 60 km\/h.<\/span><br><br><a name=\"_GoBack\"><\/a> <span style=\"font-family: Segoe UI, serif;\">4.3 Pou\u017e\u00edvanie ochrannej prilby je povinn\u00e9 pre vodi\u010dov vozidiel bez pevnej strechy alebo vozidiel vybaven\u00fdch bezpe\u010dnostn\u00fdm r\u00e1mom.<\/span><br><br>&nbsp;<br><br><span style=\"font-family: Segoe UI, serif;\"><b>5. Pravidl\u00e1 predbiehania na trati<\/b><\/span><br><br><span style=\"font-family: Segoe UI, serif;\">5.1 R\u00fdchlej\u0161ie vozidlo:<\/span><br><ul>\r\n \t<li><span style=\"font-family: Segoe UI, serif;\">Pri predbiehan\u00ed db\u00e1 na zv\u00fd\u0161en\u00fa opatrnos\u0165, ktor\u00fa vykon\u00e1va len za bezpe\u010dn\u00fdch podmienok bez zbyto\u010dn\u00e9ho rizika.<\/span><\/li>\r\n \t<li><span style=\"font-family: Segoe UI, serif;\">Jazda by mala by\u0165 defenz\u00edvna a vodi\u010d mus\u00ed neust\u00e1le sledova\u0165 spr\u00e1vanie predbiehan\u00e9ho vozidla.<\/span><\/li>\r\n<\/ul><br>&nbsp;<br><br><span style=\"font-family: Segoe UI, serif;\">5.2 Pomal\u0161ie vozidlo:<\/span><br><ul>\r\n \t<li><span style=\"font-family: Segoe UI, serif;\">Ke\u010f to situ\u00e1cia dovo\u013euje, mus\u00ed sa presun\u00fa\u0165 doprava a prav\u00fdm smerov\u00fdm svetlom signalizova\u0165 predbiehanie.<\/span><\/li>\r\n \t<li><span style=\"font-family: Segoe UI, serif;\">M\u00f4\u017ee mierne spomali\u0165, ale nesmie n\u00e1hle zabrzdi\u0165 alebo neo\u010dak\u00e1vane zmeni\u0165 r\u00fdchlos\u0165.<\/span><\/li>\r\n \t<li><span style=\"font-family: Segoe UI, serif;\">Pravidelne kontroluje situ\u00e1ciu v sp\u00e4tn\u00fdch zrkadl\u00e1ch.<\/span><\/li>\r\n<\/ul><br>&nbsp;<br><br><span style=\"font-family: Segoe UI, serif;\"><b>6. Signaliz\u00e1cia vlajkou<\/b><\/span><br><br><span style=\"font-family: Segoe UI, serif;\">6.1 Komunik\u00e1cia po\u010das jazdy na trati sa uskuto\u010d\u0148uje v\u00fdlu\u010dne vlajkovou signaliz\u00e1ciou. Jazdci s\u00fa povinn\u00ed venova\u0165 vlajk\u00e1m maxim\u00e1lnu pozornos\u0165:<\/span><br><ul>\r\n \t<li style=\"list-style-type: none;\">\r\n<ul>\r\n \t<li><span style=\"font-family: Segoe UI, serif;\"><b>\u017dlt\u00e1 vlajka:<\/b><\/span><span style=\"font-family: Segoe UI, serif;\"> signalizuje nebezpe\u010denstvo na trati. Vodi\u010d mus\u00ed spomali\u0165 a by\u0165 pripraven\u00fd zastavi\u0165. Predbiehanie je zak\u00e1zan\u00e9.<\/span><\/li><br><\/ul><br><\/li><br><\/ul><br><ul>\r\n \t<li style=\"list-style-type: none;\">\r\n<ul>\r\n \t<li><span style=\"font-family: Segoe UI, serif;\"><b>Modr\u00e1 vlajka:<\/b><\/span><span style=\"font-family: Segoe UI, serif;\"> upozor\u0148uje na r\u00fdchlej\u0161ie vozidlo, ktor\u00e9 sa bl\u00ed\u017ei a pravdepodobne bude predbieha\u0165.<\/span><\/li><br><\/ul><br><\/li><br><\/ul><br><ul>\r\n \t<li style=\"list-style-type: none;\">\r\n<ul>\r\n \t<li><span style=\"font-family: Segoe UI, serif;\"><b>\u017dlt\u00e1 vlajka s \u010derven\u00fdmi pruhmi:<\/b><\/span><span style=\"font-family: Segoe UI, serif;\"> Upozor\u0148uje na po\u0161kodenie povrchu trate (olej, voda, ne\u010distoty).<\/span><\/li><br><\/ul><br><\/li><br><\/ul><br><ul>\r\n \t<li style=\"list-style-type: none;\">\r\n<ul>\r\n \t<li><span style=\"font-family: Segoe UI, serif;\"><b>\u010cerven\u00e1 vlajka:<\/b><\/span><span style=\"font-family: Segoe UI, serif;\"> Ozna\u010duje preru\u0161enie jazdy. Jazdec mus\u00ed spomali\u0165 a vr\u00e1ti\u0165 sa do boxov. Predbiehanie je zak\u00e1zan\u00e9.<\/span><\/li><br><\/ul><br><\/li><br><\/ul><br><ul>\r\n \t<li style=\"list-style-type: none;\">\r\n<ul>\r\n \t<li><span style=\"font-family: Segoe UI, serif;\"><b>Zelen\u00e1 vlajka:<\/b><\/span><span style=\"font-family: Segoe UI, serif;\"> Signalizuje obnovenie bezpe\u010dnej situ\u00e1cie a mo\u017enos\u0165 predbiehania.<\/span><\/li><br><\/ul><br><\/li><br><\/ul><br><ul>\r\n \t<li style=\"list-style-type: none;\">\r\n<ul>\r\n \t<li><span style=\"font-family: Segoe UI, serif;\"><b>\u010cierna vlajka:<\/b><\/span><span style=\"font-family: Segoe UI, serif;\"> Ozna\u010duje probl\u00e9m (nebezpe\u010dn\u00fd sp\u00f4sob jazdy alebo technick\u00fa poruchu na vozidle). Jazdec mus\u00ed okam\u017eite zajazdi\u0165 do boxovej uli\u010dky a kontaktova\u0165 organiz\u00e1tora.\r\n<\/span><\/li><br><\/ul><br><\/li><br><\/ul><br><span style=\"font-family: Segoe UI, serif;\"><b>7. Z\u00e1kaz driftovania<\/b><\/span><br><br><span style=\"font-family: Segoe UI, serif;\">7.1 Driftovanie je zak\u00e1zan\u00e9 na nasleduj\u00facich okruhoch.<\/span><br><br><span style=\"font-family: Segoe UI, serif;\"><b>8. S\u00fahlas s podmienkami<\/b><\/span><br><br><span style=\"font-family: Segoe UI, serif;\">8.1 Prihl\u00e1sen\u00edm sa na tra\u0165ov\u00e9 dni ka\u017ed\u00fd \u00fa\u010dastn\u00edk s\u00fahlas\u00ed s dodr\u017eiavan\u00edm vy\u0161\u0161ie uveden\u00fdch podmienok s cie\u013eom zabezpe\u010di\u0165 bezpe\u010dnos\u0165 a hladk\u00fd priebeh podujatia.<\/span><span style=\"color: #3333;\"><span style=\"font-family: Segoe UI, serif;\">\u00a0<\/span><\/span>\t\t\t\t\t\t\t\t<\/div>\n\t\t\t\t<\/div>\n\t\t\t\t\t<\/div>\n\t\t<\/div>\n\t\t\t\t\t<\/div>\n\t\t<\/section>\n\t\t\t\t<\/div>\n\t\t","protected":false},"excerpt":{"rendered":"<p>V\u0161eobecn\u00e9 podmienky registr\u00e1cie na TRACKDAYS 1. Registra\u010dn\u00e9 a technick\u00e9 podmienky vozidiel 1.1 Ka\u017ed\u00e9 vozidlo prihl\u00e1sen\u00e9 na \u00fa\u010das\u0165 na trackdays mus\u00ed ma\u0165 platn\u00fa technick\u00fa kontrolu (STK) a eviden\u010dn\u00e9 \u010d\u00edsla (\u0160PZ). 2. Hlukov\u00e9 limity 2.1 V\u0161etky vozidl\u00e1 musia sp\u013a\u0148a\u0165 nasleduj\u00face limity hluku pod\u013ea miesta: Autodrom Most: 102+2 dB pri 4 500 ot\u00e1\u010dkach za min\u00fatu alebo 3\/4 maxim\u00e1lnej [&hellip;]<\/p>\n","protected":false},"author":3,"featured_media":0,"parent":0,"menu_order":0,"comment_status":"closed","ping_status":"closed","template":"","meta":{"footnotes":""},"class_list":["post-32534","page","type-page","status-publish","hentry"],"yoast_head":"<!-- This site is optimized with the Yoast SEO plugin v24.8.1 - https:\/\/yoast.com\/wordpress\/plugins\/seo\/ -->\n<title>V\u0161eobecn\u00e9 podmienky registr\u00e1cie na trackdays - Legendy U V\u00e1s<\/title>\n<meta name=\"robots\" content=\"index, follow, max-snippet:-1, max-image-preview:large, max-video-preview:-1\" \/>\n<link rel=\"canonical\" href=\"https:\/\/www.legendyuvas.cz\/vseobecne-podminky-registrace-na-trackdays\/\" \/>\n<meta property=\"og:locale\" content=\"sk_SK\" \/>\n<meta property=\"og:type\" content=\"article\" \/>\n<meta property=\"og:title\" content=\"V\u0161eobecn\u00e9 podmienky registr\u00e1cie na trackdays - Legendy U V\u00e1s\" \/>\n<meta property=\"og:description\" content=\"V\u0161eobecn\u00e9 podmienky registr\u00e1cie na TRACKDAYS 1. Registra\u010dn\u00e9 a technick\u00e9 podmienky vozidiel 1.1 Ka\u017ed\u00e9 vozidlo prihl\u00e1sen\u00e9 na \u00fa\u010das\u0165 na trackdays mus\u00ed ma\u0165 platn\u00fa technick\u00fa kontrolu (STK) a eviden\u010dn\u00e9 \u010d\u00edsla (\u0160PZ). 2. Hlukov\u00e9 limity 2.1 V\u0161etky vozidl\u00e1 musia sp\u013a\u0148a\u0165 nasleduj\u00face limity hluku pod\u013ea miesta: Autodrom Most: 102+2 dB pri 4 500 ot\u00e1\u010dkach za min\u00fatu alebo 3\/4 maxim\u00e1lnej [&hellip;]\" \/>\n<meta property=\"og:url\" content=\"https:\/\/www.legendyuvas.cz\/vseobecne-podminky-registrace-na-trackdays\/\" \/>\n<meta property=\"og:site_name\" content=\"Legendy U V\u00e1s\" \/>\n<meta property=\"article:publisher\" content=\"https:\/\/www.facebook.com\/autolegendyuvas\" \/>\n<meta property=\"article:modified_time\" content=\"2025-11-09T13:25:38+00:00\" \/>\n<meta property=\"og:image\" content=\"https:\/\/www.legendyuvas.cz\/wp-content\/uploads\/2023\/06\/Porsche-GT3-RS-1-min.jpg\" \/>\n\t<meta property=\"og:image:width\" content=\"1024\" \/>\n\t<meta property=\"og:image:height\" content=\"630\" \/>\n\t<meta property=\"og:image:type\" content=\"image\/jpeg\" \/>\n<meta name=\"twitter:card\" content=\"summary_large_image\" \/>\n<meta name=\"twitter:label1\" content=\"Predpokladan\u00fd \u010das \u010d\u00edtania\" \/>\n\t<meta name=\"twitter:data1\" content=\"2 min\u00faty\" \/>\n<script type=\"application\/ld+json\" class=\"yoast-schema-graph\">{\"@context\":\"https:\/\/schema.org\",\"@graph\":[{\"@type\":\"WebPage\",\"@id\":\"https:\/\/www.legendyuvas.cz\/vseobecne-podminky-registrace-na-trackdays\/\",\"url\":\"https:\/\/www.legendyuvas.cz\/vseobecne-podminky-registrace-na-trackdays\/\",\"name\":\"V\u0161eobecn\u00e9 podmienky registr\u00e1cie na trackdays - Legendy U V\u00e1s\",\"isPartOf\":{\"@id\":\"https:\/\/www.legendyuvas.cz\/#website\"},\"datePublished\":\"2025-01-15T12:52:13+00:00\",\"dateModified\":\"2025-11-09T13:25:38+00:00\",\"breadcrumb\":{\"@id\":\"https:\/\/www.legendyuvas.cz\/vseobecne-podminky-registrace-na-trackdays\/#breadcrumb\"},\"inLanguage\":\"sk-SK\",\"potentialAction\":[{\"@type\":\"ReadAction\",\"target\":[\"https:\/\/www.legendyuvas.cz\/vseobecne-podminky-registrace-na-trackdays\/\"]}]},{\"@type\":\"BreadcrumbList\",\"@id\":\"https:\/\/www.legendyuvas.cz\/vseobecne-podminky-registrace-na-trackdays\/#breadcrumb\",\"itemListElement\":[{\"@type\":\"ListItem\",\"position\":1,\"name\":\"Dom\u016f\",\"item\":\"https:\/\/www.legendyuvas.cz\/\"},{\"@type\":\"ListItem\",\"position\":2,\"name\":\"V\u0161eobecn\u00e9 podmienky registr\u00e1cie na trackdays\"}]},{\"@type\":\"WebSite\",\"@id\":\"https:\/\/www.legendyuvas.cz\/#website\",\"url\":\"https:\/\/www.legendyuvas.cz\/\",\"name\":\"Legendy U V\u00e1s\",\"description\":\"Dechberouc\u00ed z\u00e1\u017eitky v autech a motork\u00e1ch\",\"publisher\":{\"@id\":\"https:\/\/www.legendyuvas.cz\/#organization\"},\"potentialAction\":[{\"@type\":\"SearchAction\",\"target\":{\"@type\":\"EntryPoint\",\"urlTemplate\":\"https:\/\/www.legendyuvas.cz\/?s={search_term_string}\"},\"query-input\":{\"@type\":\"PropertyValueSpecification\",\"valueRequired\":true,\"valueName\":\"search_term_string\"}}],\"inLanguage\":\"sk-SK\"},{\"@type\":\"Organization\",\"@id\":\"https:\/\/www.legendyuvas.cz\/#organization\",\"name\":\"Bontex2 s.r.o.\",\"url\":\"https:\/\/www.legendyuvas.cz\/\",\"logo\":{\"@type\":\"ImageObject\",\"inLanguage\":\"sk-SK\",\"@id\":\"https:\/\/www.legendyuvas.cz\/#\/schema\/logo\/image\/\",\"url\":\"https:\/\/www.legendyuvas.cz\/wp-content\/uploads\/2021\/03\/Legendy-u-Vas.jpg\",\"contentUrl\":\"https:\/\/www.legendyuvas.cz\/wp-content\/uploads\/2021\/03\/Legendy-u-Vas.jpg\",\"width\":400,\"height\":240,\"caption\":\"Bontex2 s.r.o.\"},\"image\":{\"@id\":\"https:\/\/www.legendyuvas.cz\/#\/schema\/logo\/image\/\"},\"sameAs\":[\"https:\/\/www.facebook.com\/autolegendyuvas\",\"https:\/\/www.facebook.com\/motolegendyuvas\",\"https:\/\/www.instagram.com\/autolegendyuvas\/\",\"https:\/\/www.instagram.com\/motolegendyuvas\/\"]}]}<\/script>\n<!-- \/ Yoast SEO plugin. -->","yoast_head_json":{"title":"V\u0161eobecn\u00e9 podmienky registr\u00e1cie na trackdays - Legendy U V\u00e1s","robots":{"index":"index","follow":"follow","max-snippet":"max-snippet:-1","max-image-preview":"max-image-preview:large","max-video-preview":"max-video-preview:-1"},"canonical":"https:\/\/www.legendyuvas.cz\/vseobecne-podminky-registrace-na-trackdays\/","og_locale":"sk_SK","og_type":"article","og_title":"V\u0161eobecn\u00e9 podmienky registr\u00e1cie na trackdays - Legendy U V\u00e1s","og_description":"V\u0161eobecn\u00e9 podmienky registr\u00e1cie na TRACKDAYS 1. Registra\u010dn\u00e9 a technick\u00e9 podmienky vozidiel 1.1 Ka\u017ed\u00e9 vozidlo prihl\u00e1sen\u00e9 na \u00fa\u010das\u0165 na trackdays mus\u00ed ma\u0165 platn\u00fa technick\u00fa kontrolu (STK) a eviden\u010dn\u00e9 \u010d\u00edsla (\u0160PZ). 2. Hlukov\u00e9 limity 2.1 V\u0161etky vozidl\u00e1 musia sp\u013a\u0148a\u0165 nasleduj\u00face limity hluku pod\u013ea miesta: Autodrom Most: 102+2 dB pri 4 500 ot\u00e1\u010dkach za min\u00fatu alebo 3\/4 maxim\u00e1lnej [&hellip;]","og_url":"https:\/\/www.legendyuvas.cz\/vseobecne-podminky-registrace-na-trackdays\/","og_site_name":"Legendy U V\u00e1s","article_publisher":"https:\/\/www.facebook.com\/autolegendyuvas","article_modified_time":"2025-11-09T13:25:38+00:00","og_image":[{"width":1024,"height":630,"url":"https:\/\/www.legendyuvas.cz\/wp-content\/uploads\/2023\/06\/Porsche-GT3-RS-1-min.jpg","type":"image\/jpeg"}],"twitter_card":"summary_large_image","twitter_misc":{"Predpokladan\u00fd \u010das \u010d\u00edtania":"2 min\u00faty"},"schema":{"@context":"https:\/\/schema.org","@graph":[{"@type":"WebPage","@id":"https:\/\/www.legendyuvas.cz\/vseobecne-podminky-registrace-na-trackdays\/","url":"https:\/\/www.legendyuvas.cz\/vseobecne-podminky-registrace-na-trackdays\/","name":"V\u0161eobecn\u00e9 podmienky registr\u00e1cie na trackdays - Legendy U V\u00e1s","isPartOf":{"@id":"https:\/\/www.legendyuvas.cz\/#website"},"datePublished":"2025-01-15T12:52:13+00:00","dateModified":"2025-11-09T13:25:38+00:00","breadcrumb":{"@id":"https:\/\/www.legendyuvas.cz\/vseobecne-podminky-registrace-na-trackdays\/#breadcrumb"},"inLanguage":"sk-SK","potentialAction":[{"@type":"ReadAction","target":["https:\/\/www.legendyuvas.cz\/vseobecne-podminky-registrace-na-trackdays\/"]}]},{"@type":"BreadcrumbList","@id":"https:\/\/www.legendyuvas.cz\/vseobecne-podminky-registrace-na-trackdays\/#breadcrumb","itemListElement":[{"@type":"ListItem","position":1,"name":"Dom\u016f","item":"https:\/\/www.legendyuvas.cz\/"},{"@type":"ListItem","position":2,"name":"V\u0161eobecn\u00e9 podmienky registr\u00e1cie na trackdays"}]},{"@type":"WebSite","@id":"https:\/\/www.legendyuvas.cz\/#website","url":"https:\/\/www.legendyuvas.cz\/","name":"Legendy U V\u00e1s","description":"Dechberouc\u00ed z\u00e1\u017eitky v autech a motork\u00e1ch","publisher":{"@id":"https:\/\/www.legendyuvas.cz\/#organization"},"potentialAction":[{"@type":"SearchAction","target":{"@type":"EntryPoint","urlTemplate":"https:\/\/www.legendyuvas.cz\/?s={search_term_string}"},"query-input":{"@type":"PropertyValueSpecification","valueRequired":true,"valueName":"search_term_string"}}],"inLanguage":"sk-SK"},{"@type":"Organization","@id":"https:\/\/www.legendyuvas.cz\/#organization","name":"Bontex2 s.r.o.","url":"https:\/\/www.legendyuvas.cz\/","logo":{"@type":"ImageObject","inLanguage":"sk-SK","@id":"https:\/\/www.legendyuvas.cz\/#\/schema\/logo\/image\/","url":"https:\/\/www.legendyuvas.cz\/wp-content\/uploads\/2021\/03\/Legendy-u-Vas.jpg","contentUrl":"https:\/\/www.legendyuvas.cz\/wp-content\/uploads\/2021\/03\/Legendy-u-Vas.jpg","width":400,"height":240,"caption":"Bontex2 s.r.o."},"image":{"@id":"https:\/\/www.legendyuvas.cz\/#\/schema\/logo\/image\/"},"sameAs":["https:\/\/www.facebook.com\/autolegendyuvas","https:\/\/www.facebook.com\/motolegendyuvas","https:\/\/www.instagram.com\/autolegendyuvas\/","https:\/\/www.instagram.com\/motolegendyuvas\/"]}]}},"_links":{"self":[{"href":"https:\/\/www.legendyuvas.cz\/sk\/wp-json\/wp\/v2\/pages\/32534","targetHints":{"allow":["GET"]}}],"collection":[{"href":"https:\/\/www.legendyuvas.cz\/sk\/wp-json\/wp\/v2\/pages"}],"about":[{"href":"https:\/\/www.legendyuvas.cz\/sk\/wp-json\/wp\/v2\/types\/page"}],"author":[{"embeddable":true,"href":"https:\/\/www.legendyuvas.cz\/sk\/wp-json\/wp\/v2\/users\/3"}],"replies":[{"embeddable":true,"href":"https:\/\/www.legendyuvas.cz\/sk\/wp-json\/wp\/v2\/comments?post=32534"}],"version-history":[{"count":1,"href":"https:\/\/www.legendyuvas.cz\/sk\/wp-json\/wp\/v2\/pages\/32534\/revisions"}],"predecessor-version":[{"id":32535,"href":"https:\/\/www.legendyuvas.cz\/sk\/wp-json\/wp\/v2\/pages\/32534\/revisions\/32535"}],"wp:attachment":[{"href":"https:\/\/www.legendyuvas.cz\/sk\/wp-json\/wp\/v2\/media?parent=32534"}],"curies":[{"name":"wp","href":"https:\/\/api.w.org\/{rel}","templated":true}]}}