{"id":33353,"date":"2023-07-06T08:12:25","date_gmt":"2023-07-06T08:12:25","guid":{"rendered":"https:\/\/www.legendyuvas.cz\/vzor-formulara-na-odstupenie-od-zmluvy\/"},"modified":"2025-11-11T16:12:58","modified_gmt":"2025-11-11T16:12:58","slug":"vzor-formulara-na-odstupenie-od-zmluvy","status":"publish","type":"page","link":"https:\/\/www.legendyuvas.cz\/sk\/vzor-formulara-na-odstupenie-od-zmluvy\/","title":{"rendered":"Vzor formul\u00e1ra na odst\u00fapenie od zmluvy"},"content":{"rendered":"<p><\/p><p>Odosielate\u013e:<br\/>Meno a priezvisko:<br\/>Pobyt:<br\/>(alebo e-mail, telef\u00f3nne \u010d\u00edslo):<\/p><p>Pr\u00edjemca:<br\/>Bontex2 s.r.o.<br\/>I\u010c: 14285991<br\/>so s\u00eddlom: Pod Turnovskou trat\u00ed 182\/18,198 00, Praha 9 &#8211; Hloub\u011bt\u00edn<\/p><p>Ozn\u00e1menie o odst\u00fapen\u00ed od k\u00fapnej zmluvy<\/p><p>D\u0148a &#8230;&#8230;&#8230;. som si na va\u0161ej webovej str\u00e1nke\/internetovom obchode www.legendyuvas.cz objednal &#8230;&#8230;, \u010d\u00edslo objedn\u00e1vky &#8230;&#8230;, v hodnote &#8230;&#8230;&#8230; K\u010c. Objednan\u00fd tovar som obdr\u017eal d\u0148a &#8230;&#8230;..<\/p><p>V s\u00falade s \u00a7 1829 ods. 1 v spojen\u00ed s \u00a7 1818 z\u00e1kona \u010d. 89\/2012 Z. z. Ob\u010diansky z\u00e1konn\u00edk vyu\u017e\u00edvam svoje z\u00e1konn\u00e9 pr\u00e1vo a odstupujem od k\u00fapnej zmluvy uzatvorenej prostredn\u00edctvom internetu t\u00fdkaj\u00facej sa vy\u0161\u0161ie uveden\u00e9ho tovaru, ktor\u00fd V\u00e1m t\u00fdmto listom zasielam sp\u00e4\u0165 a z\u00e1rove\u0148 V\u00e1s \u017eiadam o pouk\u00e1zanie k\u00fapnej ceny vo v\u00fd\u0161ke \u2026\u2026\u2026.. \u20ac a \u2026\u2026\u2026 \u20ac za po\u0161tovn\u00e9 na m\u00f4j bankov\u00fd \u00fa\u010det \u010d\u00edslo \u2026\u2026.. do 14 dn\u00ed od doru\u010denia tohto odst\u00fapenia.<\/p><p>V &#8230;&#8230;.. d\u0148a &#8230;&#8230;..<\/p><p>&#8230;&#8230;&#8230;&#8230;&#8230;&#8230;&#8230;&#8230;&#8230;&#8230;&#8230;&#8230;&#8230;&#8230;&#8230;&#8230;&#8230;&#8230;&#8230;&#8230;&#8230;&#8230;&#8230;&#8230;&#8230;&#8230;<br\/>Meno a priezvisko kupuj\u00faceho &#8211; spotrebite\u013ea<br\/>(podpis)<\/p><p>Pr\u00edlohy: &#8211; Doklad o k\u00fape<\/p>","protected":false},"excerpt":{"rendered":"<p>Odosielate\u013e:Meno a priezvisko:Pobyt:(alebo e-mail, telef\u00f3nne \u010d\u00edslo): Pr\u00edjemca:Bontex2 s.r.o.I\u010c: 14285991so s\u00eddlom: Pod Turnovskou trat\u00ed 182\/18,198 00, Praha 9 &#8211; Hloub\u011bt\u00edn Ozn\u00e1menie o odst\u00fapen\u00ed od k\u00fapnej zmluvy D\u0148a &#8230;&#8230;&#8230;. som si na va\u0161ej webovej str\u00e1nke\/internetovom obchode www.legendyuvas.cz objednal &#8230;&#8230;, \u010d\u00edslo objedn\u00e1vky &#8230;&#8230;, v hodnote &#8230;&#8230;&#8230; K\u010c. Objednan\u00fd tovar som obdr\u017eal d\u0148a &#8230;&#8230;.. V s\u00falade s \u00a7 1829 [&hellip;]<\/p>\n","protected":false},"author":3,"featured_media":0,"parent":0,"menu_order":0,"comment_status":"closed","ping_status":"closed","template":"","meta":{"footnotes":""},"class_list":["post-33353","page","type-page","status-publish","hentry"],"yoast_head":"<!-- This site is optimized with the Yoast SEO plugin v24.8.1 - https:\/\/yoast.com\/wordpress\/plugins\/seo\/ -->\n<title>Vzor formul\u00e1ra na odst\u00fapenie od zmluvy - Legendy U V\u00e1s<\/title>\n<meta name=\"robots\" content=\"index, follow, max-snippet:-1, max-image-preview:large, max-video-preview:-1\" \/>\n<link rel=\"canonical\" href=\"https:\/\/www.legendyuvas.cz\/sk\/vzor-formulara-na-odstupenie-od-zmluvy\/\" \/>\n<meta property=\"og:locale\" content=\"sk_SK\" \/>\n<meta property=\"og:type\" content=\"article\" \/>\n<meta property=\"og:title\" content=\"Vzor formul\u00e1ra na odst\u00fapenie od zmluvy - Legendy U V\u00e1s\" \/>\n<meta property=\"og:description\" content=\"Odosielate\u013e:Meno a priezvisko:Pobyt:(alebo e-mail, telef\u00f3nne \u010d\u00edslo): Pr\u00edjemca:Bontex2 s.r.o.I\u010c: 14285991so s\u00eddlom: Pod Turnovskou trat\u00ed 182\/18,198 00, Praha 9 &#8211; Hloub\u011bt\u00edn Ozn\u00e1menie o odst\u00fapen\u00ed od k\u00fapnej zmluvy D\u0148a &#8230;&#8230;&#8230;. som si na va\u0161ej webovej str\u00e1nke\/internetovom obchode www.legendyuvas.cz objednal &#8230;&#8230;, \u010d\u00edslo objedn\u00e1vky &#8230;&#8230;, v hodnote &#8230;&#8230;&#8230; K\u010c. Objednan\u00fd tovar som obdr\u017eal d\u0148a &#8230;&#8230;.. V s\u00falade s \u00a7 1829 [&hellip;]\" \/>\n<meta property=\"og:url\" content=\"https:\/\/www.legendyuvas.cz\/sk\/vzor-formulara-na-odstupenie-od-zmluvy\/\" \/>\n<meta property=\"og:site_name\" content=\"Legendy U V\u00e1s\" \/>\n<meta property=\"article:publisher\" content=\"https:\/\/www.facebook.com\/autolegendyuvas\" \/>\n<meta property=\"article:modified_time\" content=\"2025-11-11T16:12:58+00:00\" \/>\n<meta property=\"og:image\" content=\"https:\/\/www.legendyuvas.cz\/wp-content\/uploads\/2023\/06\/Porsche-GT3-RS-1-min.jpg\" \/>\n\t<meta property=\"og:image:width\" content=\"1024\" \/>\n\t<meta property=\"og:image:height\" content=\"630\" \/>\n\t<meta property=\"og:image:type\" content=\"image\/jpeg\" \/>\n<meta name=\"twitter:card\" content=\"summary_large_image\" \/>\n<meta name=\"twitter:label1\" content=\"Predpokladan\u00fd \u010das \u010d\u00edtania\" \/>\n\t<meta name=\"twitter:data1\" content=\"1 min\u00fata\" \/>\n<script type=\"application\/ld+json\" class=\"yoast-schema-graph\">{\"@context\":\"https:\/\/schema.org\",\"@graph\":[{\"@type\":\"WebPage\",\"@id\":\"https:\/\/www.legendyuvas.cz\/sk\/vzor-formulara-na-odstupenie-od-zmluvy\/\",\"url\":\"https:\/\/www.legendyuvas.cz\/sk\/vzor-formulara-na-odstupenie-od-zmluvy\/\",\"name\":\"Vzor formul\u00e1ra na odst\u00fapenie od zmluvy - Legendy U V\u00e1s\",\"isPartOf\":{\"@id\":\"https:\/\/www.legendyuvas.cz\/#website\"},\"datePublished\":\"2023-07-06T08:12:25+00:00\",\"dateModified\":\"2025-11-11T16:12:58+00:00\",\"breadcrumb\":{\"@id\":\"https:\/\/www.legendyuvas.cz\/sk\/vzor-formulara-na-odstupenie-od-zmluvy\/#breadcrumb\"},\"inLanguage\":\"sk-SK\",\"potentialAction\":[{\"@type\":\"ReadAction\",\"target\":[\"https:\/\/www.legendyuvas.cz\/sk\/vzor-formulara-na-odstupenie-od-zmluvy\/\"]}]},{\"@type\":\"BreadcrumbList\",\"@id\":\"https:\/\/www.legendyuvas.cz\/sk\/vzor-formulara-na-odstupenie-od-zmluvy\/#breadcrumb\",\"itemListElement\":[{\"@type\":\"ListItem\",\"position\":1,\"name\":\"Dom\u016f\",\"item\":\"https:\/\/www.legendyuvas.cz\/\"},{\"@type\":\"ListItem\",\"position\":2,\"name\":\"Vzor formul\u00e1ra na odst\u00fapenie od zmluvy\"}]},{\"@type\":\"WebSite\",\"@id\":\"https:\/\/www.legendyuvas.cz\/#website\",\"url\":\"https:\/\/www.legendyuvas.cz\/\",\"name\":\"Legendy U V\u00e1s\",\"description\":\"Dechberouc\u00ed z\u00e1\u017eitky v autech a motork\u00e1ch\",\"publisher\":{\"@id\":\"https:\/\/www.legendyuvas.cz\/#organization\"},\"potentialAction\":[{\"@type\":\"SearchAction\",\"target\":{\"@type\":\"EntryPoint\",\"urlTemplate\":\"https:\/\/www.legendyuvas.cz\/?s={search_term_string}\"},\"query-input\":{\"@type\":\"PropertyValueSpecification\",\"valueRequired\":true,\"valueName\":\"search_term_string\"}}],\"inLanguage\":\"sk-SK\"},{\"@type\":\"Organization\",\"@id\":\"https:\/\/www.legendyuvas.cz\/#organization\",\"name\":\"Bontex2 s.r.o.\",\"url\":\"https:\/\/www.legendyuvas.cz\/\",\"logo\":{\"@type\":\"ImageObject\",\"inLanguage\":\"sk-SK\",\"@id\":\"https:\/\/www.legendyuvas.cz\/#\/schema\/logo\/image\/\",\"url\":\"https:\/\/www.legendyuvas.cz\/wp-content\/uploads\/2021\/03\/Legendy-u-Vas.jpg\",\"contentUrl\":\"https:\/\/www.legendyuvas.cz\/wp-content\/uploads\/2021\/03\/Legendy-u-Vas.jpg\",\"width\":400,\"height\":240,\"caption\":\"Bontex2 s.r.o.\"},\"image\":{\"@id\":\"https:\/\/www.legendyuvas.cz\/#\/schema\/logo\/image\/\"},\"sameAs\":[\"https:\/\/www.facebook.com\/autolegendyuvas\",\"https:\/\/www.facebook.com\/motolegendyuvas\",\"https:\/\/www.instagram.com\/autolegendyuvas\/\",\"https:\/\/www.instagram.com\/motolegendyuvas\/\"]}]}<\/script>\n<!-- \/ Yoast SEO plugin. -->","yoast_head_json":{"title":"Vzor formul\u00e1ra na odst\u00fapenie od zmluvy - Legendy U V\u00e1s","robots":{"index":"index","follow":"follow","max-snippet":"max-snippet:-1","max-image-preview":"max-image-preview:large","max-video-preview":"max-video-preview:-1"},"canonical":"https:\/\/www.legendyuvas.cz\/sk\/vzor-formulara-na-odstupenie-od-zmluvy\/","og_locale":"sk_SK","og_type":"article","og_title":"Vzor formul\u00e1ra na odst\u00fapenie od zmluvy - Legendy U V\u00e1s","og_description":"Odosielate\u013e:Meno a priezvisko:Pobyt:(alebo e-mail, telef\u00f3nne \u010d\u00edslo): Pr\u00edjemca:Bontex2 s.r.o.I\u010c: 14285991so s\u00eddlom: Pod Turnovskou trat\u00ed 182\/18,198 00, Praha 9 &#8211; Hloub\u011bt\u00edn Ozn\u00e1menie o odst\u00fapen\u00ed od k\u00fapnej zmluvy D\u0148a &#8230;&#8230;&#8230;. som si na va\u0161ej webovej str\u00e1nke\/internetovom obchode www.legendyuvas.cz objednal &#8230;&#8230;, \u010d\u00edslo objedn\u00e1vky &#8230;&#8230;, v hodnote &#8230;&#8230;&#8230; K\u010c. Objednan\u00fd tovar som obdr\u017eal d\u0148a &#8230;&#8230;.. V s\u00falade s \u00a7 1829 [&hellip;]","og_url":"https:\/\/www.legendyuvas.cz\/sk\/vzor-formulara-na-odstupenie-od-zmluvy\/","og_site_name":"Legendy U V\u00e1s","article_publisher":"https:\/\/www.facebook.com\/autolegendyuvas","article_modified_time":"2025-11-11T16:12:58+00:00","og_image":[{"width":1024,"height":630,"url":"https:\/\/www.legendyuvas.cz\/wp-content\/uploads\/2023\/06\/Porsche-GT3-RS-1-min.jpg","type":"image\/jpeg"}],"twitter_card":"summary_large_image","twitter_misc":{"Predpokladan\u00fd \u010das \u010d\u00edtania":"1 min\u00fata"},"schema":{"@context":"https:\/\/schema.org","@graph":[{"@type":"WebPage","@id":"https:\/\/www.legendyuvas.cz\/sk\/vzor-formulara-na-odstupenie-od-zmluvy\/","url":"https:\/\/www.legendyuvas.cz\/sk\/vzor-formulara-na-odstupenie-od-zmluvy\/","name":"Vzor formul\u00e1ra na odst\u00fapenie od zmluvy - Legendy U V\u00e1s","isPartOf":{"@id":"https:\/\/www.legendyuvas.cz\/#website"},"datePublished":"2023-07-06T08:12:25+00:00","dateModified":"2025-11-11T16:12:58+00:00","breadcrumb":{"@id":"https:\/\/www.legendyuvas.cz\/sk\/vzor-formulara-na-odstupenie-od-zmluvy\/#breadcrumb"},"inLanguage":"sk-SK","potentialAction":[{"@type":"ReadAction","target":["https:\/\/www.legendyuvas.cz\/sk\/vzor-formulara-na-odstupenie-od-zmluvy\/"]}]},{"@type":"BreadcrumbList","@id":"https:\/\/www.legendyuvas.cz\/sk\/vzor-formulara-na-odstupenie-od-zmluvy\/#breadcrumb","itemListElement":[{"@type":"ListItem","position":1,"name":"Dom\u016f","item":"https:\/\/www.legendyuvas.cz\/"},{"@type":"ListItem","position":2,"name":"Vzor formul\u00e1ra na odst\u00fapenie od zmluvy"}]},{"@type":"WebSite","@id":"https:\/\/www.legendyuvas.cz\/#website","url":"https:\/\/www.legendyuvas.cz\/","name":"Legendy U V\u00e1s","description":"Dechberouc\u00ed z\u00e1\u017eitky v autech a motork\u00e1ch","publisher":{"@id":"https:\/\/www.legendyuvas.cz\/#organization"},"potentialAction":[{"@type":"SearchAction","target":{"@type":"EntryPoint","urlTemplate":"https:\/\/www.legendyuvas.cz\/?s={search_term_string}"},"query-input":{"@type":"PropertyValueSpecification","valueRequired":true,"valueName":"search_term_string"}}],"inLanguage":"sk-SK"},{"@type":"Organization","@id":"https:\/\/www.legendyuvas.cz\/#organization","name":"Bontex2 s.r.o.","url":"https:\/\/www.legendyuvas.cz\/","logo":{"@type":"ImageObject","inLanguage":"sk-SK","@id":"https:\/\/www.legendyuvas.cz\/#\/schema\/logo\/image\/","url":"https:\/\/www.legendyuvas.cz\/wp-content\/uploads\/2021\/03\/Legendy-u-Vas.jpg","contentUrl":"https:\/\/www.legendyuvas.cz\/wp-content\/uploads\/2021\/03\/Legendy-u-Vas.jpg","width":400,"height":240,"caption":"Bontex2 s.r.o."},"image":{"@id":"https:\/\/www.legendyuvas.cz\/#\/schema\/logo\/image\/"},"sameAs":["https:\/\/www.facebook.com\/autolegendyuvas","https:\/\/www.facebook.com\/motolegendyuvas","https:\/\/www.instagram.com\/autolegendyuvas\/","https:\/\/www.instagram.com\/motolegendyuvas\/"]}]}},"_links":{"self":[{"href":"https:\/\/www.legendyuvas.cz\/sk\/wp-json\/wp\/v2\/pages\/33353","targetHints":{"allow":["GET"]}}],"collection":[{"href":"https:\/\/www.legendyuvas.cz\/sk\/wp-json\/wp\/v2\/pages"}],"about":[{"href":"https:\/\/www.legendyuvas.cz\/sk\/wp-json\/wp\/v2\/types\/page"}],"author":[{"embeddable":true,"href":"https:\/\/www.legendyuvas.cz\/sk\/wp-json\/wp\/v2\/users\/3"}],"replies":[{"embeddable":true,"href":"https:\/\/www.legendyuvas.cz\/sk\/wp-json\/wp\/v2\/comments?post=33353"}],"version-history":[{"count":1,"href":"https:\/\/www.legendyuvas.cz\/sk\/wp-json\/wp\/v2\/pages\/33353\/revisions"}],"predecessor-version":[{"id":33354,"href":"https:\/\/www.legendyuvas.cz\/sk\/wp-json\/wp\/v2\/pages\/33353\/revisions\/33354"}],"wp:attachment":[{"href":"https:\/\/www.legendyuvas.cz\/sk\/wp-json\/wp\/v2\/media?parent=33353"}],"curies":[{"name":"wp","href":"https:\/\/api.w.org\/{rel}","templated":true}]}}