{"id":33361,"date":"2023-07-06T08:13:34","date_gmt":"2023-07-06T08:13:34","guid":{"rendered":"https:\/\/www.legendyuvas.cz\/zasady-spracovania-osobnych-udajov\/"},"modified":"2025-11-11T16:18:22","modified_gmt":"2025-11-11T16:18:22","slug":"zasady-spracovania-osobnych-udajov","status":"publish","type":"page","link":"https:\/\/www.legendyuvas.cz\/sk\/zasady-spracovania-osobnych-udajov\/","title":{"rendered":"Z\u00e1sady spracovania osobn\u00fdch \u00fadajov"},"content":{"rendered":"\t\t<div data-elementor-type=\"wp-page\" data-elementor-id=\"33361\" class=\"elementor elementor-33361 elementor-1406\" data-elementor-post-type=\"page\">\n\t\t\t\t\t\t<section class=\"elementor-section elementor-top-section elementor-element elementor-element-17c40ae5 elementor-section-boxed elementor-section-height-default elementor-section-height-default\" data-id=\"17c40ae5\" data-element_type=\"section\">\n\t\t\t\t\t\t<div class=\"elementor-container elementor-column-gap-default\">\n\t\t\t\t\t<div class=\"elementor-column elementor-col-100 elementor-top-column elementor-element elementor-element-59244d1f\" data-id=\"59244d1f\" data-element_type=\"column\">\n\t\t\t<div class=\"elementor-widget-wrap elementor-element-populated\">\n\t\t\t\t\t\t<div class=\"elementor-element elementor-element-3370e99 elementor-widget elementor-widget-text-editor\" data-id=\"3370e99\" data-element_type=\"widget\" data-widget_type=\"text-editor.default\">\n\t\t\t\t<div class=\"elementor-widget-container\">\n\t\t\t\t\t\t\t\t\t<br><br>Z\u00e1sady spracovania osobn\u00fdch \u00fadajov<br><br><br><br>I. Z\u00e1kladn\u00e9 ustanovenia<br><br><br><br>1. Prev\u00e1dzkovate\u013eom osobn\u00fdch \u00fadajov pod\u013ea \u010dl. 4 bod 7 nariadenia Eur\u00f3pskeho parlamentu a Rady (E\u00da) 2016\/679 o ochrane fyzick\u00fdch os\u00f4b pri sprac\u00favan\u00ed osobn\u00fdch \u00fadajov a o vo\u013enom pohybe tak\u00fdchto \u00fadajov (\u010falej len: &#8222;GDPR&#8220;) je spolo\u010dnos\u0165 Bontex2 s.r.o., I\u010cO: 14285991, so s\u00eddlom Pod Turnovskou trat\u00ed 182\/18, Praha 9, zap\u00edsan\u00e1 v obchodnom registri vedenom Mestsk\u00fdm s\u00fadom v Prahe, oddiel C, vlo\u017eka 363403, zast\u00fapen\u00e1 Bc. Martinom Zimom, konate\u013eom (\u010falej len &#8222;spr\u00e1vca&#8220;).<br><br><br><br>2. Kontaktn\u00e9 \u00fadaje Spr\u00e1vcu s\u00fa: Bontex2 s.r.o., Pod Turnovskou trat\u00ed 182\/18, Praha 9, 198 00, tel.: 602 444 244, e-mail: info@legendyuvas.cz.<br><br><br><br>3. Osobn\u00fdmi \u00fadajmi sa rozumej\u00fa ak\u00e9ko\u013evek inform\u00e1cie o identifikovanej alebo identifikovate\u013enej fyzickej osobe; identifikovate\u013en\u00e1 fyzick\u00e1 osoba je fyzick\u00e1 osoba, ktor\u00fa mo\u017eno priamo alebo nepriamo identifikova\u0165, najm\u00e4 na z\u00e1klade odkazu na ur\u010dit\u00fd identifik\u00e1tor, ako je meno, identifika\u010dn\u00e9 \u010d\u00edslo, lokaliza\u010dn\u00e9 \u00fadaje, sie\u0165ov\u00fd identifik\u00e1tor, alebo na jeden \u010di viacer\u00e9 \u0161pecifick\u00e9 prvky fyzickej, fyziologickej, genetickej, psychickej, ekonomickej, kult\u00farnej alebo soci\u00e1lnej identity tejto fyzickej osoby.<br><br><br><br>4. Prev\u00e1dzkovate\u013e vymenoval zodpovedn\u00fa osobu za ochranu osobn\u00fdch \u00fadajov. Kontaktn\u00e9 \u00fadaje zodpovednej osoby za ochranu osobn\u00fdch \u00fadajov s\u00fa: Pavel \u0160piryt, e-mail: info@legendyuvas.cz, tel.: 602 444 244.<br><br><br><br>II. Zdroje a kateg\u00f3rie sprac\u00favan\u00fdch osobn\u00fdch \u00fadajov<br><br><br><br>1. Prev\u00e1dzkovate\u013e sprac\u00fava osobn\u00e9 \u00fadaje, ktor\u00e9 ste mu poskytli, alebo osobn\u00e9 \u00fadaje, ktor\u00e9 prev\u00e1dzkovate\u013e z\u00edskal v d\u00f4sledku vybavenia va\u0161ej objedn\u00e1vky. Ak si u prev\u00e1dzkovate\u013ea objedn\u00e1te tovar alebo slu\u017eby, prev\u00e1dzkovate\u013e od v\u00e1s potrebuje \u00fadaje, ktor\u00e9 s\u00fa v procese objedn\u00e1vky ozna\u010den\u00e9 ako povinn\u00e9 (ide najm\u00e4 o va\u0161e meno, bydlisko alebo adresu doru\u010denia). Ak spr\u00e1vca tieto \u00fadaje nem\u00e1, nem\u00f4\u017ee tovar spr\u00e1vne doru\u010di\u0165. Okrem toho spr\u00e1vca na \u00fa\u010dely predaja tovaru alebo slu\u017eieb potrebuje va\u0161u e-mailov\u00fa adresu, na ktor\u00fa v\u00e1m za\u0161le potvrdenie objedn\u00e1vky, a telef\u00f3nne \u010d\u00edslo na vybavenie objedn\u00e1vky.<br><br><br><br>2. Ke\u010f nav\u0161t\u00edvite webov\u00fa str\u00e1nku spr\u00e1vcu www.legendyuvas.cz (\u010falej len &#8222;webov\u00e1 str\u00e1nka&#8220; alebo &#8222;internetov\u00fd obchod&#8220;), spr\u00e1vca m\u00f4\u017ee zhroma\u017e\u010fova\u0165 ur\u010dit\u00e9 inform\u00e1cie o v\u00e1s, ako napr\u00edklad va\u0161u IP adresu, d\u00e1tum a \u010das pr\u00edstupu na webov\u00fa str\u00e1nku, inform\u00e1cie o va\u0161om internetovom prehliada\u010di, opera\u010dnom syst\u00e9me alebo jazykov\u00fdch nastaveniach. M\u00f4\u017ee tie\u017e sprac\u00fava\u0165 inform\u00e1cie o va\u0161om spr\u00e1van\u00ed na svojej webovej lokalite, napr. ktor\u00e9 odkazy na na\u0161ej webovej lokalite nav\u0161t\u00edvite a ktor\u00fd tovar sa v\u00e1m zobraz\u00ed. V z\u00e1ujme v\u00e1\u0161ho maxim\u00e1lneho s\u00fakromia s\u00fa v\u0161ak inform\u00e1cie o va\u0161om spr\u00e1van\u00ed na webovej lokalite anonymizovan\u00e9, a preto ich spr\u00e1vca nem\u00f4\u017ee priradi\u0165 ku konkr\u00e9tnemu pou\u017e\u00edvate\u013eovi, t. j. ku konkr\u00e9tnej osobe.<br><br><br><br>3. Ak pristupujete na webov\u00e9 s\u00eddlo spr\u00e1vcu z mobiln\u00e9ho telef\u00f3nu alebo podobn\u00e9ho zariadenia, spr\u00e1vca m\u00f4\u017ee sprac\u00fava\u0165 aj inform\u00e1cie o va\u0161om mobilnom zariaden\u00ed (\u00fadaje o va\u0161om mobilnom telef\u00f3ne a pod.)<br><br><br><br>III. S\u00fabory cookie<br><br><br><br>1. Spr\u00e1vca automaticky spracov\u00e1va s\u00fabory cookie, \u010do s\u00fa mal\u00e9 textov\u00e9 s\u00fabory, ktor\u00e9 sa vytv\u00e1raj\u00fa pri n\u00e1v\u0161teve ka\u017edej webovej str\u00e1nky. Pou\u017e\u00edvaj\u00fa sa ako \u0161tandardn\u00fd n\u00e1stroj na ukladanie inform\u00e1ci\u00ed o sp\u00f4sobe pou\u017e\u00edvania str\u00e1nky spr\u00e1vcu.<br><br><br><br>2. Spr\u00e1vca pou\u017e\u00edva nasleduj\u00face s\u00fabory cookie:<br>Technick\u00e9 s\u00fabory cookie: sl\u00fa\u017eia na spr\u00e1vne fungovanie internetov\u00e9ho obchodu. Tieto s\u00fabory cookie s\u00fa v\u017edy akt\u00edvne (ich spracovanie nie je mo\u017en\u00e9 odmietnu\u0165), preto\u017ee s\u00fa potrebn\u00e9 pre skuto\u010dn\u00e9 fungovanie webovej str\u00e1nky.<br>Funk\u010dn\u00e9 s\u00fabory cookie: pou\u017e\u00edvanie t\u00fdchto s\u00faborov cookie nie je nevyhnutn\u00e9, ale spr\u00edjem\u0148uj\u00fa a u\u013eah\u010duj\u00fa n\u00e1v\u0161tevu internetov\u00e9ho obchodu spr\u00e1vcu. Spracovanie t\u00fdchto s\u00faborov cookie je mo\u017en\u00e9 odmietnu\u0165.<br>Analytick\u00e9 s\u00fabory cookie: pom\u00e1haj\u00fa zlep\u0161ova\u0165 internetov\u00fd obchod. Analytick\u00e9 s\u00fabory cookie na webovej str\u00e1nke spr\u00e1vcu zhroma\u017e\u010fuje doplnok Cookie Notice, ktor\u00fd tieto \u00fadaje n\u00e1sledne anonymizuje. Po anonymiz\u00e1cii u\u017e nejde o osobn\u00e9 \u00fadaje, preto\u017ee anonymizovan\u00e9 s\u00fabory cookie nemo\u017eno priradi\u0165 ku konkr\u00e9tnemu pou\u017e\u00edvate\u013eovi alebo konkr\u00e9tnej osobe. Spr\u00e1vca pracuje so s\u00fabormi cookie len v anonymizovanej podobe. Spracovanie t\u00fdchto s\u00faborov cookie je mo\u017en\u00e9 odmietnu\u0165.<br><br><br><br>3. Ak chcete ovplyvni\u0165, ktor\u00e9 s\u00fabory cookie spr\u00e1vca sprac\u00fava, pou\u017eite niektor\u00fd z be\u017en\u00fdch internetov\u00fdch prehliada\u010dov (napr. Internet Explorer, Safari, Firefox, Chrome) so zapnutou funkciou anonymn\u00e9ho prehliadania, ktor\u00e1 zabra\u0148uje ukladaniu \u00fadajov o nav\u0161t\u00edven\u00fdch webov\u00fdch str\u00e1nkach, alebo m\u00f4\u017eete ukladanie s\u00faborov cookie vo svojom prehliada\u010di \u00faplne zak\u00e1za\u0165. Ak v\u0161ak zak\u00e1\u017eete aj spracovanie technick\u00fdch a funk\u010dn\u00fdch s\u00faborov cookie, znemo\u017en\u00edte t\u00fdm fungovanie niektor\u00fdch funkci\u00ed, ktor\u00e9 v\u00e1m pom\u00e1haj\u00fa.<br><br><br><br>4. Ak chcete odmietnu\u0165 spracovanie s\u00faborov cookie (s v\u00fdnimkou technick\u00fdch s\u00faborov cookie), kontaktujte spr\u00e1vcu na e-mailovej adrese uvedenej v \u010dl\u00e1nku I ods. 2 t\u00fdchto z\u00e1sad. Odmietnutie spracovania funk\u010dn\u00fdch a analytick\u00fdch s\u00faborov cookie neznamen\u00e1 nemo\u017enos\u0165 pr\u00edstupu do internetov\u00e9ho obchodu spr\u00e1vcu, ani nevedie k odmietnutiu slu\u017eieb spr\u00e1vcu. Odmietnutie spracovania funk\u010dn\u00fdch a analytick\u00fdch s\u00faborov cookie v\u0161ak m\u00f4\u017ee ma\u0165 za n\u00e1sledok nespr\u00e1vne fungovanie internetov\u00e9ho obchodu spr\u00e1vcu a nedostupnos\u0165 niektor\u00fdch funkci\u00ed. Celkov\u00fd z\u00e1\u017eitok z prehliadania internetov\u00e9ho obchodu m\u00f4\u017ee by\u0165 preto zhor\u0161en\u00fd.<br><br><br><br>IV. D\u00f4vod a \u00fa\u010del spracovania osobn\u00fdch \u00fadajov<br><br><br><br>1. D\u00f4vodom sprac\u00favania osobn\u00fdch \u00fadajov je<br>&#8211; vybavenie objedn\u00e1vky a plnenie zmluvy medzi vami a prev\u00e1dzkovate\u013eom pod\u013ea \u010dl\u00e1nku 6 ods. 1 p\u00edsm. b) v\u0161eobecn\u00e9ho nariadenia o ochrane \u00fadajov,<br><br><br><br>2. \u00da\u010delom sprac\u00favania osobn\u00fdch \u00fadajov je<br>&#8211; vybavenie va\u0161ej objedn\u00e1vky a v\u00fdkon pr\u00e1v a povinnost\u00ed vypl\u00fdvaj\u00facich zo zmluvn\u00e9ho vz\u0165ahu medzi vami a prev\u00e1dzkovate\u013eom; pri zad\u00e1van\u00ed objedn\u00e1vky sa vy\u017eaduj\u00fa osobn\u00e9 \u00fadaje, ktor\u00e9 s\u00fa nevyhnutn\u00e9 na \u00faspe\u0161n\u00e9 vybavenie objedn\u00e1vky (meno a adresa, kontakt), poskytnutie osobn\u00fdch \u00fadajov je nevyhnutnou po\u017eiadavkou na uzatvorenie a plnenie zmluvy, bez poskytnutia osobn\u00fdch \u00fadajov nie je mo\u017en\u00e9 uzatvori\u0165 zmluvu ani ju plni\u0165 zo strany prev\u00e1dzkovate\u013ea,<br><br><br><br>3. Neexistuje \u017eiadne automatick\u00e9 individu\u00e1lne rozhodovanie prev\u00e1dzkovate\u013ea v zmysle \u010dl\u00e1nku 22 GDPR.<br><br><br><br>V. Doba uchov\u00e1vania \u00fadajov<br><br><br><br>1. Prev\u00e1dzkovate\u013e uchov\u00e1va osobn\u00e9 \u00fadaje<br>&#8211; po dobu nevyhnutn\u00fa na v\u00fdkon pr\u00e1v a povinnost\u00ed vypl\u00fdvaj\u00facich zo zmluvn\u00e9ho vz\u0165ahu medzi vami a prev\u00e1dzkovate\u013eom a na uplatnenie n\u00e1rokov z t\u00fdchto zmluvn\u00fdch vz\u0165ahov<br>&#8211; po dobu 7 rokov<br><br><br><br>2. Po uplynut\u00ed doby uchov\u00e1vania prev\u00e1dzkovate\u013e osobn\u00e9 \u00fadaje vyma\u017ee.<br><br><br><br>VI. Pr\u00edjemcovia osobn\u00fdch \u00fadajov (subdod\u00e1vatelia prev\u00e1dzkovate\u013ea)<br><br><br><br>1. Pr\u00edjemcami osobn\u00fdch \u00fadajov s\u00fa osoby : Martin Zima, David Abraham, Radek Sm\u00ed\u0161ek, Pavel \u0160piryt, Martina Vr\u00e1nov\u00e1, Petra \u0160usterov\u00e1<br>&#8211; podie\u013eaj\u00face sa na dodan\u00ed tovaru\/slu\u017eieb\/realiz\u00e1cii platieb na z\u00e1klade zmluvy,<br>&#8211; poskytuj\u00face slu\u017eby pre prev\u00e1dzku internetov\u00e9ho obchodu a \u010fal\u0161ie slu\u017eby v s\u00favislosti s prev\u00e1dzkou internetov\u00e9ho obchodu,<br><br><br><br>2. Prev\u00e1dzkovate\u013e nem\u00e1 v \u00famysle prenies\u0165 osobn\u00e9 \u00fadaje do tretej krajiny (krajiny mimo E\u00da) alebo medzin\u00e1rodnej organiz\u00e1cii.<br><br><br><br>VII. Va\u0161e pr\u00e1va<br><br><br><br>1. Za podmienok stanoven\u00fdch v GDPR m\u00e1te<br>&#8211; pr\u00e1vo na pr\u00edstup k svojim osobn\u00fdm \u00fadajom pod\u013ea \u010dl\u00e1nku 15 GDPR,<br>&#8211; pr\u00e1vo na opravu osobn\u00fdch \u00fadajov pod\u013ea \u010dl\u00e1nku 16 GDPR alebo obmedzenie sprac\u00favania pod\u013ea \u010dl\u00e1nku 18 GDPR,<br>&#8211; pr\u00e1vo na vymazanie osobn\u00fdch \u00fadajov pod\u013ea \u010dl\u00e1nku 18 GDPR. 17 GDPR,<br>&#8211; pr\u00e1vo namieta\u0165 proti sprac\u00favaniu pod\u013ea \u010dl\u00e1nku 21 GDPR,<br>&#8211; pr\u00e1vo na prenosnos\u0165 \u00fadajov pod\u013ea \u010dl\u00e1nku 20 GDPR a<br>&#8211; pr\u00e1vo odvola\u0165 s\u00fahlas so sprac\u00favan\u00edm p\u00edsomne alebo elektronicky na adresu alebo e-mail prev\u00e1dzkovate\u013ea uveden\u00fd v \u010dl\u00e1nku I ods. 4 t\u00fdchto podmienok.<br><br><br><br>2. M\u00e1te tie\u017e pr\u00e1vo poda\u0165 s\u0165a\u017enos\u0165 na \u00darad na ochranu osobn\u00fdch \u00fadajov, ak sa domnievate, \u017ee bolo poru\u0161en\u00e9 va\u0161e pr\u00e1vo na ochranu osobn\u00fdch \u00fadajov.<br><br><br><br>VIII. Politika bezpe\u010dnosti osobn\u00fdch \u00fadajov<br><br><br><br>1. Prev\u00e1dzkovate\u013e vyhlasuje, \u017ee prijal v\u0161etky vhodn\u00e9 technick\u00e9 a organiza\u010dn\u00e9 opatrenia na zabezpe\u010denie osobn\u00fdch \u00fadajov.<br><br><br><br>2. Prev\u00e1dzkovate\u013e prijal technick\u00e9 opatrenia na zabezpe\u010denie uchov\u00e1vania \u00fadajov a uchov\u00e1vania osobn\u00fdch \u00fadajov v papierovej forme. Prev\u00e1dzkovate\u013e vyhlasuje, \u017ee k osobn\u00fdm \u00fadajom maj\u00fa pr\u00edstup len n\u00edm poveren\u00e9 osoby.<br><br><br><br>IX. Z\u00e1vere\u010dn\u00e9 ustanovenia<br><br><br><br>1. Odoslan\u00edm objedn\u00e1vky z online objedn\u00e1vkov\u00e9ho formul\u00e1ra internetov\u00e9ho obchodu potvrdzujete, \u017ee ste sa obozn\u00e1mili so z\u00e1sadami ochrany osobn\u00fdch \u00fadajov a \u017ee ich v plnom rozsahu prij\u00edmate.<br><br><br><br>2. S t\u00fdmito z\u00e1sadami s\u00fahlas\u00edte za\u0161krtnut\u00edm pol\u00ed\u010dka s\u00fahlasu prostredn\u00edctvom online formul\u00e1ra v internetovom obchode. Za\u0161krtnut\u00edm pol\u00ed\u010dka s\u00fahlasu potvrdzujete, \u017ee ste sa obozn\u00e1mili so z\u00e1sadami ochrany osobn\u00fdch \u00fadajov a \u017ee ich v plnom rozsahu prij\u00edmate.<br><br><br><br>3. Prev\u00e1dzkovate\u013e je opr\u00e1vnen\u00fd tieto podmienky zmeni\u0165. Nov\u00fa verziu z\u00e1sad ochrany osobn\u00fdch \u00fadajov zverejn\u00ed na svojej webovej str\u00e1nke alebo v\u00e1m za\u0161le nov\u00fa verziu z\u00e1sad ochrany osobn\u00fdch \u00fadajov na e-mailov\u00fa adresu, ktor\u00fa ste poskytli spr\u00e1vcovi.<br><br><br><br>Tieto z\u00e1sady nadob\u00fadaj\u00fa \u00fa\u010dinnos\u0165 1. novembra 2020.<br><br><br><br>Praha, 1.11.2020<br><br><br><br>Bontex2 s.r.o.<br>Bc. Martin Zima, konate\u013e spolo\u010dnosti<br><br>\t\t\t\t\t\t\t\t<\/div>\n\t\t\t\t<\/div>\n\t\t\t\t\t<\/div>\n\t\t<\/div>\n\t\t\t\t\t<\/div>\n\t\t<\/section>\n\t\t\t\t<\/div>\n\t\t","protected":false},"excerpt":{"rendered":"<p>Z\u00e1sady spracovania osobn\u00fdch \u00fadajov I. Z\u00e1kladn\u00e9 ustanovenia 1. Prev\u00e1dzkovate\u013eom osobn\u00fdch \u00fadajov pod\u013ea \u010dl. 4 bod 7 nariadenia Eur\u00f3pskeho parlamentu a Rady (E\u00da) 2016\/679 o ochrane fyzick\u00fdch os\u00f4b pri sprac\u00favan\u00ed osobn\u00fdch \u00fadajov a o vo\u013enom pohybe tak\u00fdchto \u00fadajov (\u010falej len: &#8222;GDPR&#8220;) je spolo\u010dnos\u0165 Bontex2 s.r.o., I\u010cO: 14285991, so s\u00eddlom Pod Turnovskou trat\u00ed 182\/18, Praha 9, zap\u00edsan\u00e1 [&hellip;]<\/p>\n","protected":false},"author":3,"featured_media":0,"parent":0,"menu_order":0,"comment_status":"closed","ping_status":"closed","template":"","meta":{"footnotes":""},"class_list":["post-33361","page","type-page","status-publish","hentry"],"yoast_head":"<!-- This site is optimized with the Yoast SEO plugin v24.8.1 - https:\/\/yoast.com\/wordpress\/plugins\/seo\/ -->\n<title>Z\u00e1sady spracovania osobn\u00fdch \u00fadajov - Legendy U V\u00e1s<\/title>\n<meta name=\"robots\" content=\"index, follow, max-snippet:-1, max-image-preview:large, max-video-preview:-1\" \/>\n<link rel=\"canonical\" href=\"https:\/\/www.legendyuvas.cz\/zasady-zpracovani-osobnich-udaju\/\" \/>\n<meta property=\"og:locale\" content=\"sk_SK\" \/>\n<meta property=\"og:type\" content=\"article\" \/>\n<meta property=\"og:title\" content=\"Z\u00e1sady spracovania osobn\u00fdch \u00fadajov - Legendy U V\u00e1s\" \/>\n<meta property=\"og:description\" content=\"Z\u00e1sady spracovania osobn\u00fdch \u00fadajov I. Z\u00e1kladn\u00e9 ustanovenia 1. Prev\u00e1dzkovate\u013eom osobn\u00fdch \u00fadajov pod\u013ea \u010dl. 4 bod 7 nariadenia Eur\u00f3pskeho parlamentu a Rady (E\u00da) 2016\/679 o ochrane fyzick\u00fdch os\u00f4b pri sprac\u00favan\u00ed osobn\u00fdch \u00fadajov a o vo\u013enom pohybe tak\u00fdchto \u00fadajov (\u010falej len: &#8222;GDPR&#8220;) je spolo\u010dnos\u0165 Bontex2 s.r.o., I\u010cO: 14285991, so s\u00eddlom Pod Turnovskou trat\u00ed 182\/18, Praha 9, zap\u00edsan\u00e1 [&hellip;]\" \/>\n<meta property=\"og:url\" content=\"https:\/\/www.legendyuvas.cz\/zasady-zpracovani-osobnich-udaju\/\" \/>\n<meta property=\"og:site_name\" content=\"Legendy U V\u00e1s\" \/>\n<meta property=\"article:publisher\" content=\"https:\/\/www.facebook.com\/autolegendyuvas\" \/>\n<meta property=\"article:modified_time\" content=\"2025-11-11T16:18:22+00:00\" \/>\n<meta property=\"og:image\" content=\"https:\/\/www.legendyuvas.cz\/wp-content\/uploads\/2023\/06\/Porsche-GT3-RS-1-min.jpg\" \/>\n\t<meta property=\"og:image:width\" content=\"1024\" \/>\n\t<meta property=\"og:image:height\" content=\"630\" \/>\n\t<meta property=\"og:image:type\" content=\"image\/jpeg\" \/>\n<meta name=\"twitter:card\" content=\"summary_large_image\" \/>\n<meta name=\"twitter:label1\" content=\"Predpokladan\u00fd \u010das \u010d\u00edtania\" \/>\n\t<meta name=\"twitter:data1\" content=\"8 min\u00fat\" \/>\n<script type=\"application\/ld+json\" class=\"yoast-schema-graph\">{\"@context\":\"https:\/\/schema.org\",\"@graph\":[{\"@type\":\"WebPage\",\"@id\":\"https:\/\/www.legendyuvas.cz\/zasady-zpracovani-osobnich-udaju\/\",\"url\":\"https:\/\/www.legendyuvas.cz\/zasady-zpracovani-osobnich-udaju\/\",\"name\":\"Z\u00e1sady spracovania osobn\u00fdch \u00fadajov - Legendy U V\u00e1s\",\"isPartOf\":{\"@id\":\"https:\/\/www.legendyuvas.cz\/#website\"},\"datePublished\":\"2023-07-06T08:13:34+00:00\",\"dateModified\":\"2025-11-11T16:18:22+00:00\",\"breadcrumb\":{\"@id\":\"https:\/\/www.legendyuvas.cz\/zasady-zpracovani-osobnich-udaju\/#breadcrumb\"},\"inLanguage\":\"sk-SK\",\"potentialAction\":[{\"@type\":\"ReadAction\",\"target\":[\"https:\/\/www.legendyuvas.cz\/zasady-zpracovani-osobnich-udaju\/\"]}]},{\"@type\":\"BreadcrumbList\",\"@id\":\"https:\/\/www.legendyuvas.cz\/zasady-zpracovani-osobnich-udaju\/#breadcrumb\",\"itemListElement\":[{\"@type\":\"ListItem\",\"position\":1,\"name\":\"Dom\u016f\",\"item\":\"https:\/\/www.legendyuvas.cz\/\"},{\"@type\":\"ListItem\",\"position\":2,\"name\":\"Z\u00e1sady spracovania osobn\u00fdch \u00fadajov\"}]},{\"@type\":\"WebSite\",\"@id\":\"https:\/\/www.legendyuvas.cz\/#website\",\"url\":\"https:\/\/www.legendyuvas.cz\/\",\"name\":\"Legendy U V\u00e1s\",\"description\":\"Dechberouc\u00ed z\u00e1\u017eitky v autech a motork\u00e1ch\",\"publisher\":{\"@id\":\"https:\/\/www.legendyuvas.cz\/#organization\"},\"potentialAction\":[{\"@type\":\"SearchAction\",\"target\":{\"@type\":\"EntryPoint\",\"urlTemplate\":\"https:\/\/www.legendyuvas.cz\/?s={search_term_string}\"},\"query-input\":{\"@type\":\"PropertyValueSpecification\",\"valueRequired\":true,\"valueName\":\"search_term_string\"}}],\"inLanguage\":\"sk-SK\"},{\"@type\":\"Organization\",\"@id\":\"https:\/\/www.legendyuvas.cz\/#organization\",\"name\":\"Bontex2 s.r.o.\",\"url\":\"https:\/\/www.legendyuvas.cz\/\",\"logo\":{\"@type\":\"ImageObject\",\"inLanguage\":\"sk-SK\",\"@id\":\"https:\/\/www.legendyuvas.cz\/#\/schema\/logo\/image\/\",\"url\":\"https:\/\/www.legendyuvas.cz\/wp-content\/uploads\/2021\/03\/Legendy-u-Vas.jpg\",\"contentUrl\":\"https:\/\/www.legendyuvas.cz\/wp-content\/uploads\/2021\/03\/Legendy-u-Vas.jpg\",\"width\":400,\"height\":240,\"caption\":\"Bontex2 s.r.o.\"},\"image\":{\"@id\":\"https:\/\/www.legendyuvas.cz\/#\/schema\/logo\/image\/\"},\"sameAs\":[\"https:\/\/www.facebook.com\/autolegendyuvas\",\"https:\/\/www.facebook.com\/motolegendyuvas\",\"https:\/\/www.instagram.com\/autolegendyuvas\/\",\"https:\/\/www.instagram.com\/motolegendyuvas\/\"]}]}<\/script>\n<!-- \/ Yoast SEO plugin. -->","yoast_head_json":{"title":"Z\u00e1sady spracovania osobn\u00fdch \u00fadajov - Legendy U V\u00e1s","robots":{"index":"index","follow":"follow","max-snippet":"max-snippet:-1","max-image-preview":"max-image-preview:large","max-video-preview":"max-video-preview:-1"},"canonical":"https:\/\/www.legendyuvas.cz\/zasady-zpracovani-osobnich-udaju\/","og_locale":"sk_SK","og_type":"article","og_title":"Z\u00e1sady spracovania osobn\u00fdch \u00fadajov - Legendy U V\u00e1s","og_description":"Z\u00e1sady spracovania osobn\u00fdch \u00fadajov I. Z\u00e1kladn\u00e9 ustanovenia 1. Prev\u00e1dzkovate\u013eom osobn\u00fdch \u00fadajov pod\u013ea \u010dl. 4 bod 7 nariadenia Eur\u00f3pskeho parlamentu a Rady (E\u00da) 2016\/679 o ochrane fyzick\u00fdch os\u00f4b pri sprac\u00favan\u00ed osobn\u00fdch \u00fadajov a o vo\u013enom pohybe tak\u00fdchto \u00fadajov (\u010falej len: &#8222;GDPR&#8220;) je spolo\u010dnos\u0165 Bontex2 s.r.o., I\u010cO: 14285991, so s\u00eddlom Pod Turnovskou trat\u00ed 182\/18, Praha 9, zap\u00edsan\u00e1 [&hellip;]","og_url":"https:\/\/www.legendyuvas.cz\/zasady-zpracovani-osobnich-udaju\/","og_site_name":"Legendy U V\u00e1s","article_publisher":"https:\/\/www.facebook.com\/autolegendyuvas","article_modified_time":"2025-11-11T16:18:22+00:00","og_image":[{"width":1024,"height":630,"url":"https:\/\/www.legendyuvas.cz\/wp-content\/uploads\/2023\/06\/Porsche-GT3-RS-1-min.jpg","type":"image\/jpeg"}],"twitter_card":"summary_large_image","twitter_misc":{"Predpokladan\u00fd \u010das \u010d\u00edtania":"8 min\u00fat"},"schema":{"@context":"https:\/\/schema.org","@graph":[{"@type":"WebPage","@id":"https:\/\/www.legendyuvas.cz\/zasady-zpracovani-osobnich-udaju\/","url":"https:\/\/www.legendyuvas.cz\/zasady-zpracovani-osobnich-udaju\/","name":"Z\u00e1sady spracovania osobn\u00fdch \u00fadajov - Legendy U V\u00e1s","isPartOf":{"@id":"https:\/\/www.legendyuvas.cz\/#website"},"datePublished":"2023-07-06T08:13:34+00:00","dateModified":"2025-11-11T16:18:22+00:00","breadcrumb":{"@id":"https:\/\/www.legendyuvas.cz\/zasady-zpracovani-osobnich-udaju\/#breadcrumb"},"inLanguage":"sk-SK","potentialAction":[{"@type":"ReadAction","target":["https:\/\/www.legendyuvas.cz\/zasady-zpracovani-osobnich-udaju\/"]}]},{"@type":"BreadcrumbList","@id":"https:\/\/www.legendyuvas.cz\/zasady-zpracovani-osobnich-udaju\/#breadcrumb","itemListElement":[{"@type":"ListItem","position":1,"name":"Dom\u016f","item":"https:\/\/www.legendyuvas.cz\/"},{"@type":"ListItem","position":2,"name":"Z\u00e1sady spracovania osobn\u00fdch \u00fadajov"}]},{"@type":"WebSite","@id":"https:\/\/www.legendyuvas.cz\/#website","url":"https:\/\/www.legendyuvas.cz\/","name":"Legendy U V\u00e1s","description":"Dechberouc\u00ed z\u00e1\u017eitky v autech a motork\u00e1ch","publisher":{"@id":"https:\/\/www.legendyuvas.cz\/#organization"},"potentialAction":[{"@type":"SearchAction","target":{"@type":"EntryPoint","urlTemplate":"https:\/\/www.legendyuvas.cz\/?s={search_term_string}"},"query-input":{"@type":"PropertyValueSpecification","valueRequired":true,"valueName":"search_term_string"}}],"inLanguage":"sk-SK"},{"@type":"Organization","@id":"https:\/\/www.legendyuvas.cz\/#organization","name":"Bontex2 s.r.o.","url":"https:\/\/www.legendyuvas.cz\/","logo":{"@type":"ImageObject","inLanguage":"sk-SK","@id":"https:\/\/www.legendyuvas.cz\/#\/schema\/logo\/image\/","url":"https:\/\/www.legendyuvas.cz\/wp-content\/uploads\/2021\/03\/Legendy-u-Vas.jpg","contentUrl":"https:\/\/www.legendyuvas.cz\/wp-content\/uploads\/2021\/03\/Legendy-u-Vas.jpg","width":400,"height":240,"caption":"Bontex2 s.r.o."},"image":{"@id":"https:\/\/www.legendyuvas.cz\/#\/schema\/logo\/image\/"},"sameAs":["https:\/\/www.facebook.com\/autolegendyuvas","https:\/\/www.facebook.com\/motolegendyuvas","https:\/\/www.instagram.com\/autolegendyuvas\/","https:\/\/www.instagram.com\/motolegendyuvas\/"]}]}},"_links":{"self":[{"href":"https:\/\/www.legendyuvas.cz\/sk\/wp-json\/wp\/v2\/pages\/33361","targetHints":{"allow":["GET"]}}],"collection":[{"href":"https:\/\/www.legendyuvas.cz\/sk\/wp-json\/wp\/v2\/pages"}],"about":[{"href":"https:\/\/www.legendyuvas.cz\/sk\/wp-json\/wp\/v2\/types\/page"}],"author":[{"embeddable":true,"href":"https:\/\/www.legendyuvas.cz\/sk\/wp-json\/wp\/v2\/users\/3"}],"replies":[{"embeddable":true,"href":"https:\/\/www.legendyuvas.cz\/sk\/wp-json\/wp\/v2\/comments?post=33361"}],"version-history":[{"count":3,"href":"https:\/\/www.legendyuvas.cz\/sk\/wp-json\/wp\/v2\/pages\/33361\/revisions"}],"predecessor-version":[{"id":33364,"href":"https:\/\/www.legendyuvas.cz\/sk\/wp-json\/wp\/v2\/pages\/33361\/revisions\/33364"}],"wp:attachment":[{"href":"https:\/\/www.legendyuvas.cz\/sk\/wp-json\/wp\/v2\/media?parent=33361"}],"curies":[{"name":"wp","href":"https:\/\/api.w.org\/{rel}","templated":true}]}}