{"id":33607,"date":"2025-01-21T12:18:47","date_gmt":"2025-01-21T12:18:47","guid":{"rendered":"https:\/\/www.legendyuvas.cz\/zasady-spracovania-osobnych-udajov-na-marketingove-ucely\/"},"modified":"2025-11-12T14:50:44","modified_gmt":"2025-11-12T14:50:44","slug":"zasady-spracovania-osobnych-udajov-na-marketingove-ucely","status":"publish","type":"page","link":"https:\/\/www.legendyuvas.cz\/sk\/zasady-spracovania-osobnych-udajov-na-marketingove-ucely\/","title":{"rendered":"Z\u00e1sady spracovania osobn\u00fdch \u00fadajov na marketingov\u00e9 \u00fa\u010dely"},"content":{"rendered":"\t\t<div data-elementor-type=\"wp-page\" data-elementor-id=\"33607\" class=\"elementor elementor-33607 elementor-15267\" data-elementor-post-type=\"page\">\n\t\t\t\t\t\t<section class=\"elementor-section elementor-top-section elementor-element elementor-element-1d333d1f elementor-section-boxed elementor-section-height-default elementor-section-height-default\" data-id=\"1d333d1f\" data-element_type=\"section\">\n\t\t\t\t\t\t<div class=\"elementor-container elementor-column-gap-default\">\n\t\t\t\t\t<div class=\"elementor-column elementor-col-100 elementor-top-column elementor-element elementor-element-2270f0df\" data-id=\"2270f0df\" data-element_type=\"column\">\n\t\t\t<div class=\"elementor-widget-wrap elementor-element-populated\">\n\t\t\t\t\t\t<div class=\"elementor-element elementor-element-4e6de45c elementor-widget elementor-widget-text-editor\" data-id=\"4e6de45c\" data-element_type=\"widget\" data-widget_type=\"text-editor.default\">\n\t\t\t\t<div class=\"elementor-widget-container\">\n\t\t\t\t\t\t\t\t\t<p style=\"line-height: 100%; margin-bottom: 0.19in; background: #ffffff;\"><span style=\"font-family: Times New Roman, serif;\"><span style=\"font-size: medium;\"><span style=\"color: #000000;\"><span style=\"font-family: Arial, serif;\">Princ\u00edpy\r\nsprac\u00favanie osobn\u00fdch \u00fadajov na marketingov\u00e9 \u00fa\u010dely<\/span><\/span><\/span><\/span><\/p><br><p style=\"line-height: 100%; margin-bottom: 0,19in; background: #ffffff;\"><span style=\"font-family: Times New Roman, serif;\"><span style=\"font-size: medium;\"><span style=\"color: #000000;\"><span style=\"font-family: Arial, serif;\">I.\r\nZ\u00e1kladn\u00e9 ustanovenia<\/span><\/span><\/span><\/span><\/p><br><p style=\"line-height: 100%; margin-bottom: 0.19in; background: #ffffff;\"><span style=\"font-family: Times New Roman, serif;\"><span style=\"font-size: medium;\"><span style=\"color: #000000;\"><span style=\"font-family: Arial, serif;\">1.\r\nPrev\u00e1dzkovate\u013e osobn\u00fdch \u00fadajov pod\u013ea \u010dl\u00e1nku 4 ods. 7 eur\u00f3pskeho nariadenia\r\nEur\u00f3pskeho parlamentu a Rady (E\u00da) 2016\/679 o ochrane fyzick\u00fdch os\u00f4b pri\r\nsprac\u00favan\u00ed osobn\u00fdch \u00fadajov a o vo\u013enom pohybe tak\u00fdchto \u00fadajov\r\nt\u00fdchto \u00fadajov (\u010falej len &#8222;GDPR&#8220;) je spolo\u010dnos\u0165 Bontex2\r\ns.r.o., I\u010cO: 14285991 so s\u00eddlom Pod Turnovskou trat\u00ed 182\/18, Praha\r\n9, zap\u00edsan\u00e1 v obchodnom registri vedenom Mestsk\u00fdm s\u00fadom v\r\nPrahe, oddiel C, vlo\u017eka 363403, zast\u00fapen\u00e1 Bc. Martinom Zimom,\r\nkonate\u013eom (\u010falej len &#8222;spr\u00e1vca&#8220;).<\/span><\/span><\/span><\/span><\/p><br><p style=\"line-height: 100%; margin-bottom: 0.19in; background: #ffffff;\"><span style=\"font-family: Times New Roman, serif;\"><span style=\"font-size: medium;\"><span style=\"color: #000000;\"><span style=\"font-family: Arial, serif;\">2.\r\nKontaktn\u00e9 \u00fadaje spr\u00e1vcu s\u00fa: Bontex2 s.r.o., Pod Turnovskou trat\u00ed\r\n182\/18, Praha 9, 198 00, tel.: 602 444 244, e-mail:\r\n<\/span><\/span><\/span><\/span><\/p><br><p style=\"line-height: 100%; margin-bottom: 0.19in; background: #ffffff;\"><span style=\"font-family: Times New Roman, serif;\"><span style=\"font-size: medium;\"><span style=\"color: #000000;\"><span style=\"font-family: Arial, serif;\">3.\r\nOsobn\u00e9 \u00fadaje znamenaj\u00fa ak\u00e9ko\u013evek inform\u00e1cie o identifikovanej\r\nalebo identifikovate\u013enej fyzickej osobe; identifikovate\u013en\u00e1 fyzick\u00e1\r\nfyzick\u00e1 osoba znamen\u00e1 fyzick\u00fa osobu, ktor\u00fa mo\u017eno priamo alebo nepriamo identifikova\u0165\r\nidentifikova\u0165, najm\u00e4 odkazom na identifik\u00e1tor, napr.\r\nmeno, identifika\u010dn\u00e9 \u010d\u00edslo, lokaliza\u010dn\u00e9 \u00fadaje, sie\u0165\r\nalebo na jeden alebo viacero \u0161pecifick\u00fdch prvkov fyzickej osoby,\r\nfyziologick\u00fdch, genetick\u00fdch, psychologick\u00fdch, ekonomick\u00fdch, kult\u00farnych alebo\r\nsoci\u00e1lnu identitu tejto fyzickej osoby.<\/span><\/span><\/span><\/span><\/p><br><p style=\"line-height: 100%; margin-bottom: 0.19in; background: #ffffff;\"><a name=\"_GoBack\"><\/a>\r\n<span style=\"font-family: Times New Roman, serif;\"><span style=\"font-size: medium;\"><span style=\"color: #000000;\"><span style=\"font-family: Arial, serif;\">4.\r\nPrev\u00e1dzkovate\u013e vymenoval \u00faradn\u00edka pre ochranu \u00fadajov.\r\nPavel \u0160piryt, e-mail:\r\ninfo@legendyuvas.cz, tel.: 602 444 244.<\/span><\/span><\/span><\/span><\/p><br><p style=\"line-height: 108%; margin-bottom: 0.11in;\"><span style=\"font-family: Arial, serif;\"><span style=\"font-size: medium;\">II.\r\nSprac\u00favanie osobn\u00fdch \u00fadajov na marketingov\u00e9 \u00fa\u010dely<\/span><\/span><\/p><br><p style=\"line-height: 108%; margin-bottom: 0.11in;\"><span style=\"font-family: Arial, serif;\"><span style=\"font-size: medium;\">1.\r\n\u00dadaje na\u0161ich z\u00e1kazn\u00edkov sprac\u00favame na \u00fa\u010dely priameho\r\nmarketingu v s\u00falade s ustanoveniami z\u00e1kona. V r\u00e1mci tohto procesu\r\nzabezpe\u010dujeme najm\u00e4 to, aby boli na\u0161e slu\u017eby \u010do najviac prisp\u00f4soben\u00e9\r\npod\u013ea va\u0161ich po\u017eiadaviek. Pou\u017e\u00edvanie pravdepodobnostn\u00fdch hodn\u00f4t\r\nsa sna\u017e\u00edme zobrazova\u0165 v\u00e1m len tak\u00fa reklamu, ktor\u00e1 je \u010do najrelevantnej\u0161ia.\r\nobsah, ktor\u00fd v\u00e1s bude zauj\u00edma\u0165.<\/span><\/span><\/p><br><p style=\"line-height: 108%; margin-bottom: 0.11in;\"><span style=\"font-family: Arial, serif;\"><span style=\"font-size: medium;\">2.\r\nKr\u00e1tkym p\u00edsomn\u00fdm ozn\u00e1men\u00edm na adresu info@legendyuvas.cz.\r\nm\u00f4\u017eete kedyko\u013evek vznies\u0165 n\u00e1mietku proti pou\u017e\u00edvaniu va\u0161ich \u00fadajov\r\nna \u00fa\u010dely priameho marketingu alebo odvola\u0165 svoj s\u00fahlas, a to\r\nbezplatne, s v\u00fdnimkou n\u00e1kladov vynalo\u017een\u00fdch na prenos v s\u00falade s\r\nz\u00e1kladn\u00fdmi sadzbami.<\/span><\/span><\/p><br><p style=\"line-height: 108%; margin-bottom: 0.11in;\"><span style=\"font-family: Arial, serif;\"><span style=\"font-size: medium;\">3.\r\nAk sa chcete odhl\u00e1si\u0165 z odberu noviniek, m\u00f4\u017eete\r\npou\u017ei\u0165 pr\u00edslu\u0161n\u00fd odkaz na konci bulletinu. <\/span><\/span><\/p><br><p style=\"line-height: 108%; margin-bottom: 0.11in;\"><span style=\"font-family: Arial, serif;\"><span style=\"font-size: medium;\">4.\r\nAk m\u00e1te n\u00e1mietky, va\u0161a uveden\u00e1 kontaktn\u00e1 adresa pre\r\nn\u00e1sledn\u00e9 spracovanie v s\u00favislosti s reklamami. M\u00e1me radi\r\nv\u00e1s chceme informova\u0165, \u017ee vo v\u00fdnimo\u010dn\u00fdch pr\u00edpadoch\r\nm\u00f4\u017eu by\u0165 reklamn\u00e9 materi\u00e1ly zasielan\u00e9 aj po tom, ako sme dostali va\u0161u\r\nn\u00e1mietku. Je to z technick\u00fdch d\u00f4vodov a neznamen\u00e1 to,\r\n\u017ee va\u0161u n\u00e1mietku nespracujeme.<\/span><\/span><\/p><br><p style=\"line-height: 108%; margin-bottom: 0.11in;\"><span style=\"font-family: Arial, serif;\"><span style=\"font-size: medium;\">5.\r\nVa\u0161e \u00fadaje pren\u00e1\u0161ame obchodn\u00fdm partnerom na \u00fa\u010dely\r\nzasielania marketingov\u00fdch materi\u00e1lov.<\/span><\/span><\/p><br><p style=\"line-height: 108%; margin-bottom: 0.11in;\"><span style=\"font-family: Arial, serif;\"><span style=\"font-size: medium;\">6.\r\nPr\u00e1vnym z\u00e1kladom tohto sprac\u00favania je \u00a7 7 ods. 3 z\u00e1kona \u010d.\r\n480\/2004 Z. z. o niektor\u00fdch slu\u017eb\u00e1ch informa\u010dnej spolo\u010dnosti a\r\n\u010cl\u00e1nok 6 ods. 1 p\u00edsm. f) v\u0161eobecn\u00e9ho nariadenia E\u00da o ochrane \u00fadajov. N\u00e1\u0161 z\u00e1ujem o adresovanie inzer\u00e1tov\r\nv s\u00falade s po\u017eiadavkami sa pova\u017euje za opr\u00e1vnen\u00fd z\u00e1ujem v zmysle\r\nuveden\u00e9ho ustanovenia.<\/span><\/span><\/p><br><p style=\"line-height: 108%; margin-bottom: 0.11in;\"><style type=\"text\/css\">p { line-height: 115%; text-align: left; orphans: 2; widows: 2; margin-bottom: 0.1in; direction: ltr; background: transparent }<\/style><\/p>\t\t\t\t\t\t\t\t<\/div>\n\t\t\t\t<\/div>\n\t\t\t\t\t<\/div>\n\t\t<\/div>\n\t\t\t\t\t<\/div>\n\t\t<\/section>\n\t\t\t\t<\/div>\n\t\t","protected":false},"excerpt":{"rendered":"<p>Princ\u00edpy sprac\u00favanie osobn\u00fdch \u00fadajov na marketingov\u00e9 \u00fa\u010dely I. Z\u00e1kladn\u00e9 ustanovenia 1. Prev\u00e1dzkovate\u013e osobn\u00fdch \u00fadajov pod\u013ea \u010dl\u00e1nku 4 ods. 7 eur\u00f3pskeho nariadenia Eur\u00f3pskeho parlamentu a Rady (E\u00da) 2016\/679 o ochrane fyzick\u00fdch os\u00f4b pri sprac\u00favan\u00ed osobn\u00fdch \u00fadajov a o vo\u013enom pohybe tak\u00fdchto \u00fadajov t\u00fdchto \u00fadajov (\u010falej len &#8222;GDPR&#8220;) je spolo\u010dnos\u0165 Bontex2 s.r.o., I\u010cO: 14285991 so s\u00eddlom Pod [&hellip;]<\/p>\n","protected":false},"author":3,"featured_media":0,"parent":0,"menu_order":0,"comment_status":"closed","ping_status":"closed","template":"","meta":{"footnotes":""},"class_list":["post-33607","page","type-page","status-publish","hentry"],"yoast_head":"<!-- This site is optimized with the Yoast SEO plugin v24.8.1 - https:\/\/yoast.com\/wordpress\/plugins\/seo\/ -->\n<title>Z\u00e1sady spracovania osobn\u00fdch \u00fadajov na marketingov\u00e9 \u00fa\u010dely - Legendy U V\u00e1s<\/title>\n<meta name=\"robots\" content=\"index, follow, max-snippet:-1, max-image-preview:large, max-video-preview:-1\" \/>\n<link rel=\"canonical\" href=\"https:\/\/www.legendyuvas.cz\/zasady-zpracovani-osobnich-udaju-pro-marketingove-ucely\/\" \/>\n<meta property=\"og:locale\" content=\"sk_SK\" \/>\n<meta property=\"og:type\" content=\"article\" \/>\n<meta property=\"og:title\" content=\"Z\u00e1sady spracovania osobn\u00fdch \u00fadajov na marketingov\u00e9 \u00fa\u010dely - Legendy U V\u00e1s\" \/>\n<meta property=\"og:description\" content=\"Princ\u00edpy sprac\u00favanie osobn\u00fdch \u00fadajov na marketingov\u00e9 \u00fa\u010dely I. Z\u00e1kladn\u00e9 ustanovenia 1. Prev\u00e1dzkovate\u013e osobn\u00fdch \u00fadajov pod\u013ea \u010dl\u00e1nku 4 ods. 7 eur\u00f3pskeho nariadenia Eur\u00f3pskeho parlamentu a Rady (E\u00da) 2016\/679 o ochrane fyzick\u00fdch os\u00f4b pri sprac\u00favan\u00ed osobn\u00fdch \u00fadajov a o vo\u013enom pohybe tak\u00fdchto \u00fadajov t\u00fdchto \u00fadajov (\u010falej len &#8222;GDPR&#8220;) je spolo\u010dnos\u0165 Bontex2 s.r.o., I\u010cO: 14285991 so s\u00eddlom Pod [&hellip;]\" \/>\n<meta property=\"og:url\" content=\"https:\/\/www.legendyuvas.cz\/zasady-zpracovani-osobnich-udaju-pro-marketingove-ucely\/\" \/>\n<meta property=\"og:site_name\" content=\"Legendy U V\u00e1s\" \/>\n<meta property=\"article:publisher\" content=\"https:\/\/www.facebook.com\/autolegendyuvas\" \/>\n<meta property=\"article:modified_time\" content=\"2025-11-12T14:50:44+00:00\" \/>\n<meta property=\"og:image\" content=\"https:\/\/www.legendyuvas.cz\/wp-content\/uploads\/2023\/06\/Porsche-GT3-RS-1-min.jpg\" \/>\n\t<meta property=\"og:image:width\" content=\"1024\" \/>\n\t<meta property=\"og:image:height\" content=\"630\" \/>\n\t<meta property=\"og:image:type\" content=\"image\/jpeg\" \/>\n<meta name=\"twitter:card\" content=\"summary_large_image\" \/>\n<meta name=\"twitter:label1\" content=\"Predpokladan\u00fd \u010das \u010d\u00edtania\" \/>\n\t<meta name=\"twitter:data1\" content=\"3 min\u00faty\" \/>\n<script type=\"application\/ld+json\" class=\"yoast-schema-graph\">{\"@context\":\"https:\/\/schema.org\",\"@graph\":[{\"@type\":\"WebPage\",\"@id\":\"https:\/\/www.legendyuvas.cz\/zasady-zpracovani-osobnich-udaju-pro-marketingove-ucely\/\",\"url\":\"https:\/\/www.legendyuvas.cz\/zasady-zpracovani-osobnich-udaju-pro-marketingove-ucely\/\",\"name\":\"Z\u00e1sady spracovania osobn\u00fdch \u00fadajov na marketingov\u00e9 \u00fa\u010dely - Legendy U V\u00e1s\",\"isPartOf\":{\"@id\":\"https:\/\/www.legendyuvas.cz\/#website\"},\"datePublished\":\"2025-01-21T12:18:47+00:00\",\"dateModified\":\"2025-11-12T14:50:44+00:00\",\"breadcrumb\":{\"@id\":\"https:\/\/www.legendyuvas.cz\/zasady-zpracovani-osobnich-udaju-pro-marketingove-ucely\/#breadcrumb\"},\"inLanguage\":\"sk-SK\",\"potentialAction\":[{\"@type\":\"ReadAction\",\"target\":[\"https:\/\/www.legendyuvas.cz\/zasady-zpracovani-osobnich-udaju-pro-marketingove-ucely\/\"]}]},{\"@type\":\"BreadcrumbList\",\"@id\":\"https:\/\/www.legendyuvas.cz\/zasady-zpracovani-osobnich-udaju-pro-marketingove-ucely\/#breadcrumb\",\"itemListElement\":[{\"@type\":\"ListItem\",\"position\":1,\"name\":\"Dom\u016f\",\"item\":\"https:\/\/www.legendyuvas.cz\/\"},{\"@type\":\"ListItem\",\"position\":2,\"name\":\"Z\u00e1sady spracovania osobn\u00fdch \u00fadajov na marketingov\u00e9 \u00fa\u010dely\"}]},{\"@type\":\"WebSite\",\"@id\":\"https:\/\/www.legendyuvas.cz\/#website\",\"url\":\"https:\/\/www.legendyuvas.cz\/\",\"name\":\"Legendy U V\u00e1s\",\"description\":\"Dechberouc\u00ed z\u00e1\u017eitky v autech a motork\u00e1ch\",\"publisher\":{\"@id\":\"https:\/\/www.legendyuvas.cz\/#organization\"},\"potentialAction\":[{\"@type\":\"SearchAction\",\"target\":{\"@type\":\"EntryPoint\",\"urlTemplate\":\"https:\/\/www.legendyuvas.cz\/?s={search_term_string}\"},\"query-input\":{\"@type\":\"PropertyValueSpecification\",\"valueRequired\":true,\"valueName\":\"search_term_string\"}}],\"inLanguage\":\"sk-SK\"},{\"@type\":\"Organization\",\"@id\":\"https:\/\/www.legendyuvas.cz\/#organization\",\"name\":\"Bontex2 s.r.o.\",\"url\":\"https:\/\/www.legendyuvas.cz\/\",\"logo\":{\"@type\":\"ImageObject\",\"inLanguage\":\"sk-SK\",\"@id\":\"https:\/\/www.legendyuvas.cz\/#\/schema\/logo\/image\/\",\"url\":\"https:\/\/www.legendyuvas.cz\/wp-content\/uploads\/2021\/03\/Legendy-u-Vas.jpg\",\"contentUrl\":\"https:\/\/www.legendyuvas.cz\/wp-content\/uploads\/2021\/03\/Legendy-u-Vas.jpg\",\"width\":400,\"height\":240,\"caption\":\"Bontex2 s.r.o.\"},\"image\":{\"@id\":\"https:\/\/www.legendyuvas.cz\/#\/schema\/logo\/image\/\"},\"sameAs\":[\"https:\/\/www.facebook.com\/autolegendyuvas\",\"https:\/\/www.facebook.com\/motolegendyuvas\",\"https:\/\/www.instagram.com\/autolegendyuvas\/\",\"https:\/\/www.instagram.com\/motolegendyuvas\/\"]}]}<\/script>\n<!-- \/ Yoast SEO plugin. -->","yoast_head_json":{"title":"Z\u00e1sady spracovania osobn\u00fdch \u00fadajov na marketingov\u00e9 \u00fa\u010dely - Legendy U V\u00e1s","robots":{"index":"index","follow":"follow","max-snippet":"max-snippet:-1","max-image-preview":"max-image-preview:large","max-video-preview":"max-video-preview:-1"},"canonical":"https:\/\/www.legendyuvas.cz\/zasady-zpracovani-osobnich-udaju-pro-marketingove-ucely\/","og_locale":"sk_SK","og_type":"article","og_title":"Z\u00e1sady spracovania osobn\u00fdch \u00fadajov na marketingov\u00e9 \u00fa\u010dely - Legendy U V\u00e1s","og_description":"Princ\u00edpy sprac\u00favanie osobn\u00fdch \u00fadajov na marketingov\u00e9 \u00fa\u010dely I. Z\u00e1kladn\u00e9 ustanovenia 1. Prev\u00e1dzkovate\u013e osobn\u00fdch \u00fadajov pod\u013ea \u010dl\u00e1nku 4 ods. 7 eur\u00f3pskeho nariadenia Eur\u00f3pskeho parlamentu a Rady (E\u00da) 2016\/679 o ochrane fyzick\u00fdch os\u00f4b pri sprac\u00favan\u00ed osobn\u00fdch \u00fadajov a o vo\u013enom pohybe tak\u00fdchto \u00fadajov t\u00fdchto \u00fadajov (\u010falej len &#8222;GDPR&#8220;) je spolo\u010dnos\u0165 Bontex2 s.r.o., I\u010cO: 14285991 so s\u00eddlom Pod [&hellip;]","og_url":"https:\/\/www.legendyuvas.cz\/zasady-zpracovani-osobnich-udaju-pro-marketingove-ucely\/","og_site_name":"Legendy U V\u00e1s","article_publisher":"https:\/\/www.facebook.com\/autolegendyuvas","article_modified_time":"2025-11-12T14:50:44+00:00","og_image":[{"width":1024,"height":630,"url":"https:\/\/www.legendyuvas.cz\/wp-content\/uploads\/2023\/06\/Porsche-GT3-RS-1-min.jpg","type":"image\/jpeg"}],"twitter_card":"summary_large_image","twitter_misc":{"Predpokladan\u00fd \u010das \u010d\u00edtania":"3 min\u00faty"},"schema":{"@context":"https:\/\/schema.org","@graph":[{"@type":"WebPage","@id":"https:\/\/www.legendyuvas.cz\/zasady-zpracovani-osobnich-udaju-pro-marketingove-ucely\/","url":"https:\/\/www.legendyuvas.cz\/zasady-zpracovani-osobnich-udaju-pro-marketingove-ucely\/","name":"Z\u00e1sady spracovania osobn\u00fdch \u00fadajov na marketingov\u00e9 \u00fa\u010dely - Legendy U V\u00e1s","isPartOf":{"@id":"https:\/\/www.legendyuvas.cz\/#website"},"datePublished":"2025-01-21T12:18:47+00:00","dateModified":"2025-11-12T14:50:44+00:00","breadcrumb":{"@id":"https:\/\/www.legendyuvas.cz\/zasady-zpracovani-osobnich-udaju-pro-marketingove-ucely\/#breadcrumb"},"inLanguage":"sk-SK","potentialAction":[{"@type":"ReadAction","target":["https:\/\/www.legendyuvas.cz\/zasady-zpracovani-osobnich-udaju-pro-marketingove-ucely\/"]}]},{"@type":"BreadcrumbList","@id":"https:\/\/www.legendyuvas.cz\/zasady-zpracovani-osobnich-udaju-pro-marketingove-ucely\/#breadcrumb","itemListElement":[{"@type":"ListItem","position":1,"name":"Dom\u016f","item":"https:\/\/www.legendyuvas.cz\/"},{"@type":"ListItem","position":2,"name":"Z\u00e1sady spracovania osobn\u00fdch \u00fadajov na marketingov\u00e9 \u00fa\u010dely"}]},{"@type":"WebSite","@id":"https:\/\/www.legendyuvas.cz\/#website","url":"https:\/\/www.legendyuvas.cz\/","name":"Legendy U V\u00e1s","description":"Dechberouc\u00ed z\u00e1\u017eitky v autech a motork\u00e1ch","publisher":{"@id":"https:\/\/www.legendyuvas.cz\/#organization"},"potentialAction":[{"@type":"SearchAction","target":{"@type":"EntryPoint","urlTemplate":"https:\/\/www.legendyuvas.cz\/?s={search_term_string}"},"query-input":{"@type":"PropertyValueSpecification","valueRequired":true,"valueName":"search_term_string"}}],"inLanguage":"sk-SK"},{"@type":"Organization","@id":"https:\/\/www.legendyuvas.cz\/#organization","name":"Bontex2 s.r.o.","url":"https:\/\/www.legendyuvas.cz\/","logo":{"@type":"ImageObject","inLanguage":"sk-SK","@id":"https:\/\/www.legendyuvas.cz\/#\/schema\/logo\/image\/","url":"https:\/\/www.legendyuvas.cz\/wp-content\/uploads\/2021\/03\/Legendy-u-Vas.jpg","contentUrl":"https:\/\/www.legendyuvas.cz\/wp-content\/uploads\/2021\/03\/Legendy-u-Vas.jpg","width":400,"height":240,"caption":"Bontex2 s.r.o."},"image":{"@id":"https:\/\/www.legendyuvas.cz\/#\/schema\/logo\/image\/"},"sameAs":["https:\/\/www.facebook.com\/autolegendyuvas","https:\/\/www.facebook.com\/motolegendyuvas","https:\/\/www.instagram.com\/autolegendyuvas\/","https:\/\/www.instagram.com\/motolegendyuvas\/"]}]}},"_links":{"self":[{"href":"https:\/\/www.legendyuvas.cz\/sk\/wp-json\/wp\/v2\/pages\/33607","targetHints":{"allow":["GET"]}}],"collection":[{"href":"https:\/\/www.legendyuvas.cz\/sk\/wp-json\/wp\/v2\/pages"}],"about":[{"href":"https:\/\/www.legendyuvas.cz\/sk\/wp-json\/wp\/v2\/types\/page"}],"author":[{"embeddable":true,"href":"https:\/\/www.legendyuvas.cz\/sk\/wp-json\/wp\/v2\/users\/3"}],"replies":[{"embeddable":true,"href":"https:\/\/www.legendyuvas.cz\/sk\/wp-json\/wp\/v2\/comments?post=33607"}],"version-history":[{"count":1,"href":"https:\/\/www.legendyuvas.cz\/sk\/wp-json\/wp\/v2\/pages\/33607\/revisions"}],"predecessor-version":[{"id":33608,"href":"https:\/\/www.legendyuvas.cz\/sk\/wp-json\/wp\/v2\/pages\/33607\/revisions\/33608"}],"wp:attachment":[{"href":"https:\/\/www.legendyuvas.cz\/sk\/wp-json\/wp\/v2\/media?parent=33607"}],"curies":[{"name":"wp","href":"https:\/\/api.w.org\/{rel}","templated":true}]}}