{"id":32241,"date":"2024-10-25T07:54:54","date_gmt":"2024-10-25T07:54:54","guid":{"rendered":"https:\/\/www.legendyuvas.cz\/produkt\/caterham-seven-485-csr-mt\/"},"modified":"2025-12-27T00:02:35","modified_gmt":"2025-12-27T00:02:35","slug":"caterham-seven-485-csr-mt","status":"publish","type":"product","link":"https:\/\/www.legendyuvas.cz\/sk\/produkt\/caterham-seven-485-csr-mt\/","title":{"rendered":"Caterham Seven 485 CSR (MT)"},"content":{"rendered":"<h1><strong>Bude\u0161 policajt, zlo\u010dinec alebo Belmondo?<br \/>\n<\/strong><\/h1>\n<p>Vyu\u017eite jedine\u010dn\u00fa pr\u00edle\u017eitos\u0165 jazdi\u0165 vo vozidle Caterham &#8211; pr\u00e1voplatnom n\u00e1stupcovi legend\u00e1rneho <strong>Lotusu 7<\/strong>. Za\u017eite \u010dist\u00fd p\u00f4\u017eitok z jazdy, <strong>vietor vo vlasoch<\/strong> a bezprostredn\u00fd <strong>kontakt so strojom.<\/strong> Poc\u00ed\u0165te r\u00fdchlos\u0165 na dosah ruky a husiu ko\u017eu z bur\u00e1caj\u00faceho motora. Toto nie je n\u00f3bl le\u0161tenka, ale skuto\u010dn\u00e9 a poctiv\u00e9 auto pre poriadneho \u0161of\u00e9ra. M\u00e1rne tu budete h\u013eada\u0165 ak\u00e9ko\u013evek elektronick\u00e9 pom\u00f4cky. V\u0161etko je <strong>na tom, kto sed\u00ed za volantom.<\/strong><\/p>\n<p><img fetchpriority=\"high\" decoding=\"async\" class=\"aligncenter wp-image-12121 size-full\" src=\"https:\/\/www.legendyuvas.cz\/wp-content\/uploads\/2024\/10\/DSC01294-scaled.jpg\" alt=\"\" width=\"2560\" height=\"1707\" srcset=\"https:\/\/www.legendyuvas.cz\/wp-content\/uploads\/2024\/10\/DSC01294-scaled.jpg 2560w, https:\/\/www.legendyuvas.cz\/wp-content\/uploads\/2024\/10\/DSC01294-300x200.jpg 300w, https:\/\/www.legendyuvas.cz\/wp-content\/uploads\/2024\/10\/DSC01294-1024x683.jpg 1024w, https:\/\/www.legendyuvas.cz\/wp-content\/uploads\/2024\/10\/DSC01294-768x512.jpg 768w, https:\/\/www.legendyuvas.cz\/wp-content\/uploads\/2024\/10\/DSC01294-1536x1024.jpg 1536w, https:\/\/www.legendyuvas.cz\/wp-content\/uploads\/2024\/10\/DSC01294-2048x1365.jpg 2048w, https:\/\/www.legendyuvas.cz\/wp-content\/uploads\/2024\/10\/DSC01294-600x400.jpg 600w\" sizes=\"(max-width: 2560px) 100vw, 2560px\" \/><\/p>\n<p>Caterham Seven 485 CSR kombinuje \u0161pi\u010dkov\u00fd v\u00fdkon s <strong>homologiz\u00e1ciou<\/strong> na cestn\u00e9 pou\u017eitie. S dychber\u00facim zr\u00fdchlen\u00edm z 0 na 100 km\/h <strong>za iba 4 sekundy<\/strong> v\u00e1s toto vozidlo okam\u017eite vtiahne do sveta \u010distej r\u00fdchlosti. V\u00fdkonn\u00fd 2,0-litrov\u00fd motor Ford Duratec s v\u00fdkonom 240 kon\u00ed, v spojen\u00ed s prec\u00edznym samosvorn\u00fdm diferenci\u00e1lom, v\u00e1m umo\u017en\u00ed za\u017ei\u0165 maxim\u00e1lnu ovl\u00e1date\u013enos\u0165 a stabilitu &#8211; \u010di u\u017e na pretek\u00e1rskej trati alebo na k\u013eukat\u00fdch cest\u00e1ch. Disponuje <strong>manu\u00e1lnou prevodovkou.<\/strong><\/p>\n<p><img decoding=\"async\" class=\"aligncenter wp-image-12122 size-full\" src=\"https:\/\/www.legendyuvas.cz\/wp-content\/uploads\/2024\/10\/DSC01104-scaled.jpg\" alt=\"\" width=\"2560\" height=\"1707\" srcset=\"https:\/\/www.legendyuvas.cz\/wp-content\/uploads\/2024\/10\/DSC01104-scaled.jpg 2560w, https:\/\/www.legendyuvas.cz\/wp-content\/uploads\/2024\/10\/DSC01104-300x200.jpg 300w, https:\/\/www.legendyuvas.cz\/wp-content\/uploads\/2024\/10\/DSC01104-1024x683.jpg 1024w, https:\/\/www.legendyuvas.cz\/wp-content\/uploads\/2024\/10\/DSC01104-768x512.jpg 768w, https:\/\/www.legendyuvas.cz\/wp-content\/uploads\/2024\/10\/DSC01104-1536x1024.jpg 1536w, https:\/\/www.legendyuvas.cz\/wp-content\/uploads\/2024\/10\/DSC01104-2048x1365.jpg 2048w, https:\/\/www.legendyuvas.cz\/wp-content\/uploads\/2024\/10\/DSC01104-600x400.jpg 600w\" sizes=\"(max-width: 2560px) 100vw, 2560px\" \/><\/p>\n<p>Caterham Seven 485 CSR sa m\u00f4\u017ee pochv\u00e1li\u0165 vylep\u0161enou aerodynamikou a technol\u00f3giou odpru\u017eenia in\u0161pirovanou <strong>monoblokmi F1.<\/strong> Nez\u00e1visl\u00e9 zadn\u00e9 zavesenie, \u0161ir\u0161ia karos\u00e9ria a 15-palcov\u00e9 od\u013eah\u010den\u00e9 koles\u00e1 s poloz\u00e1vodn\u00fdmi pneumatikami Avon zaru\u010duj\u00fa, \u017ee auto dr\u017e\u00ed na ceste <strong>ako pribit\u00e9.<\/strong> V kombin\u00e1cii s predn\u00fdmi \u0161tvorpiestikov\u00fdmi brzdami <strong>AP<\/strong> a ventilovan\u00fdmi kot\u00fa\u010dmi je ka\u017ed\u00e1 z\u00e1kruta z\u00e1\u017eitkom pln\u00fdm prec\u00edznosti. Caterham Seven 485 CSR nie je len o adrenal\u00ednovej jazde, ale aj o <strong>\u0161t\u00fdle<\/strong>.<\/p>\n<p><img decoding=\"async\" class=\"aligncenter wp-image-12125 size-full\" src=\"https:\/\/www.legendyuvas.cz\/wp-content\/uploads\/2024\/10\/DSC01135-scaled.jpg\" alt=\"\" width=\"2560\" height=\"1707\" srcset=\"https:\/\/www.legendyuvas.cz\/wp-content\/uploads\/2024\/10\/DSC01135-scaled.jpg 2560w, https:\/\/www.legendyuvas.cz\/wp-content\/uploads\/2024\/10\/DSC01135-300x200.jpg 300w, https:\/\/www.legendyuvas.cz\/wp-content\/uploads\/2024\/10\/DSC01135-1024x683.jpg 1024w, https:\/\/www.legendyuvas.cz\/wp-content\/uploads\/2024\/10\/DSC01135-768x512.jpg 768w, https:\/\/www.legendyuvas.cz\/wp-content\/uploads\/2024\/10\/DSC01135-1536x1024.jpg 1536w, https:\/\/www.legendyuvas.cz\/wp-content\/uploads\/2024\/10\/DSC01135-2048x1365.jpg 2048w, https:\/\/www.legendyuvas.cz\/wp-content\/uploads\/2024\/10\/DSC01135-600x400.jpg 600w\" sizes=\"(max-width: 2560px) 100vw, 2560px\" \/><\/p>\n<p>Predstavte si t\u00fa rados\u0165, ke\u010f obdarovan\u00fd dostane neopakovate\u013en\u00fa pr\u00edle\u017eitos\u0165 za\u017ei\u0165 tohto automobilov\u00e9ho tit\u00e1na. Nie je to len jazda, je to oslobodenie zmyslov, nezabudnute\u013en\u00fd okamih, ktor\u00fd <strong>zanech\u00e1 trval\u00fa stopu v srdci<\/strong>. Preto nev\u00e1hajte a rezervujte si tento exkluz\u00edvny z\u00e1\u017eitok e\u0161te dnes.<\/p>\n","protected":false},"excerpt":{"rendered":"<p>Na\u0161e vozidl\u00e1 <strong>m\u00f4\u017eete riadi\u0165<\/strong> alebo si m\u00f4\u017eete vybra\u0165 jazdu ako spolujazdec so z\u00e1vodn\u00fdm jazdcom.<\/p>\n","protected":false},"featured_media":41729,"comment_status":"open","ping_status":"closed","template":"","meta":[],"product_brand":[],"product_cat":[449],"product_tag":[],"class_list":{"0":"post-32241","1":"product","2":"type-product","3":"status-publish","4":"has-post-thumbnail","6":"product_cat-auta","8":"first","9":"instock","10":"shipping-taxable","11":"purchasable","12":"product-type-variable"},"yoast_head":"<!-- This site is optimized with the Yoast SEO plugin v24.8.1 - https:\/\/yoast.com\/wordpress\/plugins\/seo\/ -->\n<title>Caterham Seven 485 CSR (MT) - Legendy U V\u00e1s<\/title>\n<meta name=\"description\" content=\"Adrenal\u00ednov\u00fd z\u00e1\u017eitok s Legendami U V\u00e1s - origin\u00e1lny dar\u010dek nielen pre mu\u017eov a automobilov\u00fdch nad\u0161encov. Jazda v \u0161portov\u00fdch aut\u00e1ch (Ferrari, Lamborghini, Porsche, ...) na z\u00e1vodnom okruhu i v okrese.\" \/>\n<meta name=\"robots\" content=\"index, follow, max-snippet:-1, max-image-preview:large, max-video-preview:-1\" \/>\n<link rel=\"canonical\" href=\"https:\/\/www.legendyuvas.cz\/produkt\/caterham\/\" \/>\n<meta property=\"og:locale\" content=\"sk_SK\" \/>\n<meta property=\"og:type\" content=\"article\" \/>\n<meta property=\"og:title\" content=\"Caterham Seven 485 CSR (MT) - Legendy U V\u00e1s\" \/>\n<meta property=\"og:description\" content=\"Adrenal\u00ednov\u00fd z\u00e1\u017eitok s Legendami U V\u00e1s - origin\u00e1lny dar\u010dek nielen pre mu\u017eov a automobilov\u00fdch nad\u0161encov. Jazda v \u0161portov\u00fdch aut\u00e1ch (Ferrari, Lamborghini, Porsche, ...) na z\u00e1vodnom okruhu i v okrese.\" \/>\n<meta property=\"og:url\" content=\"https:\/\/www.legendyuvas.cz\/produkt\/caterham\/\" \/>\n<meta property=\"og:site_name\" content=\"Legendy U V\u00e1s\" \/>\n<meta property=\"article:publisher\" content=\"https:\/\/www.facebook.com\/autolegendyuvas\" \/>\n<meta property=\"article:modified_time\" content=\"2025-12-27T00:02:35+00:00\" \/>\n<meta property=\"og:image\" content=\"https:\/\/www.legendyuvas.cz\/wp-content\/uploads\/2024\/10\/DSC01087-1536x1024-1.webp\" \/>\n\t<meta property=\"og:image:width\" content=\"1536\" \/>\n\t<meta property=\"og:image:height\" content=\"1024\" \/>\n\t<meta property=\"og:image:type\" content=\"image\/webp\" \/>\n<meta name=\"twitter:card\" content=\"summary_large_image\" \/>\n<meta name=\"twitter:label1\" content=\"Predpokladan\u00fd \u010das \u010d\u00edtania\" \/>\n\t<meta name=\"twitter:data1\" content=\"2 min\u00faty\" \/>\n<script type=\"application\/ld+json\" class=\"yoast-schema-graph\">{\"@context\":\"https:\/\/schema.org\",\"@graph\":[{\"@type\":\"WebPage\",\"@id\":\"https:\/\/www.legendyuvas.cz\/produkt\/caterham\/\",\"url\":\"https:\/\/www.legendyuvas.cz\/produkt\/caterham\/\",\"name\":\"Caterham Seven 485 CSR (MT) - Legendy U V\u00e1s\",\"isPartOf\":{\"@id\":\"https:\/\/www.legendyuvas.cz\/#website\"},\"primaryImageOfPage\":{\"@id\":\"https:\/\/www.legendyuvas.cz\/produkt\/caterham\/#primaryimage\"},\"image\":{\"@id\":\"https:\/\/www.legendyuvas.cz\/produkt\/caterham\/#primaryimage\"},\"thumbnailUrl\":\"https:\/\/www.legendyuvas.cz\/wp-content\/uploads\/2024\/10\/DSC01087-1536x1024-1-1.webp\",\"datePublished\":\"2024-10-25T07:54:54+00:00\",\"dateModified\":\"2025-12-27T00:02:35+00:00\",\"description\":\"Adrenal\u00ednov\u00fd z\u00e1\u017eitok s Legendami U V\u00e1s - origin\u00e1lny dar\u010dek nielen pre mu\u017eov a automobilov\u00fdch nad\u0161encov. Jazda v \u0161portov\u00fdch aut\u00e1ch (Ferrari, Lamborghini, Porsche, ...) na z\u00e1vodnom okruhu i v okrese.\",\"breadcrumb\":{\"@id\":\"https:\/\/www.legendyuvas.cz\/produkt\/caterham\/#breadcrumb\"},\"inLanguage\":\"sk-SK\",\"potentialAction\":[{\"@type\":\"ReadAction\",\"target\":[\"https:\/\/www.legendyuvas.cz\/produkt\/caterham\/\"]}]},{\"@type\":\"ImageObject\",\"inLanguage\":\"sk-SK\",\"@id\":\"https:\/\/www.legendyuvas.cz\/produkt\/caterham\/#primaryimage\",\"url\":\"https:\/\/www.legendyuvas.cz\/wp-content\/uploads\/2024\/10\/DSC01087-1536x1024-1-1.webp\",\"contentUrl\":\"https:\/\/www.legendyuvas.cz\/wp-content\/uploads\/2024\/10\/DSC01087-1536x1024-1-1.webp\",\"width\":1536,\"height\":1024},{\"@type\":\"BreadcrumbList\",\"@id\":\"https:\/\/www.legendyuvas.cz\/produkt\/caterham\/#breadcrumb\",\"itemListElement\":[{\"@type\":\"ListItem\",\"position\":1,\"name\":\"Dom\u016f\",\"item\":\"https:\/\/www.legendyuvas.cz\/\"},{\"@type\":\"ListItem\",\"position\":2,\"name\":\"Obchod\",\"item\":\"https:\/\/www.legendyuvas.cz\/sk\/obchod\/\"},{\"@type\":\"ListItem\",\"position\":3,\"name\":\"Caterham Seven 485 CSR (MT)\"}]},{\"@type\":\"WebSite\",\"@id\":\"https:\/\/www.legendyuvas.cz\/#website\",\"url\":\"https:\/\/www.legendyuvas.cz\/\",\"name\":\"Legendy U V\u00e1s\",\"description\":\"Dechberouc\u00ed z\u00e1\u017eitky v autech a motork\u00e1ch\",\"publisher\":{\"@id\":\"https:\/\/www.legendyuvas.cz\/#organization\"},\"potentialAction\":[{\"@type\":\"SearchAction\",\"target\":{\"@type\":\"EntryPoint\",\"urlTemplate\":\"https:\/\/www.legendyuvas.cz\/?s={search_term_string}\"},\"query-input\":{\"@type\":\"PropertyValueSpecification\",\"valueRequired\":true,\"valueName\":\"search_term_string\"}}],\"inLanguage\":\"sk-SK\"},{\"@type\":\"Organization\",\"@id\":\"https:\/\/www.legendyuvas.cz\/#organization\",\"name\":\"Bontex2 s.r.o.\",\"url\":\"https:\/\/www.legendyuvas.cz\/\",\"logo\":{\"@type\":\"ImageObject\",\"inLanguage\":\"sk-SK\",\"@id\":\"https:\/\/www.legendyuvas.cz\/#\/schema\/logo\/image\/\",\"url\":\"https:\/\/www.legendyuvas.cz\/wp-content\/uploads\/2021\/03\/Legendy-u-Vas.jpg\",\"contentUrl\":\"https:\/\/www.legendyuvas.cz\/wp-content\/uploads\/2021\/03\/Legendy-u-Vas.jpg\",\"width\":400,\"height\":240,\"caption\":\"Bontex2 s.r.o.\"},\"image\":{\"@id\":\"https:\/\/www.legendyuvas.cz\/#\/schema\/logo\/image\/\"},\"sameAs\":[\"https:\/\/www.facebook.com\/autolegendyuvas\",\"https:\/\/www.facebook.com\/motolegendyuvas\",\"https:\/\/www.instagram.com\/autolegendyuvas\/\",\"https:\/\/www.instagram.com\/motolegendyuvas\/\"]}]}<\/script>\n<!-- \/ Yoast SEO plugin. -->","yoast_head_json":{"title":"Caterham Seven 485 CSR (MT) - Legendy U V\u00e1s","description":"Adrenal\u00ednov\u00fd z\u00e1\u017eitok s Legendami U V\u00e1s - origin\u00e1lny dar\u010dek nielen pre mu\u017eov a automobilov\u00fdch nad\u0161encov. Jazda v \u0161portov\u00fdch aut\u00e1ch (Ferrari, Lamborghini, Porsche, ...) na z\u00e1vodnom okruhu i v okrese.","robots":{"index":"index","follow":"follow","max-snippet":"max-snippet:-1","max-image-preview":"max-image-preview:large","max-video-preview":"max-video-preview:-1"},"canonical":"https:\/\/www.legendyuvas.cz\/produkt\/caterham\/","og_locale":"sk_SK","og_type":"article","og_title":"Caterham Seven 485 CSR (MT) - Legendy U V\u00e1s","og_description":"Adrenal\u00ednov\u00fd z\u00e1\u017eitok s Legendami U V\u00e1s - origin\u00e1lny dar\u010dek nielen pre mu\u017eov a automobilov\u00fdch nad\u0161encov. Jazda v \u0161portov\u00fdch aut\u00e1ch (Ferrari, Lamborghini, Porsche, ...) na z\u00e1vodnom okruhu i v okrese.","og_url":"https:\/\/www.legendyuvas.cz\/produkt\/caterham\/","og_site_name":"Legendy U V\u00e1s","article_publisher":"https:\/\/www.facebook.com\/autolegendyuvas","article_modified_time":"2025-12-27T00:02:35+00:00","og_image":[{"width":1536,"height":1024,"url":"https:\/\/www.legendyuvas.cz\/wp-content\/uploads\/2024\/10\/DSC01087-1536x1024-1.webp","type":"image\/webp"}],"twitter_card":"summary_large_image","twitter_misc":{"Predpokladan\u00fd \u010das \u010d\u00edtania":"2 min\u00faty"},"schema":{"@context":"https:\/\/schema.org","@graph":[{"@type":"WebPage","@id":"https:\/\/www.legendyuvas.cz\/produkt\/caterham\/","url":"https:\/\/www.legendyuvas.cz\/produkt\/caterham\/","name":"Caterham Seven 485 CSR (MT) - Legendy U V\u00e1s","isPartOf":{"@id":"https:\/\/www.legendyuvas.cz\/#website"},"primaryImageOfPage":{"@id":"https:\/\/www.legendyuvas.cz\/produkt\/caterham\/#primaryimage"},"image":{"@id":"https:\/\/www.legendyuvas.cz\/produkt\/caterham\/#primaryimage"},"thumbnailUrl":"https:\/\/www.legendyuvas.cz\/wp-content\/uploads\/2024\/10\/DSC01087-1536x1024-1-1.webp","datePublished":"2024-10-25T07:54:54+00:00","dateModified":"2025-12-27T00:02:35+00:00","description":"Adrenal\u00ednov\u00fd z\u00e1\u017eitok s Legendami U V\u00e1s - origin\u00e1lny dar\u010dek nielen pre mu\u017eov a automobilov\u00fdch nad\u0161encov. Jazda v \u0161portov\u00fdch aut\u00e1ch (Ferrari, Lamborghini, Porsche, ...) na z\u00e1vodnom okruhu i v okrese.","breadcrumb":{"@id":"https:\/\/www.legendyuvas.cz\/produkt\/caterham\/#breadcrumb"},"inLanguage":"sk-SK","potentialAction":[{"@type":"ReadAction","target":["https:\/\/www.legendyuvas.cz\/produkt\/caterham\/"]}]},{"@type":"ImageObject","inLanguage":"sk-SK","@id":"https:\/\/www.legendyuvas.cz\/produkt\/caterham\/#primaryimage","url":"https:\/\/www.legendyuvas.cz\/wp-content\/uploads\/2024\/10\/DSC01087-1536x1024-1-1.webp","contentUrl":"https:\/\/www.legendyuvas.cz\/wp-content\/uploads\/2024\/10\/DSC01087-1536x1024-1-1.webp","width":1536,"height":1024},{"@type":"BreadcrumbList","@id":"https:\/\/www.legendyuvas.cz\/produkt\/caterham\/#breadcrumb","itemListElement":[{"@type":"ListItem","position":1,"name":"Dom\u016f","item":"https:\/\/www.legendyuvas.cz\/"},{"@type":"ListItem","position":2,"name":"Obchod","item":"https:\/\/www.legendyuvas.cz\/sk\/obchod\/"},{"@type":"ListItem","position":3,"name":"Caterham Seven 485 CSR (MT)"}]},{"@type":"WebSite","@id":"https:\/\/www.legendyuvas.cz\/#website","url":"https:\/\/www.legendyuvas.cz\/","name":"Legendy U V\u00e1s","description":"Dechberouc\u00ed z\u00e1\u017eitky v autech a motork\u00e1ch","publisher":{"@id":"https:\/\/www.legendyuvas.cz\/#organization"},"potentialAction":[{"@type":"SearchAction","target":{"@type":"EntryPoint","urlTemplate":"https:\/\/www.legendyuvas.cz\/?s={search_term_string}"},"query-input":{"@type":"PropertyValueSpecification","valueRequired":true,"valueName":"search_term_string"}}],"inLanguage":"sk-SK"},{"@type":"Organization","@id":"https:\/\/www.legendyuvas.cz\/#organization","name":"Bontex2 s.r.o.","url":"https:\/\/www.legendyuvas.cz\/","logo":{"@type":"ImageObject","inLanguage":"sk-SK","@id":"https:\/\/www.legendyuvas.cz\/#\/schema\/logo\/image\/","url":"https:\/\/www.legendyuvas.cz\/wp-content\/uploads\/2021\/03\/Legendy-u-Vas.jpg","contentUrl":"https:\/\/www.legendyuvas.cz\/wp-content\/uploads\/2021\/03\/Legendy-u-Vas.jpg","width":400,"height":240,"caption":"Bontex2 s.r.o."},"image":{"@id":"https:\/\/www.legendyuvas.cz\/#\/schema\/logo\/image\/"},"sameAs":["https:\/\/www.facebook.com\/autolegendyuvas","https:\/\/www.facebook.com\/motolegendyuvas","https:\/\/www.instagram.com\/autolegendyuvas\/","https:\/\/www.instagram.com\/motolegendyuvas\/"]}]}},"_links":{"self":[{"href":"https:\/\/www.legendyuvas.cz\/sk\/wp-json\/wp\/v2\/product\/32241","targetHints":{"allow":["GET"]}}],"collection":[{"href":"https:\/\/www.legendyuvas.cz\/sk\/wp-json\/wp\/v2\/product"}],"about":[{"href":"https:\/\/www.legendyuvas.cz\/sk\/wp-json\/wp\/v2\/types\/product"}],"replies":[{"embeddable":true,"href":"https:\/\/www.legendyuvas.cz\/sk\/wp-json\/wp\/v2\/comments?post=32241"}],"version-history":[{"count":0,"href":"https:\/\/www.legendyuvas.cz\/sk\/wp-json\/wp\/v2\/product\/32241\/revisions"}],"wp:featuredmedia":[{"embeddable":true,"href":"https:\/\/www.legendyuvas.cz\/sk\/wp-json\/wp\/v2\/media\/41729"}],"wp:attachment":[{"href":"https:\/\/www.legendyuvas.cz\/sk\/wp-json\/wp\/v2\/media?parent=32241"}],"wp:term":[{"taxonomy":"product_brand","embeddable":true,"href":"https:\/\/www.legendyuvas.cz\/sk\/wp-json\/wp\/v2\/product_brand?post=32241"},{"taxonomy":"product_cat","embeddable":true,"href":"https:\/\/www.legendyuvas.cz\/sk\/wp-json\/wp\/v2\/product_cat?post=32241"},{"taxonomy":"product_tag","embeddable":true,"href":"https:\/\/www.legendyuvas.cz\/sk\/wp-json\/wp\/v2\/product_tag?post=32241"}],"curies":[{"name":"wp","href":"https:\/\/api.w.org\/{rel}","templated":true}]}}