{"id":32249,"date":"2024-11-16T13:50:20","date_gmt":"2024-11-16T13:50:20","guid":{"rendered":"https:\/\/www.legendyuvas.cz\/produkt\/ktm-x-bow-gtx\/"},"modified":"2025-12-27T00:02:36","modified_gmt":"2025-12-27T00:02:36","slug":"ktm-x-bow-gtx","status":"publish","type":"product","link":"https:\/\/www.legendyuvas.cz\/sk\/produkt\/ktm-x-bow-gtx\/","title":{"rendered":"KTM X-BOW GTX"},"content":{"rendered":"<h1>Z\u00e1vodn\u00e1 raketa od KTM<\/h1>\n<p>V\u00fdkon a purizmus spojen\u00e9 v jedine\u010dnom dizajne, <strong>pripraven\u00e9 na dobrodru\u017estvo<\/strong> &#8211; to je <strong>KTM X-BOW GTX.<\/strong> Zameranie na z\u00e1klady (zn\u00ed\u017eenie hmotnosti, v\u00fdkon, aerodynamika, ovl\u00e1date\u013enos\u0165) prin\u00e1\u0161a mno\u017estvo nov\u00fdch technick\u00fdch inov\u00e1ci\u00ed, lep\u0161iu ergon\u00f3miu a pou\u017eite\u013enos\u0165, ako aj takmer <strong>revolu\u010dn\u00fd bezpe\u010dnostn\u00fd \u0161tandard.<\/strong> Je to prv\u00e9 pretek\u00e1rske GT, ktor\u00e9 kombinuje <strong>homologovan\u00fd monokok<\/strong> s homologovanou klietkou GT a karb\u00f3nov\u00fdm pretek\u00e1rskym sedadlom.<\/p>\n<p><img fetchpriority=\"high\" decoding=\"async\" class=\"wp-image-12681 size-full\" src=\"https:\/\/www.legendyuvas.cz\/wp-content\/uploads\/2024\/11\/240214_ES_archive_132151-scaled.jpg\" alt=\"\" width=\"2560\" height=\"1707\" srcset=\"https:\/\/www.legendyuvas.cz\/wp-content\/uploads\/2024\/11\/240214_ES_archive_132151-scaled.jpg 2560w, https:\/\/www.legendyuvas.cz\/wp-content\/uploads\/2024\/11\/240214_ES_archive_132151-300x200.jpg 300w, https:\/\/www.legendyuvas.cz\/wp-content\/uploads\/2024\/11\/240214_ES_archive_132151-1024x683.jpg 1024w, https:\/\/www.legendyuvas.cz\/wp-content\/uploads\/2024\/11\/240214_ES_archive_132151-768x512.jpg 768w, https:\/\/www.legendyuvas.cz\/wp-content\/uploads\/2024\/11\/240214_ES_archive_132151-1536x1024.jpg 1536w, https:\/\/www.legendyuvas.cz\/wp-content\/uploads\/2024\/11\/240214_ES_archive_132151-2048x1366.jpg 2048w, https:\/\/www.legendyuvas.cz\/wp-content\/uploads\/2024\/11\/240214_ES_archive_132151-600x400.jpg 600w\" sizes=\"(max-width: 2560px) 100vw, 2560px\" \/><\/p>\n<p>Okrem vynikaj\u00facej technol\u00f3gie sa nov\u00e9 modely vyzna\u010duj\u00fa aj v\u00fdnimo\u010dn\u00fdm dizajnom: <strong>na preteky u\u017e nem\u00f4\u017eu by\u0165 viac pripraven\u00e9.<\/strong> Na z\u00e1klade toho je KTM X-BOW GTX schopn\u00e1 konkurova\u0165 ove\u013ea v\u00fdkonnej\u0161\u00edm \u0161portov\u00fdm vozidl\u00e1m, pokia\u013e ide o pomer v\u00fdkonu a hmotnosti, r\u00fdchlos\u0165 v z\u00e1krut\u00e1ch, brzdn\u00fa dr\u00e1hu, maxim\u00e1lnu r\u00fdchlos\u0165 a, samozrejme, <strong>\u010dasy na kolo<\/strong> &#8211; \u010di u\u017e na N\u00fcrburgringu Nordschleife, v profesion\u00e1lnych pretekoch alebo <strong>po\u010das dn\u00ed na okruhu.<\/strong> Samozrejme, zost\u00e1va absol\u00fatne <strong>vern\u00fd DNA<\/strong> p\u00f4vodn\u00e9ho modelu KTM X-BOW: radik\u00e1lny, puristick\u00fd, presn\u00fd a <strong>orientovan\u00fd na v\u00fdkon. <\/strong><\/p>\n<p>&nbsp;<\/p>\n<p><img decoding=\"async\" class=\"aligncenter wp-image-12683 size-full\" src=\"https:\/\/www.legendyuvas.cz\/wp-content\/uploads\/2024\/11\/240214_ES_archive_105509-scaled.jpg\" alt=\"\" width=\"2560\" height=\"1707\" srcset=\"https:\/\/www.legendyuvas.cz\/wp-content\/uploads\/2024\/11\/240214_ES_archive_105509-scaled.jpg 2560w, https:\/\/www.legendyuvas.cz\/wp-content\/uploads\/2024\/11\/240214_ES_archive_105509-300x200.jpg 300w, https:\/\/www.legendyuvas.cz\/wp-content\/uploads\/2024\/11\/240214_ES_archive_105509-1024x683.jpg 1024w, https:\/\/www.legendyuvas.cz\/wp-content\/uploads\/2024\/11\/240214_ES_archive_105509-768x512.jpg 768w, https:\/\/www.legendyuvas.cz\/wp-content\/uploads\/2024\/11\/240214_ES_archive_105509-1536x1024.jpg 1536w, https:\/\/www.legendyuvas.cz\/wp-content\/uploads\/2024\/11\/240214_ES_archive_105509-2048x1366.jpg 2048w, https:\/\/www.legendyuvas.cz\/wp-content\/uploads\/2024\/11\/240214_ES_archive_105509-600x400.jpg 600w\" sizes=\"(max-width: 2560px) 100vw, 2560px\" \/><\/p>\n<p><strong>Sadnite si<\/strong> na sedadlo spolujazdca a za\u017eite jazdu ako na <strong>profesion\u00e1lnych pretekoch.<\/strong> KTM X-BOW GTX je <strong>tov\u00e1re\u0148 na em\u00f3cie.<\/strong><\/p>\n<p>&nbsp;<\/p>\n<h1><\/h1>\n<p>&nbsp;<\/p>\n","protected":false},"excerpt":{"rendered":"<p>Jazda v KTM X-BOW GTX je mo\u017en\u00e1 len ako spolujazdec s pretek\u00e1rskym jazdcom.<\/p>\n","protected":false},"featured_media":71635,"comment_status":"open","ping_status":"closed","template":"","meta":[],"product_brand":[],"product_cat":[449],"product_tag":[],"class_list":{"0":"post-32249","1":"product","2":"type-product","3":"status-publish","4":"has-post-thumbnail","6":"product_cat-auta","8":"first","9":"instock","10":"shipping-taxable","11":"purchasable","12":"product-type-variable"},"yoast_head":"<!-- This site is optimized with the Yoast SEO plugin v24.8.1 - https:\/\/yoast.com\/wordpress\/plugins\/seo\/ -->\n<title>KTM X-BOW GTX - Legendy U V\u00e1s<\/title>\n<meta name=\"description\" content=\"Neviete, \u010do k\u00fapi\u0165 svojmu bl\u00edzkemu k narodenin\u00e1m, Vianociam alebo v\u00fdro\u010diu? Na\u0161e dobrodru\u017en\u00e9 jazdy s\u00fa ide\u00e1lnym dar\u010dekom pre t\u00fdch, ktor\u00ed u\u017e maj\u00fa v\u0161etko. S jazdou od n\u00e1s spln\u00edte sny o jazde v nadupanom vozidle za st\u00e1tis\u00edce eur. Darujte z\u00e1\u017eitok, ktor\u00fd sa stane nezabudnute\u013enou spomienkou!\" \/>\n<meta name=\"robots\" content=\"index, follow, max-snippet:-1, max-image-preview:large, max-video-preview:-1\" \/>\n<link rel=\"canonical\" href=\"https:\/\/www.legendyuvas.cz\/produkt\/ktm-x-bow-gtx\/\" \/>\n<meta property=\"og:locale\" content=\"sk_SK\" \/>\n<meta property=\"og:type\" content=\"article\" \/>\n<meta property=\"og:title\" content=\"KTM X-BOW GTX - Legendy U V\u00e1s\" \/>\n<meta property=\"og:description\" content=\"Neviete, \u010do k\u00fapi\u0165 svojmu bl\u00edzkemu k narodenin\u00e1m, Vianociam alebo v\u00fdro\u010diu? Na\u0161e dobrodru\u017en\u00e9 jazdy s\u00fa ide\u00e1lnym dar\u010dekom pre t\u00fdch, ktor\u00ed u\u017e maj\u00fa v\u0161etko. S jazdou od n\u00e1s spln\u00edte sny o jazde v nadupanom vozidle za st\u00e1tis\u00edce eur. Darujte z\u00e1\u017eitok, ktor\u00fd sa stane nezabudnute\u013enou spomienkou!\" \/>\n<meta property=\"og:url\" content=\"https:\/\/www.legendyuvas.cz\/produkt\/ktm-x-bow-gtx\/\" \/>\n<meta property=\"og:site_name\" content=\"Legendy U V\u00e1s\" \/>\n<meta property=\"article:publisher\" content=\"https:\/\/www.facebook.com\/autolegendyuvas\" \/>\n<meta property=\"article:modified_time\" content=\"2025-12-27T00:02:36+00:00\" \/>\n<meta property=\"og:image\" content=\"https:\/\/www.legendyuvas.cz\/wp-content\/uploads\/2024\/11\/R5PF4484_3543x2362-1536x1024-1.webp\" \/>\n\t<meta property=\"og:image:width\" content=\"1536\" \/>\n\t<meta property=\"og:image:height\" content=\"1024\" \/>\n\t<meta property=\"og:image:type\" content=\"image\/webp\" \/>\n<meta name=\"twitter:card\" content=\"summary_large_image\" \/>\n<meta name=\"twitter:label1\" content=\"Predpokladan\u00fd \u010das \u010d\u00edtania\" \/>\n\t<meta name=\"twitter:data1\" content=\"1 min\u00fata\" \/>\n<script type=\"application\/ld+json\" class=\"yoast-schema-graph\">{\"@context\":\"https:\/\/schema.org\",\"@graph\":[{\"@type\":\"WebPage\",\"@id\":\"https:\/\/www.legendyuvas.cz\/produkt\/ktm-x-bow-gtx\/\",\"url\":\"https:\/\/www.legendyuvas.cz\/produkt\/ktm-x-bow-gtx\/\",\"name\":\"KTM X-BOW GTX - Legendy U V\u00e1s\",\"isPartOf\":{\"@id\":\"https:\/\/www.legendyuvas.cz\/#website\"},\"primaryImageOfPage\":{\"@id\":\"https:\/\/www.legendyuvas.cz\/produkt\/ktm-x-bow-gtx\/#primaryimage\"},\"image\":{\"@id\":\"https:\/\/www.legendyuvas.cz\/produkt\/ktm-x-bow-gtx\/#primaryimage\"},\"thumbnailUrl\":\"https:\/\/www.legendyuvas.cz\/wp-content\/uploads\/2024\/11\/DSC06425-scaled.jpg\",\"datePublished\":\"2024-11-16T13:50:20+00:00\",\"dateModified\":\"2025-12-27T00:02:36+00:00\",\"description\":\"Neviete, \u010do k\u00fapi\u0165 svojmu bl\u00edzkemu k narodenin\u00e1m, Vianociam alebo v\u00fdro\u010diu? Na\u0161e dobrodru\u017en\u00e9 jazdy s\u00fa ide\u00e1lnym dar\u010dekom pre t\u00fdch, ktor\u00ed u\u017e maj\u00fa v\u0161etko. S jazdou od n\u00e1s spln\u00edte sny o jazde v nadupanom vozidle za st\u00e1tis\u00edce eur. Darujte z\u00e1\u017eitok, ktor\u00fd sa stane nezabudnute\u013enou spomienkou!\",\"breadcrumb\":{\"@id\":\"https:\/\/www.legendyuvas.cz\/produkt\/ktm-x-bow-gtx\/#breadcrumb\"},\"inLanguage\":\"sk-SK\",\"potentialAction\":[{\"@type\":\"ReadAction\",\"target\":[\"https:\/\/www.legendyuvas.cz\/produkt\/ktm-x-bow-gtx\/\"]}]},{\"@type\":\"ImageObject\",\"inLanguage\":\"sk-SK\",\"@id\":\"https:\/\/www.legendyuvas.cz\/produkt\/ktm-x-bow-gtx\/#primaryimage\",\"url\":\"https:\/\/www.legendyuvas.cz\/wp-content\/uploads\/2024\/11\/DSC06425-scaled.jpg\",\"contentUrl\":\"https:\/\/www.legendyuvas.cz\/wp-content\/uploads\/2024\/11\/DSC06425-scaled.jpg\",\"width\":2560,\"height\":1707},{\"@type\":\"BreadcrumbList\",\"@id\":\"https:\/\/www.legendyuvas.cz\/produkt\/ktm-x-bow-gtx\/#breadcrumb\",\"itemListElement\":[{\"@type\":\"ListItem\",\"position\":1,\"name\":\"Dom\u016f\",\"item\":\"https:\/\/www.legendyuvas.cz\/\"},{\"@type\":\"ListItem\",\"position\":2,\"name\":\"Obchod\",\"item\":\"https:\/\/www.legendyuvas.cz\/sk\/obchod\/\"},{\"@type\":\"ListItem\",\"position\":3,\"name\":\"KTM X-BOW GTX\"}]},{\"@type\":\"WebSite\",\"@id\":\"https:\/\/www.legendyuvas.cz\/#website\",\"url\":\"https:\/\/www.legendyuvas.cz\/\",\"name\":\"Legendy U V\u00e1s\",\"description\":\"Dechberouc\u00ed z\u00e1\u017eitky v autech a motork\u00e1ch\",\"publisher\":{\"@id\":\"https:\/\/www.legendyuvas.cz\/#organization\"},\"potentialAction\":[{\"@type\":\"SearchAction\",\"target\":{\"@type\":\"EntryPoint\",\"urlTemplate\":\"https:\/\/www.legendyuvas.cz\/?s={search_term_string}\"},\"query-input\":{\"@type\":\"PropertyValueSpecification\",\"valueRequired\":true,\"valueName\":\"search_term_string\"}}],\"inLanguage\":\"sk-SK\"},{\"@type\":\"Organization\",\"@id\":\"https:\/\/www.legendyuvas.cz\/#organization\",\"name\":\"Bontex2 s.r.o.\",\"url\":\"https:\/\/www.legendyuvas.cz\/\",\"logo\":{\"@type\":\"ImageObject\",\"inLanguage\":\"sk-SK\",\"@id\":\"https:\/\/www.legendyuvas.cz\/#\/schema\/logo\/image\/\",\"url\":\"https:\/\/www.legendyuvas.cz\/wp-content\/uploads\/2021\/03\/Legendy-u-Vas.jpg\",\"contentUrl\":\"https:\/\/www.legendyuvas.cz\/wp-content\/uploads\/2021\/03\/Legendy-u-Vas.jpg\",\"width\":400,\"height\":240,\"caption\":\"Bontex2 s.r.o.\"},\"image\":{\"@id\":\"https:\/\/www.legendyuvas.cz\/#\/schema\/logo\/image\/\"},\"sameAs\":[\"https:\/\/www.facebook.com\/autolegendyuvas\",\"https:\/\/www.facebook.com\/motolegendyuvas\",\"https:\/\/www.instagram.com\/autolegendyuvas\/\",\"https:\/\/www.instagram.com\/motolegendyuvas\/\"]}]}<\/script>\n<!-- \/ Yoast SEO plugin. -->","yoast_head_json":{"title":"KTM X-BOW GTX - Legendy U V\u00e1s","description":"Neviete, \u010do k\u00fapi\u0165 svojmu bl\u00edzkemu k narodenin\u00e1m, Vianociam alebo v\u00fdro\u010diu? Na\u0161e dobrodru\u017en\u00e9 jazdy s\u00fa ide\u00e1lnym dar\u010dekom pre t\u00fdch, ktor\u00ed u\u017e maj\u00fa v\u0161etko. S jazdou od n\u00e1s spln\u00edte sny o jazde v nadupanom vozidle za st\u00e1tis\u00edce eur. Darujte z\u00e1\u017eitok, ktor\u00fd sa stane nezabudnute\u013enou spomienkou!","robots":{"index":"index","follow":"follow","max-snippet":"max-snippet:-1","max-image-preview":"max-image-preview:large","max-video-preview":"max-video-preview:-1"},"canonical":"https:\/\/www.legendyuvas.cz\/produkt\/ktm-x-bow-gtx\/","og_locale":"sk_SK","og_type":"article","og_title":"KTM X-BOW GTX - Legendy U V\u00e1s","og_description":"Neviete, \u010do k\u00fapi\u0165 svojmu bl\u00edzkemu k narodenin\u00e1m, Vianociam alebo v\u00fdro\u010diu? Na\u0161e dobrodru\u017en\u00e9 jazdy s\u00fa ide\u00e1lnym dar\u010dekom pre t\u00fdch, ktor\u00ed u\u017e maj\u00fa v\u0161etko. S jazdou od n\u00e1s spln\u00edte sny o jazde v nadupanom vozidle za st\u00e1tis\u00edce eur. Darujte z\u00e1\u017eitok, ktor\u00fd sa stane nezabudnute\u013enou spomienkou!","og_url":"https:\/\/www.legendyuvas.cz\/produkt\/ktm-x-bow-gtx\/","og_site_name":"Legendy U V\u00e1s","article_publisher":"https:\/\/www.facebook.com\/autolegendyuvas","article_modified_time":"2025-12-27T00:02:36+00:00","og_image":[{"width":1536,"height":1024,"url":"https:\/\/www.legendyuvas.cz\/wp-content\/uploads\/2024\/11\/R5PF4484_3543x2362-1536x1024-1.webp","type":"image\/webp"}],"twitter_card":"summary_large_image","twitter_misc":{"Predpokladan\u00fd \u010das \u010d\u00edtania":"1 min\u00fata"},"schema":{"@context":"https:\/\/schema.org","@graph":[{"@type":"WebPage","@id":"https:\/\/www.legendyuvas.cz\/produkt\/ktm-x-bow-gtx\/","url":"https:\/\/www.legendyuvas.cz\/produkt\/ktm-x-bow-gtx\/","name":"KTM X-BOW GTX - Legendy U V\u00e1s","isPartOf":{"@id":"https:\/\/www.legendyuvas.cz\/#website"},"primaryImageOfPage":{"@id":"https:\/\/www.legendyuvas.cz\/produkt\/ktm-x-bow-gtx\/#primaryimage"},"image":{"@id":"https:\/\/www.legendyuvas.cz\/produkt\/ktm-x-bow-gtx\/#primaryimage"},"thumbnailUrl":"https:\/\/www.legendyuvas.cz\/wp-content\/uploads\/2024\/11\/DSC06425-scaled.jpg","datePublished":"2024-11-16T13:50:20+00:00","dateModified":"2025-12-27T00:02:36+00:00","description":"Neviete, \u010do k\u00fapi\u0165 svojmu bl\u00edzkemu k narodenin\u00e1m, Vianociam alebo v\u00fdro\u010diu? Na\u0161e dobrodru\u017en\u00e9 jazdy s\u00fa ide\u00e1lnym dar\u010dekom pre t\u00fdch, ktor\u00ed u\u017e maj\u00fa v\u0161etko. S jazdou od n\u00e1s spln\u00edte sny o jazde v nadupanom vozidle za st\u00e1tis\u00edce eur. Darujte z\u00e1\u017eitok, ktor\u00fd sa stane nezabudnute\u013enou spomienkou!","breadcrumb":{"@id":"https:\/\/www.legendyuvas.cz\/produkt\/ktm-x-bow-gtx\/#breadcrumb"},"inLanguage":"sk-SK","potentialAction":[{"@type":"ReadAction","target":["https:\/\/www.legendyuvas.cz\/produkt\/ktm-x-bow-gtx\/"]}]},{"@type":"ImageObject","inLanguage":"sk-SK","@id":"https:\/\/www.legendyuvas.cz\/produkt\/ktm-x-bow-gtx\/#primaryimage","url":"https:\/\/www.legendyuvas.cz\/wp-content\/uploads\/2024\/11\/DSC06425-scaled.jpg","contentUrl":"https:\/\/www.legendyuvas.cz\/wp-content\/uploads\/2024\/11\/DSC06425-scaled.jpg","width":2560,"height":1707},{"@type":"BreadcrumbList","@id":"https:\/\/www.legendyuvas.cz\/produkt\/ktm-x-bow-gtx\/#breadcrumb","itemListElement":[{"@type":"ListItem","position":1,"name":"Dom\u016f","item":"https:\/\/www.legendyuvas.cz\/"},{"@type":"ListItem","position":2,"name":"Obchod","item":"https:\/\/www.legendyuvas.cz\/sk\/obchod\/"},{"@type":"ListItem","position":3,"name":"KTM X-BOW GTX"}]},{"@type":"WebSite","@id":"https:\/\/www.legendyuvas.cz\/#website","url":"https:\/\/www.legendyuvas.cz\/","name":"Legendy U V\u00e1s","description":"Dechberouc\u00ed z\u00e1\u017eitky v autech a motork\u00e1ch","publisher":{"@id":"https:\/\/www.legendyuvas.cz\/#organization"},"potentialAction":[{"@type":"SearchAction","target":{"@type":"EntryPoint","urlTemplate":"https:\/\/www.legendyuvas.cz\/?s={search_term_string}"},"query-input":{"@type":"PropertyValueSpecification","valueRequired":true,"valueName":"search_term_string"}}],"inLanguage":"sk-SK"},{"@type":"Organization","@id":"https:\/\/www.legendyuvas.cz\/#organization","name":"Bontex2 s.r.o.","url":"https:\/\/www.legendyuvas.cz\/","logo":{"@type":"ImageObject","inLanguage":"sk-SK","@id":"https:\/\/www.legendyuvas.cz\/#\/schema\/logo\/image\/","url":"https:\/\/www.legendyuvas.cz\/wp-content\/uploads\/2021\/03\/Legendy-u-Vas.jpg","contentUrl":"https:\/\/www.legendyuvas.cz\/wp-content\/uploads\/2021\/03\/Legendy-u-Vas.jpg","width":400,"height":240,"caption":"Bontex2 s.r.o."},"image":{"@id":"https:\/\/www.legendyuvas.cz\/#\/schema\/logo\/image\/"},"sameAs":["https:\/\/www.facebook.com\/autolegendyuvas","https:\/\/www.facebook.com\/motolegendyuvas","https:\/\/www.instagram.com\/autolegendyuvas\/","https:\/\/www.instagram.com\/motolegendyuvas\/"]}]}},"_links":{"self":[{"href":"https:\/\/www.legendyuvas.cz\/sk\/wp-json\/wp\/v2\/product\/32249","targetHints":{"allow":["GET"]}}],"collection":[{"href":"https:\/\/www.legendyuvas.cz\/sk\/wp-json\/wp\/v2\/product"}],"about":[{"href":"https:\/\/www.legendyuvas.cz\/sk\/wp-json\/wp\/v2\/types\/product"}],"replies":[{"embeddable":true,"href":"https:\/\/www.legendyuvas.cz\/sk\/wp-json\/wp\/v2\/comments?post=32249"}],"version-history":[{"count":0,"href":"https:\/\/www.legendyuvas.cz\/sk\/wp-json\/wp\/v2\/product\/32249\/revisions"}],"wp:featuredmedia":[{"embeddable":true,"href":"https:\/\/www.legendyuvas.cz\/sk\/wp-json\/wp\/v2\/media\/71635"}],"wp:attachment":[{"href":"https:\/\/www.legendyuvas.cz\/sk\/wp-json\/wp\/v2\/media?parent=32249"}],"wp:term":[{"taxonomy":"product_brand","embeddable":true,"href":"https:\/\/www.legendyuvas.cz\/sk\/wp-json\/wp\/v2\/product_brand?post=32249"},{"taxonomy":"product_cat","embeddable":true,"href":"https:\/\/www.legendyuvas.cz\/sk\/wp-json\/wp\/v2\/product_cat?post=32249"},{"taxonomy":"product_tag","embeddable":true,"href":"https:\/\/www.legendyuvas.cz\/sk\/wp-json\/wp\/v2\/product_tag?post=32249"}],"curies":[{"name":"wp","href":"https:\/\/api.w.org\/{rel}","templated":true}]}}