{"id":32257,"date":"2024-11-18T08:32:58","date_gmt":"2024-11-18T08:32:58","guid":{"rendered":"https:\/\/www.legendyuvas.cz\/produkt\/mercedes-amg-gt-63-at\/"},"modified":"2025-12-27T00:02:37","modified_gmt":"2025-12-27T00:02:37","slug":"mercedes-amg-gt-63-at","status":"publish","type":"product","link":"https:\/\/www.legendyuvas.cz\/sk\/produkt\/mercedes-amg-gt-63-at\/","title":{"rendered":"Mercedes-AMG GT 63 (AT)"},"content":{"rendered":"<h1>Brut\u00e1lna nemeck\u00e1 sila<\/h1>\n<p><strong>Za\u017eite silu a r\u00fdchlos\u0165 s Mercedes-AMG GT 63 PRO 4MATIC+!<\/strong> Tento super \u0161portov\u00fd automobil pon\u00faka nekompromisn\u00fd v\u00fdkon v\u010faka motoru V8 biturbo s v\u00fdkonom <strong>585 kon\u00ed<\/strong> a kr\u00fatiacim momentom 800 Nm. Zr\u00fdchlenie z 0 na 100 km\/h za <strong>\u00fachvatn\u00fdch 3,2 sekundy<\/strong> a maxim\u00e1lna r\u00fdchlos\u0165 315 km\/h v\u00e1s okam\u017eite vtiahnu do sveta adrenal\u00ednu a \u010distej energie.\u00a0 Ak t\u00fa\u017eite po e\u0161te v\u00e4\u010d\u0161om z\u00e1\u017eitku, zr\u00fdchlenie z 0 na 200 km\/h len za 9,8 sekundy v\u00e1s nenech\u00e1 na pochyb\u00e1ch, \u017ee ide o jedn\u00e9ho z <strong>najlep\u0161\u00edch z\u00e1stupcov kateg\u00f3rie GT.<\/strong><\/p>\n<p><img fetchpriority=\"high\" decoding=\"async\" class=\"aligncenter wp-image-12741 size-full\" src=\"https:\/\/www.legendyuvas.cz\/wp-content\/uploads\/2024\/11\/IMGL1744-scaled.jpg\" alt=\"\" width=\"2560\" height=\"1707\" srcset=\"https:\/\/www.legendyuvas.cz\/wp-content\/uploads\/2024\/11\/IMGL1744-scaled.jpg 2560w, https:\/\/www.legendyuvas.cz\/wp-content\/uploads\/2024\/11\/IMGL1744-300x200.jpg 300w, https:\/\/www.legendyuvas.cz\/wp-content\/uploads\/2024\/11\/IMGL1744-1024x683.jpg 1024w, https:\/\/www.legendyuvas.cz\/wp-content\/uploads\/2024\/11\/IMGL1744-768x512.jpg 768w, https:\/\/www.legendyuvas.cz\/wp-content\/uploads\/2024\/11\/IMGL1744-1536x1024.jpg 1536w, https:\/\/www.legendyuvas.cz\/wp-content\/uploads\/2024\/11\/IMGL1744-2048x1365.jpg 2048w, https:\/\/www.legendyuvas.cz\/wp-content\/uploads\/2024\/11\/IMGL1744-600x400.jpg 600w\" sizes=\"(max-width: 2560px) 100vw, 2560px\" \/><\/p>\n<p>&nbsp;<\/p>\n<p>Technol\u00f3gie ako <strong>AMG ACTIVE RIDE CONTROL<\/strong> akt\u00edvny podvozok, riadenie zadnej n\u00e1pravy alebo plne variabiln\u00fd <strong>AMG Performance 4MATIC+<\/strong> pohon v\u0161etk\u00fdch kolies zabezpe\u010duj\u00fa, \u017ee m\u00e1te v\u017edy <strong>pod kontrolou<\/strong> v\u00fdkon vozidla. Mercedes-AMG GT 63 je navrhnut\u00fd tak, aby poskytoval prec\u00edzne jazdn\u00e9 vlastnosti aj pri najvy\u0161\u0161\u00edch r\u00fdchlostiach, v\u010faka \u010domu sa ka\u017ed\u00e1 z\u00e1kruta stane nezabudnute\u013en\u00fdm z\u00e1\u017eitkom. V\u010faka \u0161pi\u010dkov\u00fdm technol\u00f3gi\u00e1m je vozidlo pripraven\u00e9 <strong>na ak\u00fdko\u013evek pretek\u00e1rsky okruh<\/strong> s \u00faplnou istotou.<\/p>\n<p><img decoding=\"async\" class=\"aligncenter wp-image-12734 size-full\" src=\"https:\/\/www.legendyuvas.cz\/wp-content\/uploads\/2024\/11\/IMGL1729-scaled.jpg\" alt=\"\" width=\"2560\" height=\"1707\" srcset=\"https:\/\/www.legendyuvas.cz\/wp-content\/uploads\/2024\/11\/IMGL1729-scaled.jpg 2560w, https:\/\/www.legendyuvas.cz\/wp-content\/uploads\/2024\/11\/IMGL1729-300x200.jpg 300w, https:\/\/www.legendyuvas.cz\/wp-content\/uploads\/2024\/11\/IMGL1729-1024x683.jpg 1024w, https:\/\/www.legendyuvas.cz\/wp-content\/uploads\/2024\/11\/IMGL1729-768x512.jpg 768w, https:\/\/www.legendyuvas.cz\/wp-content\/uploads\/2024\/11\/IMGL1729-1536x1024.jpg 1536w, https:\/\/www.legendyuvas.cz\/wp-content\/uploads\/2024\/11\/IMGL1729-2048x1365.jpg 2048w, https:\/\/www.legendyuvas.cz\/wp-content\/uploads\/2024\/11\/IMGL1729-600x400.jpg 600w\" sizes=\"(max-width: 2560px) 100vw, 2560px\" \/><\/p>\n<p>&nbsp;<\/p>\n<p>Aby bol v\u00e1\u0161 z\u00e1\u017eitok viac jedine\u010dn\u00fd, Mercedes-AMG GT 63 pon\u00faka <strong>mo\u017enos\u0165 individualiz\u00e1cie.<\/strong> Toto vozidlo sp\u00e1ja dychber\u00facu dynamiku s eleganciou a komfortom, \u010di u\u017e si sadnete za volant, alebo si vychutn\u00e1te jazdu zo sedadla spolujazdca. Pripravte sa na <strong>nezabudnute\u013en\u00fd z\u00e1\u017eitok na okruhu<\/strong>, ktor\u00fd si zamiluj\u00fa v\u0161etci fan\u00fa\u0161ikovia r\u00fdchlosti a luxusu.<\/p>\n","protected":false},"excerpt":{"rendered":"<p>Na\u0161e vozidl\u00e1 <strong>m\u00f4\u017eete riadi\u0165<\/strong> alebo si m\u00f4\u017eete vybra\u0165 jazdu ako spolujazdec s pretek\u00e1rskym vodi\u010dom.<\/p>\n","protected":false},"featured_media":31066,"comment_status":"open","ping_status":"closed","template":"","meta":[],"product_brand":[],"product_cat":[449],"product_tag":[],"class_list":{"0":"post-32257","1":"product","2":"type-product","3":"status-publish","4":"has-post-thumbnail","6":"product_cat-auta","8":"first","9":"instock","10":"shipping-taxable","11":"purchasable","12":"product-type-variable"},"yoast_head":"<!-- This site is optimized with the Yoast SEO plugin v24.8.1 - https:\/\/yoast.com\/wordpress\/plugins\/seo\/ -->\n<title>Mercedes-AMG GT 63 (AT) - Legendy U V\u00e1s<\/title>\n<meta name=\"description\" content=\"Origin\u00e1lny dar\u010dek pre v\u0161etk\u00fdch milovn\u00edkov automobilov a adrenal\u00ednu \u2013 jazda v \u0161portov\u00fdch vozidl\u00e1ch ako Ferrari, Lamborghini, Porsche a \u010fal\u0161\u00edch, na pretek\u00e1rskom okruhu alebo v okol\u00ed. Za\u017eite r\u00fdchlos\u0165 a vzru\u0161enie, ktor\u00e9 v\u00e1m zaru\u010d\u00ed nezabudnute\u013en\u00fd z\u00e1\u017eitok!\" \/>\n<meta name=\"robots\" content=\"index, follow, max-snippet:-1, max-image-preview:large, max-video-preview:-1\" \/>\n<link rel=\"canonical\" href=\"https:\/\/www.legendyuvas.cz\/produkt\/mercedes-amg-gt-63-pro-4matic\/\" \/>\n<meta property=\"og:locale\" content=\"sk_SK\" \/>\n<meta property=\"og:type\" content=\"article\" \/>\n<meta property=\"og:title\" content=\"Mercedes-AMG GT 63 (AT) - Legendy U V\u00e1s\" \/>\n<meta property=\"og:description\" content=\"Origin\u00e1lny dar\u010dek pre v\u0161etk\u00fdch milovn\u00edkov automobilov a adrenal\u00ednu \u2013 jazda v \u0161portov\u00fdch vozidl\u00e1ch ako Ferrari, Lamborghini, Porsche a \u010fal\u0161\u00edch, na pretek\u00e1rskom okruhu alebo v okol\u00ed. Za\u017eite r\u00fdchlos\u0165 a vzru\u0161enie, ktor\u00e9 v\u00e1m zaru\u010d\u00ed nezabudnute\u013en\u00fd z\u00e1\u017eitok!\" \/>\n<meta property=\"og:url\" content=\"https:\/\/www.legendyuvas.cz\/produkt\/mercedes-amg-gt-63-pro-4matic\/\" \/>\n<meta property=\"og:site_name\" content=\"Legendy U V\u00e1s\" \/>\n<meta property=\"article:publisher\" content=\"https:\/\/www.facebook.com\/autolegendyuvas\" \/>\n<meta property=\"article:modified_time\" content=\"2025-12-27T00:02:37+00:00\" \/>\n<meta property=\"og:image\" content=\"https:\/\/www.legendyuvas.cz\/wp-content\/uploads\/2024\/11\/DSC01556-scaled.jpg\" \/>\n\t<meta property=\"og:image:width\" content=\"2560\" \/>\n\t<meta property=\"og:image:height\" content=\"1707\" \/>\n\t<meta property=\"og:image:type\" content=\"image\/jpeg\" \/>\n<meta name=\"twitter:card\" content=\"summary_large_image\" \/>\n<meta name=\"twitter:label1\" content=\"Predpokladan\u00fd \u010das \u010d\u00edtania\" \/>\n\t<meta name=\"twitter:data1\" content=\"1 min\u00fata\" \/>\n<script type=\"application\/ld+json\" class=\"yoast-schema-graph\">{\"@context\":\"https:\/\/schema.org\",\"@graph\":[{\"@type\":\"WebPage\",\"@id\":\"https:\/\/www.legendyuvas.cz\/produkt\/mercedes-amg-gt-63-pro-4matic\/\",\"url\":\"https:\/\/www.legendyuvas.cz\/produkt\/mercedes-amg-gt-63-pro-4matic\/\",\"name\":\"Mercedes-AMG GT 63 (AT) - Legendy U V\u00e1s\",\"isPartOf\":{\"@id\":\"https:\/\/www.legendyuvas.cz\/#website\"},\"primaryImageOfPage\":{\"@id\":\"https:\/\/www.legendyuvas.cz\/produkt\/mercedes-amg-gt-63-pro-4matic\/#primaryimage\"},\"image\":{\"@id\":\"https:\/\/www.legendyuvas.cz\/produkt\/mercedes-amg-gt-63-pro-4matic\/#primaryimage\"},\"thumbnailUrl\":\"https:\/\/www.legendyuvas.cz\/wp-content\/uploads\/2024\/11\/DSC01556-scaled.jpg\",\"datePublished\":\"2024-11-18T08:32:58+00:00\",\"dateModified\":\"2025-12-27T00:02:37+00:00\",\"description\":\"Origin\u00e1lny dar\u010dek pre v\u0161etk\u00fdch milovn\u00edkov automobilov a adrenal\u00ednu \u2013 jazda v \u0161portov\u00fdch vozidl\u00e1ch ako Ferrari, Lamborghini, Porsche a \u010fal\u0161\u00edch, na pretek\u00e1rskom okruhu alebo v okol\u00ed. Za\u017eite r\u00fdchlos\u0165 a vzru\u0161enie, ktor\u00e9 v\u00e1m zaru\u010d\u00ed nezabudnute\u013en\u00fd z\u00e1\u017eitok!\",\"breadcrumb\":{\"@id\":\"https:\/\/www.legendyuvas.cz\/produkt\/mercedes-amg-gt-63-pro-4matic\/#breadcrumb\"},\"inLanguage\":\"sk-SK\",\"potentialAction\":[{\"@type\":\"ReadAction\",\"target\":[\"https:\/\/www.legendyuvas.cz\/produkt\/mercedes-amg-gt-63-pro-4matic\/\"]}]},{\"@type\":\"ImageObject\",\"inLanguage\":\"sk-SK\",\"@id\":\"https:\/\/www.legendyuvas.cz\/produkt\/mercedes-amg-gt-63-pro-4matic\/#primaryimage\",\"url\":\"https:\/\/www.legendyuvas.cz\/wp-content\/uploads\/2024\/11\/DSC01556-scaled.jpg\",\"contentUrl\":\"https:\/\/www.legendyuvas.cz\/wp-content\/uploads\/2024\/11\/DSC01556-scaled.jpg\",\"width\":2560,\"height\":1707},{\"@type\":\"BreadcrumbList\",\"@id\":\"https:\/\/www.legendyuvas.cz\/produkt\/mercedes-amg-gt-63-pro-4matic\/#breadcrumb\",\"itemListElement\":[{\"@type\":\"ListItem\",\"position\":1,\"name\":\"Dom\u016f\",\"item\":\"https:\/\/www.legendyuvas.cz\/\"},{\"@type\":\"ListItem\",\"position\":2,\"name\":\"Obchod\",\"item\":\"https:\/\/www.legendyuvas.cz\/sk\/obchod\/\"},{\"@type\":\"ListItem\",\"position\":3,\"name\":\"Mercedes-AMG GT 63 (AT)\"}]},{\"@type\":\"WebSite\",\"@id\":\"https:\/\/www.legendyuvas.cz\/#website\",\"url\":\"https:\/\/www.legendyuvas.cz\/\",\"name\":\"Legendy U V\u00e1s\",\"description\":\"Dechberouc\u00ed z\u00e1\u017eitky v autech a motork\u00e1ch\",\"publisher\":{\"@id\":\"https:\/\/www.legendyuvas.cz\/#organization\"},\"potentialAction\":[{\"@type\":\"SearchAction\",\"target\":{\"@type\":\"EntryPoint\",\"urlTemplate\":\"https:\/\/www.legendyuvas.cz\/?s={search_term_string}\"},\"query-input\":{\"@type\":\"PropertyValueSpecification\",\"valueRequired\":true,\"valueName\":\"search_term_string\"}}],\"inLanguage\":\"sk-SK\"},{\"@type\":\"Organization\",\"@id\":\"https:\/\/www.legendyuvas.cz\/#organization\",\"name\":\"Bontex2 s.r.o.\",\"url\":\"https:\/\/www.legendyuvas.cz\/\",\"logo\":{\"@type\":\"ImageObject\",\"inLanguage\":\"sk-SK\",\"@id\":\"https:\/\/www.legendyuvas.cz\/#\/schema\/logo\/image\/\",\"url\":\"https:\/\/www.legendyuvas.cz\/wp-content\/uploads\/2021\/03\/Legendy-u-Vas.jpg\",\"contentUrl\":\"https:\/\/www.legendyuvas.cz\/wp-content\/uploads\/2021\/03\/Legendy-u-Vas.jpg\",\"width\":400,\"height\":240,\"caption\":\"Bontex2 s.r.o.\"},\"image\":{\"@id\":\"https:\/\/www.legendyuvas.cz\/#\/schema\/logo\/image\/\"},\"sameAs\":[\"https:\/\/www.facebook.com\/autolegendyuvas\",\"https:\/\/www.facebook.com\/motolegendyuvas\",\"https:\/\/www.instagram.com\/autolegendyuvas\/\",\"https:\/\/www.instagram.com\/motolegendyuvas\/\"]}]}<\/script>\n<!-- \/ Yoast SEO plugin. -->","yoast_head_json":{"title":"Mercedes-AMG GT 63 (AT) - Legendy U V\u00e1s","description":"Origin\u00e1lny dar\u010dek pre v\u0161etk\u00fdch milovn\u00edkov automobilov a adrenal\u00ednu \u2013 jazda v \u0161portov\u00fdch vozidl\u00e1ch ako Ferrari, Lamborghini, Porsche a \u010fal\u0161\u00edch, na pretek\u00e1rskom okruhu alebo v okol\u00ed. Za\u017eite r\u00fdchlos\u0165 a vzru\u0161enie, ktor\u00e9 v\u00e1m zaru\u010d\u00ed nezabudnute\u013en\u00fd z\u00e1\u017eitok!","robots":{"index":"index","follow":"follow","max-snippet":"max-snippet:-1","max-image-preview":"max-image-preview:large","max-video-preview":"max-video-preview:-1"},"canonical":"https:\/\/www.legendyuvas.cz\/produkt\/mercedes-amg-gt-63-pro-4matic\/","og_locale":"sk_SK","og_type":"article","og_title":"Mercedes-AMG GT 63 (AT) - Legendy U V\u00e1s","og_description":"Origin\u00e1lny dar\u010dek pre v\u0161etk\u00fdch milovn\u00edkov automobilov a adrenal\u00ednu \u2013 jazda v \u0161portov\u00fdch vozidl\u00e1ch ako Ferrari, Lamborghini, Porsche a \u010fal\u0161\u00edch, na pretek\u00e1rskom okruhu alebo v okol\u00ed. Za\u017eite r\u00fdchlos\u0165 a vzru\u0161enie, ktor\u00e9 v\u00e1m zaru\u010d\u00ed nezabudnute\u013en\u00fd z\u00e1\u017eitok!","og_url":"https:\/\/www.legendyuvas.cz\/produkt\/mercedes-amg-gt-63-pro-4matic\/","og_site_name":"Legendy U V\u00e1s","article_publisher":"https:\/\/www.facebook.com\/autolegendyuvas","article_modified_time":"2025-12-27T00:02:37+00:00","og_image":[{"width":2560,"height":1707,"url":"https:\/\/www.legendyuvas.cz\/wp-content\/uploads\/2024\/11\/DSC01556-scaled.jpg","type":"image\/jpeg"}],"twitter_card":"summary_large_image","twitter_misc":{"Predpokladan\u00fd \u010das \u010d\u00edtania":"1 min\u00fata"},"schema":{"@context":"https:\/\/schema.org","@graph":[{"@type":"WebPage","@id":"https:\/\/www.legendyuvas.cz\/produkt\/mercedes-amg-gt-63-pro-4matic\/","url":"https:\/\/www.legendyuvas.cz\/produkt\/mercedes-amg-gt-63-pro-4matic\/","name":"Mercedes-AMG GT 63 (AT) - Legendy U V\u00e1s","isPartOf":{"@id":"https:\/\/www.legendyuvas.cz\/#website"},"primaryImageOfPage":{"@id":"https:\/\/www.legendyuvas.cz\/produkt\/mercedes-amg-gt-63-pro-4matic\/#primaryimage"},"image":{"@id":"https:\/\/www.legendyuvas.cz\/produkt\/mercedes-amg-gt-63-pro-4matic\/#primaryimage"},"thumbnailUrl":"https:\/\/www.legendyuvas.cz\/wp-content\/uploads\/2024\/11\/DSC01556-scaled.jpg","datePublished":"2024-11-18T08:32:58+00:00","dateModified":"2025-12-27T00:02:37+00:00","description":"Origin\u00e1lny dar\u010dek pre v\u0161etk\u00fdch milovn\u00edkov automobilov a adrenal\u00ednu \u2013 jazda v \u0161portov\u00fdch vozidl\u00e1ch ako Ferrari, Lamborghini, Porsche a \u010fal\u0161\u00edch, na pretek\u00e1rskom okruhu alebo v okol\u00ed. Za\u017eite r\u00fdchlos\u0165 a vzru\u0161enie, ktor\u00e9 v\u00e1m zaru\u010d\u00ed nezabudnute\u013en\u00fd z\u00e1\u017eitok!","breadcrumb":{"@id":"https:\/\/www.legendyuvas.cz\/produkt\/mercedes-amg-gt-63-pro-4matic\/#breadcrumb"},"inLanguage":"sk-SK","potentialAction":[{"@type":"ReadAction","target":["https:\/\/www.legendyuvas.cz\/produkt\/mercedes-amg-gt-63-pro-4matic\/"]}]},{"@type":"ImageObject","inLanguage":"sk-SK","@id":"https:\/\/www.legendyuvas.cz\/produkt\/mercedes-amg-gt-63-pro-4matic\/#primaryimage","url":"https:\/\/www.legendyuvas.cz\/wp-content\/uploads\/2024\/11\/DSC01556-scaled.jpg","contentUrl":"https:\/\/www.legendyuvas.cz\/wp-content\/uploads\/2024\/11\/DSC01556-scaled.jpg","width":2560,"height":1707},{"@type":"BreadcrumbList","@id":"https:\/\/www.legendyuvas.cz\/produkt\/mercedes-amg-gt-63-pro-4matic\/#breadcrumb","itemListElement":[{"@type":"ListItem","position":1,"name":"Dom\u016f","item":"https:\/\/www.legendyuvas.cz\/"},{"@type":"ListItem","position":2,"name":"Obchod","item":"https:\/\/www.legendyuvas.cz\/sk\/obchod\/"},{"@type":"ListItem","position":3,"name":"Mercedes-AMG GT 63 (AT)"}]},{"@type":"WebSite","@id":"https:\/\/www.legendyuvas.cz\/#website","url":"https:\/\/www.legendyuvas.cz\/","name":"Legendy U V\u00e1s","description":"Dechberouc\u00ed z\u00e1\u017eitky v autech a motork\u00e1ch","publisher":{"@id":"https:\/\/www.legendyuvas.cz\/#organization"},"potentialAction":[{"@type":"SearchAction","target":{"@type":"EntryPoint","urlTemplate":"https:\/\/www.legendyuvas.cz\/?s={search_term_string}"},"query-input":{"@type":"PropertyValueSpecification","valueRequired":true,"valueName":"search_term_string"}}],"inLanguage":"sk-SK"},{"@type":"Organization","@id":"https:\/\/www.legendyuvas.cz\/#organization","name":"Bontex2 s.r.o.","url":"https:\/\/www.legendyuvas.cz\/","logo":{"@type":"ImageObject","inLanguage":"sk-SK","@id":"https:\/\/www.legendyuvas.cz\/#\/schema\/logo\/image\/","url":"https:\/\/www.legendyuvas.cz\/wp-content\/uploads\/2021\/03\/Legendy-u-Vas.jpg","contentUrl":"https:\/\/www.legendyuvas.cz\/wp-content\/uploads\/2021\/03\/Legendy-u-Vas.jpg","width":400,"height":240,"caption":"Bontex2 s.r.o."},"image":{"@id":"https:\/\/www.legendyuvas.cz\/#\/schema\/logo\/image\/"},"sameAs":["https:\/\/www.facebook.com\/autolegendyuvas","https:\/\/www.facebook.com\/motolegendyuvas","https:\/\/www.instagram.com\/autolegendyuvas\/","https:\/\/www.instagram.com\/motolegendyuvas\/"]}]}},"_links":{"self":[{"href":"https:\/\/www.legendyuvas.cz\/sk\/wp-json\/wp\/v2\/product\/32257","targetHints":{"allow":["GET"]}}],"collection":[{"href":"https:\/\/www.legendyuvas.cz\/sk\/wp-json\/wp\/v2\/product"}],"about":[{"href":"https:\/\/www.legendyuvas.cz\/sk\/wp-json\/wp\/v2\/types\/product"}],"replies":[{"embeddable":true,"href":"https:\/\/www.legendyuvas.cz\/sk\/wp-json\/wp\/v2\/comments?post=32257"}],"version-history":[{"count":0,"href":"https:\/\/www.legendyuvas.cz\/sk\/wp-json\/wp\/v2\/product\/32257\/revisions"}],"wp:featuredmedia":[{"embeddable":true,"href":"https:\/\/www.legendyuvas.cz\/sk\/wp-json\/wp\/v2\/media\/31066"}],"wp:attachment":[{"href":"https:\/\/www.legendyuvas.cz\/sk\/wp-json\/wp\/v2\/media?parent=32257"}],"wp:term":[{"taxonomy":"product_brand","embeddable":true,"href":"https:\/\/www.legendyuvas.cz\/sk\/wp-json\/wp\/v2\/product_brand?post=32257"},{"taxonomy":"product_cat","embeddable":true,"href":"https:\/\/www.legendyuvas.cz\/sk\/wp-json\/wp\/v2\/product_cat?post=32257"},{"taxonomy":"product_tag","embeddable":true,"href":"https:\/\/www.legendyuvas.cz\/sk\/wp-json\/wp\/v2\/product_tag?post=32257"}],"curies":[{"name":"wp","href":"https:\/\/api.w.org\/{rel}","templated":true}]}}