{"id":32267,"date":"2024-11-19T08:48:10","date_gmt":"2024-11-19T08:48:10","guid":{"rendered":"https:\/\/www.legendyuvas.cz\/?post_type=product&#038;p=32267"},"modified":"2025-12-27T00:02:38","modified_gmt":"2025-12-27T00:02:38","slug":"ford-mustang-gt-at","status":"publish","type":"product","link":"https:\/\/www.legendyuvas.cz\/sk\/produkt\/ford-mustang-gt-at\/","title":{"rendered":"Ford Mustang GT (AT)"},"content":{"rendered":"<h1>Americk\u00fd \u017erebec<\/h1>\n<div class=\"group w-full text-gray-800 dark:text-gray-100 border-b border-black\/10 dark:border-gray-900\/50 bg-gray-50 dark:bg-[#444654]\">\n<div class=\"flex p-4 gap-4 text-base md:gap-6 md:max-w-2xl lg:max-w-[38rem] xl:max-w-3xl md:py-6 lg:px-0 m-auto\">\n<div class=\"relative flex w-[calc(100%-50px)] flex-col gap-1 md:gap-3 lg:w-[calc(100%-115px)]\">\n<div class=\"flex flex-grow flex-col gap-3\">\n<div class=\"min-h-[20px] flex-col items-start gap-4 whitespace-pre-wrap break-words\">\n<div class=\"markdown prose w-full break-words dark:prose-invert light\">\n<p><strong>Za\u017eite ikonick\u00fa silu Fordu Mustang GT (2018) na pretek\u00e1rskej trati!<\/strong> Tento americk\u00fd sil\u00e1k s <strong>manu\u00e1lnou prevodovkou<\/strong> a <strong>480-ko\u0148ov\u00fdm motorom V8<\/strong> v\u00e1s ohrom\u00ed svojou r\u00fdchlos\u0165ou, dynamikou a nezamenite\u013en\u00fdm zvukom. U\u017e pri prvom poh\u013eade na jeho agres\u00edvne l\u00ednie budete vedie\u0165, \u017ee v\u00e1s \u010dak\u00e1 <strong>nie\u010do v\u00fdnimo\u010dn\u00e9.<\/strong><\/p>\n<p><img fetchpriority=\"high\" decoding=\"async\" class=\"aligncenter wp-image-12874 size-full\" src=\"https:\/\/www.legendyuvas.cz\/wp-content\/uploads\/2024\/11\/2018-ford-mustang-ecoboost-10at-108-1541698651.avif\" alt=\"\" width=\"980\" height=\"599\" srcset=\"https:\/\/www.legendyuvas.cz\/wp-content\/uploads\/2024\/11\/2018-ford-mustang-ecoboost-10at-108-1541698651.avif 980w, https:\/\/www.legendyuvas.cz\/wp-content\/uploads\/2024\/11\/2018-ford-mustang-ecoboost-10at-108-1541698651-300x183.jpg 300w, https:\/\/www.legendyuvas.cz\/wp-content\/uploads\/2024\/11\/2018-ford-mustang-ecoboost-10at-108-1541698651-768x469.jpg 768w, https:\/\/www.legendyuvas.cz\/wp-content\/uploads\/2024\/11\/2018-ford-mustang-ecoboost-10at-108-1541698651-600x367.jpg 600w\" sizes=\"(max-width: 980px) 100vw, 980px\" \/><\/p>\n<p>\u010ci u\u017e sa rozhodnete <strong>sedie\u0165 za volantom<\/strong> a dominova\u0165 na trati, alebo si u\u017eijete <strong>adrenal\u00edn zo sedadla spolujazdca<\/strong>, toto je z\u00e1\u017eitok, na ktor\u00fd budete spom\u00edna\u0165 cel\u00fd \u017eivot. Manu\u00e1lne radenie v\u00e1m umo\u017en\u00ed skuto\u010dn\u00fd p\u00f4\u017eitok z jazdy, zatia\u013e \u010do profesion\u00e1l za volantom v\u00e1m uk\u00e1\u017ee, \u010do znamen\u00e1 vy\u0165a\u017ei\u0165 zo svojho Mustanga maximum.<\/p>\n<p><img decoding=\"async\" class=\"aligncenter wp-image-12869 size-full\" src=\"https:\/\/www.legendyuvas.cz\/wp-content\/uploads\/2024\/11\/2018-ford-mustang-gt-10at-124-1541695562.avif\" alt=\"\" width=\"980\" height=\"599\" srcset=\"https:\/\/www.legendyuvas.cz\/wp-content\/uploads\/2024\/11\/2018-ford-mustang-gt-10at-124-1541695562.avif 980w, https:\/\/www.legendyuvas.cz\/wp-content\/uploads\/2024\/11\/2018-ford-mustang-gt-10at-124-1541695562-300x183.jpg 300w, https:\/\/www.legendyuvas.cz\/wp-content\/uploads\/2024\/11\/2018-ford-mustang-gt-10at-124-1541695562-768x469.jpg 768w, https:\/\/www.legendyuvas.cz\/wp-content\/uploads\/2024\/11\/2018-ford-mustang-gt-10at-124-1541695562-600x367.jpg 600w\" sizes=\"(max-width: 980px) 100vw, 980px\" \/><\/p>\n<p>Zvuk motora V8, sila pod kapotou a nezabudnute\u013en\u00fd pocit z jazdy na z\u00e1vodnom okruhu &#8211; to v\u0161etko v\u00e1m prin\u00e1\u0161a toto legend\u00e1rne vozidlo. Po\u010fte sn\u00edva\u0165 a ochutnajte \u010dist\u00fa americk\u00fa slobodu za volantom Fordu Mustang GT! <strong>Rezervujte si jazdu e\u0161te dnes.<\/strong><\/p>\n<\/div>\n<\/div>\n<\/div>\n<\/div>\n<\/div>\n<\/div>\n","protected":false},"excerpt":{"rendered":"<p>Na\u0161e vozidl\u00e1 <strong>m\u00f4\u017eete riadi\u0165<\/strong> alebo si m\u00f4\u017eete vybra\u0165 jazdu ako spolujazdec s pretek\u00e1rskym vodi\u010dom.<\/p>\n","protected":false},"featured_media":30659,"comment_status":"open","ping_status":"closed","template":"","meta":[],"product_brand":[],"product_cat":[449],"product_tag":[],"class_list":{"0":"post-32267","1":"product","2":"type-product","3":"status-publish","4":"has-post-thumbnail","6":"product_cat-auta","8":"first","9":"instock","10":"shipping-taxable","11":"purchasable","12":"product-type-variable"},"yoast_head":"<!-- This site is optimized with the Yoast SEO plugin v24.8.1 - https:\/\/yoast.com\/wordpress\/plugins\/seo\/ -->\n<title>Ford Mustang GT (AT) - Legendy U V\u00e1s<\/title>\n<meta name=\"description\" content=\"Neviete, \u010do k\u00fapi\u0165 svojmu bl\u00edzkemu k narodenin\u00e1m, Vianociam alebo v\u00fdro\u010diu? Na\u0161e dobrodru\u017en\u00e9 jazdy s\u00fa ide\u00e1lnym dar\u010dekom pre t\u00fdch, ktor\u00ed u\u017e maj\u00fa v\u0161etko. S jazdou od n\u00e1s spln\u00edte sny o jazde v nadupanom vozidle za st\u00e1tis\u00edce eur. Darujte z\u00e1\u017eitok, ktor\u00fd sa stane nezabudnute\u013enou spomienkou!\" \/>\n<meta name=\"robots\" content=\"index, follow, max-snippet:-1, max-image-preview:large, max-video-preview:-1\" \/>\n<link rel=\"canonical\" href=\"https:\/\/www.legendyuvas.cz\/sk\/produkt\/ford-mustang-gt-at\/\" \/>\n<meta property=\"og:locale\" content=\"sk_SK\" \/>\n<meta property=\"og:type\" content=\"article\" \/>\n<meta property=\"og:title\" content=\"Ford Mustang GT (AT) - Legendy U V\u00e1s\" \/>\n<meta property=\"og:description\" content=\"Neviete, \u010do k\u00fapi\u0165 svojmu bl\u00edzkemu k narodenin\u00e1m, Vianociam alebo v\u00fdro\u010diu? Na\u0161e dobrodru\u017en\u00e9 jazdy s\u00fa ide\u00e1lnym dar\u010dekom pre t\u00fdch, ktor\u00ed u\u017e maj\u00fa v\u0161etko. S jazdou od n\u00e1s spln\u00edte sny o jazde v nadupanom vozidle za st\u00e1tis\u00edce eur. Darujte z\u00e1\u017eitok, ktor\u00fd sa stane nezabudnute\u013enou spomienkou!\" \/>\n<meta property=\"og:url\" content=\"https:\/\/www.legendyuvas.cz\/sk\/produkt\/ford-mustang-gt-at\/\" \/>\n<meta property=\"og:site_name\" content=\"Legendy U V\u00e1s\" \/>\n<meta property=\"article:publisher\" content=\"https:\/\/www.facebook.com\/autolegendyuvas\" \/>\n<meta property=\"article:modified_time\" content=\"2025-12-27T00:02:38+00:00\" \/>\n<meta property=\"og:image\" content=\"https:\/\/www.legendyuvas.cz\/wp-content\/uploads\/2024\/11\/DSC02475-scaled.jpg\" \/>\n\t<meta property=\"og:image:width\" content=\"2560\" \/>\n\t<meta property=\"og:image:height\" content=\"1707\" \/>\n\t<meta property=\"og:image:type\" content=\"image\/jpeg\" \/>\n<meta name=\"twitter:card\" content=\"summary_large_image\" \/>\n<meta name=\"twitter:label1\" content=\"Predpokladan\u00fd \u010das \u010d\u00edtania\" \/>\n\t<meta name=\"twitter:data1\" content=\"1 min\u00fata\" \/>\n<script type=\"application\/ld+json\" class=\"yoast-schema-graph\">{\"@context\":\"https:\/\/schema.org\",\"@graph\":[{\"@type\":\"WebPage\",\"@id\":\"https:\/\/www.legendyuvas.cz\/sk\/produkt\/ford-mustang-gt-at\/\",\"url\":\"https:\/\/www.legendyuvas.cz\/sk\/produkt\/ford-mustang-gt-at\/\",\"name\":\"Ford Mustang GT (AT) - Legendy U V\u00e1s\",\"isPartOf\":{\"@id\":\"https:\/\/www.legendyuvas.cz\/#website\"},\"primaryImageOfPage\":{\"@id\":\"https:\/\/www.legendyuvas.cz\/sk\/produkt\/ford-mustang-gt-at\/#primaryimage\"},\"image\":{\"@id\":\"https:\/\/www.legendyuvas.cz\/sk\/produkt\/ford-mustang-gt-at\/#primaryimage\"},\"thumbnailUrl\":\"https:\/\/www.legendyuvas.cz\/wp-content\/uploads\/2024\/11\/DSC02475-scaled.jpg\",\"datePublished\":\"2024-11-19T08:48:10+00:00\",\"dateModified\":\"2025-12-27T00:02:38+00:00\",\"description\":\"Neviete, \u010do k\u00fapi\u0165 svojmu bl\u00edzkemu k narodenin\u00e1m, Vianociam alebo v\u00fdro\u010diu? Na\u0161e dobrodru\u017en\u00e9 jazdy s\u00fa ide\u00e1lnym dar\u010dekom pre t\u00fdch, ktor\u00ed u\u017e maj\u00fa v\u0161etko. S jazdou od n\u00e1s spln\u00edte sny o jazde v nadupanom vozidle za st\u00e1tis\u00edce eur. Darujte z\u00e1\u017eitok, ktor\u00fd sa stane nezabudnute\u013enou spomienkou!\",\"breadcrumb\":{\"@id\":\"https:\/\/www.legendyuvas.cz\/sk\/produkt\/ford-mustang-gt-at\/#breadcrumb\"},\"inLanguage\":\"sk-SK\",\"potentialAction\":[{\"@type\":\"ReadAction\",\"target\":[\"https:\/\/www.legendyuvas.cz\/sk\/produkt\/ford-mustang-gt-at\/\"]}]},{\"@type\":\"ImageObject\",\"inLanguage\":\"sk-SK\",\"@id\":\"https:\/\/www.legendyuvas.cz\/sk\/produkt\/ford-mustang-gt-at\/#primaryimage\",\"url\":\"https:\/\/www.legendyuvas.cz\/wp-content\/uploads\/2024\/11\/DSC02475-scaled.jpg\",\"contentUrl\":\"https:\/\/www.legendyuvas.cz\/wp-content\/uploads\/2024\/11\/DSC02475-scaled.jpg\",\"width\":2560,\"height\":1707},{\"@type\":\"BreadcrumbList\",\"@id\":\"https:\/\/www.legendyuvas.cz\/sk\/produkt\/ford-mustang-gt-at\/#breadcrumb\",\"itemListElement\":[{\"@type\":\"ListItem\",\"position\":1,\"name\":\"Dom\u016f\",\"item\":\"https:\/\/www.legendyuvas.cz\/\"},{\"@type\":\"ListItem\",\"position\":2,\"name\":\"Obchod\",\"item\":\"https:\/\/www.legendyuvas.cz\/sk\/obchod\/\"},{\"@type\":\"ListItem\",\"position\":3,\"name\":\"Ford Mustang GT (AT)\"}]},{\"@type\":\"WebSite\",\"@id\":\"https:\/\/www.legendyuvas.cz\/#website\",\"url\":\"https:\/\/www.legendyuvas.cz\/\",\"name\":\"Legendy U V\u00e1s\",\"description\":\"Dechberouc\u00ed z\u00e1\u017eitky v autech a motork\u00e1ch\",\"publisher\":{\"@id\":\"https:\/\/www.legendyuvas.cz\/#organization\"},\"potentialAction\":[{\"@type\":\"SearchAction\",\"target\":{\"@type\":\"EntryPoint\",\"urlTemplate\":\"https:\/\/www.legendyuvas.cz\/?s={search_term_string}\"},\"query-input\":{\"@type\":\"PropertyValueSpecification\",\"valueRequired\":true,\"valueName\":\"search_term_string\"}}],\"inLanguage\":\"sk-SK\"},{\"@type\":\"Organization\",\"@id\":\"https:\/\/www.legendyuvas.cz\/#organization\",\"name\":\"Bontex2 s.r.o.\",\"url\":\"https:\/\/www.legendyuvas.cz\/\",\"logo\":{\"@type\":\"ImageObject\",\"inLanguage\":\"sk-SK\",\"@id\":\"https:\/\/www.legendyuvas.cz\/#\/schema\/logo\/image\/\",\"url\":\"https:\/\/www.legendyuvas.cz\/wp-content\/uploads\/2021\/03\/Legendy-u-Vas.jpg\",\"contentUrl\":\"https:\/\/www.legendyuvas.cz\/wp-content\/uploads\/2021\/03\/Legendy-u-Vas.jpg\",\"width\":400,\"height\":240,\"caption\":\"Bontex2 s.r.o.\"},\"image\":{\"@id\":\"https:\/\/www.legendyuvas.cz\/#\/schema\/logo\/image\/\"},\"sameAs\":[\"https:\/\/www.facebook.com\/autolegendyuvas\",\"https:\/\/www.facebook.com\/motolegendyuvas\",\"https:\/\/www.instagram.com\/autolegendyuvas\/\",\"https:\/\/www.instagram.com\/motolegendyuvas\/\"]}]}<\/script>\n<!-- \/ Yoast SEO plugin. -->","yoast_head_json":{"title":"Ford Mustang GT (AT) - Legendy U V\u00e1s","description":"Neviete, \u010do k\u00fapi\u0165 svojmu bl\u00edzkemu k narodenin\u00e1m, Vianociam alebo v\u00fdro\u010diu? Na\u0161e dobrodru\u017en\u00e9 jazdy s\u00fa ide\u00e1lnym dar\u010dekom pre t\u00fdch, ktor\u00ed u\u017e maj\u00fa v\u0161etko. S jazdou od n\u00e1s spln\u00edte sny o jazde v nadupanom vozidle za st\u00e1tis\u00edce eur. Darujte z\u00e1\u017eitok, ktor\u00fd sa stane nezabudnute\u013enou spomienkou!","robots":{"index":"index","follow":"follow","max-snippet":"max-snippet:-1","max-image-preview":"max-image-preview:large","max-video-preview":"max-video-preview:-1"},"canonical":"https:\/\/www.legendyuvas.cz\/sk\/produkt\/ford-mustang-gt-at\/","og_locale":"sk_SK","og_type":"article","og_title":"Ford Mustang GT (AT) - Legendy U V\u00e1s","og_description":"Neviete, \u010do k\u00fapi\u0165 svojmu bl\u00edzkemu k narodenin\u00e1m, Vianociam alebo v\u00fdro\u010diu? Na\u0161e dobrodru\u017en\u00e9 jazdy s\u00fa ide\u00e1lnym dar\u010dekom pre t\u00fdch, ktor\u00ed u\u017e maj\u00fa v\u0161etko. S jazdou od n\u00e1s spln\u00edte sny o jazde v nadupanom vozidle za st\u00e1tis\u00edce eur. Darujte z\u00e1\u017eitok, ktor\u00fd sa stane nezabudnute\u013enou spomienkou!","og_url":"https:\/\/www.legendyuvas.cz\/sk\/produkt\/ford-mustang-gt-at\/","og_site_name":"Legendy U V\u00e1s","article_publisher":"https:\/\/www.facebook.com\/autolegendyuvas","article_modified_time":"2025-12-27T00:02:38+00:00","og_image":[{"width":2560,"height":1707,"url":"https:\/\/www.legendyuvas.cz\/wp-content\/uploads\/2024\/11\/DSC02475-scaled.jpg","type":"image\/jpeg"}],"twitter_card":"summary_large_image","twitter_misc":{"Predpokladan\u00fd \u010das \u010d\u00edtania":"1 min\u00fata"},"schema":{"@context":"https:\/\/schema.org","@graph":[{"@type":"WebPage","@id":"https:\/\/www.legendyuvas.cz\/sk\/produkt\/ford-mustang-gt-at\/","url":"https:\/\/www.legendyuvas.cz\/sk\/produkt\/ford-mustang-gt-at\/","name":"Ford Mustang GT (AT) - Legendy U V\u00e1s","isPartOf":{"@id":"https:\/\/www.legendyuvas.cz\/#website"},"primaryImageOfPage":{"@id":"https:\/\/www.legendyuvas.cz\/sk\/produkt\/ford-mustang-gt-at\/#primaryimage"},"image":{"@id":"https:\/\/www.legendyuvas.cz\/sk\/produkt\/ford-mustang-gt-at\/#primaryimage"},"thumbnailUrl":"https:\/\/www.legendyuvas.cz\/wp-content\/uploads\/2024\/11\/DSC02475-scaled.jpg","datePublished":"2024-11-19T08:48:10+00:00","dateModified":"2025-12-27T00:02:38+00:00","description":"Neviete, \u010do k\u00fapi\u0165 svojmu bl\u00edzkemu k narodenin\u00e1m, Vianociam alebo v\u00fdro\u010diu? Na\u0161e dobrodru\u017en\u00e9 jazdy s\u00fa ide\u00e1lnym dar\u010dekom pre t\u00fdch, ktor\u00ed u\u017e maj\u00fa v\u0161etko. S jazdou od n\u00e1s spln\u00edte sny o jazde v nadupanom vozidle za st\u00e1tis\u00edce eur. Darujte z\u00e1\u017eitok, ktor\u00fd sa stane nezabudnute\u013enou spomienkou!","breadcrumb":{"@id":"https:\/\/www.legendyuvas.cz\/sk\/produkt\/ford-mustang-gt-at\/#breadcrumb"},"inLanguage":"sk-SK","potentialAction":[{"@type":"ReadAction","target":["https:\/\/www.legendyuvas.cz\/sk\/produkt\/ford-mustang-gt-at\/"]}]},{"@type":"ImageObject","inLanguage":"sk-SK","@id":"https:\/\/www.legendyuvas.cz\/sk\/produkt\/ford-mustang-gt-at\/#primaryimage","url":"https:\/\/www.legendyuvas.cz\/wp-content\/uploads\/2024\/11\/DSC02475-scaled.jpg","contentUrl":"https:\/\/www.legendyuvas.cz\/wp-content\/uploads\/2024\/11\/DSC02475-scaled.jpg","width":2560,"height":1707},{"@type":"BreadcrumbList","@id":"https:\/\/www.legendyuvas.cz\/sk\/produkt\/ford-mustang-gt-at\/#breadcrumb","itemListElement":[{"@type":"ListItem","position":1,"name":"Dom\u016f","item":"https:\/\/www.legendyuvas.cz\/"},{"@type":"ListItem","position":2,"name":"Obchod","item":"https:\/\/www.legendyuvas.cz\/sk\/obchod\/"},{"@type":"ListItem","position":3,"name":"Ford Mustang GT (AT)"}]},{"@type":"WebSite","@id":"https:\/\/www.legendyuvas.cz\/#website","url":"https:\/\/www.legendyuvas.cz\/","name":"Legendy U V\u00e1s","description":"Dechberouc\u00ed z\u00e1\u017eitky v autech a motork\u00e1ch","publisher":{"@id":"https:\/\/www.legendyuvas.cz\/#organization"},"potentialAction":[{"@type":"SearchAction","target":{"@type":"EntryPoint","urlTemplate":"https:\/\/www.legendyuvas.cz\/?s={search_term_string}"},"query-input":{"@type":"PropertyValueSpecification","valueRequired":true,"valueName":"search_term_string"}}],"inLanguage":"sk-SK"},{"@type":"Organization","@id":"https:\/\/www.legendyuvas.cz\/#organization","name":"Bontex2 s.r.o.","url":"https:\/\/www.legendyuvas.cz\/","logo":{"@type":"ImageObject","inLanguage":"sk-SK","@id":"https:\/\/www.legendyuvas.cz\/#\/schema\/logo\/image\/","url":"https:\/\/www.legendyuvas.cz\/wp-content\/uploads\/2021\/03\/Legendy-u-Vas.jpg","contentUrl":"https:\/\/www.legendyuvas.cz\/wp-content\/uploads\/2021\/03\/Legendy-u-Vas.jpg","width":400,"height":240,"caption":"Bontex2 s.r.o."},"image":{"@id":"https:\/\/www.legendyuvas.cz\/#\/schema\/logo\/image\/"},"sameAs":["https:\/\/www.facebook.com\/autolegendyuvas","https:\/\/www.facebook.com\/motolegendyuvas","https:\/\/www.instagram.com\/autolegendyuvas\/","https:\/\/www.instagram.com\/motolegendyuvas\/"]}]}},"_links":{"self":[{"href":"https:\/\/www.legendyuvas.cz\/sk\/wp-json\/wp\/v2\/product\/32267","targetHints":{"allow":["GET"]}}],"collection":[{"href":"https:\/\/www.legendyuvas.cz\/sk\/wp-json\/wp\/v2\/product"}],"about":[{"href":"https:\/\/www.legendyuvas.cz\/sk\/wp-json\/wp\/v2\/types\/product"}],"replies":[{"embeddable":true,"href":"https:\/\/www.legendyuvas.cz\/sk\/wp-json\/wp\/v2\/comments?post=32267"}],"version-history":[{"count":1,"href":"https:\/\/www.legendyuvas.cz\/sk\/wp-json\/wp\/v2\/product\/32267\/revisions"}],"predecessor-version":[{"id":33224,"href":"https:\/\/www.legendyuvas.cz\/sk\/wp-json\/wp\/v2\/product\/32267\/revisions\/33224"}],"wp:featuredmedia":[{"embeddable":true,"href":"https:\/\/www.legendyuvas.cz\/sk\/wp-json\/wp\/v2\/media\/30659"}],"wp:attachment":[{"href":"https:\/\/www.legendyuvas.cz\/sk\/wp-json\/wp\/v2\/media?parent=32267"}],"wp:term":[{"taxonomy":"product_brand","embeddable":true,"href":"https:\/\/www.legendyuvas.cz\/sk\/wp-json\/wp\/v2\/product_brand?post=32267"},{"taxonomy":"product_cat","embeddable":true,"href":"https:\/\/www.legendyuvas.cz\/sk\/wp-json\/wp\/v2\/product_cat?post=32267"},{"taxonomy":"product_tag","embeddable":true,"href":"https:\/\/www.legendyuvas.cz\/sk\/wp-json\/wp\/v2\/product_tag?post=32267"}],"curies":[{"name":"wp","href":"https:\/\/api.w.org\/{rel}","templated":true}]}}