{"id":32271,"date":"2024-11-19T08:50:33","date_gmt":"2024-11-19T08:50:33","guid":{"rendered":"https:\/\/www.legendyuvas.cz\/produkt\/praga-r1t\/"},"modified":"2025-12-27T00:02:38","modified_gmt":"2025-12-27T00:02:38","slug":"praga-r1t","status":"publish","type":"product","link":"https:\/\/www.legendyuvas.cz\/sk\/produkt\/praga-r1t\/","title":{"rendered":"Praga R1T"},"content":{"rendered":"<h1>Ikona \u010desk\u00e9ho motoristick\u00e9ho \u0161portu<\/h1>\n<p>Posa\u010fte sa na sedadlo spolujazdca \u0161pi\u010dkov\u00e9ho pretek\u00e1rskeho \u0161peci\u00e1lu <strong>Praga R1T<\/strong> a za\u017eite, ako chut\u00ed skuto\u010dn\u00e1 r\u00fdchlos\u0165. Toto <strong>ultralight auto<\/strong> s karb\u00f3novou kon\u0161trukciou a turbomotorom pon\u00faka <strong>viac ako 300 kon\u00ed<\/strong> pri hmotnosti <strong>pod 600 kg.<\/strong> V\u00fdsledkom je dychber\u00face zr\u00fdchlenie a dynamika, ktor\u00e1 v\u00e1s doslova <strong>zatla\u010d\u00ed do sedadla.<\/strong><\/p>\n<p><img fetchpriority=\"high\" decoding=\"async\" class=\"aligncenter wp-image-12766 size-full\" src=\"https:\/\/www.legendyuvas.cz\/wp-content\/uploads\/2024\/11\/IMG_3292-scaled.jpeg\" alt=\"\" width=\"2560\" height=\"1707\" srcset=\"https:\/\/www.legendyuvas.cz\/wp-content\/uploads\/2024\/11\/IMG_3292-scaled.jpeg 2560w, https:\/\/www.legendyuvas.cz\/wp-content\/uploads\/2024\/11\/IMG_3292-300x200.jpeg 300w, https:\/\/www.legendyuvas.cz\/wp-content\/uploads\/2024\/11\/IMG_3292-1024x683.jpeg 1024w, https:\/\/www.legendyuvas.cz\/wp-content\/uploads\/2024\/11\/IMG_3292-768x512.jpeg 768w, https:\/\/www.legendyuvas.cz\/wp-content\/uploads\/2024\/11\/IMG_3292-1536x1024.jpeg 1536w, https:\/\/www.legendyuvas.cz\/wp-content\/uploads\/2024\/11\/IMG_3292-2048x1365.jpeg 2048w, https:\/\/www.legendyuvas.cz\/wp-content\/uploads\/2024\/11\/IMG_3292-600x400.jpeg 600w\" sizes=\"(max-width: 2560px) 100vw, 2560px\" \/><\/p>\n<p><strong>Profesion\u00e1lny pretek\u00e1r<\/strong> si sadne za volant, aby posunul hranice jazdy na pretek\u00e1rskej trati. Ka\u017ed\u00e1 z\u00e1kruta, ka\u017ed\u00e1 rovinka a ka\u017ed\u00fd prejazd \u0161ikanou je jedine\u010dn\u00fdm z\u00e1\u017eitkom, ktor\u00fd <strong>za\u017eijete na vlastnej ko\u017ei.<\/strong> Sledujte prec\u00edznu pr\u00e1cu v kokpite a <strong>za\u017eite atmosf\u00e9ru okruhu<\/strong> &#8211; rev motora, v\u00f4\u0148u pneumat\u00edk a energiu, ktor\u00e1 sa doslova vzn\u00e1\u0161a vo vzduchu.<\/p>\n<p>&nbsp;<\/p>\n<h1><img decoding=\"async\" class=\"aligncenter wp-image-12767 size-full\" src=\"https:\/\/www.legendyuvas.cz\/wp-content\/uploads\/2024\/11\/IMG_3300-scaled.jpeg\" alt=\"\" width=\"2560\" height=\"1707\" srcset=\"https:\/\/www.legendyuvas.cz\/wp-content\/uploads\/2024\/11\/IMG_3300-scaled.jpeg 2560w, https:\/\/www.legendyuvas.cz\/wp-content\/uploads\/2024\/11\/IMG_3300-300x200.jpeg 300w, https:\/\/www.legendyuvas.cz\/wp-content\/uploads\/2024\/11\/IMG_3300-1024x683.jpeg 1024w, https:\/\/www.legendyuvas.cz\/wp-content\/uploads\/2024\/11\/IMG_3300-768x512.jpeg 768w, https:\/\/www.legendyuvas.cz\/wp-content\/uploads\/2024\/11\/IMG_3300-1536x1024.jpeg 1536w, https:\/\/www.legendyuvas.cz\/wp-content\/uploads\/2024\/11\/IMG_3300-2048x1365.jpeg 2048w, https:\/\/www.legendyuvas.cz\/wp-content\/uploads\/2024\/11\/IMG_3300-600x400.jpeg 600w\" sizes=\"(max-width: 2560px) 100vw, 2560px\" \/><\/h1>\n<p><strong>Praga R1T<\/strong> je ikonou \u010desk\u00e9ho motoristick\u00e9ho \u0161portu a teraz m\u00e1te mo\u017enos\u0165 <strong>sta\u0165 sa s\u00fa\u010das\u0165ou jej pr\u00edbehu.<\/strong> Objavte hranice r\u00fdchlosti, presnosti a adrenal\u00ednu &#8211; rezervujte si svoj z\u00e1\u017eitok <strong>dnes<\/strong>!<\/p>\n<p>&nbsp;<\/p>\n","protected":false},"excerpt":{"rendered":"<p>Jazda vo vozidle Praga R1T je mo\u017en\u00e1 len na sedadle spolujazdca ved\u013ea pretek\u00e1ra.<\/p>\n","protected":false},"featured_media":41492,"comment_status":"open","ping_status":"closed","template":"","meta":[],"product_brand":[],"product_cat":[449],"product_tag":[],"class_list":{"0":"post-32271","1":"product","2":"type-product","3":"status-publish","4":"has-post-thumbnail","6":"product_cat-auta","8":"first","9":"instock","10":"shipping-taxable","11":"purchasable","12":"product-type-variable"},"yoast_head":"<!-- This site is optimized with the Yoast SEO plugin v24.8.1 - https:\/\/yoast.com\/wordpress\/plugins\/seo\/ -->\n<title>Praga R1T - Legendy U V\u00e1s<\/title>\n<meta name=\"description\" content=\"Adrenal\u00ednov\u00fd z\u00e1\u017eitok s Legendami \u2013 u v\u00e1s a na pln\u00fd plyn Darujte nie\u010do v\u00fdnimo\u010dn\u00e9 \u2013 jazdu v ikonick\u00fdch \u0161portov\u00fdch aut\u00e1ch, ako s\u00fa Ferrari, Lamborghini \u010di Porsche. Za\u017eite v\u00fdkon, r\u00fdchlos\u0165 a em\u00f3cie na vlastnej ko\u017ei \u2013 na profesion\u00e1lnom pretek\u00e1rskom okruhu alebo priamo vo va\u0161om okrese. Dar\u010dek, ktor\u00fd zanech\u00e1 dojem. A stopy na asfalte.\" \/>\n<meta name=\"robots\" content=\"index, follow, max-snippet:-1, max-image-preview:large, max-video-preview:-1\" \/>\n<link rel=\"canonical\" href=\"https:\/\/www.legendyuvas.cz\/produkt\/praga-r1t\/\" \/>\n<meta property=\"og:locale\" content=\"sk_SK\" \/>\n<meta property=\"og:type\" content=\"article\" \/>\n<meta property=\"og:title\" content=\"Praga R1T - Legendy U V\u00e1s\" \/>\n<meta property=\"og:description\" content=\"Adrenal\u00ednov\u00fd z\u00e1\u017eitok s Legendami \u2013 u v\u00e1s a na pln\u00fd plyn Darujte nie\u010do v\u00fdnimo\u010dn\u00e9 \u2013 jazdu v ikonick\u00fdch \u0161portov\u00fdch aut\u00e1ch, ako s\u00fa Ferrari, Lamborghini \u010di Porsche. Za\u017eite v\u00fdkon, r\u00fdchlos\u0165 a em\u00f3cie na vlastnej ko\u017ei \u2013 na profesion\u00e1lnom pretek\u00e1rskom okruhu alebo priamo vo va\u0161om okrese. Dar\u010dek, ktor\u00fd zanech\u00e1 dojem. A stopy na asfalte.\" \/>\n<meta property=\"og:url\" content=\"https:\/\/www.legendyuvas.cz\/produkt\/praga-r1t\/\" \/>\n<meta property=\"og:site_name\" content=\"Legendy U V\u00e1s\" \/>\n<meta property=\"article:publisher\" content=\"https:\/\/www.facebook.com\/autolegendyuvas\" \/>\n<meta property=\"article:modified_time\" content=\"2025-12-27T00:02:38+00:00\" \/>\n<meta property=\"og:image\" content=\"https:\/\/www.legendyuvas.cz\/wp-content\/uploads\/2024\/11\/IMG_3294-1536x1024-1.webp\" \/>\n\t<meta property=\"og:image:width\" content=\"1536\" \/>\n\t<meta property=\"og:image:height\" content=\"1024\" \/>\n\t<meta property=\"og:image:type\" content=\"image\/webp\" \/>\n<meta name=\"twitter:card\" content=\"summary_large_image\" \/>\n<meta name=\"twitter:label1\" content=\"Predpokladan\u00fd \u010das \u010d\u00edtania\" \/>\n\t<meta name=\"twitter:data1\" content=\"1 min\u00fata\" \/>\n<script type=\"application\/ld+json\" class=\"yoast-schema-graph\">{\"@context\":\"https:\/\/schema.org\",\"@graph\":[{\"@type\":\"WebPage\",\"@id\":\"https:\/\/www.legendyuvas.cz\/produkt\/praga-r1t\/\",\"url\":\"https:\/\/www.legendyuvas.cz\/produkt\/praga-r1t\/\",\"name\":\"Praga R1T - Legendy U V\u00e1s\",\"isPartOf\":{\"@id\":\"https:\/\/www.legendyuvas.cz\/#website\"},\"primaryImageOfPage\":{\"@id\":\"https:\/\/www.legendyuvas.cz\/produkt\/praga-r1t\/#primaryimage\"},\"image\":{\"@id\":\"https:\/\/www.legendyuvas.cz\/produkt\/praga-r1t\/#primaryimage\"},\"thumbnailUrl\":\"https:\/\/www.legendyuvas.cz\/wp-content\/uploads\/2024\/11\/IMG_3294-1536x1024-1-1.webp\",\"datePublished\":\"2024-11-19T08:50:33+00:00\",\"dateModified\":\"2025-12-27T00:02:38+00:00\",\"description\":\"Adrenal\u00ednov\u00fd z\u00e1\u017eitok s Legendami \u2013 u v\u00e1s a na pln\u00fd plyn Darujte nie\u010do v\u00fdnimo\u010dn\u00e9 \u2013 jazdu v ikonick\u00fdch \u0161portov\u00fdch aut\u00e1ch, ako s\u00fa Ferrari, Lamborghini \u010di Porsche. Za\u017eite v\u00fdkon, r\u00fdchlos\u0165 a em\u00f3cie na vlastnej ko\u017ei \u2013 na profesion\u00e1lnom pretek\u00e1rskom okruhu alebo priamo vo va\u0161om okrese. Dar\u010dek, ktor\u00fd zanech\u00e1 dojem. A stopy na asfalte.\",\"breadcrumb\":{\"@id\":\"https:\/\/www.legendyuvas.cz\/produkt\/praga-r1t\/#breadcrumb\"},\"inLanguage\":\"sk-SK\",\"potentialAction\":[{\"@type\":\"ReadAction\",\"target\":[\"https:\/\/www.legendyuvas.cz\/produkt\/praga-r1t\/\"]}]},{\"@type\":\"ImageObject\",\"inLanguage\":\"sk-SK\",\"@id\":\"https:\/\/www.legendyuvas.cz\/produkt\/praga-r1t\/#primaryimage\",\"url\":\"https:\/\/www.legendyuvas.cz\/wp-content\/uploads\/2024\/11\/IMG_3294-1536x1024-1-1.webp\",\"contentUrl\":\"https:\/\/www.legendyuvas.cz\/wp-content\/uploads\/2024\/11\/IMG_3294-1536x1024-1-1.webp\",\"width\":1536,\"height\":1024},{\"@type\":\"BreadcrumbList\",\"@id\":\"https:\/\/www.legendyuvas.cz\/produkt\/praga-r1t\/#breadcrumb\",\"itemListElement\":[{\"@type\":\"ListItem\",\"position\":1,\"name\":\"Dom\u016f\",\"item\":\"https:\/\/www.legendyuvas.cz\/\"},{\"@type\":\"ListItem\",\"position\":2,\"name\":\"Obchod\",\"item\":\"https:\/\/www.legendyuvas.cz\/sk\/obchod\/\"},{\"@type\":\"ListItem\",\"position\":3,\"name\":\"Praga R1T\"}]},{\"@type\":\"WebSite\",\"@id\":\"https:\/\/www.legendyuvas.cz\/#website\",\"url\":\"https:\/\/www.legendyuvas.cz\/\",\"name\":\"Legendy U V\u00e1s\",\"description\":\"Dechberouc\u00ed z\u00e1\u017eitky v autech a motork\u00e1ch\",\"publisher\":{\"@id\":\"https:\/\/www.legendyuvas.cz\/#organization\"},\"potentialAction\":[{\"@type\":\"SearchAction\",\"target\":{\"@type\":\"EntryPoint\",\"urlTemplate\":\"https:\/\/www.legendyuvas.cz\/?s={search_term_string}\"},\"query-input\":{\"@type\":\"PropertyValueSpecification\",\"valueRequired\":true,\"valueName\":\"search_term_string\"}}],\"inLanguage\":\"sk-SK\"},{\"@type\":\"Organization\",\"@id\":\"https:\/\/www.legendyuvas.cz\/#organization\",\"name\":\"Bontex2 s.r.o.\",\"url\":\"https:\/\/www.legendyuvas.cz\/\",\"logo\":{\"@type\":\"ImageObject\",\"inLanguage\":\"sk-SK\",\"@id\":\"https:\/\/www.legendyuvas.cz\/#\/schema\/logo\/image\/\",\"url\":\"https:\/\/www.legendyuvas.cz\/wp-content\/uploads\/2021\/03\/Legendy-u-Vas.jpg\",\"contentUrl\":\"https:\/\/www.legendyuvas.cz\/wp-content\/uploads\/2021\/03\/Legendy-u-Vas.jpg\",\"width\":400,\"height\":240,\"caption\":\"Bontex2 s.r.o.\"},\"image\":{\"@id\":\"https:\/\/www.legendyuvas.cz\/#\/schema\/logo\/image\/\"},\"sameAs\":[\"https:\/\/www.facebook.com\/autolegendyuvas\",\"https:\/\/www.facebook.com\/motolegendyuvas\",\"https:\/\/www.instagram.com\/autolegendyuvas\/\",\"https:\/\/www.instagram.com\/motolegendyuvas\/\"]}]}<\/script>\n<!-- \/ Yoast SEO plugin. -->","yoast_head_json":{"title":"Praga R1T - Legendy U V\u00e1s","description":"Adrenal\u00ednov\u00fd z\u00e1\u017eitok s Legendami \u2013 u v\u00e1s a na pln\u00fd plyn Darujte nie\u010do v\u00fdnimo\u010dn\u00e9 \u2013 jazdu v ikonick\u00fdch \u0161portov\u00fdch aut\u00e1ch, ako s\u00fa Ferrari, Lamborghini \u010di Porsche. Za\u017eite v\u00fdkon, r\u00fdchlos\u0165 a em\u00f3cie na vlastnej ko\u017ei \u2013 na profesion\u00e1lnom pretek\u00e1rskom okruhu alebo priamo vo va\u0161om okrese. Dar\u010dek, ktor\u00fd zanech\u00e1 dojem. A stopy na asfalte.","robots":{"index":"index","follow":"follow","max-snippet":"max-snippet:-1","max-image-preview":"max-image-preview:large","max-video-preview":"max-video-preview:-1"},"canonical":"https:\/\/www.legendyuvas.cz\/produkt\/praga-r1t\/","og_locale":"sk_SK","og_type":"article","og_title":"Praga R1T - Legendy U V\u00e1s","og_description":"Adrenal\u00ednov\u00fd z\u00e1\u017eitok s Legendami \u2013 u v\u00e1s a na pln\u00fd plyn Darujte nie\u010do v\u00fdnimo\u010dn\u00e9 \u2013 jazdu v ikonick\u00fdch \u0161portov\u00fdch aut\u00e1ch, ako s\u00fa Ferrari, Lamborghini \u010di Porsche. Za\u017eite v\u00fdkon, r\u00fdchlos\u0165 a em\u00f3cie na vlastnej ko\u017ei \u2013 na profesion\u00e1lnom pretek\u00e1rskom okruhu alebo priamo vo va\u0161om okrese. Dar\u010dek, ktor\u00fd zanech\u00e1 dojem. A stopy na asfalte.","og_url":"https:\/\/www.legendyuvas.cz\/produkt\/praga-r1t\/","og_site_name":"Legendy U V\u00e1s","article_publisher":"https:\/\/www.facebook.com\/autolegendyuvas","article_modified_time":"2025-12-27T00:02:38+00:00","og_image":[{"width":1536,"height":1024,"url":"https:\/\/www.legendyuvas.cz\/wp-content\/uploads\/2024\/11\/IMG_3294-1536x1024-1.webp","type":"image\/webp"}],"twitter_card":"summary_large_image","twitter_misc":{"Predpokladan\u00fd \u010das \u010d\u00edtania":"1 min\u00fata"},"schema":{"@context":"https:\/\/schema.org","@graph":[{"@type":"WebPage","@id":"https:\/\/www.legendyuvas.cz\/produkt\/praga-r1t\/","url":"https:\/\/www.legendyuvas.cz\/produkt\/praga-r1t\/","name":"Praga R1T - Legendy U V\u00e1s","isPartOf":{"@id":"https:\/\/www.legendyuvas.cz\/#website"},"primaryImageOfPage":{"@id":"https:\/\/www.legendyuvas.cz\/produkt\/praga-r1t\/#primaryimage"},"image":{"@id":"https:\/\/www.legendyuvas.cz\/produkt\/praga-r1t\/#primaryimage"},"thumbnailUrl":"https:\/\/www.legendyuvas.cz\/wp-content\/uploads\/2024\/11\/IMG_3294-1536x1024-1-1.webp","datePublished":"2024-11-19T08:50:33+00:00","dateModified":"2025-12-27T00:02:38+00:00","description":"Adrenal\u00ednov\u00fd z\u00e1\u017eitok s Legendami \u2013 u v\u00e1s a na pln\u00fd plyn Darujte nie\u010do v\u00fdnimo\u010dn\u00e9 \u2013 jazdu v ikonick\u00fdch \u0161portov\u00fdch aut\u00e1ch, ako s\u00fa Ferrari, Lamborghini \u010di Porsche. Za\u017eite v\u00fdkon, r\u00fdchlos\u0165 a em\u00f3cie na vlastnej ko\u017ei \u2013 na profesion\u00e1lnom pretek\u00e1rskom okruhu alebo priamo vo va\u0161om okrese. Dar\u010dek, ktor\u00fd zanech\u00e1 dojem. A stopy na asfalte.","breadcrumb":{"@id":"https:\/\/www.legendyuvas.cz\/produkt\/praga-r1t\/#breadcrumb"},"inLanguage":"sk-SK","potentialAction":[{"@type":"ReadAction","target":["https:\/\/www.legendyuvas.cz\/produkt\/praga-r1t\/"]}]},{"@type":"ImageObject","inLanguage":"sk-SK","@id":"https:\/\/www.legendyuvas.cz\/produkt\/praga-r1t\/#primaryimage","url":"https:\/\/www.legendyuvas.cz\/wp-content\/uploads\/2024\/11\/IMG_3294-1536x1024-1-1.webp","contentUrl":"https:\/\/www.legendyuvas.cz\/wp-content\/uploads\/2024\/11\/IMG_3294-1536x1024-1-1.webp","width":1536,"height":1024},{"@type":"BreadcrumbList","@id":"https:\/\/www.legendyuvas.cz\/produkt\/praga-r1t\/#breadcrumb","itemListElement":[{"@type":"ListItem","position":1,"name":"Dom\u016f","item":"https:\/\/www.legendyuvas.cz\/"},{"@type":"ListItem","position":2,"name":"Obchod","item":"https:\/\/www.legendyuvas.cz\/sk\/obchod\/"},{"@type":"ListItem","position":3,"name":"Praga R1T"}]},{"@type":"WebSite","@id":"https:\/\/www.legendyuvas.cz\/#website","url":"https:\/\/www.legendyuvas.cz\/","name":"Legendy U V\u00e1s","description":"Dechberouc\u00ed z\u00e1\u017eitky v autech a motork\u00e1ch","publisher":{"@id":"https:\/\/www.legendyuvas.cz\/#organization"},"potentialAction":[{"@type":"SearchAction","target":{"@type":"EntryPoint","urlTemplate":"https:\/\/www.legendyuvas.cz\/?s={search_term_string}"},"query-input":{"@type":"PropertyValueSpecification","valueRequired":true,"valueName":"search_term_string"}}],"inLanguage":"sk-SK"},{"@type":"Organization","@id":"https:\/\/www.legendyuvas.cz\/#organization","name":"Bontex2 s.r.o.","url":"https:\/\/www.legendyuvas.cz\/","logo":{"@type":"ImageObject","inLanguage":"sk-SK","@id":"https:\/\/www.legendyuvas.cz\/#\/schema\/logo\/image\/","url":"https:\/\/www.legendyuvas.cz\/wp-content\/uploads\/2021\/03\/Legendy-u-Vas.jpg","contentUrl":"https:\/\/www.legendyuvas.cz\/wp-content\/uploads\/2021\/03\/Legendy-u-Vas.jpg","width":400,"height":240,"caption":"Bontex2 s.r.o."},"image":{"@id":"https:\/\/www.legendyuvas.cz\/#\/schema\/logo\/image\/"},"sameAs":["https:\/\/www.facebook.com\/autolegendyuvas","https:\/\/www.facebook.com\/motolegendyuvas","https:\/\/www.instagram.com\/autolegendyuvas\/","https:\/\/www.instagram.com\/motolegendyuvas\/"]}]}},"_links":{"self":[{"href":"https:\/\/www.legendyuvas.cz\/sk\/wp-json\/wp\/v2\/product\/32271","targetHints":{"allow":["GET"]}}],"collection":[{"href":"https:\/\/www.legendyuvas.cz\/sk\/wp-json\/wp\/v2\/product"}],"about":[{"href":"https:\/\/www.legendyuvas.cz\/sk\/wp-json\/wp\/v2\/types\/product"}],"replies":[{"embeddable":true,"href":"https:\/\/www.legendyuvas.cz\/sk\/wp-json\/wp\/v2\/comments?post=32271"}],"version-history":[{"count":0,"href":"https:\/\/www.legendyuvas.cz\/sk\/wp-json\/wp\/v2\/product\/32271\/revisions"}],"wp:featuredmedia":[{"embeddable":true,"href":"https:\/\/www.legendyuvas.cz\/sk\/wp-json\/wp\/v2\/media\/41492"}],"wp:attachment":[{"href":"https:\/\/www.legendyuvas.cz\/sk\/wp-json\/wp\/v2\/media?parent=32271"}],"wp:term":[{"taxonomy":"product_brand","embeddable":true,"href":"https:\/\/www.legendyuvas.cz\/sk\/wp-json\/wp\/v2\/product_brand?post=32271"},{"taxonomy":"product_cat","embeddable":true,"href":"https:\/\/www.legendyuvas.cz\/sk\/wp-json\/wp\/v2\/product_cat?post=32271"},{"taxonomy":"product_tag","embeddable":true,"href":"https:\/\/www.legendyuvas.cz\/sk\/wp-json\/wp\/v2\/product_tag?post=32271"}],"curies":[{"name":"wp","href":"https:\/\/api.w.org\/{rel}","templated":true}]}}