{"id":32295,"date":"2025-11-26T10:50:43","date_gmt":"2025-11-26T10:50:43","guid":{"rendered":"https:\/\/www.legendyuvas.cz\/produkt\/lamborghini-huracan-sto\/"},"modified":"2025-12-27T00:02:42","modified_gmt":"2025-12-27T00:02:42","slug":"lamborghini-huracan-sto","status":"publish","type":"product","link":"https:\/\/www.legendyuvas.cz\/sk\/produkt\/lamborghini-huracan-sto\/","title":{"rendered":"Lamborghini Hurac\u00e1n STO"},"content":{"rendered":"<h1>Kamar\u00e1t z Talianska<\/h1>\n<p>Pripravte sa na <strong>nezabudnute\u013en\u00fd z\u00e1\u017eitok<\/strong> za volantom jedn\u00e9ho z najexkluz\u00edvnej\u0161\u00edch a najv\u00fdkonnej\u0161\u00edch <strong>super \u0161portov\u00fdch vozidiel na svete<\/strong>. Lamborghini Hurac\u00e1n STO je zroden\u00e9 pre pretek\u00e1rsku tra\u0165, sp\u00e1ja <strong>\u00fachvatn\u00fd<\/strong> v\u00fdkon s prec\u00edznym ovl\u00e1dan\u00edm. Srdcom tohto vozidla je 5,2-litrov\u00fd motor <strong>V10<\/strong>, ktor\u00fd produkuje neuverite\u013en\u00fdch <strong>640 kon\u00ed<\/strong>, v\u010faka \u010domu dosiahnete \u010das zr\u00fdchlenia 0-100 km\/h len 3 sekundy a maxim\u00e1lnu r\u00fdchlos\u0165 viac ako 300 km\/h!<\/p>\n<p><img fetchpriority=\"high\" decoding=\"async\" class=\"aligncenter wp-image-12385 size-full\" src=\"https:\/\/www.legendyuvas.cz\/wp-content\/uploads\/2024\/11\/DSC08803-Edit-2-scaled.jpg\" alt=\"\" width=\"2560\" height=\"1707\" srcset=\"https:\/\/www.legendyuvas.cz\/wp-content\/uploads\/2024\/11\/DSC08803-Edit-2-scaled.jpg 2560w, https:\/\/www.legendyuvas.cz\/wp-content\/uploads\/2024\/11\/DSC08803-Edit-2-300x200.jpg 300w, https:\/\/www.legendyuvas.cz\/wp-content\/uploads\/2024\/11\/DSC08803-Edit-2-1024x683.jpg 1024w, https:\/\/www.legendyuvas.cz\/wp-content\/uploads\/2024\/11\/DSC08803-Edit-2-768x512.jpg 768w, https:\/\/www.legendyuvas.cz\/wp-content\/uploads\/2024\/11\/DSC08803-Edit-2-1536x1024.jpg 1536w, https:\/\/www.legendyuvas.cz\/wp-content\/uploads\/2024\/11\/DSC08803-Edit-2-2048x1365.jpg 2048w, https:\/\/www.legendyuvas.cz\/wp-content\/uploads\/2024\/11\/DSC08803-Edit-2-600x400.jpg 600w\" sizes=\"(max-width: 2560px) 100vw, 2560px\" \/><\/p>\n<p>Toto vozidlo je \u0161peci\u00e1lna ed\u00edcia in\u0161pirovan\u00e1 <strong>z\u00e1vodnou technol\u00f3giou<\/strong>. \u013dahk\u00e1 <strong>kon\u0161trukcia z uhl\u00edkov\u00fdch vl\u00e1kien<\/strong>, pretek\u00e1rska aerodynamika a nekompromisn\u00e9 brzdy v\u00e1m umo\u017enia za\u017ei\u0165 <strong>nefal\u0161ovan\u00fd pocit<\/strong> z pretekania. \u010ci u\u017e si sadnete za volant, alebo si u\u017eijete adrenal\u00ednov\u00fa jazdu ako spolujazdec, budete svedkami \u010distej <strong>automobilovej dokonalosti.<\/strong><\/p>\n<p>&nbsp;<\/p>\n<h1><img decoding=\"async\" class=\"aligncenter wp-image-12386 size-full\" src=\"https:\/\/www.legendyuvas.cz\/wp-content\/uploads\/2024\/11\/DSC09971-Enhanced-NR-scaled.jpg\" alt=\"\" width=\"2560\" height=\"1707\" srcset=\"https:\/\/www.legendyuvas.cz\/wp-content\/uploads\/2024\/11\/DSC09971-Enhanced-NR-scaled.jpg 2560w, https:\/\/www.legendyuvas.cz\/wp-content\/uploads\/2024\/11\/DSC09971-Enhanced-NR-300x200.jpg 300w, https:\/\/www.legendyuvas.cz\/wp-content\/uploads\/2024\/11\/DSC09971-Enhanced-NR-1024x683.jpg 1024w, https:\/\/www.legendyuvas.cz\/wp-content\/uploads\/2024\/11\/DSC09971-Enhanced-NR-768x512.jpg 768w, https:\/\/www.legendyuvas.cz\/wp-content\/uploads\/2024\/11\/DSC09971-Enhanced-NR-1536x1024.jpg 1536w, https:\/\/www.legendyuvas.cz\/wp-content\/uploads\/2024\/11\/DSC09971-Enhanced-NR-2048x1365.jpg 2048w, https:\/\/www.legendyuvas.cz\/wp-content\/uploads\/2024\/11\/DSC09971-Enhanced-NR-600x400.jpg 600w\" sizes=\"(max-width: 2560px) 100vw, 2560px\" \/><\/h1>\n<p>Pripravte sa na <strong>jedine\u010dn\u00fd z\u00e1\u017eitok,<\/strong> ktor\u00fd v\u00e1m rozpr\u00fadi krv v \u017eil\u00e1ch. Vydajte sa na pretek\u00e1rsku tra\u0165 a prevezmite kontrolu nad touto ma\u0161inou, ktor\u00e1 poskytne <strong>v\u00ed\u0165azn\u00fd pocit<\/strong> na ka\u017edej rovinke a v ka\u017edej z\u00e1krute. Pre milovn\u00edkov r\u00fdchlosti a extr\u00e9mnych v\u00fdkonov je to dokonal\u00fd z\u00e1\u017eitok, na ktor\u00fd <strong>nikdy nezabudn\u00fa!<\/strong><\/p>\n<p>&nbsp;<\/p>\n","protected":false},"excerpt":{"rendered":"<p>Na\u0161e vozidl\u00e1 <strong>m\u00f4\u017eete riadi\u0165<\/strong> alebo si m\u00f4\u017eete vybra\u0165 jazdu ako spolujazdec s pretek\u00e1rskym vodi\u010dom.<\/p>\n","protected":false},"featured_media":41229,"comment_status":"open","ping_status":"closed","template":"","meta":[],"product_brand":[],"product_cat":[449],"product_tag":[],"class_list":{"0":"post-32295","1":"product","2":"type-product","3":"status-publish","4":"has-post-thumbnail","6":"product_cat-auta","8":"first","9":"instock","10":"shipping-taxable","11":"purchasable","12":"product-type-variable"},"yoast_head":"<!-- This site is optimized with the Yoast SEO plugin v24.8.1 - https:\/\/yoast.com\/wordpress\/plugins\/seo\/ -->\n<title>Lamborghini Hurac\u00e1n STO - Legendy U V\u00e1s<\/title>\n<meta name=\"description\" content=\"Neviete, \u010do k\u00fapi\u0165 svojmu bl\u00edzkemu k narodenin\u00e1m, Vianociam alebo v\u00fdro\u010diu? Na\u0161e dobrodru\u017en\u00e9 jazdy s\u00fa ide\u00e1lnym dar\u010dekom pre t\u00fdch, ktor\u00ed u\u017e maj\u00fa v\u0161etko. S jazdou od n\u00e1s spln\u00edte sny o jazde v nadupanom vozidle za st\u00e1tis\u00edce eur. Darujte z\u00e1\u017eitok, ktor\u00fd sa stane nezabudnute\u013enou spomienkou!\" \/>\n<meta name=\"robots\" content=\"index, follow, max-snippet:-1, max-image-preview:large, max-video-preview:-1\" \/>\n<link rel=\"canonical\" href=\"https:\/\/www.legendyuvas.cz\/produkt\/lamborghini-huracan-sto\/\" \/>\n<meta property=\"og:locale\" content=\"sk_SK\" \/>\n<meta property=\"og:type\" content=\"article\" \/>\n<meta property=\"og:title\" content=\"Lamborghini Hurac\u00e1n STO - Legendy U V\u00e1s\" \/>\n<meta property=\"og:description\" content=\"Neviete, \u010do k\u00fapi\u0165 svojmu bl\u00edzkemu k narodenin\u00e1m, Vianociam alebo v\u00fdro\u010diu? Na\u0161e dobrodru\u017en\u00e9 jazdy s\u00fa ide\u00e1lnym dar\u010dekom pre t\u00fdch, ktor\u00ed u\u017e maj\u00fa v\u0161etko. S jazdou od n\u00e1s spln\u00edte sny o jazde v nadupanom vozidle za st\u00e1tis\u00edce eur. Darujte z\u00e1\u017eitok, ktor\u00fd sa stane nezabudnute\u013enou spomienkou!\" \/>\n<meta property=\"og:url\" content=\"https:\/\/www.legendyuvas.cz\/produkt\/lamborghini-huracan-sto\/\" \/>\n<meta property=\"og:site_name\" content=\"Legendy U V\u00e1s\" \/>\n<meta property=\"article:publisher\" content=\"https:\/\/www.facebook.com\/autolegendyuvas\" \/>\n<meta property=\"article:modified_time\" content=\"2025-12-27T00:02:42+00:00\" \/>\n<meta property=\"og:image\" content=\"https:\/\/www.legendyuvas.cz\/wp-content\/uploads\/2024\/11\/nahledovka-2-scaled.jpg\" \/>\n\t<meta property=\"og:image:width\" content=\"2560\" \/>\n\t<meta property=\"og:image:height\" content=\"1707\" \/>\n\t<meta property=\"og:image:type\" content=\"image\/jpeg\" \/>\n<meta name=\"twitter:card\" content=\"summary_large_image\" \/>\n<meta name=\"twitter:label1\" content=\"Predpokladan\u00fd \u010das \u010d\u00edtania\" \/>\n\t<meta name=\"twitter:data1\" content=\"1 min\u00fata\" \/>\n<script type=\"application\/ld+json\" class=\"yoast-schema-graph\">{\"@context\":\"https:\/\/schema.org\",\"@graph\":[{\"@type\":\"WebPage\",\"@id\":\"https:\/\/www.legendyuvas.cz\/produkt\/lamborghini-huracan-sto\/\",\"url\":\"https:\/\/www.legendyuvas.cz\/produkt\/lamborghini-huracan-sto\/\",\"name\":\"Lamborghini Hurac\u00e1n STO - Legendy U V\u00e1s\",\"isPartOf\":{\"@id\":\"https:\/\/www.legendyuvas.cz\/#website\"},\"primaryImageOfPage\":{\"@id\":\"https:\/\/www.legendyuvas.cz\/produkt\/lamborghini-huracan-sto\/#primaryimage\"},\"image\":{\"@id\":\"https:\/\/www.legendyuvas.cz\/produkt\/lamborghini-huracan-sto\/#primaryimage\"},\"thumbnailUrl\":\"https:\/\/www.legendyuvas.cz\/wp-content\/uploads\/2025\/11\/nahledovka-2-scaled-1.webp\",\"datePublished\":\"2025-11-26T10:50:43+00:00\",\"dateModified\":\"2025-12-27T00:02:42+00:00\",\"description\":\"Neviete, \u010do k\u00fapi\u0165 svojmu bl\u00edzkemu k narodenin\u00e1m, Vianociam alebo v\u00fdro\u010diu? Na\u0161e dobrodru\u017en\u00e9 jazdy s\u00fa ide\u00e1lnym dar\u010dekom pre t\u00fdch, ktor\u00ed u\u017e maj\u00fa v\u0161etko. S jazdou od n\u00e1s spln\u00edte sny o jazde v nadupanom vozidle za st\u00e1tis\u00edce eur. Darujte z\u00e1\u017eitok, ktor\u00fd sa stane nezabudnute\u013enou spomienkou!\",\"breadcrumb\":{\"@id\":\"https:\/\/www.legendyuvas.cz\/produkt\/lamborghini-huracan-sto\/#breadcrumb\"},\"inLanguage\":\"sk-SK\",\"potentialAction\":[{\"@type\":\"ReadAction\",\"target\":[\"https:\/\/www.legendyuvas.cz\/produkt\/lamborghini-huracan-sto\/\"]}]},{\"@type\":\"ImageObject\",\"inLanguage\":\"sk-SK\",\"@id\":\"https:\/\/www.legendyuvas.cz\/produkt\/lamborghini-huracan-sto\/#primaryimage\",\"url\":\"https:\/\/www.legendyuvas.cz\/wp-content\/uploads\/2025\/11\/nahledovka-2-scaled-1.webp\",\"contentUrl\":\"https:\/\/www.legendyuvas.cz\/wp-content\/uploads\/2025\/11\/nahledovka-2-scaled-1.webp\",\"width\":2560,\"height\":1707},{\"@type\":\"BreadcrumbList\",\"@id\":\"https:\/\/www.legendyuvas.cz\/produkt\/lamborghini-huracan-sto\/#breadcrumb\",\"itemListElement\":[{\"@type\":\"ListItem\",\"position\":1,\"name\":\"Dom\u016f\",\"item\":\"https:\/\/www.legendyuvas.cz\/\"},{\"@type\":\"ListItem\",\"position\":2,\"name\":\"Obchod\",\"item\":\"https:\/\/www.legendyuvas.cz\/sk\/obchod\/\"},{\"@type\":\"ListItem\",\"position\":3,\"name\":\"Lamborghini Hurac\u00e1n STO\"}]},{\"@type\":\"WebSite\",\"@id\":\"https:\/\/www.legendyuvas.cz\/#website\",\"url\":\"https:\/\/www.legendyuvas.cz\/\",\"name\":\"Legendy U V\u00e1s\",\"description\":\"Dechberouc\u00ed z\u00e1\u017eitky v autech a motork\u00e1ch\",\"publisher\":{\"@id\":\"https:\/\/www.legendyuvas.cz\/#organization\"},\"potentialAction\":[{\"@type\":\"SearchAction\",\"target\":{\"@type\":\"EntryPoint\",\"urlTemplate\":\"https:\/\/www.legendyuvas.cz\/?s={search_term_string}\"},\"query-input\":{\"@type\":\"PropertyValueSpecification\",\"valueRequired\":true,\"valueName\":\"search_term_string\"}}],\"inLanguage\":\"sk-SK\"},{\"@type\":\"Organization\",\"@id\":\"https:\/\/www.legendyuvas.cz\/#organization\",\"name\":\"Bontex2 s.r.o.\",\"url\":\"https:\/\/www.legendyuvas.cz\/\",\"logo\":{\"@type\":\"ImageObject\",\"inLanguage\":\"sk-SK\",\"@id\":\"https:\/\/www.legendyuvas.cz\/#\/schema\/logo\/image\/\",\"url\":\"https:\/\/www.legendyuvas.cz\/wp-content\/uploads\/2021\/03\/Legendy-u-Vas.jpg\",\"contentUrl\":\"https:\/\/www.legendyuvas.cz\/wp-content\/uploads\/2021\/03\/Legendy-u-Vas.jpg\",\"width\":400,\"height\":240,\"caption\":\"Bontex2 s.r.o.\"},\"image\":{\"@id\":\"https:\/\/www.legendyuvas.cz\/#\/schema\/logo\/image\/\"},\"sameAs\":[\"https:\/\/www.facebook.com\/autolegendyuvas\",\"https:\/\/www.facebook.com\/motolegendyuvas\",\"https:\/\/www.instagram.com\/autolegendyuvas\/\",\"https:\/\/www.instagram.com\/motolegendyuvas\/\"]}]}<\/script>\n<!-- \/ Yoast SEO plugin. -->","yoast_head_json":{"title":"Lamborghini Hurac\u00e1n STO - Legendy U V\u00e1s","description":"Neviete, \u010do k\u00fapi\u0165 svojmu bl\u00edzkemu k narodenin\u00e1m, Vianociam alebo v\u00fdro\u010diu? Na\u0161e dobrodru\u017en\u00e9 jazdy s\u00fa ide\u00e1lnym dar\u010dekom pre t\u00fdch, ktor\u00ed u\u017e maj\u00fa v\u0161etko. S jazdou od n\u00e1s spln\u00edte sny o jazde v nadupanom vozidle za st\u00e1tis\u00edce eur. Darujte z\u00e1\u017eitok, ktor\u00fd sa stane nezabudnute\u013enou spomienkou!","robots":{"index":"index","follow":"follow","max-snippet":"max-snippet:-1","max-image-preview":"max-image-preview:large","max-video-preview":"max-video-preview:-1"},"canonical":"https:\/\/www.legendyuvas.cz\/produkt\/lamborghini-huracan-sto\/","og_locale":"sk_SK","og_type":"article","og_title":"Lamborghini Hurac\u00e1n STO - Legendy U V\u00e1s","og_description":"Neviete, \u010do k\u00fapi\u0165 svojmu bl\u00edzkemu k narodenin\u00e1m, Vianociam alebo v\u00fdro\u010diu? Na\u0161e dobrodru\u017en\u00e9 jazdy s\u00fa ide\u00e1lnym dar\u010dekom pre t\u00fdch, ktor\u00ed u\u017e maj\u00fa v\u0161etko. S jazdou od n\u00e1s spln\u00edte sny o jazde v nadupanom vozidle za st\u00e1tis\u00edce eur. Darujte z\u00e1\u017eitok, ktor\u00fd sa stane nezabudnute\u013enou spomienkou!","og_url":"https:\/\/www.legendyuvas.cz\/produkt\/lamborghini-huracan-sto\/","og_site_name":"Legendy U V\u00e1s","article_publisher":"https:\/\/www.facebook.com\/autolegendyuvas","article_modified_time":"2025-12-27T00:02:42+00:00","og_image":[{"width":2560,"height":1707,"url":"https:\/\/www.legendyuvas.cz\/wp-content\/uploads\/2024\/11\/nahledovka-2-scaled.jpg","type":"image\/jpeg"}],"twitter_card":"summary_large_image","twitter_misc":{"Predpokladan\u00fd \u010das \u010d\u00edtania":"1 min\u00fata"},"schema":{"@context":"https:\/\/schema.org","@graph":[{"@type":"WebPage","@id":"https:\/\/www.legendyuvas.cz\/produkt\/lamborghini-huracan-sto\/","url":"https:\/\/www.legendyuvas.cz\/produkt\/lamborghini-huracan-sto\/","name":"Lamborghini Hurac\u00e1n STO - Legendy U V\u00e1s","isPartOf":{"@id":"https:\/\/www.legendyuvas.cz\/#website"},"primaryImageOfPage":{"@id":"https:\/\/www.legendyuvas.cz\/produkt\/lamborghini-huracan-sto\/#primaryimage"},"image":{"@id":"https:\/\/www.legendyuvas.cz\/produkt\/lamborghini-huracan-sto\/#primaryimage"},"thumbnailUrl":"https:\/\/www.legendyuvas.cz\/wp-content\/uploads\/2025\/11\/nahledovka-2-scaled-1.webp","datePublished":"2025-11-26T10:50:43+00:00","dateModified":"2025-12-27T00:02:42+00:00","description":"Neviete, \u010do k\u00fapi\u0165 svojmu bl\u00edzkemu k narodenin\u00e1m, Vianociam alebo v\u00fdro\u010diu? Na\u0161e dobrodru\u017en\u00e9 jazdy s\u00fa ide\u00e1lnym dar\u010dekom pre t\u00fdch, ktor\u00ed u\u017e maj\u00fa v\u0161etko. S jazdou od n\u00e1s spln\u00edte sny o jazde v nadupanom vozidle za st\u00e1tis\u00edce eur. Darujte z\u00e1\u017eitok, ktor\u00fd sa stane nezabudnute\u013enou spomienkou!","breadcrumb":{"@id":"https:\/\/www.legendyuvas.cz\/produkt\/lamborghini-huracan-sto\/#breadcrumb"},"inLanguage":"sk-SK","potentialAction":[{"@type":"ReadAction","target":["https:\/\/www.legendyuvas.cz\/produkt\/lamborghini-huracan-sto\/"]}]},{"@type":"ImageObject","inLanguage":"sk-SK","@id":"https:\/\/www.legendyuvas.cz\/produkt\/lamborghini-huracan-sto\/#primaryimage","url":"https:\/\/www.legendyuvas.cz\/wp-content\/uploads\/2025\/11\/nahledovka-2-scaled-1.webp","contentUrl":"https:\/\/www.legendyuvas.cz\/wp-content\/uploads\/2025\/11\/nahledovka-2-scaled-1.webp","width":2560,"height":1707},{"@type":"BreadcrumbList","@id":"https:\/\/www.legendyuvas.cz\/produkt\/lamborghini-huracan-sto\/#breadcrumb","itemListElement":[{"@type":"ListItem","position":1,"name":"Dom\u016f","item":"https:\/\/www.legendyuvas.cz\/"},{"@type":"ListItem","position":2,"name":"Obchod","item":"https:\/\/www.legendyuvas.cz\/sk\/obchod\/"},{"@type":"ListItem","position":3,"name":"Lamborghini Hurac\u00e1n STO"}]},{"@type":"WebSite","@id":"https:\/\/www.legendyuvas.cz\/#website","url":"https:\/\/www.legendyuvas.cz\/","name":"Legendy U V\u00e1s","description":"Dechberouc\u00ed z\u00e1\u017eitky v autech a motork\u00e1ch","publisher":{"@id":"https:\/\/www.legendyuvas.cz\/#organization"},"potentialAction":[{"@type":"SearchAction","target":{"@type":"EntryPoint","urlTemplate":"https:\/\/www.legendyuvas.cz\/?s={search_term_string}"},"query-input":{"@type":"PropertyValueSpecification","valueRequired":true,"valueName":"search_term_string"}}],"inLanguage":"sk-SK"},{"@type":"Organization","@id":"https:\/\/www.legendyuvas.cz\/#organization","name":"Bontex2 s.r.o.","url":"https:\/\/www.legendyuvas.cz\/","logo":{"@type":"ImageObject","inLanguage":"sk-SK","@id":"https:\/\/www.legendyuvas.cz\/#\/schema\/logo\/image\/","url":"https:\/\/www.legendyuvas.cz\/wp-content\/uploads\/2021\/03\/Legendy-u-Vas.jpg","contentUrl":"https:\/\/www.legendyuvas.cz\/wp-content\/uploads\/2021\/03\/Legendy-u-Vas.jpg","width":400,"height":240,"caption":"Bontex2 s.r.o."},"image":{"@id":"https:\/\/www.legendyuvas.cz\/#\/schema\/logo\/image\/"},"sameAs":["https:\/\/www.facebook.com\/autolegendyuvas","https:\/\/www.facebook.com\/motolegendyuvas","https:\/\/www.instagram.com\/autolegendyuvas\/","https:\/\/www.instagram.com\/motolegendyuvas\/"]}]}},"_links":{"self":[{"href":"https:\/\/www.legendyuvas.cz\/sk\/wp-json\/wp\/v2\/product\/32295","targetHints":{"allow":["GET"]}}],"collection":[{"href":"https:\/\/www.legendyuvas.cz\/sk\/wp-json\/wp\/v2\/product"}],"about":[{"href":"https:\/\/www.legendyuvas.cz\/sk\/wp-json\/wp\/v2\/types\/product"}],"replies":[{"embeddable":true,"href":"https:\/\/www.legendyuvas.cz\/sk\/wp-json\/wp\/v2\/comments?post=32295"}],"version-history":[{"count":0,"href":"https:\/\/www.legendyuvas.cz\/sk\/wp-json\/wp\/v2\/product\/32295\/revisions"}],"wp:featuredmedia":[{"embeddable":true,"href":"https:\/\/www.legendyuvas.cz\/sk\/wp-json\/wp\/v2\/media\/41229"}],"wp:attachment":[{"href":"https:\/\/www.legendyuvas.cz\/sk\/wp-json\/wp\/v2\/media?parent=32295"}],"wp:term":[{"taxonomy":"product_brand","embeddable":true,"href":"https:\/\/www.legendyuvas.cz\/sk\/wp-json\/wp\/v2\/product_brand?post=32295"},{"taxonomy":"product_cat","embeddable":true,"href":"https:\/\/www.legendyuvas.cz\/sk\/wp-json\/wp\/v2\/product_cat?post=32295"},{"taxonomy":"product_tag","embeddable":true,"href":"https:\/\/www.legendyuvas.cz\/sk\/wp-json\/wp\/v2\/product_tag?post=32295"}],"curies":[{"name":"wp","href":"https:\/\/api.w.org\/{rel}","templated":true}]}}