{"id":32299,"date":"2025-11-26T10:48:32","date_gmt":"2025-11-26T10:48:32","guid":{"rendered":"https:\/\/www.legendyuvas.cz\/produkt\/porsche-911-gt3-rs-992-at\/"},"modified":"2025-12-27T00:02:44","modified_gmt":"2025-12-27T00:02:44","slug":"porsche-911-gt3-rs-992-at","status":"publish","type":"product","link":"https:\/\/www.legendyuvas.cz\/sk\/produkt\/porsche-911-gt3-rs-992-at\/","title":{"rendered":"Porsche 911 GT3 RS 992 (AT)"},"content":{"rendered":"<h1>\u010cistokrvn\u00fd pretek\u00e1rsky stroj pre skuto\u010dn\u00fdch nad\u0161encov<\/h1>\n<p>Za\u017eite nekompromisn\u00fd v\u00fdkon a dokonal\u00fa aerodynamiku najostrej\u0161ej verzie kultov\u00e9ho modelu 911! <strong>Porsche 911 GT3 RS (992)<\/strong> je dokonal\u00e9 \u0161portov\u00e9 vozidlo, ktor\u00e9 prin\u00e1\u0161a technol\u00f3gie priamo z motoristick\u00e9ho \u0161portu na pretek\u00e1rsku tra\u0165. V\u010faka extr\u00e9mne \u013eahkej kon\u0161trukcii, prepracovan\u00e9mu aerodynamick\u00e9mu bal\u00edku a motoru, ktor\u00fd to\u010d\u00ed a\u017e 9 000 ot\u00e1\u010dok za min\u00fatu, v\u00e1s \u010dak\u00e1 jazda, na ktor\u00fa len tak nezabudnete.<\/p>\n<p><img fetchpriority=\"high\" decoding=\"async\" class=\"alignnone wp-image-16159 size-full\" src=\"https:\/\/www.legendyuvas.cz\/wp-content\/uploads\/2025\/02\/iris-6.webp\" alt=\"\" width=\"1920\" height=\"1080\" srcset=\"https:\/\/www.legendyuvas.cz\/wp-content\/uploads\/2025\/02\/iris-6.webp 1920w, https:\/\/www.legendyuvas.cz\/wp-content\/uploads\/2025\/02\/iris-6-300x169.webp 300w, https:\/\/www.legendyuvas.cz\/wp-content\/uploads\/2025\/02\/iris-6-1024x576.webp 1024w, https:\/\/www.legendyuvas.cz\/wp-content\/uploads\/2025\/02\/iris-6-768x432.webp 768w, https:\/\/www.legendyuvas.cz\/wp-content\/uploads\/2025\/02\/iris-6-1536x864.webp 1536w, https:\/\/www.legendyuvas.cz\/wp-content\/uploads\/2025\/02\/iris-6-600x338.webp 600w\" sizes=\"(max-width: 1920px) 100vw, 1920px\" \/><\/p>\n<p>Pod kapotou sa nach\u00e1dza atmosf\u00e9rick\u00fd <strong>\u0161tvorlitrov\u00fd \u0161es\u0165valcov\u00fd motor s v\u00fdkonom 525 kon\u00ed<\/strong>, ktor\u00fd pren\u00e1\u0161a v\u00fdkon na zadn\u00e9 koles\u00e1 prostredn\u00edctvom <strong>sedemstup\u0148ovej automatickej prevodovky PDK<\/strong>. \u0160print z 0 na 100 km\/h zvl\u00e1dne za <strong>len 3,2 sekundy<\/strong> a maxim\u00e1lna r\u00fdchlos\u0165 je <strong>296 km\/h<\/strong>. Toto vozidlo je navrhnut\u00e9 tak, aby poskytovalo maxim\u00e1lny pr\u00edtlak a stabilitu v z\u00e1krut\u00e1ch, \u010do z neho rob\u00ed jedno z najlep\u0161\u00edch vozidiel na jazdu na okruhu.<\/p>\n<p>&nbsp;<\/p>\n<h1><img decoding=\"async\" class=\"alignnone wp-image-16160 size-full\" src=\"https:\/\/www.legendyuvas.cz\/wp-content\/uploads\/2025\/02\/iris-9.webp\" alt=\"\" width=\"1920\" height=\"1080\" srcset=\"https:\/\/www.legendyuvas.cz\/wp-content\/uploads\/2025\/02\/iris-9.webp 1920w, https:\/\/www.legendyuvas.cz\/wp-content\/uploads\/2025\/02\/iris-9-300x169.webp 300w, https:\/\/www.legendyuvas.cz\/wp-content\/uploads\/2025\/02\/iris-9-1024x576.webp 1024w, https:\/\/www.legendyuvas.cz\/wp-content\/uploads\/2025\/02\/iris-9-768x432.webp 768w, https:\/\/www.legendyuvas.cz\/wp-content\/uploads\/2025\/02\/iris-9-1536x864.webp 1536w, https:\/\/www.legendyuvas.cz\/wp-content\/uploads\/2025\/02\/iris-9-600x338.webp 600w\" sizes=\"(max-width: 1920px) 100vw, 1920px\" \/><\/h1>\n<p>Porsche GT3 RS nie je len o r\u00fdchlosti, ale aj o <strong>prec\u00edznom ovl\u00e1dan\u00ed<\/strong>. Ka\u017ed\u00fd detail podvozku a aerodynamick\u00fdch prvkov je navrhnut\u00fd s jedin\u00fdm cie\u013eom &#8211; zabezpe\u010di\u0165 dokonal\u00fa pri\u013enavos\u0165 a maxim\u00e1lnu \u00fa\u010dinnos\u0165 na trati. V\u010faka akt\u00edvnym aerodynamick\u00fdm prvkom a podvozku in\u0161pirovan\u00e9mu pretekmi sa budete c\u00edti\u0165 ako skuto\u010dn\u00fd pretek\u00e1r.<\/p>\n<p>Chcete za\u017ei\u0165 <strong>\u010dist\u00fd adrenal\u00edn a pocit skuto\u010dn\u00e9ho pretek\u00e1rskeho vozidla<\/strong>? Sadnite si za volant tejto be\u0161tie a nechajte v\u00fdkon a technol\u00f3gie posun\u00fa\u0165 hranice svojich mo\u017enost\u00ed. <strong>Objednajte si jazdu e\u0161te dnes a vysk\u00fa\u0161ajte si Porsche GT3 RS na vlastnej ko\u017ei!<\/strong><\/p>\n<p>&nbsp;<\/p>\n","protected":false},"excerpt":{"rendered":"<p>Na\u0161e vozidl\u00e1 <strong>m\u00f4\u017eete riadi\u0165<\/strong> alebo si m\u00f4\u017eete vybra\u0165 jazdu ako spolujazdec s pretek\u00e1rskym vodi\u010dom.<\/p>\n","protected":false},"featured_media":41247,"comment_status":"open","ping_status":"closed","template":"","meta":[],"product_brand":[],"product_cat":[449],"product_tag":[],"class_list":{"0":"post-32299","1":"product","2":"type-product","3":"status-publish","4":"has-post-thumbnail","6":"product_cat-auta","8":"first","9":"instock","10":"shipping-taxable","11":"purchasable","12":"product-type-variable"},"yoast_head":"<!-- This site is optimized with the Yoast SEO plugin v24.8.1 - https:\/\/yoast.com\/wordpress\/plugins\/seo\/ -->\n<title>Porsche 911 GT3 RS 992 (AT) - Legendy U V\u00e1s<\/title>\n<meta name=\"description\" content=\"Adrenal\u00ednov\u00fd z\u00e1\u017eitok s Legendami \u2013 u v\u00e1s a na pln\u00fd plyn. Darujte nie\u010do v\u00fdnimo\u010dn\u00e9 \u2013 jazdu v ikonick\u00fdch \u0161portov\u00fdch aut\u00e1ch, ako s\u00fa Ferrari, Lamborghini \u010di Porsche. Za\u017eite v\u00fdkon, r\u00fdchlos\u0165 a em\u00f3cie na vlastnej ko\u017ei \u2013 na profesion\u00e1lnom pretek\u00e1rskom okruhu alebo priamo vo va\u0161om okrese. Dar\u010dek, ktor\u00fd zanech\u00e1 dojem. A stopy na asfalte.\" \/>\n<meta name=\"robots\" content=\"index, follow, max-snippet:-1, max-image-preview:large, max-video-preview:-1\" \/>\n<link rel=\"canonical\" href=\"https:\/\/www.legendyuvas.cz\/sk\/produkt\/porsche-911-gt3-rs-992-at\/\" \/>\n<meta property=\"og:locale\" content=\"sk_SK\" \/>\n<meta property=\"og:type\" content=\"article\" \/>\n<meta property=\"og:title\" content=\"Porsche 911 GT3 RS 992 (AT) - Legendy U V\u00e1s\" \/>\n<meta property=\"og:description\" content=\"Adrenal\u00ednov\u00fd z\u00e1\u017eitok s Legendami \u2013 u v\u00e1s a na pln\u00fd plyn. Darujte nie\u010do v\u00fdnimo\u010dn\u00e9 \u2013 jazdu v ikonick\u00fdch \u0161portov\u00fdch aut\u00e1ch, ako s\u00fa Ferrari, Lamborghini \u010di Porsche. Za\u017eite v\u00fdkon, r\u00fdchlos\u0165 a em\u00f3cie na vlastnej ko\u017ei \u2013 na profesion\u00e1lnom pretek\u00e1rskom okruhu alebo priamo vo va\u0161om okrese. Dar\u010dek, ktor\u00fd zanech\u00e1 dojem. A stopy na asfalte.\" \/>\n<meta property=\"og:url\" content=\"https:\/\/www.legendyuvas.cz\/sk\/produkt\/porsche-911-gt3-rs-992-at\/\" \/>\n<meta property=\"og:site_name\" content=\"Legendy U V\u00e1s\" \/>\n<meta property=\"article:publisher\" content=\"https:\/\/www.facebook.com\/autolegendyuvas\" \/>\n<meta property=\"article:modified_time\" content=\"2025-12-27T00:02:44+00:00\" \/>\n<meta property=\"og:image\" content=\"https:\/\/www.legendyuvas.cz\/wp-content\/uploads\/2025\/02\/Navrh-bez-nazvu-1.jpg\" \/>\n\t<meta property=\"og:image:width\" content=\"2048\" \/>\n\t<meta property=\"og:image:height\" content=\"1365\" \/>\n\t<meta property=\"og:image:type\" content=\"image\/jpeg\" \/>\n<meta name=\"twitter:card\" content=\"summary_large_image\" \/>\n<meta name=\"twitter:label1\" content=\"Predpokladan\u00fd \u010das \u010d\u00edtania\" \/>\n\t<meta name=\"twitter:data1\" content=\"1 min\u00fata\" \/>\n<script type=\"application\/ld+json\" class=\"yoast-schema-graph\">{\"@context\":\"https:\/\/schema.org\",\"@graph\":[{\"@type\":\"WebPage\",\"@id\":\"https:\/\/www.legendyuvas.cz\/sk\/produkt\/porsche-911-gt3-rs-992-at\/\",\"url\":\"https:\/\/www.legendyuvas.cz\/sk\/produkt\/porsche-911-gt3-rs-992-at\/\",\"name\":\"Porsche 911 GT3 RS 992 (AT) - Legendy U V\u00e1s\",\"isPartOf\":{\"@id\":\"https:\/\/www.legendyuvas.cz\/#website\"},\"primaryImageOfPage\":{\"@id\":\"https:\/\/www.legendyuvas.cz\/sk\/produkt\/porsche-911-gt3-rs-992-at\/#primaryimage\"},\"image\":{\"@id\":\"https:\/\/www.legendyuvas.cz\/sk\/produkt\/porsche-911-gt3-rs-992-at\/#primaryimage\"},\"thumbnailUrl\":\"https:\/\/www.legendyuvas.cz\/wp-content\/uploads\/2025\/11\/DSC_0755-scaled-1.webp\",\"datePublished\":\"2025-11-26T10:48:32+00:00\",\"dateModified\":\"2025-12-27T00:02:44+00:00\",\"description\":\"Adrenal\u00ednov\u00fd z\u00e1\u017eitok s Legendami \u2013 u v\u00e1s a na pln\u00fd plyn. Darujte nie\u010do v\u00fdnimo\u010dn\u00e9 \u2013 jazdu v ikonick\u00fdch \u0161portov\u00fdch aut\u00e1ch, ako s\u00fa Ferrari, Lamborghini \u010di Porsche. Za\u017eite v\u00fdkon, r\u00fdchlos\u0165 a em\u00f3cie na vlastnej ko\u017ei \u2013 na profesion\u00e1lnom pretek\u00e1rskom okruhu alebo priamo vo va\u0161om okrese. Dar\u010dek, ktor\u00fd zanech\u00e1 dojem. A stopy na asfalte.\",\"breadcrumb\":{\"@id\":\"https:\/\/www.legendyuvas.cz\/sk\/produkt\/porsche-911-gt3-rs-992-at\/#breadcrumb\"},\"inLanguage\":\"sk-SK\",\"potentialAction\":[{\"@type\":\"ReadAction\",\"target\":[\"https:\/\/www.legendyuvas.cz\/sk\/produkt\/porsche-911-gt3-rs-992-at\/\"]}]},{\"@type\":\"ImageObject\",\"inLanguage\":\"sk-SK\",\"@id\":\"https:\/\/www.legendyuvas.cz\/sk\/produkt\/porsche-911-gt3-rs-992-at\/#primaryimage\",\"url\":\"https:\/\/www.legendyuvas.cz\/wp-content\/uploads\/2025\/11\/DSC_0755-scaled-1.webp\",\"contentUrl\":\"https:\/\/www.legendyuvas.cz\/wp-content\/uploads\/2025\/11\/DSC_0755-scaled-1.webp\",\"width\":2560,\"height\":1707},{\"@type\":\"BreadcrumbList\",\"@id\":\"https:\/\/www.legendyuvas.cz\/sk\/produkt\/porsche-911-gt3-rs-992-at\/#breadcrumb\",\"itemListElement\":[{\"@type\":\"ListItem\",\"position\":1,\"name\":\"Dom\u016f\",\"item\":\"https:\/\/www.legendyuvas.cz\/\"},{\"@type\":\"ListItem\",\"position\":2,\"name\":\"Obchod\",\"item\":\"https:\/\/www.legendyuvas.cz\/sk\/obchod\/\"},{\"@type\":\"ListItem\",\"position\":3,\"name\":\"Porsche 911 GT3 RS 992 (AT)\"}]},{\"@type\":\"WebSite\",\"@id\":\"https:\/\/www.legendyuvas.cz\/#website\",\"url\":\"https:\/\/www.legendyuvas.cz\/\",\"name\":\"Legendy U V\u00e1s\",\"description\":\"Dechberouc\u00ed z\u00e1\u017eitky v autech a motork\u00e1ch\",\"publisher\":{\"@id\":\"https:\/\/www.legendyuvas.cz\/#organization\"},\"potentialAction\":[{\"@type\":\"SearchAction\",\"target\":{\"@type\":\"EntryPoint\",\"urlTemplate\":\"https:\/\/www.legendyuvas.cz\/?s={search_term_string}\"},\"query-input\":{\"@type\":\"PropertyValueSpecification\",\"valueRequired\":true,\"valueName\":\"search_term_string\"}}],\"inLanguage\":\"sk-SK\"},{\"@type\":\"Organization\",\"@id\":\"https:\/\/www.legendyuvas.cz\/#organization\",\"name\":\"Bontex2 s.r.o.\",\"url\":\"https:\/\/www.legendyuvas.cz\/\",\"logo\":{\"@type\":\"ImageObject\",\"inLanguage\":\"sk-SK\",\"@id\":\"https:\/\/www.legendyuvas.cz\/#\/schema\/logo\/image\/\",\"url\":\"https:\/\/www.legendyuvas.cz\/wp-content\/uploads\/2021\/03\/Legendy-u-Vas.jpg\",\"contentUrl\":\"https:\/\/www.legendyuvas.cz\/wp-content\/uploads\/2021\/03\/Legendy-u-Vas.jpg\",\"width\":400,\"height\":240,\"caption\":\"Bontex2 s.r.o.\"},\"image\":{\"@id\":\"https:\/\/www.legendyuvas.cz\/#\/schema\/logo\/image\/\"},\"sameAs\":[\"https:\/\/www.facebook.com\/autolegendyuvas\",\"https:\/\/www.facebook.com\/motolegendyuvas\",\"https:\/\/www.instagram.com\/autolegendyuvas\/\",\"https:\/\/www.instagram.com\/motolegendyuvas\/\"]}]}<\/script>\n<!-- \/ Yoast SEO plugin. -->","yoast_head_json":{"title":"Porsche 911 GT3 RS 992 (AT) - Legendy U V\u00e1s","description":"Adrenal\u00ednov\u00fd z\u00e1\u017eitok s Legendami \u2013 u v\u00e1s a na pln\u00fd plyn. Darujte nie\u010do v\u00fdnimo\u010dn\u00e9 \u2013 jazdu v ikonick\u00fdch \u0161portov\u00fdch aut\u00e1ch, ako s\u00fa Ferrari, Lamborghini \u010di Porsche. Za\u017eite v\u00fdkon, r\u00fdchlos\u0165 a em\u00f3cie na vlastnej ko\u017ei \u2013 na profesion\u00e1lnom pretek\u00e1rskom okruhu alebo priamo vo va\u0161om okrese. Dar\u010dek, ktor\u00fd zanech\u00e1 dojem. A stopy na asfalte.","robots":{"index":"index","follow":"follow","max-snippet":"max-snippet:-1","max-image-preview":"max-image-preview:large","max-video-preview":"max-video-preview:-1"},"canonical":"https:\/\/www.legendyuvas.cz\/sk\/produkt\/porsche-911-gt3-rs-992-at\/","og_locale":"sk_SK","og_type":"article","og_title":"Porsche 911 GT3 RS 992 (AT) - Legendy U V\u00e1s","og_description":"Adrenal\u00ednov\u00fd z\u00e1\u017eitok s Legendami \u2013 u v\u00e1s a na pln\u00fd plyn. Darujte nie\u010do v\u00fdnimo\u010dn\u00e9 \u2013 jazdu v ikonick\u00fdch \u0161portov\u00fdch aut\u00e1ch, ako s\u00fa Ferrari, Lamborghini \u010di Porsche. Za\u017eite v\u00fdkon, r\u00fdchlos\u0165 a em\u00f3cie na vlastnej ko\u017ei \u2013 na profesion\u00e1lnom pretek\u00e1rskom okruhu alebo priamo vo va\u0161om okrese. Dar\u010dek, ktor\u00fd zanech\u00e1 dojem. A stopy na asfalte.","og_url":"https:\/\/www.legendyuvas.cz\/sk\/produkt\/porsche-911-gt3-rs-992-at\/","og_site_name":"Legendy U V\u00e1s","article_publisher":"https:\/\/www.facebook.com\/autolegendyuvas","article_modified_time":"2025-12-27T00:02:44+00:00","og_image":[{"width":2048,"height":1365,"url":"https:\/\/www.legendyuvas.cz\/wp-content\/uploads\/2025\/02\/Navrh-bez-nazvu-1.jpg","type":"image\/jpeg"}],"twitter_card":"summary_large_image","twitter_misc":{"Predpokladan\u00fd \u010das \u010d\u00edtania":"1 min\u00fata"},"schema":{"@context":"https:\/\/schema.org","@graph":[{"@type":"WebPage","@id":"https:\/\/www.legendyuvas.cz\/sk\/produkt\/porsche-911-gt3-rs-992-at\/","url":"https:\/\/www.legendyuvas.cz\/sk\/produkt\/porsche-911-gt3-rs-992-at\/","name":"Porsche 911 GT3 RS 992 (AT) - Legendy U V\u00e1s","isPartOf":{"@id":"https:\/\/www.legendyuvas.cz\/#website"},"primaryImageOfPage":{"@id":"https:\/\/www.legendyuvas.cz\/sk\/produkt\/porsche-911-gt3-rs-992-at\/#primaryimage"},"image":{"@id":"https:\/\/www.legendyuvas.cz\/sk\/produkt\/porsche-911-gt3-rs-992-at\/#primaryimage"},"thumbnailUrl":"https:\/\/www.legendyuvas.cz\/wp-content\/uploads\/2025\/11\/DSC_0755-scaled-1.webp","datePublished":"2025-11-26T10:48:32+00:00","dateModified":"2025-12-27T00:02:44+00:00","description":"Adrenal\u00ednov\u00fd z\u00e1\u017eitok s Legendami \u2013 u v\u00e1s a na pln\u00fd plyn. Darujte nie\u010do v\u00fdnimo\u010dn\u00e9 \u2013 jazdu v ikonick\u00fdch \u0161portov\u00fdch aut\u00e1ch, ako s\u00fa Ferrari, Lamborghini \u010di Porsche. Za\u017eite v\u00fdkon, r\u00fdchlos\u0165 a em\u00f3cie na vlastnej ko\u017ei \u2013 na profesion\u00e1lnom pretek\u00e1rskom okruhu alebo priamo vo va\u0161om okrese. Dar\u010dek, ktor\u00fd zanech\u00e1 dojem. A stopy na asfalte.","breadcrumb":{"@id":"https:\/\/www.legendyuvas.cz\/sk\/produkt\/porsche-911-gt3-rs-992-at\/#breadcrumb"},"inLanguage":"sk-SK","potentialAction":[{"@type":"ReadAction","target":["https:\/\/www.legendyuvas.cz\/sk\/produkt\/porsche-911-gt3-rs-992-at\/"]}]},{"@type":"ImageObject","inLanguage":"sk-SK","@id":"https:\/\/www.legendyuvas.cz\/sk\/produkt\/porsche-911-gt3-rs-992-at\/#primaryimage","url":"https:\/\/www.legendyuvas.cz\/wp-content\/uploads\/2025\/11\/DSC_0755-scaled-1.webp","contentUrl":"https:\/\/www.legendyuvas.cz\/wp-content\/uploads\/2025\/11\/DSC_0755-scaled-1.webp","width":2560,"height":1707},{"@type":"BreadcrumbList","@id":"https:\/\/www.legendyuvas.cz\/sk\/produkt\/porsche-911-gt3-rs-992-at\/#breadcrumb","itemListElement":[{"@type":"ListItem","position":1,"name":"Dom\u016f","item":"https:\/\/www.legendyuvas.cz\/"},{"@type":"ListItem","position":2,"name":"Obchod","item":"https:\/\/www.legendyuvas.cz\/sk\/obchod\/"},{"@type":"ListItem","position":3,"name":"Porsche 911 GT3 RS 992 (AT)"}]},{"@type":"WebSite","@id":"https:\/\/www.legendyuvas.cz\/#website","url":"https:\/\/www.legendyuvas.cz\/","name":"Legendy U V\u00e1s","description":"Dechberouc\u00ed z\u00e1\u017eitky v autech a motork\u00e1ch","publisher":{"@id":"https:\/\/www.legendyuvas.cz\/#organization"},"potentialAction":[{"@type":"SearchAction","target":{"@type":"EntryPoint","urlTemplate":"https:\/\/www.legendyuvas.cz\/?s={search_term_string}"},"query-input":{"@type":"PropertyValueSpecification","valueRequired":true,"valueName":"search_term_string"}}],"inLanguage":"sk-SK"},{"@type":"Organization","@id":"https:\/\/www.legendyuvas.cz\/#organization","name":"Bontex2 s.r.o.","url":"https:\/\/www.legendyuvas.cz\/","logo":{"@type":"ImageObject","inLanguage":"sk-SK","@id":"https:\/\/www.legendyuvas.cz\/#\/schema\/logo\/image\/","url":"https:\/\/www.legendyuvas.cz\/wp-content\/uploads\/2021\/03\/Legendy-u-Vas.jpg","contentUrl":"https:\/\/www.legendyuvas.cz\/wp-content\/uploads\/2021\/03\/Legendy-u-Vas.jpg","width":400,"height":240,"caption":"Bontex2 s.r.o."},"image":{"@id":"https:\/\/www.legendyuvas.cz\/#\/schema\/logo\/image\/"},"sameAs":["https:\/\/www.facebook.com\/autolegendyuvas","https:\/\/www.facebook.com\/motolegendyuvas","https:\/\/www.instagram.com\/autolegendyuvas\/","https:\/\/www.instagram.com\/motolegendyuvas\/"]}]}},"_links":{"self":[{"href":"https:\/\/www.legendyuvas.cz\/sk\/wp-json\/wp\/v2\/product\/32299","targetHints":{"allow":["GET"]}}],"collection":[{"href":"https:\/\/www.legendyuvas.cz\/sk\/wp-json\/wp\/v2\/product"}],"about":[{"href":"https:\/\/www.legendyuvas.cz\/sk\/wp-json\/wp\/v2\/types\/product"}],"replies":[{"embeddable":true,"href":"https:\/\/www.legendyuvas.cz\/sk\/wp-json\/wp\/v2\/comments?post=32299"}],"version-history":[{"count":1,"href":"https:\/\/www.legendyuvas.cz\/sk\/wp-json\/wp\/v2\/product\/32299\/revisions"}],"predecessor-version":[{"id":34231,"href":"https:\/\/www.legendyuvas.cz\/sk\/wp-json\/wp\/v2\/product\/32299\/revisions\/34231"}],"wp:featuredmedia":[{"embeddable":true,"href":"https:\/\/www.legendyuvas.cz\/sk\/wp-json\/wp\/v2\/media\/41247"}],"wp:attachment":[{"href":"https:\/\/www.legendyuvas.cz\/sk\/wp-json\/wp\/v2\/media?parent=32299"}],"wp:term":[{"taxonomy":"product_brand","embeddable":true,"href":"https:\/\/www.legendyuvas.cz\/sk\/wp-json\/wp\/v2\/product_brand?post=32299"},{"taxonomy":"product_cat","embeddable":true,"href":"https:\/\/www.legendyuvas.cz\/sk\/wp-json\/wp\/v2\/product_cat?post=32299"},{"taxonomy":"product_tag","embeddable":true,"href":"https:\/\/www.legendyuvas.cz\/sk\/wp-json\/wp\/v2\/product_tag?post=32299"}],"curies":[{"name":"wp","href":"https:\/\/api.w.org\/{rel}","templated":true}]}}