{"id":32722,"date":"2024-11-19T08:52:24","date_gmt":"2024-11-19T08:52:24","guid":{"rendered":"https:\/\/www.legendyuvas.cz\/?post_type=product&#038;p=32722"},"modified":"2025-12-27T00:02:50","modified_gmt":"2025-12-27T00:02:50","slug":"ferrari-f12-at","status":"publish","type":"product","link":"https:\/\/www.legendyuvas.cz\/sk\/produkt\/ferrari-f12-at\/","title":{"rendered":"Ferrari F12 (AT)"},"content":{"rendered":"<h1>Ferrari F12 \u2013 sila, elegancia, em\u00f3cie<\/h1>\n<p> Ferrari F12 Berlinetta predstavuje to najlep\u0161ie z talianskej \u0161koly supersportov \u2013 surov\u00fd v\u00fdkon, prec\u00edznu techniku a dych ber\u00faci dizajn. Pod kapotou sa ukr\u00fdva atmosf\u00e9rick\u00fd <strong data-start=\"393\" data-end=\"413\">motor 6.3 V12 NA<\/strong> s v\u00fdkonom <strong data-start=\"423\" data-end=\"433\">780 PS<\/strong>, ktor\u00fd pren\u00e1\u0161a silu na zadn\u00fa n\u00e1pravu cez <strong data-start=\"477\" data-end=\"534\">7-stup\u0148ov\u00fa automatick\u00fa prevodovku s dvojitou spojkou<\/strong>. V\u00fdsledkom je expl\u00f3zia em\u00f3ci\u00ed pri ka\u017edom pridan\u00ed plynu. Zr\u00fdchlenie z 0 na 100 km\/h prebehne v priebehu nieko\u013ek\u00fdch sek\u00fand a zvuk dvan\u00e1s\u0165valca patr\u00ed medzi najcharizmatickej\u0161ie v automobilovom svete. <img fetchpriority=\"high\" decoding=\"async\" class=\"alignnone wp-image-30566 size-full\" src=\"https:\/\/www.legendyuvas.cz\/wp-content\/uploads\/2025\/10\/DSC03413-scaled.jpg\" alt=\"\" width=\"2560\" height=\"1707\" srcset=\"https:\/\/www.legendyuvas.cz\/wp-content\/uploads\/2025\/10\/DSC03413-scaled.jpg 2560w, https:\/\/www.legendyuvas.cz\/wp-content\/uploads\/2025\/10\/DSC03413-300x200.jpg 300w, https:\/\/www.legendyuvas.cz\/wp-content\/uploads\/2025\/10\/DSC03413-1024x683.jpg 1024w, https:\/\/www.legendyuvas.cz\/wp-content\/uploads\/2025\/10\/DSC03413-768x512.jpg 768w, https:\/\/www.legendyuvas.cz\/wp-content\/uploads\/2025\/10\/DSC03413-1536x1024.jpg 1536w, https:\/\/www.legendyuvas.cz\/wp-content\/uploads\/2025\/10\/DSC03413-2048x1365.jpg 2048w, https:\/\/www.legendyuvas.cz\/wp-content\/uploads\/2025\/10\/DSC03413-600x400.jpg 600w\" sizes=\"(max-width: 2560px) 100vw, 2560px\" \/><\/p>\n<p>Aerodynamika vznikla v spolupr\u00e1ci Ferrari Styling Centre a Pininfariny \u2013 tvar karos\u00e9rie je z\u00e1rove\u0148 funk\u010dn\u00fd aj n\u00e1dhern\u00fd. Hlin\u00edkov\u00e1 kon\u0161trukcia, prec\u00edzne rozlo\u017eenie hmotnosti a zadn\u00fd pohon zaru\u010duj\u00fa dokonal\u00fa kontrolu nad vozidlom aj pri extr\u00e9mnych r\u00fdchlostiach. Tento konkr\u00e9tny kus je navy\u0161e vybaven\u00fd <strong data-start=\"1053\" data-end=\"1097\">upravenou v\u00fdfukovou s\u00fastavou FI Exhaust<\/strong>, ktor\u00e1 pos\u00fava zvukov\u00fd z\u00e1\u017eitok na vy\u0161\u0161iu \u00farove\u0148, a doplnen\u00fd o <strong data-start=\"1160\" data-end=\"1187\">zn\u00ed\u017een\u00e9 pru\u017einy Novitec<\/strong>, <strong data-start=\"1189\" data-end=\"1222\">kovan\u00e9 disky Novitec (21&#8243;\/22&#8243;)<\/strong> a <strong data-start=\"1225\" data-end=\"1254\">karb\u00f3nov\u00e9 doplnky Novitec<\/strong>, ktor\u00e9 pod\u010diarkuj\u00fa \u0161portov\u00fd charakter auta.<\/p>\n<h1><img decoding=\"async\" class=\"alignnone wp-image-30571 size-full\" src=\"https:\/\/www.legendyuvas.cz\/wp-content\/uploads\/2025\/10\/DSC03428-scaled.jpg\" alt=\"\" width=\"2560\" height=\"1707\" srcset=\"https:\/\/www.legendyuvas.cz\/wp-content\/uploads\/2025\/10\/DSC03428-scaled.jpg 2560w, https:\/\/www.legendyuvas.cz\/wp-content\/uploads\/2025\/10\/DSC03428-300x200.jpg 300w, https:\/\/www.legendyuvas.cz\/wp-content\/uploads\/2025\/10\/DSC03428-1024x683.jpg 1024w, https:\/\/www.legendyuvas.cz\/wp-content\/uploads\/2025\/10\/DSC03428-768x512.jpg 768w, https:\/\/www.legendyuvas.cz\/wp-content\/uploads\/2025\/10\/DSC03428-1536x1024.jpg 1536w, https:\/\/www.legendyuvas.cz\/wp-content\/uploads\/2025\/10\/DSC03428-2048x1365.jpg 2048w, https:\/\/www.legendyuvas.cz\/wp-content\/uploads\/2025\/10\/DSC03428-600x400.jpg 600w\" sizes=\"(max-width: 2560px) 100vw, 2560px\" \/><\/h1>\n<p> V tejto \u0161pecifik\u00e1cii ide o <strong data-start=\"1347\" data-end=\"1370\">jedin\u00fd kus na svete<\/strong> \u2013 <strong data-start=\"1373\" data-end=\"1393\">FULL Carbon spec<\/strong> s kombin\u00e1ciou exkluz\u00edvnych komponentov Novitec a unik\u00e1tnej \u00fapravy, ktor\u00e1 rob\u00ed z tohto Ferrari F12 absol\u00fatny origin\u00e1l. Rok v\u00fdroby <strong data-start=\"1520\" data-end=\"1528\">2013<\/strong> uzatv\u00e1ra \u00e9ru poctiv\u00fdch atmosf\u00e9rick\u00fdch dvan\u00e1s\u0165valcov, ktor\u00e9 definuj\u00fa DNA zna\u010dky Ferrari. Ka\u017ed\u00fd poh\u013ead aj oto\u010denie k\u013e\u00fa\u010da pripom\u00edna, pre\u010do sa supersporty z Maranella stali legendou.<\/p>\n","protected":false},"excerpt":{"rendered":"<p>V\u0161etky na\u0161e aut\u00e1 <strong>m\u00f4\u017eete \u0161of\u00e9rova\u0165<\/strong> alebo si m\u00f4\u017eete vybra\u0165 jazdu ako spolujazdec so z\u00e1vodn\u00fdm vodi\u010dom.<\/p>\n","protected":false},"featured_media":30565,"comment_status":"open","ping_status":"closed","template":"","meta":[],"product_brand":[],"product_cat":[449],"product_tag":[],"class_list":{"0":"post-32722","1":"product","2":"type-product","3":"status-publish","4":"has-post-thumbnail","6":"product_cat-auta","8":"first","9":"instock","10":"shipping-taxable","11":"purchasable","12":"product-type-variable"},"yoast_head":"<!-- This site is optimized with the Yoast SEO plugin v24.8.1 - https:\/\/yoast.com\/wordpress\/plugins\/seo\/ -->\n<title>Ferrari F12 (AT) - Legendy U V\u00e1s<\/title>\n<meta name=\"description\" content=\"Adrenal\u00ednov\u00fd z\u00e1\u017eitok s Legendy u V\u00e1s \u2013 origin\u00e1lny dar\u010dek nielen pre mu\u017eov a automobilov\u00fdch nad\u0161encov. Jazda v \u0161portov\u00fdch aut\u00e1ch (Ferrari, Lamborghini, Porsche, ...) na z\u00e1vodnom okruhu aj po okresnej ceste.\" \/>\n<meta name=\"robots\" content=\"index, follow, max-snippet:-1, max-image-preview:large, max-video-preview:-1\" \/>\n<link rel=\"canonical\" href=\"https:\/\/www.legendyuvas.cz\/?post_type=product&p=30615\" \/>\n<meta property=\"og:locale\" content=\"sk_SK\" \/>\n<meta property=\"og:type\" content=\"article\" \/>\n<meta property=\"og:title\" content=\"Ferrari F12 (AT) - Legendy U V\u00e1s\" \/>\n<meta property=\"og:description\" content=\"Adrenal\u00ednov\u00fd z\u00e1\u017eitok s Legendy u V\u00e1s \u2013 origin\u00e1lny dar\u010dek nielen pre mu\u017eov a automobilov\u00fdch nad\u0161encov. Jazda v \u0161portov\u00fdch aut\u00e1ch (Ferrari, Lamborghini, Porsche, ...) na z\u00e1vodnom okruhu aj po okresnej ceste.\" \/>\n<meta property=\"og:url\" content=\"https:\/\/www.legendyuvas.cz\/?post_type=product&amp;p=30615\" \/>\n<meta property=\"og:site_name\" content=\"Legendy U V\u00e1s\" \/>\n<meta property=\"article:publisher\" content=\"https:\/\/www.facebook.com\/autolegendyuvas\" \/>\n<meta property=\"article:modified_time\" content=\"2025-12-27T00:02:50+00:00\" \/>\n<meta property=\"og:image\" content=\"https:\/\/www.legendyuvas.cz\/wp-content\/uploads\/2025\/10\/DSC03399-scaled.jpg\" \/>\n\t<meta property=\"og:image:width\" content=\"2560\" \/>\n\t<meta property=\"og:image:height\" content=\"1707\" \/>\n\t<meta property=\"og:image:type\" content=\"image\/jpeg\" \/>\n<meta name=\"twitter:card\" content=\"summary_large_image\" \/>\n<meta name=\"twitter:label1\" content=\"Predpokladan\u00fd \u010das \u010d\u00edtania\" \/>\n\t<meta name=\"twitter:data1\" content=\"1 min\u00fata\" \/>\n<script type=\"application\/ld+json\" class=\"yoast-schema-graph\">{\"@context\":\"https:\/\/schema.org\",\"@graph\":[{\"@type\":\"WebPage\",\"@id\":\"https:\/\/www.legendyuvas.cz\/?post_type=product&p=30615\",\"url\":\"https:\/\/www.legendyuvas.cz\/?post_type=product&p=30615\",\"name\":\"Ferrari F12 (AT) - Legendy U V\u00e1s\",\"isPartOf\":{\"@id\":\"https:\/\/www.legendyuvas.cz\/#website\"},\"primaryImageOfPage\":{\"@id\":\"https:\/\/www.legendyuvas.cz\/?post_type=product&p=30615#primaryimage\"},\"image\":{\"@id\":\"https:\/\/www.legendyuvas.cz\/?post_type=product&p=30615#primaryimage\"},\"thumbnailUrl\":\"https:\/\/www.legendyuvas.cz\/wp-content\/uploads\/2025\/10\/DSC03399-scaled.jpg\",\"datePublished\":\"2024-11-19T08:52:24+00:00\",\"dateModified\":\"2025-12-27T00:02:50+00:00\",\"description\":\"Adrenal\u00ednov\u00fd z\u00e1\u017eitok s Legendy u V\u00e1s \u2013 origin\u00e1lny dar\u010dek nielen pre mu\u017eov a automobilov\u00fdch nad\u0161encov. Jazda v \u0161portov\u00fdch aut\u00e1ch (Ferrari, Lamborghini, Porsche, ...) na z\u00e1vodnom okruhu aj po okresnej ceste.\",\"breadcrumb\":{\"@id\":\"https:\/\/www.legendyuvas.cz\/?post_type=product&p=30615#breadcrumb\"},\"inLanguage\":\"sk-SK\",\"potentialAction\":[{\"@type\":\"ReadAction\",\"target\":[\"https:\/\/www.legendyuvas.cz\/?post_type=product&p=30615\"]}]},{\"@type\":\"ImageObject\",\"inLanguage\":\"sk-SK\",\"@id\":\"https:\/\/www.legendyuvas.cz\/?post_type=product&p=30615#primaryimage\",\"url\":\"https:\/\/www.legendyuvas.cz\/wp-content\/uploads\/2025\/10\/DSC03399-scaled.jpg\",\"contentUrl\":\"https:\/\/www.legendyuvas.cz\/wp-content\/uploads\/2025\/10\/DSC03399-scaled.jpg\",\"width\":2560,\"height\":1707},{\"@type\":\"BreadcrumbList\",\"@id\":\"https:\/\/www.legendyuvas.cz\/?post_type=product&p=30615#breadcrumb\",\"itemListElement\":[{\"@type\":\"ListItem\",\"position\":1,\"name\":\"Dom\u016f\",\"item\":\"https:\/\/www.legendyuvas.cz\/\"},{\"@type\":\"ListItem\",\"position\":2,\"name\":\"Obchod\",\"item\":\"https:\/\/www.legendyuvas.cz\/sk\/obchod\/\"},{\"@type\":\"ListItem\",\"position\":3,\"name\":\"Ferrari F12 (AT)\"}]},{\"@type\":\"WebSite\",\"@id\":\"https:\/\/www.legendyuvas.cz\/#website\",\"url\":\"https:\/\/www.legendyuvas.cz\/\",\"name\":\"Legendy U V\u00e1s\",\"description\":\"Dechberouc\u00ed z\u00e1\u017eitky v autech a motork\u00e1ch\",\"publisher\":{\"@id\":\"https:\/\/www.legendyuvas.cz\/#organization\"},\"potentialAction\":[{\"@type\":\"SearchAction\",\"target\":{\"@type\":\"EntryPoint\",\"urlTemplate\":\"https:\/\/www.legendyuvas.cz\/?s={search_term_string}\"},\"query-input\":{\"@type\":\"PropertyValueSpecification\",\"valueRequired\":true,\"valueName\":\"search_term_string\"}}],\"inLanguage\":\"sk-SK\"},{\"@type\":\"Organization\",\"@id\":\"https:\/\/www.legendyuvas.cz\/#organization\",\"name\":\"Bontex2 s.r.o.\",\"url\":\"https:\/\/www.legendyuvas.cz\/\",\"logo\":{\"@type\":\"ImageObject\",\"inLanguage\":\"sk-SK\",\"@id\":\"https:\/\/www.legendyuvas.cz\/#\/schema\/logo\/image\/\",\"url\":\"https:\/\/www.legendyuvas.cz\/wp-content\/uploads\/2021\/03\/Legendy-u-Vas.jpg\",\"contentUrl\":\"https:\/\/www.legendyuvas.cz\/wp-content\/uploads\/2021\/03\/Legendy-u-Vas.jpg\",\"width\":400,\"height\":240,\"caption\":\"Bontex2 s.r.o.\"},\"image\":{\"@id\":\"https:\/\/www.legendyuvas.cz\/#\/schema\/logo\/image\/\"},\"sameAs\":[\"https:\/\/www.facebook.com\/autolegendyuvas\",\"https:\/\/www.facebook.com\/motolegendyuvas\",\"https:\/\/www.instagram.com\/autolegendyuvas\/\",\"https:\/\/www.instagram.com\/motolegendyuvas\/\"]}]}<\/script>\n<!-- \/ Yoast SEO plugin. -->","yoast_head_json":{"title":"Ferrari F12 (AT) - Legendy U V\u00e1s","description":"Adrenal\u00ednov\u00fd z\u00e1\u017eitok s Legendy u V\u00e1s \u2013 origin\u00e1lny dar\u010dek nielen pre mu\u017eov a automobilov\u00fdch nad\u0161encov. Jazda v \u0161portov\u00fdch aut\u00e1ch (Ferrari, Lamborghini, Porsche, ...) na z\u00e1vodnom okruhu aj po okresnej ceste.","robots":{"index":"index","follow":"follow","max-snippet":"max-snippet:-1","max-image-preview":"max-image-preview:large","max-video-preview":"max-video-preview:-1"},"canonical":"https:\/\/www.legendyuvas.cz\/?post_type=product&p=30615","og_locale":"sk_SK","og_type":"article","og_title":"Ferrari F12 (AT) - Legendy U V\u00e1s","og_description":"Adrenal\u00ednov\u00fd z\u00e1\u017eitok s Legendy u V\u00e1s \u2013 origin\u00e1lny dar\u010dek nielen pre mu\u017eov a automobilov\u00fdch nad\u0161encov. Jazda v \u0161portov\u00fdch aut\u00e1ch (Ferrari, Lamborghini, Porsche, ...) na z\u00e1vodnom okruhu aj po okresnej ceste.","og_url":"https:\/\/www.legendyuvas.cz\/?post_type=product&p=30615","og_site_name":"Legendy U V\u00e1s","article_publisher":"https:\/\/www.facebook.com\/autolegendyuvas","article_modified_time":"2025-12-27T00:02:50+00:00","og_image":[{"width":2560,"height":1707,"url":"https:\/\/www.legendyuvas.cz\/wp-content\/uploads\/2025\/10\/DSC03399-scaled.jpg","type":"image\/jpeg"}],"twitter_card":"summary_large_image","twitter_misc":{"Predpokladan\u00fd \u010das \u010d\u00edtania":"1 min\u00fata"},"schema":{"@context":"https:\/\/schema.org","@graph":[{"@type":"WebPage","@id":"https:\/\/www.legendyuvas.cz\/?post_type=product&p=30615","url":"https:\/\/www.legendyuvas.cz\/?post_type=product&p=30615","name":"Ferrari F12 (AT) - Legendy U V\u00e1s","isPartOf":{"@id":"https:\/\/www.legendyuvas.cz\/#website"},"primaryImageOfPage":{"@id":"https:\/\/www.legendyuvas.cz\/?post_type=product&p=30615#primaryimage"},"image":{"@id":"https:\/\/www.legendyuvas.cz\/?post_type=product&p=30615#primaryimage"},"thumbnailUrl":"https:\/\/www.legendyuvas.cz\/wp-content\/uploads\/2025\/10\/DSC03399-scaled.jpg","datePublished":"2024-11-19T08:52:24+00:00","dateModified":"2025-12-27T00:02:50+00:00","description":"Adrenal\u00ednov\u00fd z\u00e1\u017eitok s Legendy u V\u00e1s \u2013 origin\u00e1lny dar\u010dek nielen pre mu\u017eov a automobilov\u00fdch nad\u0161encov. Jazda v \u0161portov\u00fdch aut\u00e1ch (Ferrari, Lamborghini, Porsche, ...) na z\u00e1vodnom okruhu aj po okresnej ceste.","breadcrumb":{"@id":"https:\/\/www.legendyuvas.cz\/?post_type=product&p=30615#breadcrumb"},"inLanguage":"sk-SK","potentialAction":[{"@type":"ReadAction","target":["https:\/\/www.legendyuvas.cz\/?post_type=product&p=30615"]}]},{"@type":"ImageObject","inLanguage":"sk-SK","@id":"https:\/\/www.legendyuvas.cz\/?post_type=product&p=30615#primaryimage","url":"https:\/\/www.legendyuvas.cz\/wp-content\/uploads\/2025\/10\/DSC03399-scaled.jpg","contentUrl":"https:\/\/www.legendyuvas.cz\/wp-content\/uploads\/2025\/10\/DSC03399-scaled.jpg","width":2560,"height":1707},{"@type":"BreadcrumbList","@id":"https:\/\/www.legendyuvas.cz\/?post_type=product&p=30615#breadcrumb","itemListElement":[{"@type":"ListItem","position":1,"name":"Dom\u016f","item":"https:\/\/www.legendyuvas.cz\/"},{"@type":"ListItem","position":2,"name":"Obchod","item":"https:\/\/www.legendyuvas.cz\/sk\/obchod\/"},{"@type":"ListItem","position":3,"name":"Ferrari F12 (AT)"}]},{"@type":"WebSite","@id":"https:\/\/www.legendyuvas.cz\/#website","url":"https:\/\/www.legendyuvas.cz\/","name":"Legendy U V\u00e1s","description":"Dechberouc\u00ed z\u00e1\u017eitky v autech a motork\u00e1ch","publisher":{"@id":"https:\/\/www.legendyuvas.cz\/#organization"},"potentialAction":[{"@type":"SearchAction","target":{"@type":"EntryPoint","urlTemplate":"https:\/\/www.legendyuvas.cz\/?s={search_term_string}"},"query-input":{"@type":"PropertyValueSpecification","valueRequired":true,"valueName":"search_term_string"}}],"inLanguage":"sk-SK"},{"@type":"Organization","@id":"https:\/\/www.legendyuvas.cz\/#organization","name":"Bontex2 s.r.o.","url":"https:\/\/www.legendyuvas.cz\/","logo":{"@type":"ImageObject","inLanguage":"sk-SK","@id":"https:\/\/www.legendyuvas.cz\/#\/schema\/logo\/image\/","url":"https:\/\/www.legendyuvas.cz\/wp-content\/uploads\/2021\/03\/Legendy-u-Vas.jpg","contentUrl":"https:\/\/www.legendyuvas.cz\/wp-content\/uploads\/2021\/03\/Legendy-u-Vas.jpg","width":400,"height":240,"caption":"Bontex2 s.r.o."},"image":{"@id":"https:\/\/www.legendyuvas.cz\/#\/schema\/logo\/image\/"},"sameAs":["https:\/\/www.facebook.com\/autolegendyuvas","https:\/\/www.facebook.com\/motolegendyuvas","https:\/\/www.instagram.com\/autolegendyuvas\/","https:\/\/www.instagram.com\/motolegendyuvas\/"]}]}},"_links":{"self":[{"href":"https:\/\/www.legendyuvas.cz\/sk\/wp-json\/wp\/v2\/product\/32722","targetHints":{"allow":["GET"]}}],"collection":[{"href":"https:\/\/www.legendyuvas.cz\/sk\/wp-json\/wp\/v2\/product"}],"about":[{"href":"https:\/\/www.legendyuvas.cz\/sk\/wp-json\/wp\/v2\/types\/product"}],"replies":[{"embeddable":true,"href":"https:\/\/www.legendyuvas.cz\/sk\/wp-json\/wp\/v2\/comments?post=32722"}],"version-history":[{"count":1,"href":"https:\/\/www.legendyuvas.cz\/sk\/wp-json\/wp\/v2\/product\/32722\/revisions"}],"predecessor-version":[{"id":33241,"href":"https:\/\/www.legendyuvas.cz\/sk\/wp-json\/wp\/v2\/product\/32722\/revisions\/33241"}],"wp:featuredmedia":[{"embeddable":true,"href":"https:\/\/www.legendyuvas.cz\/sk\/wp-json\/wp\/v2\/media\/30565"}],"wp:attachment":[{"href":"https:\/\/www.legendyuvas.cz\/sk\/wp-json\/wp\/v2\/media?parent=32722"}],"wp:term":[{"taxonomy":"product_brand","embeddable":true,"href":"https:\/\/www.legendyuvas.cz\/sk\/wp-json\/wp\/v2\/product_brand?post=32722"},{"taxonomy":"product_cat","embeddable":true,"href":"https:\/\/www.legendyuvas.cz\/sk\/wp-json\/wp\/v2\/product_cat?post=32722"},{"taxonomy":"product_tag","embeddable":true,"href":"https:\/\/www.legendyuvas.cz\/sk\/wp-json\/wp\/v2\/product_tag?post=32722"}],"curies":[{"name":"wp","href":"https:\/\/api.w.org\/{rel}","templated":true}]}}