{"id":32768,"date":"2024-11-19T08:51:18","date_gmt":"2024-11-19T08:51:18","guid":{"rendered":"https:\/\/www.legendyuvas.cz\/?post_type=product&#038;p=32768"},"modified":"2025-12-27T00:02:47","modified_gmt":"2025-12-27T00:02:47","slug":"jaguar-f-type-r-at","status":"publish","type":"product","link":"https:\/\/www.legendyuvas.cz\/sk\/produkt\/jaguar-f-type-r-at\/","title":{"rendered":"Jaguar F-Type R (AT)"},"content":{"rendered":"<h1><strong>Britsk\u00e1 \u0161elma s dokonal\u00fdm zvukom<\/strong><\/h1>\n<p> Jaguar F-Type R AWD predstavuje to najlep\u0161ie z britsk\u00e9ho po\u0148atia \u0161portov\u00e9ho luxusu. Pod kapotou bur\u00e1ca <strong data-start=\"328\" data-end=\"366\">5,0-litrov\u00fd osemvalec s kompresorom<\/strong>, ktor\u00fd produkuje <strong data-start=\"384\" data-end=\"394\">550 PS<\/strong> a pren\u00e1\u0161a v\u00fdkon na v\u0161etky \u0161tyri koles\u00e1. V\u010faka <strong data-start=\"439\" data-end=\"478\">8-stup\u0148ovej automatickej prevodovke ZF<\/strong> dok\u00e1\u017ee by\u0165 F-Type R z\u00e1rove\u0148 nekompromisne r\u00fdchly aj kultivovan\u00fd pri be\u017enej jazde. Z 0 na 100 km\/h sa dostane v priebehu nieko\u013ek\u00fdch sek\u00fand a sp\u00e1ja silu s eleganciou, ktor\u00fa zvl\u00e1dne len Jaguar. <img fetchpriority=\"high\" decoding=\"async\" class=\"alignnone wp-image-30740 size-full\" src=\"https:\/\/www.legendyuvas.cz\/wp-content\/uploads\/2025\/10\/DSC02587-scaled.jpg\" alt=\"\" width=\"2560\" height=\"1707\" srcset=\"https:\/\/www.legendyuvas.cz\/wp-content\/uploads\/2025\/10\/DSC02587-scaled.jpg 2560w, https:\/\/www.legendyuvas.cz\/wp-content\/uploads\/2025\/10\/DSC02587-300x200.jpg 300w, https:\/\/www.legendyuvas.cz\/wp-content\/uploads\/2025\/10\/DSC02587-1024x683.jpg 1024w, https:\/\/www.legendyuvas.cz\/wp-content\/uploads\/2025\/10\/DSC02587-768x512.jpg 768w, https:\/\/www.legendyuvas.cz\/wp-content\/uploads\/2025\/10\/DSC02587-1536x1024.jpg 1536w, https:\/\/www.legendyuvas.cz\/wp-content\/uploads\/2025\/10\/DSC02587-2048x1365.jpg 2048w, https:\/\/www.legendyuvas.cz\/wp-content\/uploads\/2025\/10\/DSC02587-600x400.jpg 600w\" sizes=\"(max-width: 2560px) 100vw, 2560px\" \/><\/p>\n<p>Syst\u00e9m <strong data-start=\"715\" data-end=\"739\">pohonu v\u0161etk\u00fdch kolies AWD<\/strong> pren\u00e1\u0161a v\u00fdkon s chirurgickou presnos\u0165ou \u2013 v z\u00e1krut\u00e1ch zost\u00e1va auto stabiln\u00e9, na v\u00fdjazde agres\u00edvne. F-Type R je postaven\u00fd tak, aby poskytoval istotu aj pri plnom v\u00fdkone, pri\u010dom si zachov\u00e1va klasick\u00fd charakter zadn\u00e9ho n\u00e1honu. Ka\u017ed\u00fd detail \u2013 od podvozku a\u017e po riadenie \u2013 je vyladen\u00fd na maxim\u00e1lny z\u00e1\u017eitok bez kompromisov.<\/p>\n<p><img decoding=\"async\" class=\"alignnone wp-image-30745 size-full\" src=\"https:\/\/www.legendyuvas.cz\/wp-content\/uploads\/2025\/10\/DSC02589-scaled.jpg\" alt=\"\" width=\"2560\" height=\"1707\" srcset=\"https:\/\/www.legendyuvas.cz\/wp-content\/uploads\/2025\/10\/DSC02589-scaled.jpg 2560w, https:\/\/www.legendyuvas.cz\/wp-content\/uploads\/2025\/10\/DSC02589-300x200.jpg 300w, https:\/\/www.legendyuvas.cz\/wp-content\/uploads\/2025\/10\/DSC02589-1024x683.jpg 1024w, https:\/\/www.legendyuvas.cz\/wp-content\/uploads\/2025\/10\/DSC02589-768x512.jpg 768w, https:\/\/www.legendyuvas.cz\/wp-content\/uploads\/2025\/10\/DSC02589-1536x1024.jpg 1536w, https:\/\/www.legendyuvas.cz\/wp-content\/uploads\/2025\/10\/DSC02589-2048x1365.jpg 2048w, https:\/\/www.legendyuvas.cz\/wp-content\/uploads\/2025\/10\/DSC02589-600x400.jpg 600w\" sizes=\"(max-width: 2560px) 100vw, 2560px\" \/><\/p>\n<p>Tento konkr\u00e9tny kus poch\u00e1dza z roku <strong data-start=\"1157\" data-end=\"1165\">2016<\/strong> a je <strong data-start=\"1171\" data-end=\"1202\">v perfektnom s\u00e9riovom stave<\/strong>, doplnen\u00fd len o <strong data-start=\"1220\" data-end=\"1258\">pr\u00edplatkov\u00e9 \u0161portov\u00e9 katalyz\u00e1tory<\/strong>, ktor\u00e9 mu d\u00e1vaj\u00fa <strong data-start=\"1285\" data-end=\"1325\">pravdepodobne najlep\u0161\u00ed zvuk zo v\u0161etk\u00fdch s\u00e9riov\u00fdch \u00e1ut<\/strong>. Exploz\u00edvne bur\u00e1canie kompresorov\u00e9ho V8 sprev\u00e1dza ka\u017ed\u00fd \u0161tart, podradenie aj pustenie plynu. Jaguar F-Type R je auto, ktor\u00e9 v tebe zaka\u017ed\u00fdm prebud\u00ed em\u00f3cie \u2013 britsk\u00e1 noblesa, zvieracia sila a neodolate\u013en\u00fd zvuk v jednom.<\/p>\n","protected":false},"excerpt":{"rendered":"<p>V\u0161etky na\u0161e aut\u00e1 <strong>m\u00f4\u017eete \u0161of\u00e9rova\u0165<\/strong> alebo si m\u00f4\u017eete vybra\u0165 jazdu ako spolujazdec so z\u00e1vodn\u00fdm vodi\u010dom.<\/p>\n","protected":false},"featured_media":30754,"comment_status":"open","ping_status":"closed","template":"","meta":[],"product_brand":[],"product_cat":[449],"product_tag":[],"class_list":{"0":"post-32768","1":"product","2":"type-product","3":"status-publish","4":"has-post-thumbnail","6":"product_cat-auta","8":"first","9":"instock","10":"shipping-taxable","11":"purchasable","12":"product-type-variable"},"yoast_head":"<!-- This site is optimized with the Yoast SEO plugin v24.8.1 - https:\/\/yoast.com\/wordpress\/plugins\/seo\/ -->\n<title>Jaguar F-Type R (AT) - Legendy U V\u00e1s<\/title>\n<meta name=\"description\" content=\"Adrenal\u00ednov\u00fd z\u00e1\u017eitok s Legendy u V\u00e1s \u2013 origin\u00e1lny dar\u010dek nielen pre mu\u017eov a automobilov\u00fdch nad\u0161encov. Jazda v \u0161portov\u00fdch aut\u00e1ch (Ferrari, Lamborghini, Porsche, ...) na z\u00e1vodnom okruhu aj po okresnej ceste.\" \/>\n<meta name=\"robots\" content=\"index, follow, max-snippet:-1, max-image-preview:large, max-video-preview:-1\" \/>\n<link rel=\"canonical\" href=\"https:\/\/www.legendyuvas.cz\/?post_type=product&p=30711\" \/>\n<meta property=\"og:locale\" content=\"sk_SK\" \/>\n<meta property=\"og:type\" content=\"article\" \/>\n<meta property=\"og:title\" content=\"Jaguar F-Type R (AT) - Legendy U V\u00e1s\" \/>\n<meta property=\"og:description\" content=\"Adrenal\u00ednov\u00fd z\u00e1\u017eitok s Legendy u V\u00e1s \u2013 origin\u00e1lny dar\u010dek nielen pre mu\u017eov a automobilov\u00fdch nad\u0161encov. Jazda v \u0161portov\u00fdch aut\u00e1ch (Ferrari, Lamborghini, Porsche, ...) na z\u00e1vodnom okruhu aj po okresnej ceste.\" \/>\n<meta property=\"og:url\" content=\"https:\/\/www.legendyuvas.cz\/?post_type=product&amp;p=30711\" \/>\n<meta property=\"og:site_name\" content=\"Legendy U V\u00e1s\" \/>\n<meta property=\"article:publisher\" content=\"https:\/\/www.facebook.com\/autolegendyuvas\" \/>\n<meta property=\"article:modified_time\" content=\"2025-12-27T00:02:47+00:00\" \/>\n<meta property=\"og:image\" content=\"https:\/\/www.legendyuvas.cz\/wp-content\/uploads\/2025\/10\/DSC02582-scaled.jpg\" \/>\n\t<meta property=\"og:image:width\" content=\"2560\" \/>\n\t<meta property=\"og:image:height\" content=\"1707\" \/>\n\t<meta property=\"og:image:type\" content=\"image\/jpeg\" \/>\n<meta name=\"twitter:card\" content=\"summary_large_image\" \/>\n<meta name=\"twitter:label1\" content=\"Predpokladan\u00fd \u010das \u010d\u00edtania\" \/>\n\t<meta name=\"twitter:data1\" content=\"1 min\u00fata\" \/>\n<script type=\"application\/ld+json\" class=\"yoast-schema-graph\">{\"@context\":\"https:\/\/schema.org\",\"@graph\":[{\"@type\":\"WebPage\",\"@id\":\"https:\/\/www.legendyuvas.cz\/?post_type=product&p=30711\",\"url\":\"https:\/\/www.legendyuvas.cz\/?post_type=product&p=30711\",\"name\":\"Jaguar F-Type R (AT) - Legendy U V\u00e1s\",\"isPartOf\":{\"@id\":\"https:\/\/www.legendyuvas.cz\/#website\"},\"primaryImageOfPage\":{\"@id\":\"https:\/\/www.legendyuvas.cz\/?post_type=product&p=30711#primaryimage\"},\"image\":{\"@id\":\"https:\/\/www.legendyuvas.cz\/?post_type=product&p=30711#primaryimage\"},\"thumbnailUrl\":\"https:\/\/www.legendyuvas.cz\/wp-content\/uploads\/2025\/10\/DSC02582-scaled.jpg\",\"datePublished\":\"2024-11-19T08:51:18+00:00\",\"dateModified\":\"2025-12-27T00:02:47+00:00\",\"description\":\"Adrenal\u00ednov\u00fd z\u00e1\u017eitok s Legendy u V\u00e1s \u2013 origin\u00e1lny dar\u010dek nielen pre mu\u017eov a automobilov\u00fdch nad\u0161encov. Jazda v \u0161portov\u00fdch aut\u00e1ch (Ferrari, Lamborghini, Porsche, ...) na z\u00e1vodnom okruhu aj po okresnej ceste.\",\"breadcrumb\":{\"@id\":\"https:\/\/www.legendyuvas.cz\/?post_type=product&p=30711#breadcrumb\"},\"inLanguage\":\"sk-SK\",\"potentialAction\":[{\"@type\":\"ReadAction\",\"target\":[\"https:\/\/www.legendyuvas.cz\/?post_type=product&p=30711\"]}]},{\"@type\":\"ImageObject\",\"inLanguage\":\"sk-SK\",\"@id\":\"https:\/\/www.legendyuvas.cz\/?post_type=product&p=30711#primaryimage\",\"url\":\"https:\/\/www.legendyuvas.cz\/wp-content\/uploads\/2025\/10\/DSC02582-scaled.jpg\",\"contentUrl\":\"https:\/\/www.legendyuvas.cz\/wp-content\/uploads\/2025\/10\/DSC02582-scaled.jpg\",\"width\":2560,\"height\":1707},{\"@type\":\"BreadcrumbList\",\"@id\":\"https:\/\/www.legendyuvas.cz\/?post_type=product&p=30711#breadcrumb\",\"itemListElement\":[{\"@type\":\"ListItem\",\"position\":1,\"name\":\"Dom\u016f\",\"item\":\"https:\/\/www.legendyuvas.cz\/\"},{\"@type\":\"ListItem\",\"position\":2,\"name\":\"Obchod\",\"item\":\"https:\/\/www.legendyuvas.cz\/sk\/obchod\/\"},{\"@type\":\"ListItem\",\"position\":3,\"name\":\"Jaguar F-Type R (AT)\"}]},{\"@type\":\"WebSite\",\"@id\":\"https:\/\/www.legendyuvas.cz\/#website\",\"url\":\"https:\/\/www.legendyuvas.cz\/\",\"name\":\"Legendy U V\u00e1s\",\"description\":\"Dechberouc\u00ed z\u00e1\u017eitky v autech a motork\u00e1ch\",\"publisher\":{\"@id\":\"https:\/\/www.legendyuvas.cz\/#organization\"},\"potentialAction\":[{\"@type\":\"SearchAction\",\"target\":{\"@type\":\"EntryPoint\",\"urlTemplate\":\"https:\/\/www.legendyuvas.cz\/?s={search_term_string}\"},\"query-input\":{\"@type\":\"PropertyValueSpecification\",\"valueRequired\":true,\"valueName\":\"search_term_string\"}}],\"inLanguage\":\"sk-SK\"},{\"@type\":\"Organization\",\"@id\":\"https:\/\/www.legendyuvas.cz\/#organization\",\"name\":\"Bontex2 s.r.o.\",\"url\":\"https:\/\/www.legendyuvas.cz\/\",\"logo\":{\"@type\":\"ImageObject\",\"inLanguage\":\"sk-SK\",\"@id\":\"https:\/\/www.legendyuvas.cz\/#\/schema\/logo\/image\/\",\"url\":\"https:\/\/www.legendyuvas.cz\/wp-content\/uploads\/2021\/03\/Legendy-u-Vas.jpg\",\"contentUrl\":\"https:\/\/www.legendyuvas.cz\/wp-content\/uploads\/2021\/03\/Legendy-u-Vas.jpg\",\"width\":400,\"height\":240,\"caption\":\"Bontex2 s.r.o.\"},\"image\":{\"@id\":\"https:\/\/www.legendyuvas.cz\/#\/schema\/logo\/image\/\"},\"sameAs\":[\"https:\/\/www.facebook.com\/autolegendyuvas\",\"https:\/\/www.facebook.com\/motolegendyuvas\",\"https:\/\/www.instagram.com\/autolegendyuvas\/\",\"https:\/\/www.instagram.com\/motolegendyuvas\/\"]}]}<\/script>\n<!-- \/ Yoast SEO plugin. -->","yoast_head_json":{"title":"Jaguar F-Type R (AT) - Legendy U V\u00e1s","description":"Adrenal\u00ednov\u00fd z\u00e1\u017eitok s Legendy u V\u00e1s \u2013 origin\u00e1lny dar\u010dek nielen pre mu\u017eov a automobilov\u00fdch nad\u0161encov. Jazda v \u0161portov\u00fdch aut\u00e1ch (Ferrari, Lamborghini, Porsche, ...) na z\u00e1vodnom okruhu aj po okresnej ceste.","robots":{"index":"index","follow":"follow","max-snippet":"max-snippet:-1","max-image-preview":"max-image-preview:large","max-video-preview":"max-video-preview:-1"},"canonical":"https:\/\/www.legendyuvas.cz\/?post_type=product&p=30711","og_locale":"sk_SK","og_type":"article","og_title":"Jaguar F-Type R (AT) - Legendy U V\u00e1s","og_description":"Adrenal\u00ednov\u00fd z\u00e1\u017eitok s Legendy u V\u00e1s \u2013 origin\u00e1lny dar\u010dek nielen pre mu\u017eov a automobilov\u00fdch nad\u0161encov. Jazda v \u0161portov\u00fdch aut\u00e1ch (Ferrari, Lamborghini, Porsche, ...) na z\u00e1vodnom okruhu aj po okresnej ceste.","og_url":"https:\/\/www.legendyuvas.cz\/?post_type=product&p=30711","og_site_name":"Legendy U V\u00e1s","article_publisher":"https:\/\/www.facebook.com\/autolegendyuvas","article_modified_time":"2025-12-27T00:02:47+00:00","og_image":[{"width":2560,"height":1707,"url":"https:\/\/www.legendyuvas.cz\/wp-content\/uploads\/2025\/10\/DSC02582-scaled.jpg","type":"image\/jpeg"}],"twitter_card":"summary_large_image","twitter_misc":{"Predpokladan\u00fd \u010das \u010d\u00edtania":"1 min\u00fata"},"schema":{"@context":"https:\/\/schema.org","@graph":[{"@type":"WebPage","@id":"https:\/\/www.legendyuvas.cz\/?post_type=product&p=30711","url":"https:\/\/www.legendyuvas.cz\/?post_type=product&p=30711","name":"Jaguar F-Type R (AT) - Legendy U V\u00e1s","isPartOf":{"@id":"https:\/\/www.legendyuvas.cz\/#website"},"primaryImageOfPage":{"@id":"https:\/\/www.legendyuvas.cz\/?post_type=product&p=30711#primaryimage"},"image":{"@id":"https:\/\/www.legendyuvas.cz\/?post_type=product&p=30711#primaryimage"},"thumbnailUrl":"https:\/\/www.legendyuvas.cz\/wp-content\/uploads\/2025\/10\/DSC02582-scaled.jpg","datePublished":"2024-11-19T08:51:18+00:00","dateModified":"2025-12-27T00:02:47+00:00","description":"Adrenal\u00ednov\u00fd z\u00e1\u017eitok s Legendy u V\u00e1s \u2013 origin\u00e1lny dar\u010dek nielen pre mu\u017eov a automobilov\u00fdch nad\u0161encov. Jazda v \u0161portov\u00fdch aut\u00e1ch (Ferrari, Lamborghini, Porsche, ...) na z\u00e1vodnom okruhu aj po okresnej ceste.","breadcrumb":{"@id":"https:\/\/www.legendyuvas.cz\/?post_type=product&p=30711#breadcrumb"},"inLanguage":"sk-SK","potentialAction":[{"@type":"ReadAction","target":["https:\/\/www.legendyuvas.cz\/?post_type=product&p=30711"]}]},{"@type":"ImageObject","inLanguage":"sk-SK","@id":"https:\/\/www.legendyuvas.cz\/?post_type=product&p=30711#primaryimage","url":"https:\/\/www.legendyuvas.cz\/wp-content\/uploads\/2025\/10\/DSC02582-scaled.jpg","contentUrl":"https:\/\/www.legendyuvas.cz\/wp-content\/uploads\/2025\/10\/DSC02582-scaled.jpg","width":2560,"height":1707},{"@type":"BreadcrumbList","@id":"https:\/\/www.legendyuvas.cz\/?post_type=product&p=30711#breadcrumb","itemListElement":[{"@type":"ListItem","position":1,"name":"Dom\u016f","item":"https:\/\/www.legendyuvas.cz\/"},{"@type":"ListItem","position":2,"name":"Obchod","item":"https:\/\/www.legendyuvas.cz\/sk\/obchod\/"},{"@type":"ListItem","position":3,"name":"Jaguar F-Type R (AT)"}]},{"@type":"WebSite","@id":"https:\/\/www.legendyuvas.cz\/#website","url":"https:\/\/www.legendyuvas.cz\/","name":"Legendy U V\u00e1s","description":"Dechberouc\u00ed z\u00e1\u017eitky v autech a motork\u00e1ch","publisher":{"@id":"https:\/\/www.legendyuvas.cz\/#organization"},"potentialAction":[{"@type":"SearchAction","target":{"@type":"EntryPoint","urlTemplate":"https:\/\/www.legendyuvas.cz\/?s={search_term_string}"},"query-input":{"@type":"PropertyValueSpecification","valueRequired":true,"valueName":"search_term_string"}}],"inLanguage":"sk-SK"},{"@type":"Organization","@id":"https:\/\/www.legendyuvas.cz\/#organization","name":"Bontex2 s.r.o.","url":"https:\/\/www.legendyuvas.cz\/","logo":{"@type":"ImageObject","inLanguage":"sk-SK","@id":"https:\/\/www.legendyuvas.cz\/#\/schema\/logo\/image\/","url":"https:\/\/www.legendyuvas.cz\/wp-content\/uploads\/2021\/03\/Legendy-u-Vas.jpg","contentUrl":"https:\/\/www.legendyuvas.cz\/wp-content\/uploads\/2021\/03\/Legendy-u-Vas.jpg","width":400,"height":240,"caption":"Bontex2 s.r.o."},"image":{"@id":"https:\/\/www.legendyuvas.cz\/#\/schema\/logo\/image\/"},"sameAs":["https:\/\/www.facebook.com\/autolegendyuvas","https:\/\/www.facebook.com\/motolegendyuvas","https:\/\/www.instagram.com\/autolegendyuvas\/","https:\/\/www.instagram.com\/motolegendyuvas\/"]}]}},"_links":{"self":[{"href":"https:\/\/www.legendyuvas.cz\/sk\/wp-json\/wp\/v2\/product\/32768","targetHints":{"allow":["GET"]}}],"collection":[{"href":"https:\/\/www.legendyuvas.cz\/sk\/wp-json\/wp\/v2\/product"}],"about":[{"href":"https:\/\/www.legendyuvas.cz\/sk\/wp-json\/wp\/v2\/types\/product"}],"replies":[{"embeddable":true,"href":"https:\/\/www.legendyuvas.cz\/sk\/wp-json\/wp\/v2\/comments?post=32768"}],"version-history":[{"count":1,"href":"https:\/\/www.legendyuvas.cz\/sk\/wp-json\/wp\/v2\/product\/32768\/revisions"}],"predecessor-version":[{"id":33236,"href":"https:\/\/www.legendyuvas.cz\/sk\/wp-json\/wp\/v2\/product\/32768\/revisions\/33236"}],"wp:featuredmedia":[{"embeddable":true,"href":"https:\/\/www.legendyuvas.cz\/sk\/wp-json\/wp\/v2\/media\/30754"}],"wp:attachment":[{"href":"https:\/\/www.legendyuvas.cz\/sk\/wp-json\/wp\/v2\/media?parent=32768"}],"wp:term":[{"taxonomy":"product_brand","embeddable":true,"href":"https:\/\/www.legendyuvas.cz\/sk\/wp-json\/wp\/v2\/product_brand?post=32768"},{"taxonomy":"product_cat","embeddable":true,"href":"https:\/\/www.legendyuvas.cz\/sk\/wp-json\/wp\/v2\/product_cat?post=32768"},{"taxonomy":"product_tag","embeddable":true,"href":"https:\/\/www.legendyuvas.cz\/sk\/wp-json\/wp\/v2\/product_tag?post=32768"}],"curies":[{"name":"wp","href":"https:\/\/api.w.org\/{rel}","templated":true}]}}