{"id":32784,"date":"2024-11-19T08:49:52","date_gmt":"2024-11-19T08:49:52","guid":{"rendered":"https:\/\/www.legendyuvas.cz\/?post_type=product&#038;p=32784"},"modified":"2025-12-27T00:02:46","modified_gmt":"2025-12-27T00:02:46","slug":"nissan-gt-r-r35-at","status":"publish","type":"product","link":"https:\/\/www.legendyuvas.cz\/sk\/produkt\/nissan-gt-r-r35-at\/","title":{"rendered":"Nissan GT-R R35 (AT)"},"content":{"rendered":"<h1><strong>Japonsk\u00e1 prec\u00edznos\u0165 bez hran\u00edc<\/strong><\/h1>\n<p> Nissan GT-R R35 je symbolom modern\u00e9ho in\u017einierstva a nekompromisn\u00e9ho v\u00fdkonu. Pod kapotou pracuje legend\u00e1rny <strong data-start=\"305\" data-end=\"341\">3,8-litrov\u00fd \u0161es\u0165valec Twin-Turbo<\/strong>, ktor\u00fd v tejto \u0161pecifik\u00e1cii dosahuje neuverite\u013en\u00fdch <strong data-start=\"392\" data-end=\"402\">822 PS<\/strong>. V\u00fdkon smeruje na v\u0161etky \u0161tyri koles\u00e1 cez <strong data-start=\"444\" data-end=\"501\">6-stup\u0148ov\u00fa automatick\u00fa prevodovku s dvojitou spojkou<\/strong>, \u010do zaru\u010duje brut\u00e1lne zr\u00fdchlenie a istotu v ka\u017edej situ\u00e1cii. GT-R dok\u00e1\u017ee zr\u00fdchli\u0165 tak, \u017ee aj supersporty nieko\u013ekon\u00e1sobne drah\u0161ie zost\u00e1vaj\u00fa pozadu \u2013 pr\u00e1vom si tak vysl\u00fa\u017eilo prez\u00fdvku <em data-start=\"696\" data-end=\"706\">Godzilla<\/em>. <img fetchpriority=\"high\" decoding=\"async\" class=\"alignnone size-full wp-image-30867\" src=\"https:\/\/www.legendyuvas.cz\/wp-content\/uploads\/2025\/10\/DSC02990-scaled.jpg\" alt=\"\" width=\"2560\" height=\"1707\" srcset=\"https:\/\/www.legendyuvas.cz\/wp-content\/uploads\/2025\/10\/DSC02990-scaled.jpg 2560w, https:\/\/www.legendyuvas.cz\/wp-content\/uploads\/2025\/10\/DSC02990-300x200.jpg 300w, https:\/\/www.legendyuvas.cz\/wp-content\/uploads\/2025\/10\/DSC02990-1024x683.jpg 1024w, https:\/\/www.legendyuvas.cz\/wp-content\/uploads\/2025\/10\/DSC02990-768x512.jpg 768w, https:\/\/www.legendyuvas.cz\/wp-content\/uploads\/2025\/10\/DSC02990-1536x1024.jpg 1536w, https:\/\/www.legendyuvas.cz\/wp-content\/uploads\/2025\/10\/DSC02990-2048x1365.jpg 2048w, https:\/\/www.legendyuvas.cz\/wp-content\/uploads\/2025\/10\/DSC02990-600x400.jpg 600w\" sizes=\"(max-width: 2560px) 100vw, 2560px\" \/><\/p>\n<p>Tento konkr\u00e9tny automobil predstavuje <strong data-start=\"784\" data-end=\"816\">najsilnej\u0161iu v\u00fdkonov\u00fa \u00fapravu<\/strong>, ak\u00fa je mo\u017en\u00e9 dosiahnu\u0165 na s\u00e9riov\u00fdch komponentoch motora a prevodovky. Je vybaven\u00fd <strong data-start=\"898\" data-end=\"915\">v\u00e4\u010d\u0161\u00edmi turbami<\/strong>, <strong data-start=\"917\" data-end=\"937\">vylep\u0161en\u00fdm san\u00edm<\/strong>, <strong data-start=\"939\" data-end=\"969\">v\u00e4\u010d\u0161\u00edmi chladi\u010dmi a coolermi<\/strong> a tie\u017e <strong data-start=\"978\" data-end=\"1013\">dodato\u010dn\u00fdm chladen\u00edm prevodovky<\/strong>. O dych ber\u00faci zvuk sa star\u00e1 <strong data-start=\"1043\" data-end=\"1075\">klapkov\u00fd v\u00fdfukov\u00fd syst\u00e9m IPE<\/strong>, zatia\u013e \u010do <strong data-start=\"1085\" data-end=\"1104\">vylep\u0161en\u00e9 brzdy<\/strong> zais\u0165uj\u00fa istotu aj pri extr\u00e9mnych v\u00fdkonoch. Ka\u017ed\u00fd detail tejto \u00fapravy m\u00e1 jedin\u00fd cie\u013e \u2013 posun\u00fa\u0165 hranice toho, \u010do GT-R dok\u00e1\u017ee.<\/p>\n<p><img decoding=\"async\" class=\"alignnone wp-image-30872 size-full\" src=\"https:\/\/www.legendyuvas.cz\/wp-content\/uploads\/2025\/10\/DSC02994-scaled.jpg\" alt=\"\" width=\"2560\" height=\"1707\" srcset=\"https:\/\/www.legendyuvas.cz\/wp-content\/uploads\/2025\/10\/DSC02994-scaled.jpg 2560w, https:\/\/www.legendyuvas.cz\/wp-content\/uploads\/2025\/10\/DSC02994-300x200.jpg 300w, https:\/\/www.legendyuvas.cz\/wp-content\/uploads\/2025\/10\/DSC02994-1024x683.jpg 1024w, https:\/\/www.legendyuvas.cz\/wp-content\/uploads\/2025\/10\/DSC02994-768x512.jpg 768w, https:\/\/www.legendyuvas.cz\/wp-content\/uploads\/2025\/10\/DSC02994-1536x1024.jpg 1536w, https:\/\/www.legendyuvas.cz\/wp-content\/uploads\/2025\/10\/DSC02994-2048x1365.jpg 2048w, https:\/\/www.legendyuvas.cz\/wp-content\/uploads\/2025\/10\/DSC02994-600x400.jpg 600w\" sizes=\"(max-width: 2560px) 100vw, 2560px\" \/><\/p>\n<p>Rok v\u00fdroby <strong data-start=\"1279\" data-end=\"1287\">2019<\/strong> priniesol GT-R modernej\u0161iu techniku, no zachoval charakter poctiv\u00e9ho mechanick\u00e9ho stroja. V\u010faka kombin\u00e1cii neuverite\u013enej sily, prec\u00edzneho podvozku a pohonu <strong data-start=\"1442\" data-end=\"1449\">4&#215;4<\/strong> zvl\u00e1da auto nielen \u0161printy, ale aj r\u00fdchle prejazdy z\u00e1krut s chirurgickou presnos\u0165ou. Nissan GT-R R35 v tejto \u0161pecifik\u00e1cii je ultim\u00e1tna zbra\u0148 na cestu aj okruh \u2013 dokonale vyv\u00e1\u017een\u00fd mix japonskej techniky, sily a re\u0161pektu.<\/p>\n","protected":false},"excerpt":{"rendered":"<p>V\u0161etky na\u0161e aut\u00e1 <strong>m\u00f4\u017eete \u0161of\u00e9rova\u0165<\/strong> alebo si m\u00f4\u017eete vybra\u0165 jazdu ako spolujazdec so z\u00e1vodn\u00fdm vodi\u010dom.<\/p>\n","protected":false},"featured_media":30881,"comment_status":"open","ping_status":"closed","template":"","meta":[],"product_brand":[],"product_cat":[449],"product_tag":[],"class_list":{"0":"post-32784","1":"product","2":"type-product","3":"status-publish","4":"has-post-thumbnail","6":"product_cat-auta","8":"first","9":"instock","10":"shipping-taxable","11":"purchasable","12":"product-type-variable","13":"has-default-attributes"},"yoast_head":"<!-- This site is optimized with the Yoast SEO plugin v24.8.1 - https:\/\/yoast.com\/wordpress\/plugins\/seo\/ -->\n<title>Nissan GT-R R35 (AT) - Legendy U V\u00e1s<\/title>\n<meta name=\"description\" content=\"Adrenal\u00ednov\u00fd z\u00e1\u017eitok s Legendy u V\u00e1s \u2013 origin\u00e1lny dar\u010dek nielen pre mu\u017eov a automobilov\u00fdch nad\u0161encov. Jazda v \u0161portov\u00fdch aut\u00e1ch (Ferrari, Lamborghini, Porsche, ...) na z\u00e1vodnom okruhu aj po okresnej ceste.\" \/>\n<meta name=\"robots\" content=\"index, follow, max-snippet:-1, max-image-preview:large, max-video-preview:-1\" \/>\n<link rel=\"canonical\" href=\"https:\/\/www.legendyuvas.cz\/?post_type=product&p=30838\" \/>\n<meta property=\"og:locale\" content=\"sk_SK\" \/>\n<meta property=\"og:type\" content=\"article\" \/>\n<meta property=\"og:title\" content=\"Nissan GT-R R35 (AT) - Legendy U V\u00e1s\" \/>\n<meta property=\"og:description\" content=\"Adrenal\u00ednov\u00fd z\u00e1\u017eitok s Legendy u V\u00e1s \u2013 origin\u00e1lny dar\u010dek nielen pre mu\u017eov a automobilov\u00fdch nad\u0161encov. Jazda v \u0161portov\u00fdch aut\u00e1ch (Ferrari, Lamborghini, Porsche, ...) na z\u00e1vodnom okruhu aj po okresnej ceste.\" \/>\n<meta property=\"og:url\" content=\"https:\/\/www.legendyuvas.cz\/?post_type=product&amp;p=30838\" \/>\n<meta property=\"og:site_name\" content=\"Legendy U V\u00e1s\" \/>\n<meta property=\"article:publisher\" content=\"https:\/\/www.facebook.com\/autolegendyuvas\" \/>\n<meta property=\"article:modified_time\" content=\"2025-12-27T00:02:46+00:00\" \/>\n<meta property=\"og:image\" content=\"https:\/\/www.legendyuvas.cz\/wp-content\/uploads\/2025\/10\/DSC02969-scaled.jpg\" \/>\n\t<meta property=\"og:image:width\" content=\"2560\" \/>\n\t<meta property=\"og:image:height\" content=\"1707\" \/>\n\t<meta property=\"og:image:type\" content=\"image\/jpeg\" \/>\n<meta name=\"twitter:card\" content=\"summary_large_image\" \/>\n<meta name=\"twitter:label1\" content=\"Predpokladan\u00fd \u010das \u010d\u00edtania\" \/>\n\t<meta name=\"twitter:data1\" content=\"1 min\u00fata\" \/>\n<script type=\"application\/ld+json\" class=\"yoast-schema-graph\">{\"@context\":\"https:\/\/schema.org\",\"@graph\":[{\"@type\":\"WebPage\",\"@id\":\"https:\/\/www.legendyuvas.cz\/?post_type=product&p=30838\",\"url\":\"https:\/\/www.legendyuvas.cz\/?post_type=product&p=30838\",\"name\":\"Nissan GT-R R35 (AT) - Legendy U V\u00e1s\",\"isPartOf\":{\"@id\":\"https:\/\/www.legendyuvas.cz\/#website\"},\"primaryImageOfPage\":{\"@id\":\"https:\/\/www.legendyuvas.cz\/?post_type=product&p=30838#primaryimage\"},\"image\":{\"@id\":\"https:\/\/www.legendyuvas.cz\/?post_type=product&p=30838#primaryimage\"},\"thumbnailUrl\":\"https:\/\/www.legendyuvas.cz\/wp-content\/uploads\/2025\/10\/DSC02969-scaled.jpg\",\"datePublished\":\"2024-11-19T08:49:52+00:00\",\"dateModified\":\"2025-12-27T00:02:46+00:00\",\"description\":\"Adrenal\u00ednov\u00fd z\u00e1\u017eitok s Legendy u V\u00e1s \u2013 origin\u00e1lny dar\u010dek nielen pre mu\u017eov a automobilov\u00fdch nad\u0161encov. Jazda v \u0161portov\u00fdch aut\u00e1ch (Ferrari, Lamborghini, Porsche, ...) na z\u00e1vodnom okruhu aj po okresnej ceste.\",\"breadcrumb\":{\"@id\":\"https:\/\/www.legendyuvas.cz\/?post_type=product&p=30838#breadcrumb\"},\"inLanguage\":\"sk-SK\",\"potentialAction\":[{\"@type\":\"ReadAction\",\"target\":[\"https:\/\/www.legendyuvas.cz\/?post_type=product&p=30838\"]}]},{\"@type\":\"ImageObject\",\"inLanguage\":\"sk-SK\",\"@id\":\"https:\/\/www.legendyuvas.cz\/?post_type=product&p=30838#primaryimage\",\"url\":\"https:\/\/www.legendyuvas.cz\/wp-content\/uploads\/2025\/10\/DSC02969-scaled.jpg\",\"contentUrl\":\"https:\/\/www.legendyuvas.cz\/wp-content\/uploads\/2025\/10\/DSC02969-scaled.jpg\",\"width\":2560,\"height\":1707},{\"@type\":\"BreadcrumbList\",\"@id\":\"https:\/\/www.legendyuvas.cz\/?post_type=product&p=30838#breadcrumb\",\"itemListElement\":[{\"@type\":\"ListItem\",\"position\":1,\"name\":\"Dom\u016f\",\"item\":\"https:\/\/www.legendyuvas.cz\/\"},{\"@type\":\"ListItem\",\"position\":2,\"name\":\"Obchod\",\"item\":\"https:\/\/www.legendyuvas.cz\/sk\/obchod\/\"},{\"@type\":\"ListItem\",\"position\":3,\"name\":\"Nissan GT-R R35 (AT)\"}]},{\"@type\":\"WebSite\",\"@id\":\"https:\/\/www.legendyuvas.cz\/#website\",\"url\":\"https:\/\/www.legendyuvas.cz\/\",\"name\":\"Legendy U V\u00e1s\",\"description\":\"Dechberouc\u00ed z\u00e1\u017eitky v autech a motork\u00e1ch\",\"publisher\":{\"@id\":\"https:\/\/www.legendyuvas.cz\/#organization\"},\"potentialAction\":[{\"@type\":\"SearchAction\",\"target\":{\"@type\":\"EntryPoint\",\"urlTemplate\":\"https:\/\/www.legendyuvas.cz\/?s={search_term_string}\"},\"query-input\":{\"@type\":\"PropertyValueSpecification\",\"valueRequired\":true,\"valueName\":\"search_term_string\"}}],\"inLanguage\":\"sk-SK\"},{\"@type\":\"Organization\",\"@id\":\"https:\/\/www.legendyuvas.cz\/#organization\",\"name\":\"Bontex2 s.r.o.\",\"url\":\"https:\/\/www.legendyuvas.cz\/\",\"logo\":{\"@type\":\"ImageObject\",\"inLanguage\":\"sk-SK\",\"@id\":\"https:\/\/www.legendyuvas.cz\/#\/schema\/logo\/image\/\",\"url\":\"https:\/\/www.legendyuvas.cz\/wp-content\/uploads\/2021\/03\/Legendy-u-Vas.jpg\",\"contentUrl\":\"https:\/\/www.legendyuvas.cz\/wp-content\/uploads\/2021\/03\/Legendy-u-Vas.jpg\",\"width\":400,\"height\":240,\"caption\":\"Bontex2 s.r.o.\"},\"image\":{\"@id\":\"https:\/\/www.legendyuvas.cz\/#\/schema\/logo\/image\/\"},\"sameAs\":[\"https:\/\/www.facebook.com\/autolegendyuvas\",\"https:\/\/www.facebook.com\/motolegendyuvas\",\"https:\/\/www.instagram.com\/autolegendyuvas\/\",\"https:\/\/www.instagram.com\/motolegendyuvas\/\"]}]}<\/script>\n<!-- \/ Yoast SEO plugin. -->","yoast_head_json":{"title":"Nissan GT-R R35 (AT) - Legendy U V\u00e1s","description":"Adrenal\u00ednov\u00fd z\u00e1\u017eitok s Legendy u V\u00e1s \u2013 origin\u00e1lny dar\u010dek nielen pre mu\u017eov a automobilov\u00fdch nad\u0161encov. Jazda v \u0161portov\u00fdch aut\u00e1ch (Ferrari, Lamborghini, Porsche, ...) na z\u00e1vodnom okruhu aj po okresnej ceste.","robots":{"index":"index","follow":"follow","max-snippet":"max-snippet:-1","max-image-preview":"max-image-preview:large","max-video-preview":"max-video-preview:-1"},"canonical":"https:\/\/www.legendyuvas.cz\/?post_type=product&p=30838","og_locale":"sk_SK","og_type":"article","og_title":"Nissan GT-R R35 (AT) - Legendy U V\u00e1s","og_description":"Adrenal\u00ednov\u00fd z\u00e1\u017eitok s Legendy u V\u00e1s \u2013 origin\u00e1lny dar\u010dek nielen pre mu\u017eov a automobilov\u00fdch nad\u0161encov. Jazda v \u0161portov\u00fdch aut\u00e1ch (Ferrari, Lamborghini, Porsche, ...) na z\u00e1vodnom okruhu aj po okresnej ceste.","og_url":"https:\/\/www.legendyuvas.cz\/?post_type=product&p=30838","og_site_name":"Legendy U V\u00e1s","article_publisher":"https:\/\/www.facebook.com\/autolegendyuvas","article_modified_time":"2025-12-27T00:02:46+00:00","og_image":[{"width":2560,"height":1707,"url":"https:\/\/www.legendyuvas.cz\/wp-content\/uploads\/2025\/10\/DSC02969-scaled.jpg","type":"image\/jpeg"}],"twitter_card":"summary_large_image","twitter_misc":{"Predpokladan\u00fd \u010das \u010d\u00edtania":"1 min\u00fata"},"schema":{"@context":"https:\/\/schema.org","@graph":[{"@type":"WebPage","@id":"https:\/\/www.legendyuvas.cz\/?post_type=product&p=30838","url":"https:\/\/www.legendyuvas.cz\/?post_type=product&p=30838","name":"Nissan GT-R R35 (AT) - Legendy U V\u00e1s","isPartOf":{"@id":"https:\/\/www.legendyuvas.cz\/#website"},"primaryImageOfPage":{"@id":"https:\/\/www.legendyuvas.cz\/?post_type=product&p=30838#primaryimage"},"image":{"@id":"https:\/\/www.legendyuvas.cz\/?post_type=product&p=30838#primaryimage"},"thumbnailUrl":"https:\/\/www.legendyuvas.cz\/wp-content\/uploads\/2025\/10\/DSC02969-scaled.jpg","datePublished":"2024-11-19T08:49:52+00:00","dateModified":"2025-12-27T00:02:46+00:00","description":"Adrenal\u00ednov\u00fd z\u00e1\u017eitok s Legendy u V\u00e1s \u2013 origin\u00e1lny dar\u010dek nielen pre mu\u017eov a automobilov\u00fdch nad\u0161encov. Jazda v \u0161portov\u00fdch aut\u00e1ch (Ferrari, Lamborghini, Porsche, ...) na z\u00e1vodnom okruhu aj po okresnej ceste.","breadcrumb":{"@id":"https:\/\/www.legendyuvas.cz\/?post_type=product&p=30838#breadcrumb"},"inLanguage":"sk-SK","potentialAction":[{"@type":"ReadAction","target":["https:\/\/www.legendyuvas.cz\/?post_type=product&p=30838"]}]},{"@type":"ImageObject","inLanguage":"sk-SK","@id":"https:\/\/www.legendyuvas.cz\/?post_type=product&p=30838#primaryimage","url":"https:\/\/www.legendyuvas.cz\/wp-content\/uploads\/2025\/10\/DSC02969-scaled.jpg","contentUrl":"https:\/\/www.legendyuvas.cz\/wp-content\/uploads\/2025\/10\/DSC02969-scaled.jpg","width":2560,"height":1707},{"@type":"BreadcrumbList","@id":"https:\/\/www.legendyuvas.cz\/?post_type=product&p=30838#breadcrumb","itemListElement":[{"@type":"ListItem","position":1,"name":"Dom\u016f","item":"https:\/\/www.legendyuvas.cz\/"},{"@type":"ListItem","position":2,"name":"Obchod","item":"https:\/\/www.legendyuvas.cz\/sk\/obchod\/"},{"@type":"ListItem","position":3,"name":"Nissan GT-R R35 (AT)"}]},{"@type":"WebSite","@id":"https:\/\/www.legendyuvas.cz\/#website","url":"https:\/\/www.legendyuvas.cz\/","name":"Legendy U V\u00e1s","description":"Dechberouc\u00ed z\u00e1\u017eitky v autech a motork\u00e1ch","publisher":{"@id":"https:\/\/www.legendyuvas.cz\/#organization"},"potentialAction":[{"@type":"SearchAction","target":{"@type":"EntryPoint","urlTemplate":"https:\/\/www.legendyuvas.cz\/?s={search_term_string}"},"query-input":{"@type":"PropertyValueSpecification","valueRequired":true,"valueName":"search_term_string"}}],"inLanguage":"sk-SK"},{"@type":"Organization","@id":"https:\/\/www.legendyuvas.cz\/#organization","name":"Bontex2 s.r.o.","url":"https:\/\/www.legendyuvas.cz\/","logo":{"@type":"ImageObject","inLanguage":"sk-SK","@id":"https:\/\/www.legendyuvas.cz\/#\/schema\/logo\/image\/","url":"https:\/\/www.legendyuvas.cz\/wp-content\/uploads\/2021\/03\/Legendy-u-Vas.jpg","contentUrl":"https:\/\/www.legendyuvas.cz\/wp-content\/uploads\/2021\/03\/Legendy-u-Vas.jpg","width":400,"height":240,"caption":"Bontex2 s.r.o."},"image":{"@id":"https:\/\/www.legendyuvas.cz\/#\/schema\/logo\/image\/"},"sameAs":["https:\/\/www.facebook.com\/autolegendyuvas","https:\/\/www.facebook.com\/motolegendyuvas","https:\/\/www.instagram.com\/autolegendyuvas\/","https:\/\/www.instagram.com\/motolegendyuvas\/"]}]}},"_links":{"self":[{"href":"https:\/\/www.legendyuvas.cz\/sk\/wp-json\/wp\/v2\/product\/32784","targetHints":{"allow":["GET"]}}],"collection":[{"href":"https:\/\/www.legendyuvas.cz\/sk\/wp-json\/wp\/v2\/product"}],"about":[{"href":"https:\/\/www.legendyuvas.cz\/sk\/wp-json\/wp\/v2\/types\/product"}],"replies":[{"embeddable":true,"href":"https:\/\/www.legendyuvas.cz\/sk\/wp-json\/wp\/v2\/comments?post=32784"}],"version-history":[{"count":1,"href":"https:\/\/www.legendyuvas.cz\/sk\/wp-json\/wp\/v2\/product\/32784\/revisions"}],"predecessor-version":[{"id":33228,"href":"https:\/\/www.legendyuvas.cz\/sk\/wp-json\/wp\/v2\/product\/32784\/revisions\/33228"}],"wp:featuredmedia":[{"embeddable":true,"href":"https:\/\/www.legendyuvas.cz\/sk\/wp-json\/wp\/v2\/media\/30881"}],"wp:attachment":[{"href":"https:\/\/www.legendyuvas.cz\/sk\/wp-json\/wp\/v2\/media?parent=32784"}],"wp:term":[{"taxonomy":"product_brand","embeddable":true,"href":"https:\/\/www.legendyuvas.cz\/sk\/wp-json\/wp\/v2\/product_brand?post=32784"},{"taxonomy":"product_cat","embeddable":true,"href":"https:\/\/www.legendyuvas.cz\/sk\/wp-json\/wp\/v2\/product_cat?post=32784"},{"taxonomy":"product_tag","embeddable":true,"href":"https:\/\/www.legendyuvas.cz\/sk\/wp-json\/wp\/v2\/product_tag?post=32784"}],"curies":[{"name":"wp","href":"https:\/\/api.w.org\/{rel}","templated":true}]}}