{"id":33115,"date":"2025-11-07T12:32:17","date_gmt":"2025-11-07T12:32:17","guid":{"rendered":"https:\/\/www.legendyuvas.cz\/produkt\/univerzalny-poukaz-na-auta-darek\/"},"modified":"2025-11-19T11:13:41","modified_gmt":"2025-11-19T11:13:41","slug":"univerzalny-poukaz-na-auta-darek","status":"publish","type":"product","link":"https:\/\/www.legendyuvas.cz\/sk\/produkt\/univerzalny-poukaz-na-auta-darek\/","title":{"rendered":"UNIVERZ\u00c1LNY POUKAZ NA AUT\u00c1 &#8211; D\u00c1REK"},"content":{"rendered":"<h2>\u0160PECI\u00c1LNY DAR\u010cEK!<\/h2>\n<p><b>Chcete<\/b> darova\u0165 z\u00e1\u017eitkov\u00fa jazdu, ale <strong>neviete<\/strong>, ktor\u00e9 auto vybra\u0165? Univerz\u00e1lny dar\u010dekov\u00fd poukaz je ur\u010den\u00fd pr\u00e1ve v\u00e1m! Sta\u010d\u00ed si vybra\u0165 sumu a zvy\u0161ok je na obdarovanom. S t\u00fdmto dar\u010dekom sa zaru\u010dene <strong>nezm\u00fdlite.<\/strong><\/p>\n<p><img fetchpriority=\"high\" decoding=\"async\" class=\"alignnone size-medium wp-image-1284\" src=\"https:\/\/www.legendyuvas.cz\/wp-content\/uploads\/2023\/07\/zazitky-images-300x231.png\" alt=\"\" width=\"300\" height=\"231\" srcset=\"https:\/\/www.legendyuvas.cz\/wp-content\/uploads\/2023\/07\/zazitky-images-300x231.png 300w, https:\/\/www.legendyuvas.cz\/wp-content\/uploads\/2023\/07\/zazitky-images-1024x788.png 1024w, https:\/\/www.legendyuvas.cz\/wp-content\/uploads\/2023\/07\/zazitky-images-768x591.png 768w, https:\/\/www.legendyuvas.cz\/wp-content\/uploads\/2023\/07\/zazitky-images-600x462.png 600w, https:\/\/www.legendyuvas.cz\/wp-content\/uploads\/2023\/07\/zazitky-images.png 1300w\" sizes=\"(max-width: 300px) 100vw, 300px\" \/><\/p>\n<p>Obdarovan\u00fd si potom vyberie auto, miesto a pr\u00edpadne po\u010det kolies <strong>pod\u013ea vlastn\u00e9ho uv\u00e1\u017eenia.<\/strong> Ak si vyberie mo\u017enos\u0165, ktor\u00e1 je drah\u0161ia ako suma na poukaze, m\u00f4\u017ee doplati\u0165 zvy\u0161n\u00fa sumu a u\u017ei\u0165 si jazdu snov. Obdarovan\u00fd m\u00f4\u017ee pouk\u00e1\u017eku uplatni\u0165 aj na viacero vozidiel. Mo\u017enost\u00ed uplatnenia je nespo\u010detne ve\u013ea.<\/p>\n","protected":false},"excerpt":{"rendered":"<p>Na\u0161e vozidl\u00e1 <strong>m\u00f4\u017eete riadi\u0165<\/strong> alebo si m\u00f4\u017eete vybra\u0165 jazdu ako spolujazdec s pretek\u00e1rskym vodi\u010dom.<\/p>\n","protected":false},"featured_media":26180,"comment_status":"closed","ping_status":"closed","template":"","meta":[],"product_brand":[],"product_cat":[449],"product_tag":[],"class_list":{"0":"post-33115","1":"product","2":"type-product","3":"status-publish","4":"has-post-thumbnail","6":"product_cat-auta","8":"first","9":"instock","10":"virtual","11":"purchasable","12":"product-type-simple"},"yoast_head":"<!-- This site is optimized with the Yoast SEO plugin v24.8.1 - https:\/\/yoast.com\/wordpress\/plugins\/seo\/ -->\n<title>UNIVERZ\u00c1LNY POUKAZ NA AUT\u00c1 - D\u00c1REK - Legendy U V\u00e1s<\/title>\n<meta name=\"description\" content=\"Adrenal\u00ednov\u00fd z\u00e1\u017eitok s Legendy u V\u00e1s \u2013 origin\u00e1lny dar\u010dek nielen pre mu\u017eov a automobilov\u00fdch nad\u0161encov. Jazda v \u0161portov\u00fdch aut\u00e1ch (Ferrari, Lamborghini, Porsche, ...) na z\u00e1vodnom okruhu aj po okresnej ceste.\" \/>\n<meta name=\"robots\" content=\"index, follow, max-snippet:-1, max-image-preview:large, max-video-preview:-1\" \/>\n<link rel=\"canonical\" href=\"https:\/\/www.legendyuvas.cz\/sk\/produkt\/univerzalny-poukaz-na-auta-darek\/\" \/>\n<meta property=\"og:locale\" content=\"sk_SK\" \/>\n<meta property=\"og:type\" content=\"article\" \/>\n<meta property=\"og:title\" content=\"UNIVERZ\u00c1LNY POUKAZ NA AUT\u00c1 - D\u00c1REK - Legendy U V\u00e1s\" \/>\n<meta property=\"og:description\" content=\"Adrenal\u00ednov\u00fd z\u00e1\u017eitok s Legendy u V\u00e1s \u2013 origin\u00e1lny dar\u010dek nielen pre mu\u017eov a automobilov\u00fdch nad\u0161encov. Jazda v \u0161portov\u00fdch aut\u00e1ch (Ferrari, Lamborghini, Porsche, ...) na z\u00e1vodnom okruhu aj po okresnej ceste.\" \/>\n<meta property=\"og:url\" content=\"https:\/\/www.legendyuvas.cz\/sk\/produkt\/univerzalny-poukaz-na-auta-darek\/\" \/>\n<meta property=\"og:site_name\" content=\"Legendy U V\u00e1s\" \/>\n<meta property=\"article:publisher\" content=\"https:\/\/www.facebook.com\/autolegendyuvas\" \/>\n<meta property=\"article:modified_time\" content=\"2025-11-19T11:13:41+00:00\" \/>\n<meta property=\"og:image\" content=\"https:\/\/www.legendyuvas.cz\/wp-content\/uploads\/2023\/12\/InShot_20241115_102122962-scaled-e1731767372606.jpg\" \/>\n\t<meta property=\"og:image:width\" content=\"2560\" \/>\n\t<meta property=\"og:image:height\" content=\"1476\" \/>\n\t<meta property=\"og:image:type\" content=\"image\/jpeg\" \/>\n<meta name=\"twitter:card\" content=\"summary_large_image\" \/>\n<meta name=\"twitter:label1\" content=\"Predpokladan\u00fd \u010das \u010d\u00edtania\" \/>\n\t<meta name=\"twitter:data1\" content=\"1 min\u00fata\" \/>\n<script type=\"application\/ld+json\" class=\"yoast-schema-graph\">{\"@context\":\"https:\/\/schema.org\",\"@graph\":[{\"@type\":\"WebPage\",\"@id\":\"https:\/\/www.legendyuvas.cz\/sk\/produkt\/univerzalny-poukaz-na-auta-darek\/\",\"url\":\"https:\/\/www.legendyuvas.cz\/sk\/produkt\/univerzalny-poukaz-na-auta-darek\/\",\"name\":\"UNIVERZ\u00c1LNY POUKAZ NA AUT\u00c1 - D\u00c1REK - Legendy U V\u00e1s\",\"isPartOf\":{\"@id\":\"https:\/\/www.legendyuvas.cz\/#website\"},\"primaryImageOfPage\":{\"@id\":\"https:\/\/www.legendyuvas.cz\/sk\/produkt\/univerzalny-poukaz-na-auta-darek\/#primaryimage\"},\"image\":{\"@id\":\"https:\/\/www.legendyuvas.cz\/sk\/produkt\/univerzalny-poukaz-na-auta-darek\/#primaryimage\"},\"thumbnailUrl\":\"https:\/\/www.legendyuvas.cz\/wp-content\/uploads\/2023\/12\/InShot_20241115_102122962-scaled-e1731767372606.jpg\",\"datePublished\":\"2025-11-07T12:32:17+00:00\",\"dateModified\":\"2025-11-19T11:13:41+00:00\",\"description\":\"Adrenal\u00ednov\u00fd z\u00e1\u017eitok s Legendy u V\u00e1s \u2013 origin\u00e1lny dar\u010dek nielen pre mu\u017eov a automobilov\u00fdch nad\u0161encov. Jazda v \u0161portov\u00fdch aut\u00e1ch (Ferrari, Lamborghini, Porsche, ...) na z\u00e1vodnom okruhu aj po okresnej ceste.\",\"breadcrumb\":{\"@id\":\"https:\/\/www.legendyuvas.cz\/sk\/produkt\/univerzalny-poukaz-na-auta-darek\/#breadcrumb\"},\"inLanguage\":\"sk-SK\",\"potentialAction\":[{\"@type\":\"ReadAction\",\"target\":[\"https:\/\/www.legendyuvas.cz\/sk\/produkt\/univerzalny-poukaz-na-auta-darek\/\"]}]},{\"@type\":\"ImageObject\",\"inLanguage\":\"sk-SK\",\"@id\":\"https:\/\/www.legendyuvas.cz\/sk\/produkt\/univerzalny-poukaz-na-auta-darek\/#primaryimage\",\"url\":\"https:\/\/www.legendyuvas.cz\/wp-content\/uploads\/2023\/12\/InShot_20241115_102122962-scaled-e1731767372606.jpg\",\"contentUrl\":\"https:\/\/www.legendyuvas.cz\/wp-content\/uploads\/2023\/12\/InShot_20241115_102122962-scaled-e1731767372606.jpg\",\"width\":2560,\"height\":1476},{\"@type\":\"BreadcrumbList\",\"@id\":\"https:\/\/www.legendyuvas.cz\/sk\/produkt\/univerzalny-poukaz-na-auta-darek\/#breadcrumb\",\"itemListElement\":[{\"@type\":\"ListItem\",\"position\":1,\"name\":\"Dom\u016f\",\"item\":\"https:\/\/www.legendyuvas.cz\/\"},{\"@type\":\"ListItem\",\"position\":2,\"name\":\"Obchod\",\"item\":\"https:\/\/www.legendyuvas.cz\/sk\/obchod\/\"},{\"@type\":\"ListItem\",\"position\":3,\"name\":\"UNIVERZ\u00c1LNY POUKAZ NA AUT\u00c1 &#8211; D\u00c1REK\"}]},{\"@type\":\"WebSite\",\"@id\":\"https:\/\/www.legendyuvas.cz\/#website\",\"url\":\"https:\/\/www.legendyuvas.cz\/\",\"name\":\"Legendy U V\u00e1s\",\"description\":\"Dechberouc\u00ed z\u00e1\u017eitky v autech a motork\u00e1ch\",\"publisher\":{\"@id\":\"https:\/\/www.legendyuvas.cz\/#organization\"},\"potentialAction\":[{\"@type\":\"SearchAction\",\"target\":{\"@type\":\"EntryPoint\",\"urlTemplate\":\"https:\/\/www.legendyuvas.cz\/?s={search_term_string}\"},\"query-input\":{\"@type\":\"PropertyValueSpecification\",\"valueRequired\":true,\"valueName\":\"search_term_string\"}}],\"inLanguage\":\"sk-SK\"},{\"@type\":\"Organization\",\"@id\":\"https:\/\/www.legendyuvas.cz\/#organization\",\"name\":\"Bontex2 s.r.o.\",\"url\":\"https:\/\/www.legendyuvas.cz\/\",\"logo\":{\"@type\":\"ImageObject\",\"inLanguage\":\"sk-SK\",\"@id\":\"https:\/\/www.legendyuvas.cz\/#\/schema\/logo\/image\/\",\"url\":\"https:\/\/www.legendyuvas.cz\/wp-content\/uploads\/2021\/03\/Legendy-u-Vas.jpg\",\"contentUrl\":\"https:\/\/www.legendyuvas.cz\/wp-content\/uploads\/2021\/03\/Legendy-u-Vas.jpg\",\"width\":400,\"height\":240,\"caption\":\"Bontex2 s.r.o.\"},\"image\":{\"@id\":\"https:\/\/www.legendyuvas.cz\/#\/schema\/logo\/image\/\"},\"sameAs\":[\"https:\/\/www.facebook.com\/autolegendyuvas\",\"https:\/\/www.facebook.com\/motolegendyuvas\",\"https:\/\/www.instagram.com\/autolegendyuvas\/\",\"https:\/\/www.instagram.com\/motolegendyuvas\/\"]}]}<\/script>\n<!-- \/ Yoast SEO plugin. -->","yoast_head_json":{"title":"UNIVERZ\u00c1LNY POUKAZ NA AUT\u00c1 - D\u00c1REK - Legendy U V\u00e1s","description":"Adrenal\u00ednov\u00fd z\u00e1\u017eitok s Legendy u V\u00e1s \u2013 origin\u00e1lny dar\u010dek nielen pre mu\u017eov a automobilov\u00fdch nad\u0161encov. Jazda v \u0161portov\u00fdch aut\u00e1ch (Ferrari, Lamborghini, Porsche, ...) na z\u00e1vodnom okruhu aj po okresnej ceste.","robots":{"index":"index","follow":"follow","max-snippet":"max-snippet:-1","max-image-preview":"max-image-preview:large","max-video-preview":"max-video-preview:-1"},"canonical":"https:\/\/www.legendyuvas.cz\/sk\/produkt\/univerzalny-poukaz-na-auta-darek\/","og_locale":"sk_SK","og_type":"article","og_title":"UNIVERZ\u00c1LNY POUKAZ NA AUT\u00c1 - D\u00c1REK - Legendy U V\u00e1s","og_description":"Adrenal\u00ednov\u00fd z\u00e1\u017eitok s Legendy u V\u00e1s \u2013 origin\u00e1lny dar\u010dek nielen pre mu\u017eov a automobilov\u00fdch nad\u0161encov. Jazda v \u0161portov\u00fdch aut\u00e1ch (Ferrari, Lamborghini, Porsche, ...) na z\u00e1vodnom okruhu aj po okresnej ceste.","og_url":"https:\/\/www.legendyuvas.cz\/sk\/produkt\/univerzalny-poukaz-na-auta-darek\/","og_site_name":"Legendy U V\u00e1s","article_publisher":"https:\/\/www.facebook.com\/autolegendyuvas","article_modified_time":"2025-11-19T11:13:41+00:00","og_image":[{"width":2560,"height":1476,"url":"https:\/\/www.legendyuvas.cz\/wp-content\/uploads\/2023\/12\/InShot_20241115_102122962-scaled-e1731767372606.jpg","type":"image\/jpeg"}],"twitter_card":"summary_large_image","twitter_misc":{"Predpokladan\u00fd \u010das \u010d\u00edtania":"1 min\u00fata"},"schema":{"@context":"https:\/\/schema.org","@graph":[{"@type":"WebPage","@id":"https:\/\/www.legendyuvas.cz\/sk\/produkt\/univerzalny-poukaz-na-auta-darek\/","url":"https:\/\/www.legendyuvas.cz\/sk\/produkt\/univerzalny-poukaz-na-auta-darek\/","name":"UNIVERZ\u00c1LNY POUKAZ NA AUT\u00c1 - D\u00c1REK - Legendy U V\u00e1s","isPartOf":{"@id":"https:\/\/www.legendyuvas.cz\/#website"},"primaryImageOfPage":{"@id":"https:\/\/www.legendyuvas.cz\/sk\/produkt\/univerzalny-poukaz-na-auta-darek\/#primaryimage"},"image":{"@id":"https:\/\/www.legendyuvas.cz\/sk\/produkt\/univerzalny-poukaz-na-auta-darek\/#primaryimage"},"thumbnailUrl":"https:\/\/www.legendyuvas.cz\/wp-content\/uploads\/2023\/12\/InShot_20241115_102122962-scaled-e1731767372606.jpg","datePublished":"2025-11-07T12:32:17+00:00","dateModified":"2025-11-19T11:13:41+00:00","description":"Adrenal\u00ednov\u00fd z\u00e1\u017eitok s Legendy u V\u00e1s \u2013 origin\u00e1lny dar\u010dek nielen pre mu\u017eov a automobilov\u00fdch nad\u0161encov. Jazda v \u0161portov\u00fdch aut\u00e1ch (Ferrari, Lamborghini, Porsche, ...) na z\u00e1vodnom okruhu aj po okresnej ceste.","breadcrumb":{"@id":"https:\/\/www.legendyuvas.cz\/sk\/produkt\/univerzalny-poukaz-na-auta-darek\/#breadcrumb"},"inLanguage":"sk-SK","potentialAction":[{"@type":"ReadAction","target":["https:\/\/www.legendyuvas.cz\/sk\/produkt\/univerzalny-poukaz-na-auta-darek\/"]}]},{"@type":"ImageObject","inLanguage":"sk-SK","@id":"https:\/\/www.legendyuvas.cz\/sk\/produkt\/univerzalny-poukaz-na-auta-darek\/#primaryimage","url":"https:\/\/www.legendyuvas.cz\/wp-content\/uploads\/2023\/12\/InShot_20241115_102122962-scaled-e1731767372606.jpg","contentUrl":"https:\/\/www.legendyuvas.cz\/wp-content\/uploads\/2023\/12\/InShot_20241115_102122962-scaled-e1731767372606.jpg","width":2560,"height":1476},{"@type":"BreadcrumbList","@id":"https:\/\/www.legendyuvas.cz\/sk\/produkt\/univerzalny-poukaz-na-auta-darek\/#breadcrumb","itemListElement":[{"@type":"ListItem","position":1,"name":"Dom\u016f","item":"https:\/\/www.legendyuvas.cz\/"},{"@type":"ListItem","position":2,"name":"Obchod","item":"https:\/\/www.legendyuvas.cz\/sk\/obchod\/"},{"@type":"ListItem","position":3,"name":"UNIVERZ\u00c1LNY POUKAZ NA AUT\u00c1 &#8211; D\u00c1REK"}]},{"@type":"WebSite","@id":"https:\/\/www.legendyuvas.cz\/#website","url":"https:\/\/www.legendyuvas.cz\/","name":"Legendy U V\u00e1s","description":"Dechberouc\u00ed z\u00e1\u017eitky v autech a motork\u00e1ch","publisher":{"@id":"https:\/\/www.legendyuvas.cz\/#organization"},"potentialAction":[{"@type":"SearchAction","target":{"@type":"EntryPoint","urlTemplate":"https:\/\/www.legendyuvas.cz\/?s={search_term_string}"},"query-input":{"@type":"PropertyValueSpecification","valueRequired":true,"valueName":"search_term_string"}}],"inLanguage":"sk-SK"},{"@type":"Organization","@id":"https:\/\/www.legendyuvas.cz\/#organization","name":"Bontex2 s.r.o.","url":"https:\/\/www.legendyuvas.cz\/","logo":{"@type":"ImageObject","inLanguage":"sk-SK","@id":"https:\/\/www.legendyuvas.cz\/#\/schema\/logo\/image\/","url":"https:\/\/www.legendyuvas.cz\/wp-content\/uploads\/2021\/03\/Legendy-u-Vas.jpg","contentUrl":"https:\/\/www.legendyuvas.cz\/wp-content\/uploads\/2021\/03\/Legendy-u-Vas.jpg","width":400,"height":240,"caption":"Bontex2 s.r.o."},"image":{"@id":"https:\/\/www.legendyuvas.cz\/#\/schema\/logo\/image\/"},"sameAs":["https:\/\/www.facebook.com\/autolegendyuvas","https:\/\/www.facebook.com\/motolegendyuvas","https:\/\/www.instagram.com\/autolegendyuvas\/","https:\/\/www.instagram.com\/motolegendyuvas\/"]}]}},"_links":{"self":[{"href":"https:\/\/www.legendyuvas.cz\/sk\/wp-json\/wp\/v2\/product\/33115","targetHints":{"allow":["GET"]}}],"collection":[{"href":"https:\/\/www.legendyuvas.cz\/sk\/wp-json\/wp\/v2\/product"}],"about":[{"href":"https:\/\/www.legendyuvas.cz\/sk\/wp-json\/wp\/v2\/types\/product"}],"replies":[{"embeddable":true,"href":"https:\/\/www.legendyuvas.cz\/sk\/wp-json\/wp\/v2\/comments?post=33115"}],"version-history":[{"count":3,"href":"https:\/\/www.legendyuvas.cz\/sk\/wp-json\/wp\/v2\/product\/33115\/revisions"}],"predecessor-version":[{"id":37174,"href":"https:\/\/www.legendyuvas.cz\/sk\/wp-json\/wp\/v2\/product\/33115\/revisions\/37174"}],"wp:featuredmedia":[{"embeddable":true,"href":"https:\/\/www.legendyuvas.cz\/sk\/wp-json\/wp\/v2\/media\/26180"}],"wp:attachment":[{"href":"https:\/\/www.legendyuvas.cz\/sk\/wp-json\/wp\/v2\/media?parent=33115"}],"wp:term":[{"taxonomy":"product_brand","embeddable":true,"href":"https:\/\/www.legendyuvas.cz\/sk\/wp-json\/wp\/v2\/product_brand?post=33115"},{"taxonomy":"product_cat","embeddable":true,"href":"https:\/\/www.legendyuvas.cz\/sk\/wp-json\/wp\/v2\/product_cat?post=33115"},{"taxonomy":"product_tag","embeddable":true,"href":"https:\/\/www.legendyuvas.cz\/sk\/wp-json\/wp\/v2\/product_tag?post=33115"}],"curies":[{"name":"wp","href":"https:\/\/api.w.org\/{rel}","templated":true}]}}