{"id":38706,"date":"2023-07-02T16:48:49","date_gmt":"2023-07-02T16:48:49","guid":{"rendered":"https:\/\/www.legendyuvas.cz\/?post_type=product&#038;p=38706"},"modified":"2026-02-26T10:05:14","modified_gmt":"2026-02-26T10:05:14","slug":"bmw-m3-csl-e46","status":"publish","type":"product","link":"https:\/\/www.legendyuvas.cz\/sk\/produkt\/bmw-m3-csl-e46\/","title":{"rendered":"BMW M3 CSL E46"},"content":{"rendered":"<p data-start=\"113\" data-end=\"386\"><strong data-start=\"113\" data-end=\"148\">Legenda medzi \u0161portov\u00fdmi autami<\/strong><br data-start=\"148\" data-end=\"151\" \/>BMW M3 CSL predstavuje legendu vo svete \u0161portov\u00fdch vozidiel. Tento model je v\u00fdsledkom prec\u00edzneho nemeck\u00e9ho in\u017einierstva, s vysok\u00fdm d\u00f4razom na v\u00fdkon a dynamiku. Jeho charakter a vz\u00e1cnos\u0165 robia z M3 CSL skuto\u010dn\u00fd klenot medzi automobilmi.<\/p>\n<p data-start=\"388\" data-end=\"641\">Tento automobil poh\u00e1\u0148a 3,2-litrov\u00fd \u0161es\u0165valec, ktor\u00fd produkuje neuverite\u013en\u00fdch 360 kon\u00ed, spojen\u00fd s automatizovanou prevodovkou (SMG). S akceler\u00e1ciou z 0 na 100 km\/h za iba 4,9 sekundy s\u013eubuje tento automobil adrenal\u00ednov\u00fd z\u00e1\u017eitok pln\u00fd r\u00fdchlosti a kontroly.<\/p>\n<p data-start=\"643\" data-end=\"971\">M3 CSL je limitovan\u00e1 ed\u00edcia navrhnut\u00e1 s d\u00f4razom na \u013eahkos\u0165 a v\u00fdkon. Odtia\u013e poch\u00e1dza aj n\u00e1zov CSL \u2013 Coupe Sport Light. Po\u010das pol roka v\u00fdroby vzniklo iba 820 kusov v \u013eavostrannom preveden\u00ed, \u010do z neho rob\u00ed vz\u00e1cnej\u0161ie auto ne\u017e Ferrari F40. Jeho agilnos\u0165 a r\u00fdchlos\u0165 pri ka\u017edom stla\u010den\u00ed plynov\u00e9ho ped\u00e1lu zaru\u010duj\u00fa nezabudnute\u013en\u00fa jazdu.<\/p>\n<p data-start=\"973\" data-end=\"1241\">Darujte tento nezabudnute\u013en\u00fd z\u00e1\u017eitok. Predstavte si, ako va\u0161i bl\u00edzki prv\u00fdkr\u00e1t po\u010duj\u00fa zvuk tohto legend\u00e1rneho motora a c\u00edtia, ako sa auto plynule pohybuje pri ka\u017edom stla\u010den\u00ed plynov\u00e9ho ped\u00e1lu. To v\u0161etko je s\u00fa\u010das\u0165ou neopakovate\u013en\u00e9ho z\u00e1\u017eitku, ktor\u00fd pon\u00faka len BMW M3 CSL.<\/p>\n<p data-start=\"1243\" data-end=\"1570\">\u010ci u\u017e je to pre milovn\u00edka r\u00fdchlych \u00e1ut alebo pre t\u00fdch, ktor\u00ed h\u013eadaj\u00fa jedine\u010dn\u00fd z\u00e1\u017eitok, M3 CSL je dokonal\u00fdm darom, ktor\u00fd ur\u010dite nadchne ka\u017ed\u00e9ho, kto za\u017eije jeho r\u00fdchlos\u0165 a v\u00fdkon. Toto vz\u00e1cne auto je pripraven\u00e9 poskytn\u00fa\u0165 nezabudnute\u013en\u00fd z\u00e1\u017eitok, ktor\u00fd pred\u010d\u00ed v\u0161etky o\u010dak\u00e1vania. Tak nev\u00e1hajte a rezervujte tento z\u00e1\u017eitok e\u0161te dnes.<\/p>\n","protected":false},"excerpt":{"rendered":"<p>Legenda medzi \u0161portov\u00fdmi autamiBMW M3 CSL predstavuje legendu vo svete \u0161portov\u00fdch vozidiel. Tento model je v\u00fdsledkom prec\u00edzneho nemeck\u00e9ho in\u017einierstva, s vysok\u00fdm d\u00f4razom na v\u00fdkon a dynamiku. Jeho charakter a vz\u00e1cnos\u0165 robia z M3 CSL skuto\u010dn\u00fd klenot medzi automobilmi. Tento automobil poh\u00e1\u0148a 3,2-litrov\u00fd \u0161es\u0165valec, ktor\u00fd produkuje neuverite\u013en\u00fdch 360 kon\u00ed, spojen\u00fd s automatizovanou prevodovkou (SMG). S akceler\u00e1ciou [&hellip;]<\/p>\n","protected":false},"featured_media":70086,"comment_status":"open","ping_status":"closed","template":"","meta":[],"product_brand":[],"product_cat":[449],"product_tag":[],"class_list":{"0":"post-38706","1":"product","2":"type-product","3":"status-publish","4":"has-post-thumbnail","6":"product_cat-auta","8":"first","9":"instock","10":"shipping-taxable","11":"purchasable","12":"product-type-variable"},"yoast_head":"<!-- This site is optimized with the Yoast SEO plugin v24.8.1 - https:\/\/yoast.com\/wordpress\/plugins\/seo\/ -->\n<title>BMW M3 CSL E46 - Legendy U V\u00e1s<\/title>\n<meta name=\"description\" content=\"Adrenal\u00ednov\u00fd z\u00e1\u017eitok s Legendy U V\u00e1s \u2013 origin\u00e1lny dar\u010dek nielen pre mu\u017eov a automobilov\u00fdch nad\u0161encov. Jazda v \u0161portov\u00fdch aut\u00e1ch (Ferrari, Lamborghini, Porsche, ...) na pretek\u00e1rskom okruhu aj na okresn\u00fdch cest\u00e1ch.\" \/>\n<meta name=\"robots\" content=\"index, follow, max-snippet:-1, max-image-preview:large, max-video-preview:-1\" \/>\n<link rel=\"canonical\" href=\"https:\/\/www.legendyuvas.cz\/produkt\/taxi-jizda-v-bmw-m3-csl\/\" \/>\n<meta property=\"og:locale\" content=\"sk_SK\" \/>\n<meta property=\"og:type\" content=\"article\" \/>\n<meta property=\"og:title\" content=\"BMW M3 CSL E46 - Legendy U V\u00e1s\" \/>\n<meta property=\"og:description\" content=\"Adrenal\u00ednov\u00fd z\u00e1\u017eitok s Legendy U V\u00e1s \u2013 origin\u00e1lny dar\u010dek nielen pre mu\u017eov a automobilov\u00fdch nad\u0161encov. Jazda v \u0161portov\u00fdch aut\u00e1ch (Ferrari, Lamborghini, Porsche, ...) na pretek\u00e1rskom okruhu aj na okresn\u00fdch cest\u00e1ch.\" \/>\n<meta property=\"og:url\" content=\"https:\/\/www.legendyuvas.cz\/produkt\/taxi-jizda-v-bmw-m3-csl\/\" \/>\n<meta property=\"og:site_name\" content=\"Legendy U V\u00e1s\" \/>\n<meta property=\"article:publisher\" content=\"https:\/\/www.facebook.com\/autolegendyuvas\" \/>\n<meta property=\"article:modified_time\" content=\"2026-02-26T10:05:14+00:00\" \/>\n<meta property=\"og:image\" content=\"https:\/\/www.legendyuvas.cz\/wp-content\/uploads\/2023\/07\/C5D_3540-scaled.jpg\" \/>\n\t<meta property=\"og:image:width\" content=\"2560\" \/>\n\t<meta property=\"og:image:height\" content=\"1707\" \/>\n\t<meta property=\"og:image:type\" content=\"image\/jpeg\" \/>\n<meta name=\"twitter:card\" content=\"summary_large_image\" \/>\n<meta name=\"twitter:label1\" content=\"Predpokladan\u00fd \u010das \u010d\u00edtania\" \/>\n\t<meta name=\"twitter:data1\" content=\"1 min\u00fata\" \/>\n<script type=\"application\/ld+json\" class=\"yoast-schema-graph\">{\"@context\":\"https:\/\/schema.org\",\"@graph\":[{\"@type\":\"WebPage\",\"@id\":\"https:\/\/www.legendyuvas.cz\/produkt\/taxi-jizda-v-bmw-m3-csl\/\",\"url\":\"https:\/\/www.legendyuvas.cz\/produkt\/taxi-jizda-v-bmw-m3-csl\/\",\"name\":\"BMW M3 CSL E46 - Legendy U V\u00e1s\",\"isPartOf\":{\"@id\":\"https:\/\/www.legendyuvas.cz\/#website\"},\"primaryImageOfPage\":{\"@id\":\"https:\/\/www.legendyuvas.cz\/produkt\/taxi-jizda-v-bmw-m3-csl\/#primaryimage\"},\"image\":{\"@id\":\"https:\/\/www.legendyuvas.cz\/produkt\/taxi-jizda-v-bmw-m3-csl\/#primaryimage\"},\"thumbnailUrl\":\"https:\/\/www.legendyuvas.cz\/wp-content\/uploads\/2023\/07\/IMG_4281-scaled.jpg\",\"datePublished\":\"2023-07-02T16:48:49+00:00\",\"dateModified\":\"2026-02-26T10:05:14+00:00\",\"description\":\"Adrenal\u00ednov\u00fd z\u00e1\u017eitok s Legendy U V\u00e1s \u2013 origin\u00e1lny dar\u010dek nielen pre mu\u017eov a automobilov\u00fdch nad\u0161encov. Jazda v \u0161portov\u00fdch aut\u00e1ch (Ferrari, Lamborghini, Porsche, ...) na pretek\u00e1rskom okruhu aj na okresn\u00fdch cest\u00e1ch.\",\"breadcrumb\":{\"@id\":\"https:\/\/www.legendyuvas.cz\/produkt\/taxi-jizda-v-bmw-m3-csl\/#breadcrumb\"},\"inLanguage\":\"sk-SK\",\"potentialAction\":[{\"@type\":\"ReadAction\",\"target\":[\"https:\/\/www.legendyuvas.cz\/produkt\/taxi-jizda-v-bmw-m3-csl\/\"]}]},{\"@type\":\"ImageObject\",\"inLanguage\":\"sk-SK\",\"@id\":\"https:\/\/www.legendyuvas.cz\/produkt\/taxi-jizda-v-bmw-m3-csl\/#primaryimage\",\"url\":\"https:\/\/www.legendyuvas.cz\/wp-content\/uploads\/2023\/07\/IMG_4281-scaled.jpg\",\"contentUrl\":\"https:\/\/www.legendyuvas.cz\/wp-content\/uploads\/2023\/07\/IMG_4281-scaled.jpg\",\"width\":2560,\"height\":1707},{\"@type\":\"BreadcrumbList\",\"@id\":\"https:\/\/www.legendyuvas.cz\/produkt\/taxi-jizda-v-bmw-m3-csl\/#breadcrumb\",\"itemListElement\":[{\"@type\":\"ListItem\",\"position\":1,\"name\":\"Dom\u016f\",\"item\":\"https:\/\/www.legendyuvas.cz\/\"},{\"@type\":\"ListItem\",\"position\":2,\"name\":\"Obchod\",\"item\":\"https:\/\/www.legendyuvas.cz\/sk\/obchod\/\"},{\"@type\":\"ListItem\",\"position\":3,\"name\":\"BMW M3 CSL E46\"}]},{\"@type\":\"WebSite\",\"@id\":\"https:\/\/www.legendyuvas.cz\/#website\",\"url\":\"https:\/\/www.legendyuvas.cz\/\",\"name\":\"Legendy U V\u00e1s\",\"description\":\"Dechberouc\u00ed z\u00e1\u017eitky v autech a motork\u00e1ch\",\"publisher\":{\"@id\":\"https:\/\/www.legendyuvas.cz\/#organization\"},\"potentialAction\":[{\"@type\":\"SearchAction\",\"target\":{\"@type\":\"EntryPoint\",\"urlTemplate\":\"https:\/\/www.legendyuvas.cz\/?s={search_term_string}\"},\"query-input\":{\"@type\":\"PropertyValueSpecification\",\"valueRequired\":true,\"valueName\":\"search_term_string\"}}],\"inLanguage\":\"sk-SK\"},{\"@type\":\"Organization\",\"@id\":\"https:\/\/www.legendyuvas.cz\/#organization\",\"name\":\"Bontex2 s.r.o.\",\"url\":\"https:\/\/www.legendyuvas.cz\/\",\"logo\":{\"@type\":\"ImageObject\",\"inLanguage\":\"sk-SK\",\"@id\":\"https:\/\/www.legendyuvas.cz\/#\/schema\/logo\/image\/\",\"url\":\"https:\/\/www.legendyuvas.cz\/wp-content\/uploads\/2021\/03\/Legendy-u-Vas.jpg\",\"contentUrl\":\"https:\/\/www.legendyuvas.cz\/wp-content\/uploads\/2021\/03\/Legendy-u-Vas.jpg\",\"width\":400,\"height\":240,\"caption\":\"Bontex2 s.r.o.\"},\"image\":{\"@id\":\"https:\/\/www.legendyuvas.cz\/#\/schema\/logo\/image\/\"},\"sameAs\":[\"https:\/\/www.facebook.com\/autolegendyuvas\",\"https:\/\/www.facebook.com\/motolegendyuvas\",\"https:\/\/www.instagram.com\/autolegendyuvas\/\",\"https:\/\/www.instagram.com\/motolegendyuvas\/\"]}]}<\/script>\n<!-- \/ Yoast SEO plugin. -->","yoast_head_json":{"title":"BMW M3 CSL E46 - Legendy U V\u00e1s","description":"Adrenal\u00ednov\u00fd z\u00e1\u017eitok s Legendy U V\u00e1s \u2013 origin\u00e1lny dar\u010dek nielen pre mu\u017eov a automobilov\u00fdch nad\u0161encov. Jazda v \u0161portov\u00fdch aut\u00e1ch (Ferrari, Lamborghini, Porsche, ...) na pretek\u00e1rskom okruhu aj na okresn\u00fdch cest\u00e1ch.","robots":{"index":"index","follow":"follow","max-snippet":"max-snippet:-1","max-image-preview":"max-image-preview:large","max-video-preview":"max-video-preview:-1"},"canonical":"https:\/\/www.legendyuvas.cz\/produkt\/taxi-jizda-v-bmw-m3-csl\/","og_locale":"sk_SK","og_type":"article","og_title":"BMW M3 CSL E46 - Legendy U V\u00e1s","og_description":"Adrenal\u00ednov\u00fd z\u00e1\u017eitok s Legendy U V\u00e1s \u2013 origin\u00e1lny dar\u010dek nielen pre mu\u017eov a automobilov\u00fdch nad\u0161encov. Jazda v \u0161portov\u00fdch aut\u00e1ch (Ferrari, Lamborghini, Porsche, ...) na pretek\u00e1rskom okruhu aj na okresn\u00fdch cest\u00e1ch.","og_url":"https:\/\/www.legendyuvas.cz\/produkt\/taxi-jizda-v-bmw-m3-csl\/","og_site_name":"Legendy U V\u00e1s","article_publisher":"https:\/\/www.facebook.com\/autolegendyuvas","article_modified_time":"2026-02-26T10:05:14+00:00","og_image":[{"width":2560,"height":1707,"url":"https:\/\/www.legendyuvas.cz\/wp-content\/uploads\/2023\/07\/C5D_3540-scaled.jpg","type":"image\/jpeg"}],"twitter_card":"summary_large_image","twitter_misc":{"Predpokladan\u00fd \u010das \u010d\u00edtania":"1 min\u00fata"},"schema":{"@context":"https:\/\/schema.org","@graph":[{"@type":"WebPage","@id":"https:\/\/www.legendyuvas.cz\/produkt\/taxi-jizda-v-bmw-m3-csl\/","url":"https:\/\/www.legendyuvas.cz\/produkt\/taxi-jizda-v-bmw-m3-csl\/","name":"BMW M3 CSL E46 - Legendy U V\u00e1s","isPartOf":{"@id":"https:\/\/www.legendyuvas.cz\/#website"},"primaryImageOfPage":{"@id":"https:\/\/www.legendyuvas.cz\/produkt\/taxi-jizda-v-bmw-m3-csl\/#primaryimage"},"image":{"@id":"https:\/\/www.legendyuvas.cz\/produkt\/taxi-jizda-v-bmw-m3-csl\/#primaryimage"},"thumbnailUrl":"https:\/\/www.legendyuvas.cz\/wp-content\/uploads\/2023\/07\/IMG_4281-scaled.jpg","datePublished":"2023-07-02T16:48:49+00:00","dateModified":"2026-02-26T10:05:14+00:00","description":"Adrenal\u00ednov\u00fd z\u00e1\u017eitok s Legendy U V\u00e1s \u2013 origin\u00e1lny dar\u010dek nielen pre mu\u017eov a automobilov\u00fdch nad\u0161encov. Jazda v \u0161portov\u00fdch aut\u00e1ch (Ferrari, Lamborghini, Porsche, ...) na pretek\u00e1rskom okruhu aj na okresn\u00fdch cest\u00e1ch.","breadcrumb":{"@id":"https:\/\/www.legendyuvas.cz\/produkt\/taxi-jizda-v-bmw-m3-csl\/#breadcrumb"},"inLanguage":"sk-SK","potentialAction":[{"@type":"ReadAction","target":["https:\/\/www.legendyuvas.cz\/produkt\/taxi-jizda-v-bmw-m3-csl\/"]}]},{"@type":"ImageObject","inLanguage":"sk-SK","@id":"https:\/\/www.legendyuvas.cz\/produkt\/taxi-jizda-v-bmw-m3-csl\/#primaryimage","url":"https:\/\/www.legendyuvas.cz\/wp-content\/uploads\/2023\/07\/IMG_4281-scaled.jpg","contentUrl":"https:\/\/www.legendyuvas.cz\/wp-content\/uploads\/2023\/07\/IMG_4281-scaled.jpg","width":2560,"height":1707},{"@type":"BreadcrumbList","@id":"https:\/\/www.legendyuvas.cz\/produkt\/taxi-jizda-v-bmw-m3-csl\/#breadcrumb","itemListElement":[{"@type":"ListItem","position":1,"name":"Dom\u016f","item":"https:\/\/www.legendyuvas.cz\/"},{"@type":"ListItem","position":2,"name":"Obchod","item":"https:\/\/www.legendyuvas.cz\/sk\/obchod\/"},{"@type":"ListItem","position":3,"name":"BMW M3 CSL E46"}]},{"@type":"WebSite","@id":"https:\/\/www.legendyuvas.cz\/#website","url":"https:\/\/www.legendyuvas.cz\/","name":"Legendy U V\u00e1s","description":"Dechberouc\u00ed z\u00e1\u017eitky v autech a motork\u00e1ch","publisher":{"@id":"https:\/\/www.legendyuvas.cz\/#organization"},"potentialAction":[{"@type":"SearchAction","target":{"@type":"EntryPoint","urlTemplate":"https:\/\/www.legendyuvas.cz\/?s={search_term_string}"},"query-input":{"@type":"PropertyValueSpecification","valueRequired":true,"valueName":"search_term_string"}}],"inLanguage":"sk-SK"},{"@type":"Organization","@id":"https:\/\/www.legendyuvas.cz\/#organization","name":"Bontex2 s.r.o.","url":"https:\/\/www.legendyuvas.cz\/","logo":{"@type":"ImageObject","inLanguage":"sk-SK","@id":"https:\/\/www.legendyuvas.cz\/#\/schema\/logo\/image\/","url":"https:\/\/www.legendyuvas.cz\/wp-content\/uploads\/2021\/03\/Legendy-u-Vas.jpg","contentUrl":"https:\/\/www.legendyuvas.cz\/wp-content\/uploads\/2021\/03\/Legendy-u-Vas.jpg","width":400,"height":240,"caption":"Bontex2 s.r.o."},"image":{"@id":"https:\/\/www.legendyuvas.cz\/#\/schema\/logo\/image\/"},"sameAs":["https:\/\/www.facebook.com\/autolegendyuvas","https:\/\/www.facebook.com\/motolegendyuvas","https:\/\/www.instagram.com\/autolegendyuvas\/","https:\/\/www.instagram.com\/motolegendyuvas\/"]}]}},"_links":{"self":[{"href":"https:\/\/www.legendyuvas.cz\/sk\/wp-json\/wp\/v2\/product\/38706","targetHints":{"allow":["GET"]}}],"collection":[{"href":"https:\/\/www.legendyuvas.cz\/sk\/wp-json\/wp\/v2\/product"}],"about":[{"href":"https:\/\/www.legendyuvas.cz\/sk\/wp-json\/wp\/v2\/types\/product"}],"replies":[{"embeddable":true,"href":"https:\/\/www.legendyuvas.cz\/sk\/wp-json\/wp\/v2\/comments?post=38706"}],"version-history":[{"count":1,"href":"https:\/\/www.legendyuvas.cz\/sk\/wp-json\/wp\/v2\/product\/38706\/revisions"}],"predecessor-version":[{"id":67140,"href":"https:\/\/www.legendyuvas.cz\/sk\/wp-json\/wp\/v2\/product\/38706\/revisions\/67140"}],"wp:featuredmedia":[{"embeddable":true,"href":"https:\/\/www.legendyuvas.cz\/sk\/wp-json\/wp\/v2\/media\/70086"}],"wp:attachment":[{"href":"https:\/\/www.legendyuvas.cz\/sk\/wp-json\/wp\/v2\/media?parent=38706"}],"wp:term":[{"taxonomy":"product_brand","embeddable":true,"href":"https:\/\/www.legendyuvas.cz\/sk\/wp-json\/wp\/v2\/product_brand?post=38706"},{"taxonomy":"product_cat","embeddable":true,"href":"https:\/\/www.legendyuvas.cz\/sk\/wp-json\/wp\/v2\/product_cat?post=38706"},{"taxonomy":"product_tag","embeddable":true,"href":"https:\/\/www.legendyuvas.cz\/sk\/wp-json\/wp\/v2\/product_tag?post=38706"}],"curies":[{"name":"wp","href":"https:\/\/api.w.org\/{rel}","templated":true}]}}