{"id":38723,"date":"2025-11-26T10:45:52","date_gmt":"2025-11-26T10:45:52","guid":{"rendered":"https:\/\/www.legendyuvas.cz\/produkt\/toyota-gr-yaris-mt\/"},"modified":"2025-12-27T00:02:19","modified_gmt":"2025-12-27T00:02:19","slug":"toyota-gr-yaris-mt","status":"publish","type":"product","link":"https:\/\/www.legendyuvas.cz\/sk\/produkt\/toyota-gr-yaris-mt\/","title":{"rendered":"TOYOTA GR YARIS (MT)"},"content":{"rendered":"<p data-start=\"113\" data-end=\"331\"><strong data-start=\"113\" data-end=\"145\">Japonsk\u00e1 hviezda rally sc\u00e9ny<\/strong><br data-start=\"145\" data-end=\"148\" \/>H\u013ead\u00e1te origin\u00e1lny dar\u010dek pre nad\u0161encov rally a r\u00fdchlych \u00e1ut? Toyota GR Yaris nie je len dar\u010dek \u2013 je to z\u00e1\u017eitok, ktor\u00fd prin\u00e1\u0161a vzru\u0161enie a rados\u0165 z jazdy autom stvoren\u00fdm pre r\u00fdchlos\u0165.<\/p>\n<p data-start=\"333\" data-end=\"704\">Tento kompaktn\u00fd \u0161portiak je vybaven\u00fd najsilnej\u0161\u00edm s\u00e9riovo vyr\u00e1ban\u00fdm trojvalcom o objeme 1,6 litra. N\u00e1\u0161 GR Yaris m\u00e1 navy\u0161e upraven\u00fd sac\u00ed a v\u00fdfukov\u00fd syst\u00e9m Milltek. V\u010faka t\u00fdmto \u00faprav\u00e1m dosahuje v\u00fdkon a\u017e 300 kon\u00ed. V spojen\u00ed s n\u00edzkou hmotnos\u0165ou auta (len 1280 kg) a manu\u00e1lnou prevodovkou zr\u00fdchli z 0 na 100 km\/h za iba 5,5 sekundy \u2013 z\u00e1\u017eitok, ktor\u00fd obdarovan\u00fd zaru\u010dene miluje.<\/p>\n<p data-start=\"706\" data-end=\"1070\">Toyota GR Yaris nie je oby\u010dajn\u00e9 auto. Je v\u00fdsledkom d\u00f4kladn\u00e9ho v\u00fdvoja pod taktovkou Toyoty a \u0161tvorn\u00e1sobn\u00e9ho majstra sveta v rallye, Tommiho M\u00e4kinena. Ka\u017ed\u00fd detail je navrhnut\u00fd tak, aby vodi\u010d z\u00edskal pocit, akoby sa z\u00fa\u010dastnil skuto\u010dn\u00e9ho rally z\u00e1vodu. N\u00e1\u0161mu autu sme navy\u0161e pridali z\u00e1vodn\u00fd polep a \u0161portov\u00e9 kr\u00eddlo. Pre lep\u0161\u00ed jazdn\u00fd z\u00e1\u017eitok s\u00fa sedadl\u00e1 zn\u00ed\u017een\u00e9 o 4,5 cm.<\/p>\n<p data-start=\"1072\" data-end=\"1318\">\u010ci u\u017e h\u013ead\u00e1te dar\u010dek pre milovn\u00edka r\u00fdchlosti, alebo pre t\u00fdch, ktor\u00ed chc\u00fa jedine\u010dn\u00fd z\u00e1\u017eitok, GR Yaris zaru\u010dene vyk\u00fazli \u00fasmev na tv\u00e1ri ka\u017ed\u00e9ho, kto za\u017eije jeho ovl\u00e1date\u013enos\u0165 a r\u00fdchlos\u0165. Nev\u00e1hajte a rezervujte tento nezabudnute\u013en\u00fd z\u00e1\u017eitok e\u0161te dnes.<\/p>\n","protected":false},"excerpt":{"rendered":"<p>Japonsk\u00e1 hviezda rally sc\u00e9nyH\u013ead\u00e1te origin\u00e1lny dar\u010dek pre nad\u0161encov rally a r\u00fdchlych \u00e1ut? Toyota GR Yaris nie je len dar\u010dek \u2013 je to z\u00e1\u017eitok, ktor\u00fd prin\u00e1\u0161a vzru\u0161enie a rados\u0165 z jazdy autom stvoren\u00fdm pre r\u00fdchlos\u0165. Tento kompaktn\u00fd \u0161portiak je vybaven\u00fd najsilnej\u0161\u00edm s\u00e9riovo vyr\u00e1ban\u00fdm trojvalcom o objeme 1,6 litra. N\u00e1\u0161 GR Yaris m\u00e1 navy\u0161e upraven\u00fd sac\u00ed a [&hellip;]<\/p>\n","protected":false},"featured_media":41265,"comment_status":"open","ping_status":"closed","template":"","meta":[],"product_brand":[],"product_cat":[449],"product_tag":[],"class_list":{"0":"post-38723","1":"product","2":"type-product","3":"status-publish","4":"has-post-thumbnail","6":"product_cat-auta","8":"first","9":"instock","10":"shipping-taxable","11":"purchasable","12":"product-type-variable"},"yoast_head":"<!-- This site is optimized with the Yoast SEO plugin v24.8.1 - https:\/\/yoast.com\/wordpress\/plugins\/seo\/ -->\n<title>TOYOTA GR YARIS (MT) - Legendy U V\u00e1s<\/title>\n<meta name=\"description\" content=\"Adrenal\u00ednov\u00fd z\u00e1\u017eitok s Legendy U V\u00e1s \u2013 origin\u00e1lny dar\u010dek nielen pre mu\u017eov a automobilov\u00fdch nad\u0161encov. Jazda v \u0161portov\u00fdch aut\u00e1ch (Ferrari, Lamborghini, Porsche, ...) na pretek\u00e1rskom okruhu aj na okresn\u00fdch cest\u00e1ch.\" \/>\n<meta name=\"robots\" content=\"index, follow, max-snippet:-1, max-image-preview:large, max-video-preview:-1\" \/>\n<link rel=\"canonical\" href=\"https:\/\/www.legendyuvas.cz\/produkt\/zazitkova-jizda-toyota-gr-yaris\/\" \/>\n<meta property=\"og:locale\" content=\"sk_SK\" \/>\n<meta property=\"og:type\" content=\"article\" \/>\n<meta property=\"og:title\" content=\"TOYOTA GR YARIS (MT) - Legendy U V\u00e1s\" \/>\n<meta property=\"og:description\" content=\"Adrenal\u00ednov\u00fd z\u00e1\u017eitok s Legendy U V\u00e1s \u2013 origin\u00e1lny dar\u010dek nielen pre mu\u017eov a automobilov\u00fdch nad\u0161encov. Jazda v \u0161portov\u00fdch aut\u00e1ch (Ferrari, Lamborghini, Porsche, ...) na pretek\u00e1rskom okruhu aj na okresn\u00fdch cest\u00e1ch.\" \/>\n<meta property=\"og:url\" content=\"https:\/\/www.legendyuvas.cz\/produkt\/zazitkova-jizda-toyota-gr-yaris\/\" \/>\n<meta property=\"og:site_name\" content=\"Legendy U V\u00e1s\" \/>\n<meta property=\"article:publisher\" content=\"https:\/\/www.facebook.com\/autolegendyuvas\" \/>\n<meta property=\"article:modified_time\" content=\"2025-12-27T00:02:19+00:00\" \/>\n<meta property=\"og:image\" content=\"https:\/\/www.legendyuvas.cz\/wp-content\/uploads\/2023\/07\/typeelementorsiteurlhttpswww.legendyuvas.czwp-jsonelementsidba0c5c1elTypewidgetisInnerfalseisLockedfalsesettingsbg_imageurlhttpswww.legendyuvas.czwp-contentuploads202410DSC_0620-2-scale-6.jpg\" \/>\n\t<meta property=\"og:image:width\" content=\"2048\" \/>\n\t<meta property=\"og:image:height\" content=\"1365\" \/>\n\t<meta property=\"og:image:type\" content=\"image\/jpeg\" \/>\n<meta name=\"twitter:card\" content=\"summary_large_image\" \/>\n<meta name=\"twitter:label1\" content=\"Predpokladan\u00fd \u010das \u010d\u00edtania\" \/>\n\t<meta name=\"twitter:data1\" content=\"1 min\u00fata\" \/>\n<script type=\"application\/ld+json\" class=\"yoast-schema-graph\">{\"@context\":\"https:\/\/schema.org\",\"@graph\":[{\"@type\":\"WebPage\",\"@id\":\"https:\/\/www.legendyuvas.cz\/produkt\/zazitkova-jizda-toyota-gr-yaris\/\",\"url\":\"https:\/\/www.legendyuvas.cz\/produkt\/zazitkova-jizda-toyota-gr-yaris\/\",\"name\":\"TOYOTA GR YARIS (MT) - Legendy U V\u00e1s\",\"isPartOf\":{\"@id\":\"https:\/\/www.legendyuvas.cz\/#website\"},\"primaryImageOfPage\":{\"@id\":\"https:\/\/www.legendyuvas.cz\/produkt\/zazitkova-jizda-toyota-gr-yaris\/#primaryimage\"},\"image\":{\"@id\":\"https:\/\/www.legendyuvas.cz\/produkt\/zazitkova-jizda-toyota-gr-yaris\/#primaryimage\"},\"thumbnailUrl\":\"https:\/\/www.legendyuvas.cz\/wp-content\/uploads\/2025\/11\/R1PF8348-scaled-1.webp\",\"datePublished\":\"2025-11-26T10:45:52+00:00\",\"dateModified\":\"2025-12-27T00:02:19+00:00\",\"description\":\"Adrenal\u00ednov\u00fd z\u00e1\u017eitok s Legendy U V\u00e1s \u2013 origin\u00e1lny dar\u010dek nielen pre mu\u017eov a automobilov\u00fdch nad\u0161encov. Jazda v \u0161portov\u00fdch aut\u00e1ch (Ferrari, Lamborghini, Porsche, ...) na pretek\u00e1rskom okruhu aj na okresn\u00fdch cest\u00e1ch.\",\"breadcrumb\":{\"@id\":\"https:\/\/www.legendyuvas.cz\/produkt\/zazitkova-jizda-toyota-gr-yaris\/#breadcrumb\"},\"inLanguage\":\"sk-SK\",\"potentialAction\":[{\"@type\":\"ReadAction\",\"target\":[\"https:\/\/www.legendyuvas.cz\/produkt\/zazitkova-jizda-toyota-gr-yaris\/\"]}]},{\"@type\":\"ImageObject\",\"inLanguage\":\"sk-SK\",\"@id\":\"https:\/\/www.legendyuvas.cz\/produkt\/zazitkova-jizda-toyota-gr-yaris\/#primaryimage\",\"url\":\"https:\/\/www.legendyuvas.cz\/wp-content\/uploads\/2025\/11\/R1PF8348-scaled-1.webp\",\"contentUrl\":\"https:\/\/www.legendyuvas.cz\/wp-content\/uploads\/2025\/11\/R1PF8348-scaled-1.webp\",\"width\":2560,\"height\":1707},{\"@type\":\"BreadcrumbList\",\"@id\":\"https:\/\/www.legendyuvas.cz\/produkt\/zazitkova-jizda-toyota-gr-yaris\/#breadcrumb\",\"itemListElement\":[{\"@type\":\"ListItem\",\"position\":1,\"name\":\"Dom\u016f\",\"item\":\"https:\/\/www.legendyuvas.cz\/\"},{\"@type\":\"ListItem\",\"position\":2,\"name\":\"Obchod\",\"item\":\"https:\/\/www.legendyuvas.cz\/sk\/obchod\/\"},{\"@type\":\"ListItem\",\"position\":3,\"name\":\"TOYOTA GR YARIS (MT)\"}]},{\"@type\":\"WebSite\",\"@id\":\"https:\/\/www.legendyuvas.cz\/#website\",\"url\":\"https:\/\/www.legendyuvas.cz\/\",\"name\":\"Legendy U V\u00e1s\",\"description\":\"Dechberouc\u00ed z\u00e1\u017eitky v autech a motork\u00e1ch\",\"publisher\":{\"@id\":\"https:\/\/www.legendyuvas.cz\/#organization\"},\"potentialAction\":[{\"@type\":\"SearchAction\",\"target\":{\"@type\":\"EntryPoint\",\"urlTemplate\":\"https:\/\/www.legendyuvas.cz\/?s={search_term_string}\"},\"query-input\":{\"@type\":\"PropertyValueSpecification\",\"valueRequired\":true,\"valueName\":\"search_term_string\"}}],\"inLanguage\":\"sk-SK\"},{\"@type\":\"Organization\",\"@id\":\"https:\/\/www.legendyuvas.cz\/#organization\",\"name\":\"Bontex2 s.r.o.\",\"url\":\"https:\/\/www.legendyuvas.cz\/\",\"logo\":{\"@type\":\"ImageObject\",\"inLanguage\":\"sk-SK\",\"@id\":\"https:\/\/www.legendyuvas.cz\/#\/schema\/logo\/image\/\",\"url\":\"https:\/\/www.legendyuvas.cz\/wp-content\/uploads\/2021\/03\/Legendy-u-Vas.jpg\",\"contentUrl\":\"https:\/\/www.legendyuvas.cz\/wp-content\/uploads\/2021\/03\/Legendy-u-Vas.jpg\",\"width\":400,\"height\":240,\"caption\":\"Bontex2 s.r.o.\"},\"image\":{\"@id\":\"https:\/\/www.legendyuvas.cz\/#\/schema\/logo\/image\/\"},\"sameAs\":[\"https:\/\/www.facebook.com\/autolegendyuvas\",\"https:\/\/www.facebook.com\/motolegendyuvas\",\"https:\/\/www.instagram.com\/autolegendyuvas\/\",\"https:\/\/www.instagram.com\/motolegendyuvas\/\"]}]}<\/script>\n<!-- \/ Yoast SEO plugin. -->","yoast_head_json":{"title":"TOYOTA GR YARIS (MT) - Legendy U V\u00e1s","description":"Adrenal\u00ednov\u00fd z\u00e1\u017eitok s Legendy U V\u00e1s \u2013 origin\u00e1lny dar\u010dek nielen pre mu\u017eov a automobilov\u00fdch nad\u0161encov. Jazda v \u0161portov\u00fdch aut\u00e1ch (Ferrari, Lamborghini, Porsche, ...) na pretek\u00e1rskom okruhu aj na okresn\u00fdch cest\u00e1ch.","robots":{"index":"index","follow":"follow","max-snippet":"max-snippet:-1","max-image-preview":"max-image-preview:large","max-video-preview":"max-video-preview:-1"},"canonical":"https:\/\/www.legendyuvas.cz\/produkt\/zazitkova-jizda-toyota-gr-yaris\/","og_locale":"sk_SK","og_type":"article","og_title":"TOYOTA GR YARIS (MT) - Legendy U V\u00e1s","og_description":"Adrenal\u00ednov\u00fd z\u00e1\u017eitok s Legendy U V\u00e1s \u2013 origin\u00e1lny dar\u010dek nielen pre mu\u017eov a automobilov\u00fdch nad\u0161encov. Jazda v \u0161portov\u00fdch aut\u00e1ch (Ferrari, Lamborghini, Porsche, ...) na pretek\u00e1rskom okruhu aj na okresn\u00fdch cest\u00e1ch.","og_url":"https:\/\/www.legendyuvas.cz\/produkt\/zazitkova-jizda-toyota-gr-yaris\/","og_site_name":"Legendy U V\u00e1s","article_publisher":"https:\/\/www.facebook.com\/autolegendyuvas","article_modified_time":"2025-12-27T00:02:19+00:00","og_image":[{"width":2048,"height":1365,"url":"https:\/\/www.legendyuvas.cz\/wp-content\/uploads\/2023\/07\/typeelementorsiteurlhttpswww.legendyuvas.czwp-jsonelementsidba0c5c1elTypewidgetisInnerfalseisLockedfalsesettingsbg_imageurlhttpswww.legendyuvas.czwp-contentuploads202410DSC_0620-2-scale-6.jpg","type":"image\/jpeg"}],"twitter_card":"summary_large_image","twitter_misc":{"Predpokladan\u00fd \u010das \u010d\u00edtania":"1 min\u00fata"},"schema":{"@context":"https:\/\/schema.org","@graph":[{"@type":"WebPage","@id":"https:\/\/www.legendyuvas.cz\/produkt\/zazitkova-jizda-toyota-gr-yaris\/","url":"https:\/\/www.legendyuvas.cz\/produkt\/zazitkova-jizda-toyota-gr-yaris\/","name":"TOYOTA GR YARIS (MT) - Legendy U V\u00e1s","isPartOf":{"@id":"https:\/\/www.legendyuvas.cz\/#website"},"primaryImageOfPage":{"@id":"https:\/\/www.legendyuvas.cz\/produkt\/zazitkova-jizda-toyota-gr-yaris\/#primaryimage"},"image":{"@id":"https:\/\/www.legendyuvas.cz\/produkt\/zazitkova-jizda-toyota-gr-yaris\/#primaryimage"},"thumbnailUrl":"https:\/\/www.legendyuvas.cz\/wp-content\/uploads\/2025\/11\/R1PF8348-scaled-1.webp","datePublished":"2025-11-26T10:45:52+00:00","dateModified":"2025-12-27T00:02:19+00:00","description":"Adrenal\u00ednov\u00fd z\u00e1\u017eitok s Legendy U V\u00e1s \u2013 origin\u00e1lny dar\u010dek nielen pre mu\u017eov a automobilov\u00fdch nad\u0161encov. Jazda v \u0161portov\u00fdch aut\u00e1ch (Ferrari, Lamborghini, Porsche, ...) na pretek\u00e1rskom okruhu aj na okresn\u00fdch cest\u00e1ch.","breadcrumb":{"@id":"https:\/\/www.legendyuvas.cz\/produkt\/zazitkova-jizda-toyota-gr-yaris\/#breadcrumb"},"inLanguage":"sk-SK","potentialAction":[{"@type":"ReadAction","target":["https:\/\/www.legendyuvas.cz\/produkt\/zazitkova-jizda-toyota-gr-yaris\/"]}]},{"@type":"ImageObject","inLanguage":"sk-SK","@id":"https:\/\/www.legendyuvas.cz\/produkt\/zazitkova-jizda-toyota-gr-yaris\/#primaryimage","url":"https:\/\/www.legendyuvas.cz\/wp-content\/uploads\/2025\/11\/R1PF8348-scaled-1.webp","contentUrl":"https:\/\/www.legendyuvas.cz\/wp-content\/uploads\/2025\/11\/R1PF8348-scaled-1.webp","width":2560,"height":1707},{"@type":"BreadcrumbList","@id":"https:\/\/www.legendyuvas.cz\/produkt\/zazitkova-jizda-toyota-gr-yaris\/#breadcrumb","itemListElement":[{"@type":"ListItem","position":1,"name":"Dom\u016f","item":"https:\/\/www.legendyuvas.cz\/"},{"@type":"ListItem","position":2,"name":"Obchod","item":"https:\/\/www.legendyuvas.cz\/sk\/obchod\/"},{"@type":"ListItem","position":3,"name":"TOYOTA GR YARIS (MT)"}]},{"@type":"WebSite","@id":"https:\/\/www.legendyuvas.cz\/#website","url":"https:\/\/www.legendyuvas.cz\/","name":"Legendy U V\u00e1s","description":"Dechberouc\u00ed z\u00e1\u017eitky v autech a motork\u00e1ch","publisher":{"@id":"https:\/\/www.legendyuvas.cz\/#organization"},"potentialAction":[{"@type":"SearchAction","target":{"@type":"EntryPoint","urlTemplate":"https:\/\/www.legendyuvas.cz\/?s={search_term_string}"},"query-input":{"@type":"PropertyValueSpecification","valueRequired":true,"valueName":"search_term_string"}}],"inLanguage":"sk-SK"},{"@type":"Organization","@id":"https:\/\/www.legendyuvas.cz\/#organization","name":"Bontex2 s.r.o.","url":"https:\/\/www.legendyuvas.cz\/","logo":{"@type":"ImageObject","inLanguage":"sk-SK","@id":"https:\/\/www.legendyuvas.cz\/#\/schema\/logo\/image\/","url":"https:\/\/www.legendyuvas.cz\/wp-content\/uploads\/2021\/03\/Legendy-u-Vas.jpg","contentUrl":"https:\/\/www.legendyuvas.cz\/wp-content\/uploads\/2021\/03\/Legendy-u-Vas.jpg","width":400,"height":240,"caption":"Bontex2 s.r.o."},"image":{"@id":"https:\/\/www.legendyuvas.cz\/#\/schema\/logo\/image\/"},"sameAs":["https:\/\/www.facebook.com\/autolegendyuvas","https:\/\/www.facebook.com\/motolegendyuvas","https:\/\/www.instagram.com\/autolegendyuvas\/","https:\/\/www.instagram.com\/motolegendyuvas\/"]}]}},"_links":{"self":[{"href":"https:\/\/www.legendyuvas.cz\/sk\/wp-json\/wp\/v2\/product\/38723","targetHints":{"allow":["GET"]}}],"collection":[{"href":"https:\/\/www.legendyuvas.cz\/sk\/wp-json\/wp\/v2\/product"}],"about":[{"href":"https:\/\/www.legendyuvas.cz\/sk\/wp-json\/wp\/v2\/types\/product"}],"replies":[{"embeddable":true,"href":"https:\/\/www.legendyuvas.cz\/sk\/wp-json\/wp\/v2\/comments?post=38723"}],"version-history":[{"count":0,"href":"https:\/\/www.legendyuvas.cz\/sk\/wp-json\/wp\/v2\/product\/38723\/revisions"}],"wp:featuredmedia":[{"embeddable":true,"href":"https:\/\/www.legendyuvas.cz\/sk\/wp-json\/wp\/v2\/media\/41265"}],"wp:attachment":[{"href":"https:\/\/www.legendyuvas.cz\/sk\/wp-json\/wp\/v2\/media?parent=38723"}],"wp:term":[{"taxonomy":"product_brand","embeddable":true,"href":"https:\/\/www.legendyuvas.cz\/sk\/wp-json\/wp\/v2\/product_brand?post=38723"},{"taxonomy":"product_cat","embeddable":true,"href":"https:\/\/www.legendyuvas.cz\/sk\/wp-json\/wp\/v2\/product_cat?post=38723"},{"taxonomy":"product_tag","embeddable":true,"href":"https:\/\/www.legendyuvas.cz\/sk\/wp-json\/wp\/v2\/product_tag?post=38723"}],"curies":[{"name":"wp","href":"https:\/\/api.w.org\/{rel}","templated":true}]}}