{"id":38841,"date":"2025-11-26T10:51:19","date_gmt":"2025-11-26T10:51:19","guid":{"rendered":"https:\/\/www.legendyuvas.cz\/produkt\/hyundai-i30n-at\/"},"modified":"2025-12-27T00:02:16","modified_gmt":"2025-12-27T00:02:16","slug":"hyundai-i30n-at","status":"publish","type":"product","link":"https:\/\/www.legendyuvas.cz\/sk\/produkt\/hyundai-i30n-at\/","title":{"rendered":"HYUNDAI i30N (AT)"},"content":{"rendered":"<p data-start=\"113\" data-end=\"445\"><strong data-start=\"113\" data-end=\"154\">\u0160portov\u00e9 nad\u0161enie v praktickom balen\u00ed<\/strong><br data-start=\"154\" data-end=\"157\">Predstavte si auto, ktor\u00e9 skr\u00fdva silu a rados\u0165 z jazdy tak intenz\u00edvnu, \u017ee v\u00e1m v\u017edy, ke\u010f sadnete za volant, pripomenie, pre\u010do ste sa zamilovali do jazdy. To je Hyundai i30 N. Tento k\u00f3rejsk\u00fd model nielen zvy\u0161uje latku vo svojej triede, ale aj dokazuje, \u017ee Hyundai rozumie pote\u0161eniu z jazdy.<\/p>\n<p data-start=\"447\" data-end=\"739\">Pod kapotou i30 N n\u00e1jdete 2,0-litrov\u00fd \u0161tvorvalec s v\u00fdkonom 280 kon\u00ed. Tento siln\u00fd a robustn\u00fd motor, spojen\u00fd s osemstup\u0148ovou automatickou dvojspojkovou prevodovkou (N DCT), zvl\u00e1dne zr\u00fdchlenie z 0 na 100 km\/h za iba 5,4 sekundy. T\u00e1to kombin\u00e1cia prin\u00e1\u0161a adrenal\u00ednov\u00fa jazdu pln\u00fa em\u00f3ci\u00ed a nad\u0161enia.<\/p>\n<p data-start=\"741\" data-end=\"975\">Hyundai i30 N v\u0161ak nie je len o r\u00fdchlosti. Jeho sofistikovan\u00fd dizajn, presn\u00e9 ovl\u00e1danie a komfort pri jazde ho robia v\u00fdnimo\u010dn\u00fdm v ka\u017edom oh\u013eade. Je to auto, ktor\u00e9 sp\u00e1ja ka\u017edodenn\u00fa praktickos\u0165 s emocion\u00e1lnym z\u00e1\u017eitkom zo \u0161portovej jazdy.<\/p>\n<p data-start=\"977\" data-end=\"1371\">Toto auto nie je len pre nad\u0161encov do \u00e1ut. Je pre ka\u017ed\u00e9ho, kto chce za\u017ei\u0165 nie\u010do v\u00fdnimo\u010dn\u00e9. Hyundai i30 N je dar\u010dek, ktor\u00fd vy\u010dar\u00ed \u00fasmev na tv\u00e1ri ka\u017ed\u00e9ho, kto ho riadi. Navy\u0161e m\u00f4\u017eete auto vysk\u00fa\u0161a\u0165 aj ako spolujazdec s profesion\u00e1lnym vodi\u010dom a objavi\u0165 jeho skuto\u010dn\u00e9 hranice mo\u017enost\u00ed. Darujte z\u00e1\u017eitok, na ktor\u00fd obdarovan\u00fd bude dlho spom\u00edna\u0165. Kliknite a rezervujte tento jedine\u010dn\u00fd z\u00e1\u017eitok e\u0161te dnes.<\/p>\n<hr data-start=\"1373\" data-end=\"1376\">\n<h2 data-start=\"1378\" data-end=\"1401\"><br data-mce-bogus=\"1\"><\/h2>\n","protected":false},"excerpt":{"rendered":"<p><br data-mce-bogus=\"1\"><\/p>\n","protected":false},"featured_media":41224,"comment_status":"open","ping_status":"closed","template":"","meta":[],"product_brand":[],"product_cat":[449],"product_tag":[],"class_list":{"0":"post-38841","1":"product","2":"type-product","3":"status-publish","4":"has-post-thumbnail","6":"product_cat-auta","8":"first","9":"instock","10":"shipping-taxable","11":"purchasable","12":"product-type-variable"},"yoast_head":"<!-- This site is optimized with the Yoast SEO plugin v24.8.1 - https:\/\/yoast.com\/wordpress\/plugins\/seo\/ -->\n<title>HYUNDAI i30N (AT) - Legendy U V\u00e1s<\/title>\n<meta name=\"description\" content=\"Adrenal\u00ednov\u00fd z\u00e1\u017eitok s Legendy U V\u00e1s \u2013 origin\u00e1lny dar\u010dek nielen pre mu\u017eov a automobilov\u00fdch nad\u0161encov. Jazda v \u0161portov\u00fdch aut\u00e1ch (Ferrari, Lamborghini, Porsche, ...) na pretek\u00e1rskom okruhu aj na okresn\u00fdch cest\u00e1ch.\" \/>\n<meta name=\"robots\" content=\"index, follow, max-snippet:-1, max-image-preview:large, max-video-preview:-1\" \/>\n<link rel=\"canonical\" href=\"https:\/\/www.legendyuvas.cz\/sk\/produkt\/hyundai-i30n-at\/\" \/>\n<meta property=\"og:locale\" content=\"sk_SK\" \/>\n<meta property=\"og:type\" content=\"article\" \/>\n<meta property=\"og:title\" content=\"HYUNDAI i30N (AT) - Legendy U V\u00e1s\" \/>\n<meta property=\"og:description\" content=\"Adrenal\u00ednov\u00fd z\u00e1\u017eitok s Legendy U V\u00e1s \u2013 origin\u00e1lny dar\u010dek nielen pre mu\u017eov a automobilov\u00fdch nad\u0161encov. Jazda v \u0161portov\u00fdch aut\u00e1ch (Ferrari, Lamborghini, Porsche, ...) na pretek\u00e1rskom okruhu aj na okresn\u00fdch cest\u00e1ch.\" \/>\n<meta property=\"og:url\" content=\"https:\/\/www.legendyuvas.cz\/sk\/produkt\/hyundai-i30n-at\/\" \/>\n<meta property=\"og:site_name\" content=\"Legendy U V\u00e1s\" \/>\n<meta property=\"article:publisher\" content=\"https:\/\/www.facebook.com\/autolegendyuvas\" \/>\n<meta property=\"article:modified_time\" content=\"2025-12-27T00:02:16+00:00\" \/>\n<meta property=\"og:image\" content=\"https:\/\/www.legendyuvas.cz\/wp-content\/uploads\/2023\/07\/typeelementorsiteurlhttpswww.legendyuvas.czwp-jsonelementsidba0c5c1elTypewidgetisInnerfalseisLockedfalsesettingsbg_imageurlhttpswww.legendyuvas.czwp-contentuploads202410DSC_0620-2-scale-12.jpg\" \/>\n\t<meta property=\"og:image:width\" content=\"2048\" \/>\n\t<meta property=\"og:image:height\" content=\"1365\" \/>\n\t<meta property=\"og:image:type\" content=\"image\/jpeg\" \/>\n<meta name=\"twitter:card\" content=\"summary_large_image\" \/>\n<meta name=\"twitter:label1\" content=\"Predpokladan\u00fd \u010das \u010d\u00edtania\" \/>\n\t<meta name=\"twitter:data1\" content=\"1 min\u00fata\" \/>\n<script type=\"application\/ld+json\" class=\"yoast-schema-graph\">{\"@context\":\"https:\/\/schema.org\",\"@graph\":[{\"@type\":\"WebPage\",\"@id\":\"https:\/\/www.legendyuvas.cz\/sk\/produkt\/hyundai-i30n-at\/\",\"url\":\"https:\/\/www.legendyuvas.cz\/sk\/produkt\/hyundai-i30n-at\/\",\"name\":\"HYUNDAI i30N (AT) - Legendy U V\u00e1s\",\"isPartOf\":{\"@id\":\"https:\/\/www.legendyuvas.cz\/#website\"},\"primaryImageOfPage\":{\"@id\":\"https:\/\/www.legendyuvas.cz\/sk\/produkt\/hyundai-i30n-at\/#primaryimage\"},\"image\":{\"@id\":\"https:\/\/www.legendyuvas.cz\/sk\/produkt\/hyundai-i30n-at\/#primaryimage\"},\"thumbnailUrl\":\"https:\/\/www.legendyuvas.cz\/wp-content\/uploads\/2025\/11\/IMG_1421-scaled-1.webp\",\"datePublished\":\"2025-11-26T10:51:19+00:00\",\"dateModified\":\"2025-12-27T00:02:16+00:00\",\"description\":\"Adrenal\u00ednov\u00fd z\u00e1\u017eitok s Legendy U V\u00e1s \u2013 origin\u00e1lny dar\u010dek nielen pre mu\u017eov a automobilov\u00fdch nad\u0161encov. Jazda v \u0161portov\u00fdch aut\u00e1ch (Ferrari, Lamborghini, Porsche, ...) na pretek\u00e1rskom okruhu aj na okresn\u00fdch cest\u00e1ch.\",\"breadcrumb\":{\"@id\":\"https:\/\/www.legendyuvas.cz\/sk\/produkt\/hyundai-i30n-at\/#breadcrumb\"},\"inLanguage\":\"sk-SK\",\"potentialAction\":[{\"@type\":\"ReadAction\",\"target\":[\"https:\/\/www.legendyuvas.cz\/sk\/produkt\/hyundai-i30n-at\/\"]}]},{\"@type\":\"ImageObject\",\"inLanguage\":\"sk-SK\",\"@id\":\"https:\/\/www.legendyuvas.cz\/sk\/produkt\/hyundai-i30n-at\/#primaryimage\",\"url\":\"https:\/\/www.legendyuvas.cz\/wp-content\/uploads\/2025\/11\/IMG_1421-scaled-1.webp\",\"contentUrl\":\"https:\/\/www.legendyuvas.cz\/wp-content\/uploads\/2025\/11\/IMG_1421-scaled-1.webp\",\"width\":2560,\"height\":1707},{\"@type\":\"BreadcrumbList\",\"@id\":\"https:\/\/www.legendyuvas.cz\/sk\/produkt\/hyundai-i30n-at\/#breadcrumb\",\"itemListElement\":[{\"@type\":\"ListItem\",\"position\":1,\"name\":\"Dom\u016f\",\"item\":\"https:\/\/www.legendyuvas.cz\/\"},{\"@type\":\"ListItem\",\"position\":2,\"name\":\"Obchod\",\"item\":\"https:\/\/www.legendyuvas.cz\/sk\/obchod\/\"},{\"@type\":\"ListItem\",\"position\":3,\"name\":\"HYUNDAI i30N (AT)\"}]},{\"@type\":\"WebSite\",\"@id\":\"https:\/\/www.legendyuvas.cz\/#website\",\"url\":\"https:\/\/www.legendyuvas.cz\/\",\"name\":\"Legendy U V\u00e1s\",\"description\":\"Dechberouc\u00ed z\u00e1\u017eitky v autech a motork\u00e1ch\",\"publisher\":{\"@id\":\"https:\/\/www.legendyuvas.cz\/#organization\"},\"potentialAction\":[{\"@type\":\"SearchAction\",\"target\":{\"@type\":\"EntryPoint\",\"urlTemplate\":\"https:\/\/www.legendyuvas.cz\/?s={search_term_string}\"},\"query-input\":{\"@type\":\"PropertyValueSpecification\",\"valueRequired\":true,\"valueName\":\"search_term_string\"}}],\"inLanguage\":\"sk-SK\"},{\"@type\":\"Organization\",\"@id\":\"https:\/\/www.legendyuvas.cz\/#organization\",\"name\":\"Bontex2 s.r.o.\",\"url\":\"https:\/\/www.legendyuvas.cz\/\",\"logo\":{\"@type\":\"ImageObject\",\"inLanguage\":\"sk-SK\",\"@id\":\"https:\/\/www.legendyuvas.cz\/#\/schema\/logo\/image\/\",\"url\":\"https:\/\/www.legendyuvas.cz\/wp-content\/uploads\/2021\/03\/Legendy-u-Vas.jpg\",\"contentUrl\":\"https:\/\/www.legendyuvas.cz\/wp-content\/uploads\/2021\/03\/Legendy-u-Vas.jpg\",\"width\":400,\"height\":240,\"caption\":\"Bontex2 s.r.o.\"},\"image\":{\"@id\":\"https:\/\/www.legendyuvas.cz\/#\/schema\/logo\/image\/\"},\"sameAs\":[\"https:\/\/www.facebook.com\/autolegendyuvas\",\"https:\/\/www.facebook.com\/motolegendyuvas\",\"https:\/\/www.instagram.com\/autolegendyuvas\/\",\"https:\/\/www.instagram.com\/motolegendyuvas\/\"]}]}<\/script>\n<!-- \/ Yoast SEO plugin. -->","yoast_head_json":{"title":"HYUNDAI i30N (AT) - Legendy U V\u00e1s","description":"Adrenal\u00ednov\u00fd z\u00e1\u017eitok s Legendy U V\u00e1s \u2013 origin\u00e1lny dar\u010dek nielen pre mu\u017eov a automobilov\u00fdch nad\u0161encov. Jazda v \u0161portov\u00fdch aut\u00e1ch (Ferrari, Lamborghini, Porsche, ...) na pretek\u00e1rskom okruhu aj na okresn\u00fdch cest\u00e1ch.","robots":{"index":"index","follow":"follow","max-snippet":"max-snippet:-1","max-image-preview":"max-image-preview:large","max-video-preview":"max-video-preview:-1"},"canonical":"https:\/\/www.legendyuvas.cz\/sk\/produkt\/hyundai-i30n-at\/","og_locale":"sk_SK","og_type":"article","og_title":"HYUNDAI i30N (AT) - Legendy U V\u00e1s","og_description":"Adrenal\u00ednov\u00fd z\u00e1\u017eitok s Legendy U V\u00e1s \u2013 origin\u00e1lny dar\u010dek nielen pre mu\u017eov a automobilov\u00fdch nad\u0161encov. Jazda v \u0161portov\u00fdch aut\u00e1ch (Ferrari, Lamborghini, Porsche, ...) na pretek\u00e1rskom okruhu aj na okresn\u00fdch cest\u00e1ch.","og_url":"https:\/\/www.legendyuvas.cz\/sk\/produkt\/hyundai-i30n-at\/","og_site_name":"Legendy U V\u00e1s","article_publisher":"https:\/\/www.facebook.com\/autolegendyuvas","article_modified_time":"2025-12-27T00:02:16+00:00","og_image":[{"width":2048,"height":1365,"url":"https:\/\/www.legendyuvas.cz\/wp-content\/uploads\/2023\/07\/typeelementorsiteurlhttpswww.legendyuvas.czwp-jsonelementsidba0c5c1elTypewidgetisInnerfalseisLockedfalsesettingsbg_imageurlhttpswww.legendyuvas.czwp-contentuploads202410DSC_0620-2-scale-12.jpg","type":"image\/jpeg"}],"twitter_card":"summary_large_image","twitter_misc":{"Predpokladan\u00fd \u010das \u010d\u00edtania":"1 min\u00fata"},"schema":{"@context":"https:\/\/schema.org","@graph":[{"@type":"WebPage","@id":"https:\/\/www.legendyuvas.cz\/sk\/produkt\/hyundai-i30n-at\/","url":"https:\/\/www.legendyuvas.cz\/sk\/produkt\/hyundai-i30n-at\/","name":"HYUNDAI i30N (AT) - Legendy U V\u00e1s","isPartOf":{"@id":"https:\/\/www.legendyuvas.cz\/#website"},"primaryImageOfPage":{"@id":"https:\/\/www.legendyuvas.cz\/sk\/produkt\/hyundai-i30n-at\/#primaryimage"},"image":{"@id":"https:\/\/www.legendyuvas.cz\/sk\/produkt\/hyundai-i30n-at\/#primaryimage"},"thumbnailUrl":"https:\/\/www.legendyuvas.cz\/wp-content\/uploads\/2025\/11\/IMG_1421-scaled-1.webp","datePublished":"2025-11-26T10:51:19+00:00","dateModified":"2025-12-27T00:02:16+00:00","description":"Adrenal\u00ednov\u00fd z\u00e1\u017eitok s Legendy U V\u00e1s \u2013 origin\u00e1lny dar\u010dek nielen pre mu\u017eov a automobilov\u00fdch nad\u0161encov. Jazda v \u0161portov\u00fdch aut\u00e1ch (Ferrari, Lamborghini, Porsche, ...) na pretek\u00e1rskom okruhu aj na okresn\u00fdch cest\u00e1ch.","breadcrumb":{"@id":"https:\/\/www.legendyuvas.cz\/sk\/produkt\/hyundai-i30n-at\/#breadcrumb"},"inLanguage":"sk-SK","potentialAction":[{"@type":"ReadAction","target":["https:\/\/www.legendyuvas.cz\/sk\/produkt\/hyundai-i30n-at\/"]}]},{"@type":"ImageObject","inLanguage":"sk-SK","@id":"https:\/\/www.legendyuvas.cz\/sk\/produkt\/hyundai-i30n-at\/#primaryimage","url":"https:\/\/www.legendyuvas.cz\/wp-content\/uploads\/2025\/11\/IMG_1421-scaled-1.webp","contentUrl":"https:\/\/www.legendyuvas.cz\/wp-content\/uploads\/2025\/11\/IMG_1421-scaled-1.webp","width":2560,"height":1707},{"@type":"BreadcrumbList","@id":"https:\/\/www.legendyuvas.cz\/sk\/produkt\/hyundai-i30n-at\/#breadcrumb","itemListElement":[{"@type":"ListItem","position":1,"name":"Dom\u016f","item":"https:\/\/www.legendyuvas.cz\/"},{"@type":"ListItem","position":2,"name":"Obchod","item":"https:\/\/www.legendyuvas.cz\/sk\/obchod\/"},{"@type":"ListItem","position":3,"name":"HYUNDAI i30N (AT)"}]},{"@type":"WebSite","@id":"https:\/\/www.legendyuvas.cz\/#website","url":"https:\/\/www.legendyuvas.cz\/","name":"Legendy U V\u00e1s","description":"Dechberouc\u00ed z\u00e1\u017eitky v autech a motork\u00e1ch","publisher":{"@id":"https:\/\/www.legendyuvas.cz\/#organization"},"potentialAction":[{"@type":"SearchAction","target":{"@type":"EntryPoint","urlTemplate":"https:\/\/www.legendyuvas.cz\/?s={search_term_string}"},"query-input":{"@type":"PropertyValueSpecification","valueRequired":true,"valueName":"search_term_string"}}],"inLanguage":"sk-SK"},{"@type":"Organization","@id":"https:\/\/www.legendyuvas.cz\/#organization","name":"Bontex2 s.r.o.","url":"https:\/\/www.legendyuvas.cz\/","logo":{"@type":"ImageObject","inLanguage":"sk-SK","@id":"https:\/\/www.legendyuvas.cz\/#\/schema\/logo\/image\/","url":"https:\/\/www.legendyuvas.cz\/wp-content\/uploads\/2021\/03\/Legendy-u-Vas.jpg","contentUrl":"https:\/\/www.legendyuvas.cz\/wp-content\/uploads\/2021\/03\/Legendy-u-Vas.jpg","width":400,"height":240,"caption":"Bontex2 s.r.o."},"image":{"@id":"https:\/\/www.legendyuvas.cz\/#\/schema\/logo\/image\/"},"sameAs":["https:\/\/www.facebook.com\/autolegendyuvas","https:\/\/www.facebook.com\/motolegendyuvas","https:\/\/www.instagram.com\/autolegendyuvas\/","https:\/\/www.instagram.com\/motolegendyuvas\/"]}]}},"_links":{"self":[{"href":"https:\/\/www.legendyuvas.cz\/sk\/wp-json\/wp\/v2\/product\/38841","targetHints":{"allow":["GET"]}}],"collection":[{"href":"https:\/\/www.legendyuvas.cz\/sk\/wp-json\/wp\/v2\/product"}],"about":[{"href":"https:\/\/www.legendyuvas.cz\/sk\/wp-json\/wp\/v2\/types\/product"}],"replies":[{"embeddable":true,"href":"https:\/\/www.legendyuvas.cz\/sk\/wp-json\/wp\/v2\/comments?post=38841"}],"version-history":[{"count":1,"href":"https:\/\/www.legendyuvas.cz\/sk\/wp-json\/wp\/v2\/product\/38841\/revisions"}],"predecessor-version":[{"id":38870,"href":"https:\/\/www.legendyuvas.cz\/sk\/wp-json\/wp\/v2\/product\/38841\/revisions\/38870"}],"wp:featuredmedia":[{"embeddable":true,"href":"https:\/\/www.legendyuvas.cz\/sk\/wp-json\/wp\/v2\/media\/41224"}],"wp:attachment":[{"href":"https:\/\/www.legendyuvas.cz\/sk\/wp-json\/wp\/v2\/media?parent=38841"}],"wp:term":[{"taxonomy":"product_brand","embeddable":true,"href":"https:\/\/www.legendyuvas.cz\/sk\/wp-json\/wp\/v2\/product_brand?post=38841"},{"taxonomy":"product_cat","embeddable":true,"href":"https:\/\/www.legendyuvas.cz\/sk\/wp-json\/wp\/v2\/product_cat?post=38841"},{"taxonomy":"product_tag","embeddable":true,"href":"https:\/\/www.legendyuvas.cz\/sk\/wp-json\/wp\/v2\/product_tag?post=38841"}],"curies":[{"name":"wp","href":"https:\/\/api.w.org\/{rel}","templated":true}]}}