{"id":39099,"date":"2025-11-26T10:53:22","date_gmt":"2025-11-26T10:53:22","guid":{"rendered":"https:\/\/www.legendyuvas.cz\/produkt\/bmw-m3-f80-at\/"},"modified":"2025-12-27T00:02:21","modified_gmt":"2025-12-27T00:02:21","slug":"bmw-m3-f80-at","status":"publish","type":"product","link":"https:\/\/www.legendyuvas.cz\/sk\/produkt\/bmw-m3-f80-at\/","title":{"rendered":"BMW M3 F80 (AT)"},"content":{"rendered":"<p data-start=\"113\" data-end=\"350\"><strong data-start=\"113\" data-end=\"147\">Nemeck\u00fd lev \u0161portov\u00fdch sedanov<\/strong><br data-start=\"147\" data-end=\"150\" \/>BMW M3 F80, majstrovsk\u00e9 dielo in\u017einierskeho umenia, v\u00e1s poz\u00fdva do sveta nekone\u010dn\u00e9ho vzru\u0161enia a nezamenite\u013enej dynamiky. Ka\u017ed\u00e1 jazda t\u00fdmto autom je n\u00e1dhernou symf\u00f3niou sily, kontroly a \u010distej radosti.<\/p>\n<p data-start=\"352\" data-end=\"592\">Pod kapotou sa skr\u00fdva 3,0-litrov\u00fd \u0161es\u0165valec s dvojit\u00fdm turbom, ktor\u00fd generuje ohromuj\u00facich 431 kon\u00ed. Jeho zr\u00fdchlenie z 0 na 100 km\/h za iba 4,1 sekundy v\u010faka automatickej dvojspojkovej prevodovke (DCT) ponor\u00ed vodi\u010da do intenz\u00edvneho z\u00e1\u017eitku.<\/p>\n<p data-start=\"594\" data-end=\"926\">O\u010dak\u00e1vajte, \u017ee sa stanete dirigentom vlastnej symf\u00f3nie. Vysok\u00e1 r\u00fdchlos\u0165, mohutn\u00fd zvuk motora, \u0161kr\u00edpanie pneumat\u00edk a nap\u00e4tie po celom tele. Okrem vlastn\u00e9ho z\u00e1\u017eitku z jazdy tohto impozantn\u00e9ho stroja m\u00e1te tie\u017e mo\u017enos\u0165 vysk\u00fa\u0161a\u0165 jazdu s profesion\u00e1lnym vodi\u010dom, ktor\u00fd v\u00e1m uk\u00e1\u017ee, ako ovl\u00e1da\u0165 t\u00fato nemeck\u00fa kr\u00e1sku a\u017e na hranici jej mo\u017enost\u00ed.<\/p>\n<p data-start=\"928\" data-end=\"1195\">Dajte svojim bl\u00edzkym jedine\u010dn\u00fa pr\u00edle\u017eitos\u0165 sta\u0165 sa s\u00fa\u010das\u0165ou tejto symf\u00f3nie. BMW M3 F80 nie je len automobil, je to z\u00e1\u017eitok, ktor\u00fd zanech\u00e1 nezmazate\u013en\u00fd dojem u ka\u017ed\u00e9ho, kto mal t\u00fa \u010des\u0165 sadn\u00fa\u0165 si za volant. Nev\u00e1hajte a rezervujte tento nezabudnute\u013en\u00fd z\u00e1\u017eitok e\u0161te dnes.<\/p>\n","protected":false},"excerpt":{"rendered":"<p>Nemeck\u00fd lev \u0161portov\u00fdch sedanovBMW M3 F80, majstrovsk\u00e9 dielo in\u017einierskeho umenia, v\u00e1s poz\u00fdva do sveta nekone\u010dn\u00e9ho vzru\u0161enia a nezamenite\u013enej dynamiky. Ka\u017ed\u00e1 jazda t\u00fdmto autom je n\u00e1dhernou symf\u00f3niou sily, kontroly a \u010distej radosti. Pod kapotou sa skr\u00fdva 3,0-litrov\u00fd \u0161es\u0165valec s dvojit\u00fdm turbom, ktor\u00fd generuje ohromuj\u00facich 431 kon\u00ed. Jeho zr\u00fdchlenie z 0 na 100 km\/h za iba 4,1 [&hellip;]<\/p>\n","protected":false},"featured_media":41219,"comment_status":"open","ping_status":"closed","template":"","meta":[],"product_brand":[],"product_cat":[449],"product_tag":[],"class_list":{"0":"post-39099","1":"product","2":"type-product","3":"status-publish","4":"has-post-thumbnail","6":"product_cat-auta","8":"first","9":"instock","10":"shipping-taxable","11":"purchasable","12":"product-type-variable"},"yoast_head":"<!-- This site is optimized with the Yoast SEO plugin v24.8.1 - https:\/\/yoast.com\/wordpress\/plugins\/seo\/ -->\n<title>BMW M3 F80 (AT) - Legendy U V\u00e1s<\/title>\n<meta name=\"description\" content=\"Adrenal\u00ednov\u00fd z\u00e1\u017eitok s Legendy U V\u00e1s \u2013 origin\u00e1lny dar\u010dek nielen pre mu\u017eov a automobilov\u00fdch nad\u0161encov. Jazda v \u0161portov\u00fdch aut\u00e1ch (Ferrari, Lamborghini, Porsche, ...) na pretek\u00e1rskom okruhu aj na okresn\u00fdch cest\u00e1ch.\" \/>\n<meta name=\"robots\" content=\"index, follow, max-snippet:-1, max-image-preview:large, max-video-preview:-1\" \/>\n<link rel=\"canonical\" href=\"https:\/\/www.legendyuvas.cz\/produkt\/taxi-jizda-v-bmw-m3\/\" \/>\n<meta property=\"og:locale\" content=\"sk_SK\" \/>\n<meta property=\"og:type\" content=\"article\" \/>\n<meta property=\"og:title\" content=\"BMW M3 F80 (AT) - Legendy U V\u00e1s\" \/>\n<meta property=\"og:description\" content=\"Adrenal\u00ednov\u00fd z\u00e1\u017eitok s Legendy U V\u00e1s \u2013 origin\u00e1lny dar\u010dek nielen pre mu\u017eov a automobilov\u00fdch nad\u0161encov. Jazda v \u0161portov\u00fdch aut\u00e1ch (Ferrari, Lamborghini, Porsche, ...) na pretek\u00e1rskom okruhu aj na okresn\u00fdch cest\u00e1ch.\" \/>\n<meta property=\"og:url\" content=\"https:\/\/www.legendyuvas.cz\/produkt\/taxi-jizda-v-bmw-m3\/\" \/>\n<meta property=\"og:site_name\" content=\"Legendy U V\u00e1s\" \/>\n<meta property=\"article:publisher\" content=\"https:\/\/www.facebook.com\/autolegendyuvas\" \/>\n<meta property=\"article:modified_time\" content=\"2025-12-27T00:02:21+00:00\" \/>\n<meta property=\"og:image\" content=\"https:\/\/www.legendyuvas.cz\/wp-content\/uploads\/2023\/07\/typeelementorsiteurlhttpswww.legendyuvas.czwp-jsonelementsidba0c5c1elTypewidgetisInnerfalseisLockedfalsesettingsbg_imageurlhttpswww.legendyuvas.czwp-contentuploads202410DSC_0620-2-scale-11.jpg\" \/>\n\t<meta property=\"og:image:width\" content=\"2048\" \/>\n\t<meta property=\"og:image:height\" content=\"1365\" \/>\n\t<meta property=\"og:image:type\" content=\"image\/jpeg\" \/>\n<meta name=\"twitter:card\" content=\"summary_large_image\" \/>\n<meta name=\"twitter:label1\" content=\"Predpokladan\u00fd \u010das \u010d\u00edtania\" \/>\n\t<meta name=\"twitter:data1\" content=\"1 min\u00fata\" \/>\n<script type=\"application\/ld+json\" class=\"yoast-schema-graph\">{\"@context\":\"https:\/\/schema.org\",\"@graph\":[{\"@type\":\"WebPage\",\"@id\":\"https:\/\/www.legendyuvas.cz\/produkt\/taxi-jizda-v-bmw-m3\/\",\"url\":\"https:\/\/www.legendyuvas.cz\/produkt\/taxi-jizda-v-bmw-m3\/\",\"name\":\"BMW M3 F80 (AT) - Legendy U V\u00e1s\",\"isPartOf\":{\"@id\":\"https:\/\/www.legendyuvas.cz\/#website\"},\"primaryImageOfPage\":{\"@id\":\"https:\/\/www.legendyuvas.cz\/produkt\/taxi-jizda-v-bmw-m3\/#primaryimage\"},\"image\":{\"@id\":\"https:\/\/www.legendyuvas.cz\/produkt\/taxi-jizda-v-bmw-m3\/#primaryimage\"},\"thumbnailUrl\":\"https:\/\/www.legendyuvas.cz\/wp-content\/uploads\/2025\/11\/R1PF3899-scaled-1.webp\",\"datePublished\":\"2025-11-26T10:53:22+00:00\",\"dateModified\":\"2025-12-27T00:02:21+00:00\",\"description\":\"Adrenal\u00ednov\u00fd z\u00e1\u017eitok s Legendy U V\u00e1s \u2013 origin\u00e1lny dar\u010dek nielen pre mu\u017eov a automobilov\u00fdch nad\u0161encov. Jazda v \u0161portov\u00fdch aut\u00e1ch (Ferrari, Lamborghini, Porsche, ...) na pretek\u00e1rskom okruhu aj na okresn\u00fdch cest\u00e1ch.\",\"breadcrumb\":{\"@id\":\"https:\/\/www.legendyuvas.cz\/produkt\/taxi-jizda-v-bmw-m3\/#breadcrumb\"},\"inLanguage\":\"sk-SK\",\"potentialAction\":[{\"@type\":\"ReadAction\",\"target\":[\"https:\/\/www.legendyuvas.cz\/produkt\/taxi-jizda-v-bmw-m3\/\"]}]},{\"@type\":\"ImageObject\",\"inLanguage\":\"sk-SK\",\"@id\":\"https:\/\/www.legendyuvas.cz\/produkt\/taxi-jizda-v-bmw-m3\/#primaryimage\",\"url\":\"https:\/\/www.legendyuvas.cz\/wp-content\/uploads\/2025\/11\/R1PF3899-scaled-1.webp\",\"contentUrl\":\"https:\/\/www.legendyuvas.cz\/wp-content\/uploads\/2025\/11\/R1PF3899-scaled-1.webp\",\"width\":2560,\"height\":1707},{\"@type\":\"BreadcrumbList\",\"@id\":\"https:\/\/www.legendyuvas.cz\/produkt\/taxi-jizda-v-bmw-m3\/#breadcrumb\",\"itemListElement\":[{\"@type\":\"ListItem\",\"position\":1,\"name\":\"Dom\u016f\",\"item\":\"https:\/\/www.legendyuvas.cz\/\"},{\"@type\":\"ListItem\",\"position\":2,\"name\":\"Obchod\",\"item\":\"https:\/\/www.legendyuvas.cz\/sk\/obchod\/\"},{\"@type\":\"ListItem\",\"position\":3,\"name\":\"BMW M3 F80 (AT)\"}]},{\"@type\":\"WebSite\",\"@id\":\"https:\/\/www.legendyuvas.cz\/#website\",\"url\":\"https:\/\/www.legendyuvas.cz\/\",\"name\":\"Legendy U V\u00e1s\",\"description\":\"Dechberouc\u00ed z\u00e1\u017eitky v autech a motork\u00e1ch\",\"publisher\":{\"@id\":\"https:\/\/www.legendyuvas.cz\/#organization\"},\"potentialAction\":[{\"@type\":\"SearchAction\",\"target\":{\"@type\":\"EntryPoint\",\"urlTemplate\":\"https:\/\/www.legendyuvas.cz\/?s={search_term_string}\"},\"query-input\":{\"@type\":\"PropertyValueSpecification\",\"valueRequired\":true,\"valueName\":\"search_term_string\"}}],\"inLanguage\":\"sk-SK\"},{\"@type\":\"Organization\",\"@id\":\"https:\/\/www.legendyuvas.cz\/#organization\",\"name\":\"Bontex2 s.r.o.\",\"url\":\"https:\/\/www.legendyuvas.cz\/\",\"logo\":{\"@type\":\"ImageObject\",\"inLanguage\":\"sk-SK\",\"@id\":\"https:\/\/www.legendyuvas.cz\/#\/schema\/logo\/image\/\",\"url\":\"https:\/\/www.legendyuvas.cz\/wp-content\/uploads\/2021\/03\/Legendy-u-Vas.jpg\",\"contentUrl\":\"https:\/\/www.legendyuvas.cz\/wp-content\/uploads\/2021\/03\/Legendy-u-Vas.jpg\",\"width\":400,\"height\":240,\"caption\":\"Bontex2 s.r.o.\"},\"image\":{\"@id\":\"https:\/\/www.legendyuvas.cz\/#\/schema\/logo\/image\/\"},\"sameAs\":[\"https:\/\/www.facebook.com\/autolegendyuvas\",\"https:\/\/www.facebook.com\/motolegendyuvas\",\"https:\/\/www.instagram.com\/autolegendyuvas\/\",\"https:\/\/www.instagram.com\/motolegendyuvas\/\"]}]}<\/script>\n<!-- \/ Yoast SEO plugin. -->","yoast_head_json":{"title":"BMW M3 F80 (AT) - Legendy U V\u00e1s","description":"Adrenal\u00ednov\u00fd z\u00e1\u017eitok s Legendy U V\u00e1s \u2013 origin\u00e1lny dar\u010dek nielen pre mu\u017eov a automobilov\u00fdch nad\u0161encov. Jazda v \u0161portov\u00fdch aut\u00e1ch (Ferrari, Lamborghini, Porsche, ...) na pretek\u00e1rskom okruhu aj na okresn\u00fdch cest\u00e1ch.","robots":{"index":"index","follow":"follow","max-snippet":"max-snippet:-1","max-image-preview":"max-image-preview:large","max-video-preview":"max-video-preview:-1"},"canonical":"https:\/\/www.legendyuvas.cz\/produkt\/taxi-jizda-v-bmw-m3\/","og_locale":"sk_SK","og_type":"article","og_title":"BMW M3 F80 (AT) - Legendy U V\u00e1s","og_description":"Adrenal\u00ednov\u00fd z\u00e1\u017eitok s Legendy U V\u00e1s \u2013 origin\u00e1lny dar\u010dek nielen pre mu\u017eov a automobilov\u00fdch nad\u0161encov. Jazda v \u0161portov\u00fdch aut\u00e1ch (Ferrari, Lamborghini, Porsche, ...) na pretek\u00e1rskom okruhu aj na okresn\u00fdch cest\u00e1ch.","og_url":"https:\/\/www.legendyuvas.cz\/produkt\/taxi-jizda-v-bmw-m3\/","og_site_name":"Legendy U V\u00e1s","article_publisher":"https:\/\/www.facebook.com\/autolegendyuvas","article_modified_time":"2025-12-27T00:02:21+00:00","og_image":[{"width":2048,"height":1365,"url":"https:\/\/www.legendyuvas.cz\/wp-content\/uploads\/2023\/07\/typeelementorsiteurlhttpswww.legendyuvas.czwp-jsonelementsidba0c5c1elTypewidgetisInnerfalseisLockedfalsesettingsbg_imageurlhttpswww.legendyuvas.czwp-contentuploads202410DSC_0620-2-scale-11.jpg","type":"image\/jpeg"}],"twitter_card":"summary_large_image","twitter_misc":{"Predpokladan\u00fd \u010das \u010d\u00edtania":"1 min\u00fata"},"schema":{"@context":"https:\/\/schema.org","@graph":[{"@type":"WebPage","@id":"https:\/\/www.legendyuvas.cz\/produkt\/taxi-jizda-v-bmw-m3\/","url":"https:\/\/www.legendyuvas.cz\/produkt\/taxi-jizda-v-bmw-m3\/","name":"BMW M3 F80 (AT) - Legendy U V\u00e1s","isPartOf":{"@id":"https:\/\/www.legendyuvas.cz\/#website"},"primaryImageOfPage":{"@id":"https:\/\/www.legendyuvas.cz\/produkt\/taxi-jizda-v-bmw-m3\/#primaryimage"},"image":{"@id":"https:\/\/www.legendyuvas.cz\/produkt\/taxi-jizda-v-bmw-m3\/#primaryimage"},"thumbnailUrl":"https:\/\/www.legendyuvas.cz\/wp-content\/uploads\/2025\/11\/R1PF3899-scaled-1.webp","datePublished":"2025-11-26T10:53:22+00:00","dateModified":"2025-12-27T00:02:21+00:00","description":"Adrenal\u00ednov\u00fd z\u00e1\u017eitok s Legendy U V\u00e1s \u2013 origin\u00e1lny dar\u010dek nielen pre mu\u017eov a automobilov\u00fdch nad\u0161encov. Jazda v \u0161portov\u00fdch aut\u00e1ch (Ferrari, Lamborghini, Porsche, ...) na pretek\u00e1rskom okruhu aj na okresn\u00fdch cest\u00e1ch.","breadcrumb":{"@id":"https:\/\/www.legendyuvas.cz\/produkt\/taxi-jizda-v-bmw-m3\/#breadcrumb"},"inLanguage":"sk-SK","potentialAction":[{"@type":"ReadAction","target":["https:\/\/www.legendyuvas.cz\/produkt\/taxi-jizda-v-bmw-m3\/"]}]},{"@type":"ImageObject","inLanguage":"sk-SK","@id":"https:\/\/www.legendyuvas.cz\/produkt\/taxi-jizda-v-bmw-m3\/#primaryimage","url":"https:\/\/www.legendyuvas.cz\/wp-content\/uploads\/2025\/11\/R1PF3899-scaled-1.webp","contentUrl":"https:\/\/www.legendyuvas.cz\/wp-content\/uploads\/2025\/11\/R1PF3899-scaled-1.webp","width":2560,"height":1707},{"@type":"BreadcrumbList","@id":"https:\/\/www.legendyuvas.cz\/produkt\/taxi-jizda-v-bmw-m3\/#breadcrumb","itemListElement":[{"@type":"ListItem","position":1,"name":"Dom\u016f","item":"https:\/\/www.legendyuvas.cz\/"},{"@type":"ListItem","position":2,"name":"Obchod","item":"https:\/\/www.legendyuvas.cz\/sk\/obchod\/"},{"@type":"ListItem","position":3,"name":"BMW M3 F80 (AT)"}]},{"@type":"WebSite","@id":"https:\/\/www.legendyuvas.cz\/#website","url":"https:\/\/www.legendyuvas.cz\/","name":"Legendy U V\u00e1s","description":"Dechberouc\u00ed z\u00e1\u017eitky v autech a motork\u00e1ch","publisher":{"@id":"https:\/\/www.legendyuvas.cz\/#organization"},"potentialAction":[{"@type":"SearchAction","target":{"@type":"EntryPoint","urlTemplate":"https:\/\/www.legendyuvas.cz\/?s={search_term_string}"},"query-input":{"@type":"PropertyValueSpecification","valueRequired":true,"valueName":"search_term_string"}}],"inLanguage":"sk-SK"},{"@type":"Organization","@id":"https:\/\/www.legendyuvas.cz\/#organization","name":"Bontex2 s.r.o.","url":"https:\/\/www.legendyuvas.cz\/","logo":{"@type":"ImageObject","inLanguage":"sk-SK","@id":"https:\/\/www.legendyuvas.cz\/#\/schema\/logo\/image\/","url":"https:\/\/www.legendyuvas.cz\/wp-content\/uploads\/2021\/03\/Legendy-u-Vas.jpg","contentUrl":"https:\/\/www.legendyuvas.cz\/wp-content\/uploads\/2021\/03\/Legendy-u-Vas.jpg","width":400,"height":240,"caption":"Bontex2 s.r.o."},"image":{"@id":"https:\/\/www.legendyuvas.cz\/#\/schema\/logo\/image\/"},"sameAs":["https:\/\/www.facebook.com\/autolegendyuvas","https:\/\/www.facebook.com\/motolegendyuvas","https:\/\/www.instagram.com\/autolegendyuvas\/","https:\/\/www.instagram.com\/motolegendyuvas\/"]}]}},"_links":{"self":[{"href":"https:\/\/www.legendyuvas.cz\/sk\/wp-json\/wp\/v2\/product\/39099","targetHints":{"allow":["GET"]}}],"collection":[{"href":"https:\/\/www.legendyuvas.cz\/sk\/wp-json\/wp\/v2\/product"}],"about":[{"href":"https:\/\/www.legendyuvas.cz\/sk\/wp-json\/wp\/v2\/types\/product"}],"replies":[{"embeddable":true,"href":"https:\/\/www.legendyuvas.cz\/sk\/wp-json\/wp\/v2\/comments?post=39099"}],"version-history":[{"count":0,"href":"https:\/\/www.legendyuvas.cz\/sk\/wp-json\/wp\/v2\/product\/39099\/revisions"}],"wp:featuredmedia":[{"embeddable":true,"href":"https:\/\/www.legendyuvas.cz\/sk\/wp-json\/wp\/v2\/media\/41219"}],"wp:attachment":[{"href":"https:\/\/www.legendyuvas.cz\/sk\/wp-json\/wp\/v2\/media?parent=39099"}],"wp:term":[{"taxonomy":"product_brand","embeddable":true,"href":"https:\/\/www.legendyuvas.cz\/sk\/wp-json\/wp\/v2\/product_brand?post=39099"},{"taxonomy":"product_cat","embeddable":true,"href":"https:\/\/www.legendyuvas.cz\/sk\/wp-json\/wp\/v2\/product_cat?post=39099"},{"taxonomy":"product_tag","embeddable":true,"href":"https:\/\/www.legendyuvas.cz\/sk\/wp-json\/wp\/v2\/product_tag?post=39099"}],"curies":[{"name":"wp","href":"https:\/\/api.w.org\/{rel}","templated":true}]}}