{"id":39426,"date":"2023-12-06T13:09:58","date_gmt":"2023-12-06T13:09:58","guid":{"rendered":"https:\/\/www.legendyuvas.cz\/produkt\/porsche-718-gt4-mt\/"},"modified":"2025-12-27T00:02:27","modified_gmt":"2025-12-27T00:02:27","slug":"porsche-718-gt4-mt","status":"publish","type":"product","link":"https:\/\/www.legendyuvas.cz\/sk\/produkt\/porsche-718-gt4-mt\/","title":{"rendered":"PORSCHE 718 GT4 (MT)"},"content":{"rendered":"<p data-start=\"113\" data-end=\"435\"><strong data-start=\"113\" data-end=\"154\">Umeleck\u00e9 dielo nemeck\u00e9ho in\u017einierstva<\/strong><br data-start=\"154\" data-end=\"157\" \/>Predstavte si toto: tlkot srdca, adrenal\u00edn pr\u00fadiaci vo va\u0161ich \u017eil\u00e1ch a za vami prenikav\u00fd zvuk 4,0-litrov\u00e9ho atmosf\u00e9rick\u00e9ho \u0161es\u0165valca, ktor\u00fd vysiela mrav\u010denie po celom tele. S 420 ko\u0148mi pod kapotou je toto auto pripraven\u00e9 odvies\u0165 v\u00e1s na divok\u00fa jazdu a\u017e na hranice va\u0161ich zmyslov.<\/p>\n<p data-start=\"437\" data-end=\"744\">Ako by ste sedeli v kokpite st\u00edha\u010dky, ka\u017ed\u00e1 \u010das\u0165 tohto auta je navrhnut\u00e1 tak, aby zaru\u010dila maxim\u00e1lny v\u00fdkon, presnos\u0165 a ovl\u00e1date\u013enos\u0165. S \u00fachvatn\u00fdm zr\u00fdchlen\u00edm z 0 na 100 km\/h za iba 4,4 sekundy, manu\u00e1lnou prevodovkou a maxim\u00e1lnou r\u00fdchlos\u0165ou 304 km\/h je Porsche 718 Cayman GT4 skuto\u010dn\u00fdm synonymom pre r\u00fdchlos\u0165.<\/p>\n<p data-start=\"746\" data-end=\"1057\">\u010co e\u0161te m\u00f4\u017eete o\u010dak\u00e1va\u0165? Okrem vlastn\u00e9ho z\u00e1\u017eitku z jazdy tohto p\u00f4sobiv\u00e9ho stroja m\u00e1te tie\u017e mo\u017enos\u0165 vysk\u00fa\u0161a\u0165 z\u00e1\u017eitok s profesion\u00e1lnym pilotom, ktor\u00fd uk\u00e1\u017ee, ako ovl\u00e1da\u0165 t\u00fato nemeck\u00fa kr\u00e1sku a\u017e na hranici jej mo\u017enost\u00ed. Predstavte si napr\u00edklad driftovanie pri 140 km\/h, k\u00fdm sa v\u00e1m zataj\u00ed dych na sedadle spolujazdca.<\/p>\n<p data-start=\"1059\" data-end=\"1254\">Tento z\u00e1\u017eitok je dokonal\u00fdm darom pre v\u0161etk\u00fdch motoristick\u00fdch nad\u0161encov a milovn\u00edkov r\u00fdchlych \u00e1ut. Je to viac ne\u017e jazda, s\u00fa to okamihy, kedy sa dost\u00e1vate bli\u017e\u0161ie k pocitu by\u0165 skuto\u010dn\u00fdm pretek\u00e1rom.<\/p>\n<p data-start=\"1256\" data-end=\"1536\">Predstavte si rados\u0165, ke\u010f obdarovan\u00fd dostane t\u00fato neopakovate\u013en\u00fa pr\u00edle\u017eitos\u0165 za\u017ei\u0165 tohto automobilov\u00e9ho tit\u00e1na. Nie je to len jazda, je to oslobodenie zmyslov, nezabudnute\u013en\u00fd okamih, ktor\u00fd zanech\u00e1 trval\u00fd odtla\u010dok v srdci. Nev\u00e1hajte a rezervujte tento exkluz\u00edvny z\u00e1\u017eitok e\u0161te dnes.<\/p>\n","protected":false},"excerpt":{"rendered":"<p>Umeleck\u00e9 dielo nemeck\u00e9ho in\u017einierstvaPredstavte si toto: tlkot srdca, adrenal\u00edn pr\u00fadiaci vo va\u0161ich \u017eil\u00e1ch a za vami prenikav\u00fd zvuk 4,0-litrov\u00e9ho atmosf\u00e9rick\u00e9ho \u0161es\u0165valca, ktor\u00fd vysiela mrav\u010denie po celom tele. S 420 ko\u0148mi pod kapotou je toto auto pripraven\u00e9 odvies\u0165 v\u00e1s na divok\u00fa jazdu a\u017e na hranice va\u0161ich zmyslov. Ako by ste sedeli v kokpite st\u00edha\u010dky, ka\u017ed\u00e1 \u010das\u0165 [&hellip;]<\/p>\n","protected":false},"featured_media":41756,"comment_status":"open","ping_status":"closed","template":"","meta":[],"product_brand":[],"product_cat":[449],"product_tag":[],"class_list":{"0":"post-39426","1":"product","2":"type-product","3":"status-publish","4":"has-post-thumbnail","6":"product_cat-auta","8":"first","9":"instock","10":"shipping-taxable","11":"purchasable","12":"product-type-variable"},"yoast_head":"<!-- This site is optimized with the Yoast SEO plugin v24.8.1 - https:\/\/yoast.com\/wordpress\/plugins\/seo\/ -->\n<title>PORSCHE 718 GT4 (MT) - Legendy U V\u00e1s<\/title>\n<meta name=\"description\" content=\"Adrenal\u00ednov\u00fd z\u00e1\u017eitok s Legendy U V\u00e1s \u2013 origin\u00e1lny dar\u010dek nielen pre mu\u017eov a automobilov\u00fdch nad\u0161encov. Jazda v \u0161portov\u00fdch aut\u00e1ch (Ferrari, Lamborghini, Porsche, ...) na pretek\u00e1rskom okruhu aj na okresn\u00fdch cest\u00e1ch.\" \/>\n<meta name=\"robots\" content=\"index, follow, max-snippet:-1, max-image-preview:large, max-video-preview:-1\" \/>\n<link rel=\"canonical\" href=\"https:\/\/www.legendyuvas.cz\/produkt\/zazitkova-jizda-v-porsche-718-cayman-gt4\/\" \/>\n<meta property=\"og:locale\" content=\"sk_SK\" \/>\n<meta property=\"og:type\" content=\"article\" \/>\n<meta property=\"og:title\" content=\"PORSCHE 718 GT4 (MT) - Legendy U V\u00e1s\" \/>\n<meta property=\"og:description\" content=\"Adrenal\u00ednov\u00fd z\u00e1\u017eitok s Legendy U V\u00e1s \u2013 origin\u00e1lny dar\u010dek nielen pre mu\u017eov a automobilov\u00fdch nad\u0161encov. Jazda v \u0161portov\u00fdch aut\u00e1ch (Ferrari, Lamborghini, Porsche, ...) na pretek\u00e1rskom okruhu aj na okresn\u00fdch cest\u00e1ch.\" \/>\n<meta property=\"og:url\" content=\"https:\/\/www.legendyuvas.cz\/produkt\/zazitkova-jizda-v-porsche-718-cayman-gt4\/\" \/>\n<meta property=\"og:site_name\" content=\"Legendy U V\u00e1s\" \/>\n<meta property=\"article:publisher\" content=\"https:\/\/www.facebook.com\/autolegendyuvas\" \/>\n<meta property=\"article:modified_time\" content=\"2025-12-27T00:02:27+00:00\" \/>\n<meta property=\"og:image\" content=\"https:\/\/www.legendyuvas.cz\/wp-content\/uploads\/2023\/12\/typeelementorsiteurlhttpswww.legendyuvas.czwp-jsonelementsidba0c5c1elTypewidgetisInnerfalseisLockedfalsesettingsbg_imageurlhttpswww.legendyuvas.czwp-contentuploads202410DSC_0620-2-scale-14.jpg\" \/>\n\t<meta property=\"og:image:width\" content=\"2048\" \/>\n\t<meta property=\"og:image:height\" content=\"1365\" \/>\n\t<meta property=\"og:image:type\" content=\"image\/jpeg\" \/>\n<meta name=\"twitter:card\" content=\"summary_large_image\" \/>\n<meta name=\"twitter:label1\" content=\"Predpokladan\u00fd \u010das \u010d\u00edtania\" \/>\n\t<meta name=\"twitter:data1\" content=\"1 min\u00fata\" \/>\n<script type=\"application\/ld+json\" class=\"yoast-schema-graph\">{\"@context\":\"https:\/\/schema.org\",\"@graph\":[{\"@type\":\"WebPage\",\"@id\":\"https:\/\/www.legendyuvas.cz\/produkt\/zazitkova-jizda-v-porsche-718-cayman-gt4\/\",\"url\":\"https:\/\/www.legendyuvas.cz\/produkt\/zazitkova-jizda-v-porsche-718-cayman-gt4\/\",\"name\":\"PORSCHE 718 GT4 (MT) - Legendy U V\u00e1s\",\"isPartOf\":{\"@id\":\"https:\/\/www.legendyuvas.cz\/#website\"},\"primaryImageOfPage\":{\"@id\":\"https:\/\/www.legendyuvas.cz\/produkt\/zazitkova-jizda-v-porsche-718-cayman-gt4\/#primaryimage\"},\"image\":{\"@id\":\"https:\/\/www.legendyuvas.cz\/produkt\/zazitkova-jizda-v-porsche-718-cayman-gt4\/#primaryimage\"},\"thumbnailUrl\":\"https:\/\/www.legendyuvas.cz\/wp-content\/uploads\/2023\/12\/R1PF6468-scaled-1.webp\",\"datePublished\":\"2023-12-06T13:09:58+00:00\",\"dateModified\":\"2025-12-27T00:02:27+00:00\",\"description\":\"Adrenal\u00ednov\u00fd z\u00e1\u017eitok s Legendy U V\u00e1s \u2013 origin\u00e1lny dar\u010dek nielen pre mu\u017eov a automobilov\u00fdch nad\u0161encov. Jazda v \u0161portov\u00fdch aut\u00e1ch (Ferrari, Lamborghini, Porsche, ...) na pretek\u00e1rskom okruhu aj na okresn\u00fdch cest\u00e1ch.\",\"breadcrumb\":{\"@id\":\"https:\/\/www.legendyuvas.cz\/produkt\/zazitkova-jizda-v-porsche-718-cayman-gt4\/#breadcrumb\"},\"inLanguage\":\"sk-SK\",\"potentialAction\":[{\"@type\":\"ReadAction\",\"target\":[\"https:\/\/www.legendyuvas.cz\/produkt\/zazitkova-jizda-v-porsche-718-cayman-gt4\/\"]}]},{\"@type\":\"ImageObject\",\"inLanguage\":\"sk-SK\",\"@id\":\"https:\/\/www.legendyuvas.cz\/produkt\/zazitkova-jizda-v-porsche-718-cayman-gt4\/#primaryimage\",\"url\":\"https:\/\/www.legendyuvas.cz\/wp-content\/uploads\/2023\/12\/R1PF6468-scaled-1.webp\",\"contentUrl\":\"https:\/\/www.legendyuvas.cz\/wp-content\/uploads\/2023\/12\/R1PF6468-scaled-1.webp\",\"width\":2560,\"height\":1707},{\"@type\":\"BreadcrumbList\",\"@id\":\"https:\/\/www.legendyuvas.cz\/produkt\/zazitkova-jizda-v-porsche-718-cayman-gt4\/#breadcrumb\",\"itemListElement\":[{\"@type\":\"ListItem\",\"position\":1,\"name\":\"Dom\u016f\",\"item\":\"https:\/\/www.legendyuvas.cz\/\"},{\"@type\":\"ListItem\",\"position\":2,\"name\":\"Obchod\",\"item\":\"https:\/\/www.legendyuvas.cz\/sk\/obchod\/\"},{\"@type\":\"ListItem\",\"position\":3,\"name\":\"PORSCHE 718 GT4 (MT)\"}]},{\"@type\":\"WebSite\",\"@id\":\"https:\/\/www.legendyuvas.cz\/#website\",\"url\":\"https:\/\/www.legendyuvas.cz\/\",\"name\":\"Legendy U V\u00e1s\",\"description\":\"Dechberouc\u00ed z\u00e1\u017eitky v autech a motork\u00e1ch\",\"publisher\":{\"@id\":\"https:\/\/www.legendyuvas.cz\/#organization\"},\"potentialAction\":[{\"@type\":\"SearchAction\",\"target\":{\"@type\":\"EntryPoint\",\"urlTemplate\":\"https:\/\/www.legendyuvas.cz\/?s={search_term_string}\"},\"query-input\":{\"@type\":\"PropertyValueSpecification\",\"valueRequired\":true,\"valueName\":\"search_term_string\"}}],\"inLanguage\":\"sk-SK\"},{\"@type\":\"Organization\",\"@id\":\"https:\/\/www.legendyuvas.cz\/#organization\",\"name\":\"Bontex2 s.r.o.\",\"url\":\"https:\/\/www.legendyuvas.cz\/\",\"logo\":{\"@type\":\"ImageObject\",\"inLanguage\":\"sk-SK\",\"@id\":\"https:\/\/www.legendyuvas.cz\/#\/schema\/logo\/image\/\",\"url\":\"https:\/\/www.legendyuvas.cz\/wp-content\/uploads\/2021\/03\/Legendy-u-Vas.jpg\",\"contentUrl\":\"https:\/\/www.legendyuvas.cz\/wp-content\/uploads\/2021\/03\/Legendy-u-Vas.jpg\",\"width\":400,\"height\":240,\"caption\":\"Bontex2 s.r.o.\"},\"image\":{\"@id\":\"https:\/\/www.legendyuvas.cz\/#\/schema\/logo\/image\/\"},\"sameAs\":[\"https:\/\/www.facebook.com\/autolegendyuvas\",\"https:\/\/www.facebook.com\/motolegendyuvas\",\"https:\/\/www.instagram.com\/autolegendyuvas\/\",\"https:\/\/www.instagram.com\/motolegendyuvas\/\"]}]}<\/script>\n<!-- \/ Yoast SEO plugin. -->","yoast_head_json":{"title":"PORSCHE 718 GT4 (MT) - Legendy U V\u00e1s","description":"Adrenal\u00ednov\u00fd z\u00e1\u017eitok s Legendy U V\u00e1s \u2013 origin\u00e1lny dar\u010dek nielen pre mu\u017eov a automobilov\u00fdch nad\u0161encov. Jazda v \u0161portov\u00fdch aut\u00e1ch (Ferrari, Lamborghini, Porsche, ...) na pretek\u00e1rskom okruhu aj na okresn\u00fdch cest\u00e1ch.","robots":{"index":"index","follow":"follow","max-snippet":"max-snippet:-1","max-image-preview":"max-image-preview:large","max-video-preview":"max-video-preview:-1"},"canonical":"https:\/\/www.legendyuvas.cz\/produkt\/zazitkova-jizda-v-porsche-718-cayman-gt4\/","og_locale":"sk_SK","og_type":"article","og_title":"PORSCHE 718 GT4 (MT) - Legendy U V\u00e1s","og_description":"Adrenal\u00ednov\u00fd z\u00e1\u017eitok s Legendy U V\u00e1s \u2013 origin\u00e1lny dar\u010dek nielen pre mu\u017eov a automobilov\u00fdch nad\u0161encov. Jazda v \u0161portov\u00fdch aut\u00e1ch (Ferrari, Lamborghini, Porsche, ...) na pretek\u00e1rskom okruhu aj na okresn\u00fdch cest\u00e1ch.","og_url":"https:\/\/www.legendyuvas.cz\/produkt\/zazitkova-jizda-v-porsche-718-cayman-gt4\/","og_site_name":"Legendy U V\u00e1s","article_publisher":"https:\/\/www.facebook.com\/autolegendyuvas","article_modified_time":"2025-12-27T00:02:27+00:00","og_image":[{"width":2048,"height":1365,"url":"https:\/\/www.legendyuvas.cz\/wp-content\/uploads\/2023\/12\/typeelementorsiteurlhttpswww.legendyuvas.czwp-jsonelementsidba0c5c1elTypewidgetisInnerfalseisLockedfalsesettingsbg_imageurlhttpswww.legendyuvas.czwp-contentuploads202410DSC_0620-2-scale-14.jpg","type":"image\/jpeg"}],"twitter_card":"summary_large_image","twitter_misc":{"Predpokladan\u00fd \u010das \u010d\u00edtania":"1 min\u00fata"},"schema":{"@context":"https:\/\/schema.org","@graph":[{"@type":"WebPage","@id":"https:\/\/www.legendyuvas.cz\/produkt\/zazitkova-jizda-v-porsche-718-cayman-gt4\/","url":"https:\/\/www.legendyuvas.cz\/produkt\/zazitkova-jizda-v-porsche-718-cayman-gt4\/","name":"PORSCHE 718 GT4 (MT) - Legendy U V\u00e1s","isPartOf":{"@id":"https:\/\/www.legendyuvas.cz\/#website"},"primaryImageOfPage":{"@id":"https:\/\/www.legendyuvas.cz\/produkt\/zazitkova-jizda-v-porsche-718-cayman-gt4\/#primaryimage"},"image":{"@id":"https:\/\/www.legendyuvas.cz\/produkt\/zazitkova-jizda-v-porsche-718-cayman-gt4\/#primaryimage"},"thumbnailUrl":"https:\/\/www.legendyuvas.cz\/wp-content\/uploads\/2023\/12\/R1PF6468-scaled-1.webp","datePublished":"2023-12-06T13:09:58+00:00","dateModified":"2025-12-27T00:02:27+00:00","description":"Adrenal\u00ednov\u00fd z\u00e1\u017eitok s Legendy U V\u00e1s \u2013 origin\u00e1lny dar\u010dek nielen pre mu\u017eov a automobilov\u00fdch nad\u0161encov. Jazda v \u0161portov\u00fdch aut\u00e1ch (Ferrari, Lamborghini, Porsche, ...) na pretek\u00e1rskom okruhu aj na okresn\u00fdch cest\u00e1ch.","breadcrumb":{"@id":"https:\/\/www.legendyuvas.cz\/produkt\/zazitkova-jizda-v-porsche-718-cayman-gt4\/#breadcrumb"},"inLanguage":"sk-SK","potentialAction":[{"@type":"ReadAction","target":["https:\/\/www.legendyuvas.cz\/produkt\/zazitkova-jizda-v-porsche-718-cayman-gt4\/"]}]},{"@type":"ImageObject","inLanguage":"sk-SK","@id":"https:\/\/www.legendyuvas.cz\/produkt\/zazitkova-jizda-v-porsche-718-cayman-gt4\/#primaryimage","url":"https:\/\/www.legendyuvas.cz\/wp-content\/uploads\/2023\/12\/R1PF6468-scaled-1.webp","contentUrl":"https:\/\/www.legendyuvas.cz\/wp-content\/uploads\/2023\/12\/R1PF6468-scaled-1.webp","width":2560,"height":1707},{"@type":"BreadcrumbList","@id":"https:\/\/www.legendyuvas.cz\/produkt\/zazitkova-jizda-v-porsche-718-cayman-gt4\/#breadcrumb","itemListElement":[{"@type":"ListItem","position":1,"name":"Dom\u016f","item":"https:\/\/www.legendyuvas.cz\/"},{"@type":"ListItem","position":2,"name":"Obchod","item":"https:\/\/www.legendyuvas.cz\/sk\/obchod\/"},{"@type":"ListItem","position":3,"name":"PORSCHE 718 GT4 (MT)"}]},{"@type":"WebSite","@id":"https:\/\/www.legendyuvas.cz\/#website","url":"https:\/\/www.legendyuvas.cz\/","name":"Legendy U V\u00e1s","description":"Dechberouc\u00ed z\u00e1\u017eitky v autech a motork\u00e1ch","publisher":{"@id":"https:\/\/www.legendyuvas.cz\/#organization"},"potentialAction":[{"@type":"SearchAction","target":{"@type":"EntryPoint","urlTemplate":"https:\/\/www.legendyuvas.cz\/?s={search_term_string}"},"query-input":{"@type":"PropertyValueSpecification","valueRequired":true,"valueName":"search_term_string"}}],"inLanguage":"sk-SK"},{"@type":"Organization","@id":"https:\/\/www.legendyuvas.cz\/#organization","name":"Bontex2 s.r.o.","url":"https:\/\/www.legendyuvas.cz\/","logo":{"@type":"ImageObject","inLanguage":"sk-SK","@id":"https:\/\/www.legendyuvas.cz\/#\/schema\/logo\/image\/","url":"https:\/\/www.legendyuvas.cz\/wp-content\/uploads\/2021\/03\/Legendy-u-Vas.jpg","contentUrl":"https:\/\/www.legendyuvas.cz\/wp-content\/uploads\/2021\/03\/Legendy-u-Vas.jpg","width":400,"height":240,"caption":"Bontex2 s.r.o."},"image":{"@id":"https:\/\/www.legendyuvas.cz\/#\/schema\/logo\/image\/"},"sameAs":["https:\/\/www.facebook.com\/autolegendyuvas","https:\/\/www.facebook.com\/motolegendyuvas","https:\/\/www.instagram.com\/autolegendyuvas\/","https:\/\/www.instagram.com\/motolegendyuvas\/"]}]}},"_links":{"self":[{"href":"https:\/\/www.legendyuvas.cz\/sk\/wp-json\/wp\/v2\/product\/39426","targetHints":{"allow":["GET"]}}],"collection":[{"href":"https:\/\/www.legendyuvas.cz\/sk\/wp-json\/wp\/v2\/product"}],"about":[{"href":"https:\/\/www.legendyuvas.cz\/sk\/wp-json\/wp\/v2\/types\/product"}],"replies":[{"embeddable":true,"href":"https:\/\/www.legendyuvas.cz\/sk\/wp-json\/wp\/v2\/comments?post=39426"}],"version-history":[{"count":0,"href":"https:\/\/www.legendyuvas.cz\/sk\/wp-json\/wp\/v2\/product\/39426\/revisions"}],"wp:featuredmedia":[{"embeddable":true,"href":"https:\/\/www.legendyuvas.cz\/sk\/wp-json\/wp\/v2\/media\/41756"}],"wp:attachment":[{"href":"https:\/\/www.legendyuvas.cz\/sk\/wp-json\/wp\/v2\/media?parent=39426"}],"wp:term":[{"taxonomy":"product_brand","embeddable":true,"href":"https:\/\/www.legendyuvas.cz\/sk\/wp-json\/wp\/v2\/product_brand?post=39426"},{"taxonomy":"product_cat","embeddable":true,"href":"https:\/\/www.legendyuvas.cz\/sk\/wp-json\/wp\/v2\/product_cat?post=39426"},{"taxonomy":"product_tag","embeddable":true,"href":"https:\/\/www.legendyuvas.cz\/sk\/wp-json\/wp\/v2\/product_tag?post=39426"}],"curies":[{"name":"wp","href":"https:\/\/api.w.org\/{rel}","templated":true}]}}