{"id":67632,"date":"2025-11-26T10:44:02","date_gmt":"2025-11-26T10:44:02","guid":{"rendered":"https:\/\/www.legendyuvas.cz\/?post_type=product&#038;p=67632"},"modified":"2026-03-02T14:15:35","modified_gmt":"2026-03-02T14:15:35","slug":"porsche-718-cayman-s-at-kopirovat-2","status":"publish","type":"product","link":"https:\/\/www.legendyuvas.cz\/sk\/produkt\/porsche-718-cayman-s-at-kopirovat-2\/","title":{"rendered":"Porsche 718 Cayman S (AT) (Kop\u00edrovat)"},"content":{"rendered":"<h1><strong>\u017dlt\u00e1 strela od Porsche<\/strong><\/h1>\n<p>Porsche 718 Cayman S &#8211; stelesnenie dokonalej \u0161portovej jazdy a \u010dist\u00e9ho adrenal\u00ednu. Toto vozidlo poh\u00e1\u0148a <strong>\u0161tvorvalcov\u00fd motor s objemom 2,5 litra<\/strong> a prepl\u0148ovan\u00edm turbod\u00fachadlom, ktor\u00fd dosahuje p\u00f4sobiv\u00fd v\u00fdkon <strong>350 kon\u00ed. <\/strong>Tento motor mu umo\u017e\u0148uje zr\u00fdchli\u0165 <strong>z 0 na 100 km\/h<\/strong> za neuverite\u013en\u00fdch <strong>4,4 sekundy. <\/strong>Kombin\u00e1cia motora a automatickej prevodovky PDK s dvojspojkovou prevodovkou pre bleskur\u00fdchle radenie umo\u017e\u0148uje za\u017ei\u0165 bezchybn\u00fd v\u00fdkon na ka\u017edom metri pretek\u00e1rskej trate. \u010ci u\u017e jazd\u00edte po rovink\u00e1ch, alebo prekon\u00e1vate n\u00e1ro\u010dn\u00e9 z\u00e1kruty, Porsche 718 Cayman S v\u00e1s podr\u017e\u00ed v\u010faka prec\u00edznemu riadeniu a vynikaj\u00facemu vyv\u00e1\u017eeniu.<\/p>\n<p><img fetchpriority=\"high\" decoding=\"async\" class=\"aligncenter wp-image-11861 size-full\" src=\"https:\/\/www.legendyuvas.cz\/wp-content\/uploads\/2024\/10\/IMG_3130-scaled.jpg\" alt=\"\" width=\"2560\" height=\"1707\" srcset=\"https:\/\/www.legendyuvas.cz\/wp-content\/uploads\/2024\/10\/IMG_3130-scaled.jpg 2560w, https:\/\/www.legendyuvas.cz\/wp-content\/uploads\/2024\/10\/IMG_3130-300x200.jpg 300w, https:\/\/www.legendyuvas.cz\/wp-content\/uploads\/2024\/10\/IMG_3130-1024x683.jpg 1024w, https:\/\/www.legendyuvas.cz\/wp-content\/uploads\/2024\/10\/IMG_3130-768x512.jpg 768w, https:\/\/www.legendyuvas.cz\/wp-content\/uploads\/2024\/10\/IMG_3130-1536x1024.jpg 1536w, https:\/\/www.legendyuvas.cz\/wp-content\/uploads\/2024\/10\/IMG_3130-2048x1365.jpg 2048w, https:\/\/www.legendyuvas.cz\/wp-content\/uploads\/2024\/10\/IMG_3130-600x400.jpg 600w\" sizes=\"(max-width: 2560px) 100vw, 2560px\" \/><\/p>\n<p>\u010cak\u00e1 v\u00e1s nezabudnute\u013en\u00fd z\u00e1\u017eitok &#8211; \u010di u\u017e si sadnete za volant a ovl\u00e1dnete tento stroj sami, alebo sa pohodlne usad\u00edte na sedadlo spolujazdca a nech\u00e1te sa odviez\u0165 na\u0161\u00edm sk\u00fasen\u00fdm in\u0161truktorom. Porsche 718 Cayman S je vybaven\u00e9 v\u0161etk\u00fdmi modern\u00fdmi technol\u00f3giami, ktor\u00e9 zaru\u010duj\u00fa nielen maxim\u00e1lnu bezpe\u010dnos\u0165, ale aj komfort. V <strong>plnej v\u00fdbave<\/strong> n\u00e1jdete v\u0161etko, \u010do potrebujete, aby ste si jazdu u\u017eili naplno. Otvor\u00ed sa pred vami pretek\u00e1rsky okruh a vy budete ma\u0165 pocit, \u017ee ste sa stali s\u00fa\u010das\u0165ou sveta <strong>profesion\u00e1lnych jazdcov<\/strong>.<\/p>\n<p><img decoding=\"async\" class=\"aligncenter wp-image-11862 size-full\" src=\"https:\/\/www.legendyuvas.cz\/wp-content\/uploads\/2024\/10\/IMG_3147-scaled.jpg\" alt=\"\" width=\"2560\" height=\"1707\" srcset=\"https:\/\/www.legendyuvas.cz\/wp-content\/uploads\/2024\/10\/IMG_3147-scaled.jpg 2560w, https:\/\/www.legendyuvas.cz\/wp-content\/uploads\/2024\/10\/IMG_3147-300x200.jpg 300w, https:\/\/www.legendyuvas.cz\/wp-content\/uploads\/2024\/10\/IMG_3147-1024x683.jpg 1024w, https:\/\/www.legendyuvas.cz\/wp-content\/uploads\/2024\/10\/IMG_3147-768x512.jpg 768w, https:\/\/www.legendyuvas.cz\/wp-content\/uploads\/2024\/10\/IMG_3147-1536x1024.jpg 1536w, https:\/\/www.legendyuvas.cz\/wp-content\/uploads\/2024\/10\/IMG_3147-2048x1365.jpg 2048w, https:\/\/www.legendyuvas.cz\/wp-content\/uploads\/2024\/10\/IMG_3147-600x400.jpg 600w\" sizes=\"(max-width: 2560px) 100vw, 2560px\" \/><\/p>\n<p>Porsche 718 Cayman S v sebe sp\u00e1ja <strong>\u0161pi\u010dkov\u00fd v\u00fdkon,<\/strong> luxusn\u00fa v\u00fdbavu a prec\u00edznu techniku, v\u010faka \u010domu je dokonalou vo\u013ebou pre ka\u017ed\u00e9ho <strong>nad\u0161enca \u0161portovej jazdy.<\/strong> S maxim\u00e1lnou r\u00fdchlos\u0165ou viac ako 285 km\/h a technol\u00f3giami, ktor\u00e9 v\u00e1m umo\u017enia ovl\u00e1da\u0165 vozidlo s neuverite\u013enou presnos\u0165ou, je tento model pripraven\u00fd poskytn\u00fa\u0165 v\u00e1m z\u00e1\u017eitok, na ktor\u00fd tak \u013eahko nezabudnete. Pr\u00ed\u010fte si vysk\u00fa\u0161a\u0165, ak\u00e9 je to <strong>\u0161of\u00e9rova\u0165 Porsche<\/strong> \u2013 za\u017ei\u0165 r\u00fdchlos\u0165, adrenal\u00edn a jedine\u010dn\u00fd z\u00e1\u017eitok priamo na pretek\u00e1rskej trati!<\/p>\n","protected":false},"excerpt":{"rendered":"<p>Na\u0161e vozidl\u00e1 <strong>m\u00f4\u017eete riadi\u0165<\/strong> alebo si m\u00f4\u017eete vybra\u0165 jazdu ako spolujazdec s pretek\u00e1rskym vodi\u010dom.<\/p>\n","protected":false},"featured_media":67749,"comment_status":"open","ping_status":"closed","template":"","meta":[],"product_brand":[],"product_cat":[449],"product_tag":[],"class_list":{"0":"post-67632","1":"product","2":"type-product","3":"status-publish","4":"has-post-thumbnail","6":"product_cat-auta","8":"first","9":"instock","10":"shipping-taxable","11":"purchasable","12":"product-type-variable"},"yoast_head":"<!-- This site is optimized with the Yoast SEO plugin v24.8.1 - https:\/\/yoast.com\/wordpress\/plugins\/seo\/ -->\n<title>Porsche 718 Cayman S (AT) (Kop\u00edrovat) - Legendy U V\u00e1s<\/title>\n<meta name=\"description\" content=\"Adrenal\u00ednov\u00fd z\u00e1\u017eitok s Legendy u V\u00e1s \u2013 origin\u00e1lny dar\u010dek nielen pre mu\u017eov a automobilov\u00fdch nad\u0161encov. Jazda v \u0161portov\u00fdch aut\u00e1ch (Ferrari, Lamborghini, Porsche, ...) na z\u00e1vodnom okruhu aj okreske.\" \/>\n<meta name=\"robots\" content=\"index, follow, max-snippet:-1, max-image-preview:large, max-video-preview:-1\" \/>\n<link rel=\"canonical\" href=\"https:\/\/www.legendyuvas.cz\/sk\/produkt\/porsche-718-cayman-s-at-kopirovat-2\/\" \/>\n<meta property=\"og:locale\" content=\"sk_SK\" \/>\n<meta property=\"og:type\" content=\"article\" \/>\n<meta property=\"og:title\" content=\"Porsche 718 Cayman S (AT) (Kop\u00edrovat) - Legendy U V\u00e1s\" \/>\n<meta property=\"og:description\" content=\"Adrenal\u00ednov\u00fd z\u00e1\u017eitok s Legendy u V\u00e1s \u2013 origin\u00e1lny dar\u010dek nielen pre mu\u017eov a automobilov\u00fdch nad\u0161encov. Jazda v \u0161portov\u00fdch aut\u00e1ch (Ferrari, Lamborghini, Porsche, ...) na z\u00e1vodnom okruhu aj okreske.\" \/>\n<meta property=\"og:url\" content=\"https:\/\/www.legendyuvas.cz\/sk\/produkt\/porsche-718-cayman-s-at-kopirovat-2\/\" \/>\n<meta property=\"og:site_name\" content=\"Legendy U V\u00e1s\" \/>\n<meta property=\"article:publisher\" content=\"https:\/\/www.facebook.com\/autolegendyuvas\" \/>\n<meta property=\"article:modified_time\" content=\"2026-03-02T14:15:35+00:00\" \/>\n<meta property=\"og:image\" content=\"https:\/\/www.legendyuvas.cz\/wp-content\/uploads\/2026\/03\/1.jpg\" \/>\n\t<meta property=\"og:image:width\" content=\"1920\" \/>\n\t<meta property=\"og:image:height\" content=\"1080\" \/>\n\t<meta property=\"og:image:type\" content=\"image\/jpeg\" \/>\n<meta name=\"twitter:card\" content=\"summary_large_image\" \/>\n<meta name=\"twitter:label1\" content=\"Predpokladan\u00fd \u010das \u010d\u00edtania\" \/>\n\t<meta name=\"twitter:data1\" content=\"2 min\u00faty\" \/>\n<script type=\"application\/ld+json\" class=\"yoast-schema-graph\">{\"@context\":\"https:\/\/schema.org\",\"@graph\":[{\"@type\":\"WebPage\",\"@id\":\"https:\/\/www.legendyuvas.cz\/sk\/produkt\/porsche-718-cayman-s-at-kopirovat-2\/\",\"url\":\"https:\/\/www.legendyuvas.cz\/sk\/produkt\/porsche-718-cayman-s-at-kopirovat-2\/\",\"name\":\"Porsche 718 Cayman S (AT) (Kop\u00edrovat) - Legendy U V\u00e1s\",\"isPartOf\":{\"@id\":\"https:\/\/www.legendyuvas.cz\/#website\"},\"primaryImageOfPage\":{\"@id\":\"https:\/\/www.legendyuvas.cz\/sk\/produkt\/porsche-718-cayman-s-at-kopirovat-2\/#primaryimage\"},\"image\":{\"@id\":\"https:\/\/www.legendyuvas.cz\/sk\/produkt\/porsche-718-cayman-s-at-kopirovat-2\/#primaryimage\"},\"thumbnailUrl\":\"https:\/\/www.legendyuvas.cz\/wp-content\/uploads\/2026\/03\/1.jpg\",\"datePublished\":\"2025-11-26T10:44:02+00:00\",\"dateModified\":\"2026-03-02T14:15:35+00:00\",\"description\":\"Adrenal\u00ednov\u00fd z\u00e1\u017eitok s Legendy u V\u00e1s \u2013 origin\u00e1lny dar\u010dek nielen pre mu\u017eov a automobilov\u00fdch nad\u0161encov. Jazda v \u0161portov\u00fdch aut\u00e1ch (Ferrari, Lamborghini, Porsche, ...) na z\u00e1vodnom okruhu aj okreske.\",\"breadcrumb\":{\"@id\":\"https:\/\/www.legendyuvas.cz\/sk\/produkt\/porsche-718-cayman-s-at-kopirovat-2\/#breadcrumb\"},\"inLanguage\":\"sk-SK\",\"potentialAction\":[{\"@type\":\"ReadAction\",\"target\":[\"https:\/\/www.legendyuvas.cz\/sk\/produkt\/porsche-718-cayman-s-at-kopirovat-2\/\"]}]},{\"@type\":\"ImageObject\",\"inLanguage\":\"sk-SK\",\"@id\":\"https:\/\/www.legendyuvas.cz\/sk\/produkt\/porsche-718-cayman-s-at-kopirovat-2\/#primaryimage\",\"url\":\"https:\/\/www.legendyuvas.cz\/wp-content\/uploads\/2026\/03\/1.jpg\",\"contentUrl\":\"https:\/\/www.legendyuvas.cz\/wp-content\/uploads\/2026\/03\/1.jpg\",\"width\":1920,\"height\":1080},{\"@type\":\"BreadcrumbList\",\"@id\":\"https:\/\/www.legendyuvas.cz\/sk\/produkt\/porsche-718-cayman-s-at-kopirovat-2\/#breadcrumb\",\"itemListElement\":[{\"@type\":\"ListItem\",\"position\":1,\"name\":\"Dom\u016f\",\"item\":\"https:\/\/www.legendyuvas.cz\/\"},{\"@type\":\"ListItem\",\"position\":2,\"name\":\"Obchod\",\"item\":\"https:\/\/www.legendyuvas.cz\/sk\/obchod\/\"},{\"@type\":\"ListItem\",\"position\":3,\"name\":\"Porsche 718 Cayman S (AT) (Kop\u00edrovat)\"}]},{\"@type\":\"WebSite\",\"@id\":\"https:\/\/www.legendyuvas.cz\/#website\",\"url\":\"https:\/\/www.legendyuvas.cz\/\",\"name\":\"Legendy U V\u00e1s\",\"description\":\"Dechberouc\u00ed z\u00e1\u017eitky v autech a motork\u00e1ch\",\"publisher\":{\"@id\":\"https:\/\/www.legendyuvas.cz\/#organization\"},\"potentialAction\":[{\"@type\":\"SearchAction\",\"target\":{\"@type\":\"EntryPoint\",\"urlTemplate\":\"https:\/\/www.legendyuvas.cz\/?s={search_term_string}\"},\"query-input\":{\"@type\":\"PropertyValueSpecification\",\"valueRequired\":true,\"valueName\":\"search_term_string\"}}],\"inLanguage\":\"sk-SK\"},{\"@type\":\"Organization\",\"@id\":\"https:\/\/www.legendyuvas.cz\/#organization\",\"name\":\"Bontex2 s.r.o.\",\"url\":\"https:\/\/www.legendyuvas.cz\/\",\"logo\":{\"@type\":\"ImageObject\",\"inLanguage\":\"sk-SK\",\"@id\":\"https:\/\/www.legendyuvas.cz\/#\/schema\/logo\/image\/\",\"url\":\"https:\/\/www.legendyuvas.cz\/wp-content\/uploads\/2021\/03\/Legendy-u-Vas.jpg\",\"contentUrl\":\"https:\/\/www.legendyuvas.cz\/wp-content\/uploads\/2021\/03\/Legendy-u-Vas.jpg\",\"width\":400,\"height\":240,\"caption\":\"Bontex2 s.r.o.\"},\"image\":{\"@id\":\"https:\/\/www.legendyuvas.cz\/#\/schema\/logo\/image\/\"},\"sameAs\":[\"https:\/\/www.facebook.com\/autolegendyuvas\",\"https:\/\/www.facebook.com\/motolegendyuvas\",\"https:\/\/www.instagram.com\/autolegendyuvas\/\",\"https:\/\/www.instagram.com\/motolegendyuvas\/\"]}]}<\/script>\n<!-- \/ Yoast SEO plugin. -->","yoast_head_json":{"title":"Porsche 718 Cayman S (AT) (Kop\u00edrovat) - Legendy U V\u00e1s","description":"Adrenal\u00ednov\u00fd z\u00e1\u017eitok s Legendy u V\u00e1s \u2013 origin\u00e1lny dar\u010dek nielen pre mu\u017eov a automobilov\u00fdch nad\u0161encov. Jazda v \u0161portov\u00fdch aut\u00e1ch (Ferrari, Lamborghini, Porsche, ...) na z\u00e1vodnom okruhu aj okreske.","robots":{"index":"index","follow":"follow","max-snippet":"max-snippet:-1","max-image-preview":"max-image-preview:large","max-video-preview":"max-video-preview:-1"},"canonical":"https:\/\/www.legendyuvas.cz\/sk\/produkt\/porsche-718-cayman-s-at-kopirovat-2\/","og_locale":"sk_SK","og_type":"article","og_title":"Porsche 718 Cayman S (AT) (Kop\u00edrovat) - Legendy U V\u00e1s","og_description":"Adrenal\u00ednov\u00fd z\u00e1\u017eitok s Legendy u V\u00e1s \u2013 origin\u00e1lny dar\u010dek nielen pre mu\u017eov a automobilov\u00fdch nad\u0161encov. Jazda v \u0161portov\u00fdch aut\u00e1ch (Ferrari, Lamborghini, Porsche, ...) na z\u00e1vodnom okruhu aj okreske.","og_url":"https:\/\/www.legendyuvas.cz\/sk\/produkt\/porsche-718-cayman-s-at-kopirovat-2\/","og_site_name":"Legendy U V\u00e1s","article_publisher":"https:\/\/www.facebook.com\/autolegendyuvas","article_modified_time":"2026-03-02T14:15:35+00:00","og_image":[{"width":1920,"height":1080,"url":"https:\/\/www.legendyuvas.cz\/wp-content\/uploads\/2026\/03\/1.jpg","type":"image\/jpeg"}],"twitter_card":"summary_large_image","twitter_misc":{"Predpokladan\u00fd \u010das \u010d\u00edtania":"2 min\u00faty"},"schema":{"@context":"https:\/\/schema.org","@graph":[{"@type":"WebPage","@id":"https:\/\/www.legendyuvas.cz\/sk\/produkt\/porsche-718-cayman-s-at-kopirovat-2\/","url":"https:\/\/www.legendyuvas.cz\/sk\/produkt\/porsche-718-cayman-s-at-kopirovat-2\/","name":"Porsche 718 Cayman S (AT) (Kop\u00edrovat) - Legendy U V\u00e1s","isPartOf":{"@id":"https:\/\/www.legendyuvas.cz\/#website"},"primaryImageOfPage":{"@id":"https:\/\/www.legendyuvas.cz\/sk\/produkt\/porsche-718-cayman-s-at-kopirovat-2\/#primaryimage"},"image":{"@id":"https:\/\/www.legendyuvas.cz\/sk\/produkt\/porsche-718-cayman-s-at-kopirovat-2\/#primaryimage"},"thumbnailUrl":"https:\/\/www.legendyuvas.cz\/wp-content\/uploads\/2026\/03\/1.jpg","datePublished":"2025-11-26T10:44:02+00:00","dateModified":"2026-03-02T14:15:35+00:00","description":"Adrenal\u00ednov\u00fd z\u00e1\u017eitok s Legendy u V\u00e1s \u2013 origin\u00e1lny dar\u010dek nielen pre mu\u017eov a automobilov\u00fdch nad\u0161encov. Jazda v \u0161portov\u00fdch aut\u00e1ch (Ferrari, Lamborghini, Porsche, ...) na z\u00e1vodnom okruhu aj okreske.","breadcrumb":{"@id":"https:\/\/www.legendyuvas.cz\/sk\/produkt\/porsche-718-cayman-s-at-kopirovat-2\/#breadcrumb"},"inLanguage":"sk-SK","potentialAction":[{"@type":"ReadAction","target":["https:\/\/www.legendyuvas.cz\/sk\/produkt\/porsche-718-cayman-s-at-kopirovat-2\/"]}]},{"@type":"ImageObject","inLanguage":"sk-SK","@id":"https:\/\/www.legendyuvas.cz\/sk\/produkt\/porsche-718-cayman-s-at-kopirovat-2\/#primaryimage","url":"https:\/\/www.legendyuvas.cz\/wp-content\/uploads\/2026\/03\/1.jpg","contentUrl":"https:\/\/www.legendyuvas.cz\/wp-content\/uploads\/2026\/03\/1.jpg","width":1920,"height":1080},{"@type":"BreadcrumbList","@id":"https:\/\/www.legendyuvas.cz\/sk\/produkt\/porsche-718-cayman-s-at-kopirovat-2\/#breadcrumb","itemListElement":[{"@type":"ListItem","position":1,"name":"Dom\u016f","item":"https:\/\/www.legendyuvas.cz\/"},{"@type":"ListItem","position":2,"name":"Obchod","item":"https:\/\/www.legendyuvas.cz\/sk\/obchod\/"},{"@type":"ListItem","position":3,"name":"Porsche 718 Cayman S (AT) (Kop\u00edrovat)"}]},{"@type":"WebSite","@id":"https:\/\/www.legendyuvas.cz\/#website","url":"https:\/\/www.legendyuvas.cz\/","name":"Legendy U V\u00e1s","description":"Dechberouc\u00ed z\u00e1\u017eitky v autech a motork\u00e1ch","publisher":{"@id":"https:\/\/www.legendyuvas.cz\/#organization"},"potentialAction":[{"@type":"SearchAction","target":{"@type":"EntryPoint","urlTemplate":"https:\/\/www.legendyuvas.cz\/?s={search_term_string}"},"query-input":{"@type":"PropertyValueSpecification","valueRequired":true,"valueName":"search_term_string"}}],"inLanguage":"sk-SK"},{"@type":"Organization","@id":"https:\/\/www.legendyuvas.cz\/#organization","name":"Bontex2 s.r.o.","url":"https:\/\/www.legendyuvas.cz\/","logo":{"@type":"ImageObject","inLanguage":"sk-SK","@id":"https:\/\/www.legendyuvas.cz\/#\/schema\/logo\/image\/","url":"https:\/\/www.legendyuvas.cz\/wp-content\/uploads\/2021\/03\/Legendy-u-Vas.jpg","contentUrl":"https:\/\/www.legendyuvas.cz\/wp-content\/uploads\/2021\/03\/Legendy-u-Vas.jpg","width":400,"height":240,"caption":"Bontex2 s.r.o."},"image":{"@id":"https:\/\/www.legendyuvas.cz\/#\/schema\/logo\/image\/"},"sameAs":["https:\/\/www.facebook.com\/autolegendyuvas","https:\/\/www.facebook.com\/motolegendyuvas","https:\/\/www.instagram.com\/autolegendyuvas\/","https:\/\/www.instagram.com\/motolegendyuvas\/"]}]}},"_links":{"self":[{"href":"https:\/\/www.legendyuvas.cz\/sk\/wp-json\/wp\/v2\/product\/67632","targetHints":{"allow":["GET"]}}],"collection":[{"href":"https:\/\/www.legendyuvas.cz\/sk\/wp-json\/wp\/v2\/product"}],"about":[{"href":"https:\/\/www.legendyuvas.cz\/sk\/wp-json\/wp\/v2\/types\/product"}],"replies":[{"embeddable":true,"href":"https:\/\/www.legendyuvas.cz\/sk\/wp-json\/wp\/v2\/comments?post=67632"}],"version-history":[{"count":1,"href":"https:\/\/www.legendyuvas.cz\/sk\/wp-json\/wp\/v2\/product\/67632\/revisions"}],"predecessor-version":[{"id":68296,"href":"https:\/\/www.legendyuvas.cz\/sk\/wp-json\/wp\/v2\/product\/67632\/revisions\/68296"}],"wp:featuredmedia":[{"embeddable":true,"href":"https:\/\/www.legendyuvas.cz\/sk\/wp-json\/wp\/v2\/media\/67749"}],"wp:attachment":[{"href":"https:\/\/www.legendyuvas.cz\/sk\/wp-json\/wp\/v2\/media?parent=67632"}],"wp:term":[{"taxonomy":"product_brand","embeddable":true,"href":"https:\/\/www.legendyuvas.cz\/sk\/wp-json\/wp\/v2\/product_brand?post=67632"},{"taxonomy":"product_cat","embeddable":true,"href":"https:\/\/www.legendyuvas.cz\/sk\/wp-json\/wp\/v2\/product_cat?post=67632"},{"taxonomy":"product_tag","embeddable":true,"href":"https:\/\/www.legendyuvas.cz\/sk\/wp-json\/wp\/v2\/product_tag?post=67632"}],"curies":[{"name":"wp","href":"https:\/\/api.w.org\/{rel}","templated":true}]}}